{"id":893,"date":"2024-10-10T13:45:21","date_gmt":"2024-10-10T13:45:21","guid":{"rendered":"https:\/\/takomoalkutuli.fi\/?post_type=product&#038;p=893"},"modified":"2025-11-05T14:40:03","modified_gmt":"2025-11-05T14:40:03","slug":"maailmankaarme-pullonavaaja","status":"publish","type":"product","link":"https:\/\/takomoalkutuli.fi\/en\/product\/maailmankaarme-pullonavaaja\/","title":{"rendered":"World Serpent \u2013 Bottle Opener"},"content":{"rendered":"<h3 data-start=\"109\" data-end=\"189\"><strong data-start=\"113\" data-end=\"189\">Taottu Maailmank\u00e4\u00e4rme Pullonavaaja \u2014 Viikinkien Jormungandr ja Kaaoksen Symboli<\/strong><\/h3>\n<p data-start=\"191\" data-end=\"515\">T\u00e4m\u00e4 taottu maailmank\u00e4\u00e4rme-mallinen pullonavaaja ammentaa voimansa viikinkien mytologiasta. J\u00f6rmungandr, muinaisten tarujen valtava merik\u00e4\u00e4rme, kiersi koko maailman ja edusti luonnonvoimien voimaa sek\u00e4 alkukantaista kaaosta. Nyt t\u00e4m\u00e4 myyttinen hahmo on saanut uuden muodon \u2014 k\u00e4yt\u00e4nn\u00f6llisen\u00e4 ja n\u00e4ytt\u00e4v\u00e4n\u00e4 taottuna pullonavaajana.<\/p>\n<p data-start=\"517\" data-end=\"897\">Avaaja on taottu yhdest\u00e4 palasta ter\u00e4st\u00e4, mik\u00e4 tekee siit\u00e4 sek\u00e4 kest\u00e4v\u00e4n ett\u00e4 tyylikk\u00e4\u00e4n. Sen graffiittipastalla tehty pintak\u00e4sittely suojaa ruosteelta ja antaa sille tumman, arvokkaan ilmeen. T\u00e4m\u00e4 pullonavaaja on sek\u00e4 k\u00e4yt\u00e4nn\u00f6llinen v\u00e4line ett\u00e4 pieni pala muinaista symboliikkaa \u2013 t\u00e4ydellinen lahja viikinkien mytologiasta kiinnostuneelle tai laadukasta k\u00e4sity\u00f6t\u00e4 arvostavalle.<\/p>\n<p>Length of the World Serpent opener: 10 cm<\/p>\n<p>Each piece is individually handcrafted, so slight variations in details and dimensions may occur.<\/p>\n<p>&nbsp;<\/p>\n<p><em>Tagit: <a href=\"https:\/\/takomoalkutuli.fi\/en\/product-category\/keittioon\/\">For the Kitchen<\/a>, <a href=\"https:\/\/takomoalkutuli.fi\/en\/product-category\/kayttoesineet\/\">Utensils<\/a>.<\/em><\/p>","protected":false},"excerpt":{"rendered":"<p>World Serpent bottle opener \u2013 Harness the forces of nature and chaos.<\/p>","protected":false},"featured_media":1401,"template":"","meta":[],"product_brand":[],"product_cat":[19,21],"product_tag":[133,124,59],"class_list":{"0":"post-893","1":"product","2":"type-product","3":"status-publish","4":"has-post-thumbnail","6":"product_cat-kayttoesineet","7":"product_cat-keittioon","8":"product_tag-maailmankaarme-avaaja","9":"product_tag-pullonavaaja","10":"product_tag-viikinki","11":"product_shipping_class-kirje","13":"first","14":"instock","15":"taxable","16":"shipping-taxable","17":"purchasable","18":"product-type-simple"},"yoast_head":"<!-- This site is optimized with the Yoast SEO plugin v26.1.1 - https:\/\/yoast.com\/wordpress\/plugins\/seo\/ -->\n<title>Maailmank\u00e4\u00e4rme - Pullonavaaja. - Takomo Alkutuli<\/title>\n<meta name=\"description\" content=\"Taottu Maailmank\u00e4\u00e4rme-pullonavaaja on viikinkien Jormungandrista inspiroitunut k\u00e4sity\u00f6n mestariteos. T\u00e4ydellinen lahja viikinkien ja k\u00e4sity\u00f6n yst\u00e4v\u00e4lle.\" \/>\n<meta name=\"robots\" content=\"index, follow, max-snippet:-1, max-image-preview:large, max-video-preview:-1\" \/>\n<link rel=\"canonical\" href=\"https:\/\/takomoalkutuli.fi\/en\/product\/maailmankaarme-pullonavaaja\/\" \/>\n<meta property=\"og:locale\" content=\"en_US\" \/>\n<meta property=\"og:type\" content=\"article\" \/>\n<meta property=\"og:title\" content=\"Maailmank\u00e4\u00e4rme - Pullonavaaja. - Takomo Alkutuli\" \/>\n<meta property=\"og:description\" content=\"Taottu Maailmank\u00e4\u00e4rme-pullonavaaja on viikinkien Jormungandrista inspiroitunut k\u00e4sity\u00f6n mestariteos. T\u00e4ydellinen lahja viikinkien ja k\u00e4sity\u00f6n yst\u00e4v\u00e4lle.\" \/>\n<meta property=\"og:url\" content=\"https:\/\/takomoalkutuli.fi\/en\/product\/maailmankaarme-pullonavaaja\/\" \/>\n<meta property=\"og:site_name\" content=\"Takomo Alkutuli\" \/>\n<meta property=\"article:publisher\" content=\"https:\/\/www.facebook.com\/TakomoAlkutuli\/\" \/>\n<meta property=\"article:modified_time\" content=\"2025-11-05T14:40:03+00:00\" \/>\n<meta property=\"og:image\" content=\"https:\/\/takomoalkutuli.fi\/wp-content\/uploads\/2024\/10\/karmeavaaja1-scaled.jpg\" \/>\n\t<meta property=\"og:image:width\" content=\"2560\" \/>\n\t<meta property=\"og:image:height\" content=\"1581\" \/>\n\t<meta property=\"og:image:type\" content=\"image\/jpeg\" \/>\n<meta name=\"twitter:card\" content=\"summary_large_image\" \/>\n<meta name=\"twitter:label1\" content=\"Est. reading time\" \/>\n\t<meta name=\"twitter:data1\" content=\"1 minute\" \/>\n<script type=\"application\/ld+json\" class=\"yoast-schema-graph\">{\"@context\":\"https:\/\/schema.org\",\"@graph\":[{\"@type\":\"WebPage\",\"@id\":\"https:\/\/takomoalkutuli.fi\/product\/maailmankaarme-pullonavaaja\/\",\"url\":\"https:\/\/takomoalkutuli.fi\/product\/maailmankaarme-pullonavaaja\/\",\"name\":\"Maailmank\u00e4\u00e4rme - Pullonavaaja. - Takomo Alkutuli\",\"isPartOf\":{\"@id\":\"https:\/\/takomoalkutuli.fi\/#website\"},\"primaryImageOfPage\":{\"@id\":\"https:\/\/takomoalkutuli.fi\/product\/maailmankaarme-pullonavaaja\/#primaryimage\"},\"image\":{\"@id\":\"https:\/\/takomoalkutuli.fi\/product\/maailmankaarme-pullonavaaja\/#primaryimage\"},\"thumbnailUrl\":\"https:\/\/takomoalkutuli.fi\/wp-content\/uploads\/2024\/10\/karmeavaaja1-scaled.jpg\",\"datePublished\":\"2024-10-10T13:45:21+00:00\",\"dateModified\":\"2025-11-05T14:40:03+00:00\",\"description\":\"Taottu Maailmank\u00e4\u00e4rme-pullonavaaja on viikinkien Jormungandrista inspiroitunut k\u00e4sity\u00f6n mestariteos. T\u00e4ydellinen lahja viikinkien ja k\u00e4sity\u00f6n yst\u00e4v\u00e4lle.\",\"breadcrumb\":{\"@id\":\"https:\/\/takomoalkutuli.fi\/product\/maailmankaarme-pullonavaaja\/#breadcrumb\"},\"inLanguage\":\"en-US\",\"potentialAction\":[{\"@type\":\"ReadAction\",\"target\":[\"https:\/\/takomoalkutuli.fi\/product\/maailmankaarme-pullonavaaja\/\"]}]},{\"@type\":\"ImageObject\",\"inLanguage\":\"en-US\",\"@id\":\"https:\/\/takomoalkutuli.fi\/product\/maailmankaarme-pullonavaaja\/#primaryimage\",\"url\":\"https:\/\/takomoalkutuli.fi\/wp-content\/uploads\/2024\/10\/karmeavaaja1-scaled.jpg\",\"contentUrl\":\"https:\/\/takomoalkutuli.fi\/wp-content\/uploads\/2024\/10\/karmeavaaja1-scaled.jpg\",\"width\":2560,\"height\":1581,\"caption\":\"Maailmank\u00e4\u00e4rme - Pullonavaaja\"},{\"@type\":\"BreadcrumbList\",\"@id\":\"https:\/\/takomoalkutuli.fi\/product\/maailmankaarme-pullonavaaja\/#breadcrumb\",\"itemListElement\":[{\"@type\":\"ListItem\",\"position\":1,\"name\":\"Etusivu\",\"item\":\"https:\/\/takomoalkutuli.fi\/\"},{\"@type\":\"ListItem\",\"position\":2,\"name\":\"Kauppa\",\"item\":\"https:\/\/takomoalkutuli.fi\/shop\/\"},{\"@type\":\"ListItem\",\"position\":3,\"name\":\"Maailmank\u00e4\u00e4rme &#8211; Pullonavaaja.\"}]},{\"@type\":\"WebSite\",\"@id\":\"https:\/\/takomoalkutuli.fi\/#website\",\"url\":\"https:\/\/takomoalkutuli.fi\/\",\"name\":\"Takomo Alkutuli\",\"description\":\"\",\"publisher\":{\"@id\":\"https:\/\/takomoalkutuli.fi\/#organization\"},\"potentialAction\":[{\"@type\":\"SearchAction\",\"target\":{\"@type\":\"EntryPoint\",\"urlTemplate\":\"https:\/\/takomoalkutuli.fi\/?s={search_term_string}\"},\"query-input\":{\"@type\":\"PropertyValueSpecification\",\"valueRequired\":true,\"valueName\":\"search_term_string\"}}],\"inLanguage\":\"en-US\"},{\"@type\":\"Organization\",\"@id\":\"https:\/\/takomoalkutuli.fi\/#organization\",\"name\":\"Takomo Alkutuli\",\"url\":\"https:\/\/takomoalkutuli.fi\/\",\"logo\":{\"@type\":\"ImageObject\",\"inLanguage\":\"en-US\",\"@id\":\"https:\/\/takomoalkutuli.fi\/#\/schema\/logo\/image\/\",\"url\":\"https:\/\/takomoalkutuli.fi\/wp-content\/uploads\/2024\/10\/icon.png\",\"contentUrl\":\"https:\/\/takomoalkutuli.fi\/wp-content\/uploads\/2024\/10\/icon.png\",\"width\":228,\"height\":228,\"caption\":\"Takomo Alkutuli\"},\"image\":{\"@id\":\"https:\/\/takomoalkutuli.fi\/#\/schema\/logo\/image\/\"},\"sameAs\":[\"https:\/\/www.facebook.com\/TakomoAlkutuli\/\",\"https:\/\/www.instagram.com\/alkutuli\/\"]}]}<\/script>\n<!-- \/ Yoast SEO plugin. -->","yoast_head_json":{"title":"Maailmank\u00e4\u00e4rme - Pullonavaaja. - Takomo Alkutuli","description":"Taottu Maailmank\u00e4\u00e4rme-pullonavaaja on viikinkien Jormungandrista inspiroitunut k\u00e4sity\u00f6n mestariteos. T\u00e4ydellinen lahja viikinkien ja k\u00e4sity\u00f6n yst\u00e4v\u00e4lle.","robots":{"index":"index","follow":"follow","max-snippet":"max-snippet:-1","max-image-preview":"max-image-preview:large","max-video-preview":"max-video-preview:-1"},"canonical":"https:\/\/takomoalkutuli.fi\/en\/product\/maailmankaarme-pullonavaaja\/","og_locale":"en_US","og_type":"article","og_title":"Maailmank\u00e4\u00e4rme - Pullonavaaja. - Takomo Alkutuli","og_description":"Taottu Maailmank\u00e4\u00e4rme-pullonavaaja on viikinkien Jormungandrista inspiroitunut k\u00e4sity\u00f6n mestariteos. T\u00e4ydellinen lahja viikinkien ja k\u00e4sity\u00f6n yst\u00e4v\u00e4lle.","og_url":"https:\/\/takomoalkutuli.fi\/en\/product\/maailmankaarme-pullonavaaja\/","og_site_name":"Takomo Alkutuli","article_publisher":"https:\/\/www.facebook.com\/TakomoAlkutuli\/","article_modified_time":"2025-11-05T14:40:03+00:00","og_image":[{"width":2560,"height":1581,"url":"https:\/\/takomoalkutuli.fi\/wp-content\/uploads\/2024\/10\/karmeavaaja1-scaled.jpg","type":"image\/jpeg"}],"twitter_card":"summary_large_image","twitter_misc":{"Est. reading time":"1 minute"},"schema":{"@context":"https:\/\/schema.org","@graph":[{"@type":"WebPage","@id":"https:\/\/takomoalkutuli.fi\/product\/maailmankaarme-pullonavaaja\/","url":"https:\/\/takomoalkutuli.fi\/product\/maailmankaarme-pullonavaaja\/","name":"Maailmank\u00e4\u00e4rme - Pullonavaaja. - Takomo Alkutuli","isPartOf":{"@id":"https:\/\/takomoalkutuli.fi\/#website"},"primaryImageOfPage":{"@id":"https:\/\/takomoalkutuli.fi\/product\/maailmankaarme-pullonavaaja\/#primaryimage"},"image":{"@id":"https:\/\/takomoalkutuli.fi\/product\/maailmankaarme-pullonavaaja\/#primaryimage"},"thumbnailUrl":"https:\/\/takomoalkutuli.fi\/wp-content\/uploads\/2024\/10\/karmeavaaja1-scaled.jpg","datePublished":"2024-10-10T13:45:21+00:00","dateModified":"2025-11-05T14:40:03+00:00","description":"Taottu Maailmank\u00e4\u00e4rme-pullonavaaja on viikinkien Jormungandrista inspiroitunut k\u00e4sity\u00f6n mestariteos. T\u00e4ydellinen lahja viikinkien ja k\u00e4sity\u00f6n yst\u00e4v\u00e4lle.","breadcrumb":{"@id":"https:\/\/takomoalkutuli.fi\/product\/maailmankaarme-pullonavaaja\/#breadcrumb"},"inLanguage":"en-US","potentialAction":[{"@type":"ReadAction","target":["https:\/\/takomoalkutuli.fi\/product\/maailmankaarme-pullonavaaja\/"]}]},{"@type":"ImageObject","inLanguage":"en-US","@id":"https:\/\/takomoalkutuli.fi\/product\/maailmankaarme-pullonavaaja\/#primaryimage","url":"https:\/\/takomoalkutuli.fi\/wp-content\/uploads\/2024\/10\/karmeavaaja1-scaled.jpg","contentUrl":"https:\/\/takomoalkutuli.fi\/wp-content\/uploads\/2024\/10\/karmeavaaja1-scaled.jpg","width":2560,"height":1581,"caption":"Maailmank\u00e4\u00e4rme - Pullonavaaja"},{"@type":"BreadcrumbList","@id":"https:\/\/takomoalkutuli.fi\/product\/maailmankaarme-pullonavaaja\/#breadcrumb","itemListElement":[{"@type":"ListItem","position":1,"name":"Etusivu","item":"https:\/\/takomoalkutuli.fi\/"},{"@type":"ListItem","position":2,"name":"Kauppa","item":"https:\/\/takomoalkutuli.fi\/shop\/"},{"@type":"ListItem","position":3,"name":"Maailmank\u00e4\u00e4rme &#8211; Pullonavaaja."}]},{"@type":"WebSite","@id":"https:\/\/takomoalkutuli.fi\/#website","url":"https:\/\/takomoalkutuli.fi\/","name":"Primordial Fire forge","description":"","publisher":{"@id":"https:\/\/takomoalkutuli.fi\/#organization"},"potentialAction":[{"@type":"SearchAction","target":{"@type":"EntryPoint","urlTemplate":"https:\/\/takomoalkutuli.fi\/?s={search_term_string}"},"query-input":{"@type":"PropertyValueSpecification","valueRequired":true,"valueName":"search_term_string"}}],"inLanguage":"en-US"},{"@type":"Organization","@id":"https:\/\/takomoalkutuli.fi\/#organization","name":"Primordial Fire forge","url":"https:\/\/takomoalkutuli.fi\/","logo":{"@type":"ImageObject","inLanguage":"en-US","@id":"https:\/\/takomoalkutuli.fi\/#\/schema\/logo\/image\/","url":"https:\/\/takomoalkutuli.fi\/wp-content\/uploads\/2024\/10\/icon.png","contentUrl":"https:\/\/takomoalkutuli.fi\/wp-content\/uploads\/2024\/10\/icon.png","width":228,"height":228,"caption":"Takomo Alkutuli"},"image":{"@id":"https:\/\/takomoalkutuli.fi\/#\/schema\/logo\/image\/"},"sameAs":["https:\/\/www.facebook.com\/TakomoAlkutuli\/","https:\/\/www.instagram.com\/alkutuli\/"]}]}},"_links":{"self":[{"href":"https:\/\/takomoalkutuli.fi\/en\/wp-json\/wp\/v2\/product\/893","targetHints":{"allow":["GET"]}}],"collection":[{"href":"https:\/\/takomoalkutuli.fi\/en\/wp-json\/wp\/v2\/product"}],"about":[{"href":"https:\/\/takomoalkutuli.fi\/en\/wp-json\/wp\/v2\/types\/product"}],"wp:featuredmedia":[{"embeddable":true,"href":"https:\/\/takomoalkutuli.fi\/en\/wp-json\/wp\/v2\/media\/1401"}],"wp:attachment":[{"href":"https:\/\/takomoalkutuli.fi\/en\/wp-json\/wp\/v2\/media?parent=893"}],"wp:term":[{"taxonomy":"product_brand","embeddable":true,"href":"https:\/\/takomoalkutuli.fi\/en\/wp-json\/wp\/v2\/product_brand?post=893"},{"taxonomy":"product_cat","embeddable":true,"href":"https:\/\/takomoalkutuli.fi\/en\/wp-json\/wp\/v2\/product_cat?post=893"},{"taxonomy":"product_tag","embeddable":true,"href":"https:\/\/takomoalkutuli.fi\/en\/wp-json\/wp\/v2\/product_tag?post=893"}],"curies":[{"name":"wp","href":"https:\/\/api.w.org\/{rel}","templated":true}]}}