{"id":892,"date":"2024-10-10T13:37:51","date_gmt":"2024-10-10T13:37:51","guid":{"rendered":"https:\/\/takomoalkutuli.fi\/?post_type=product&#038;p=892"},"modified":"2025-10-17T16:09:32","modified_gmt":"2025-10-17T16:09:32","slug":"pikkukoukku","status":"publish","type":"product","link":"https:\/\/takomoalkutuli.fi\/en\/product\/pikkukoukku\/","title":{"rendered":"Pikkukoukku"},"content":{"rendered":"<p data-start=\"0\" data-end=\"67\"><strong data-start=\"0\" data-end=\"65\">K\u00e4sin Taottu Pikkukoukku \u2014 Monik\u00e4ytt\u00f6inen Ripustuksen Mestari<\/strong><\/p>\n<p data-start=\"69\" data-end=\"366\">T\u00e4m\u00e4 k\u00e4sin taottu pikkukoukku yhdist\u00e4\u00e4 perinteisen sep\u00e4n taidon ja modernin k\u00e4yt\u00e4nn\u00f6llisyyden. Vaikka sen koko on kompakti, sen voima ja monik\u00e4ytt\u00f6isyys yll\u00e4tt\u00e4v\u00e4t: se soveltuu vaatteiden, laukkujen, keitti\u00f6v\u00e4lineiden, avainten tai muiden tarvikkeiden ripustamiseen niin kotiin kuin ty\u00f6tiloihin.<\/p>\n<p data-start=\"368\" data-end=\"673\">Koukku on huolellisesti taottu yhdest\u00e4 kappaleesta, mik\u00e4 takaa kest\u00e4vyyden ja luotettavuuden pitk\u00e4lle ajalle. Pintak\u00e4sittely hautatervalla antaa sille erinomaisen suojan ruostetta vastaan, joten se toimii yht\u00e4 hyvin sis\u00e4tiloissa kuin ulkona, ja s\u00e4ilytt\u00e4\u00e4 kauniin patinoituneen ulkon\u00e4k\u00f6ns\u00e4 ajan saatossa.<\/p>\n<p data-start=\"675\" data-end=\"995\">Jokaisen koukun mukana toimitetaan taottu naula, joka varmistaa tukevan kiinnityksen ja viimeistelee k\u00e4sity\u00f6n laadukkaan kokonaisuuden. T\u00e4m\u00e4 pikkukoukku ei ole vain k\u00e4yt\u00e4nn\u00f6llinen, vaan my\u00f6s pieni taidonn\u00e4yte perinteisest\u00e4 metallity\u00f6st\u00e4 \u2013 t\u00e4ydellinen lis\u00e4 niin funktionaalisiin tiloihin kuin esteettiseen sisustukseen.<\/p>\n<p>Koukun korkeus: 8cm<\/p>\n<p>Each piece is individually handcrafted, so slight variations in details and dimensions may occur.<\/p>\n<p>&nbsp;<\/p>\n<p>Tags: <a href=\"https:\/\/takomoalkutuli.fi\/en\/product-category\/sisustus\/\">Decor<\/a><\/p>","protected":false},"excerpt":{"rendered":"<p>Pikkukoukku &#8211; Kest\u00e4v\u00e4 ratkaisu monenlaiseen ripustukseen.<\/p>","protected":false},"featured_media":890,"template":"","meta":[],"product_brand":[],"product_cat":[23],"product_tag":[106,132,108],"class_list":{"0":"post-892","1":"product","2":"type-product","3":"status-publish","4":"has-post-thumbnail","6":"product_cat-sisustus","7":"product_tag-koukku","8":"product_tag-ripustus","9":"product_tag-sisustus","10":"product_shipping_class-kirje","12":"first","13":"instock","14":"taxable","15":"shipping-taxable","16":"purchasable","17":"product-type-simple"},"yoast_head":"<!-- This site is optimized with the Yoast SEO plugin v26.1.1 - https:\/\/yoast.com\/wordpress\/plugins\/seo\/ -->\n<title>Pikkukoukku - Takomo Alkutuli<\/title>\n<meta name=\"description\" content=\"K\u00e4sin taottu pikkukoukku on monik\u00e4ytt\u00f6inen ripustuksen ratkaisu vaatteille ja keitti\u00f6v\u00e4lineille. Pintak\u00e4sitelty hautatervalla, kest\u00e4v\u00e4 ja tyylik\u00e4s.\" \/>\n<meta name=\"robots\" content=\"index, follow, max-snippet:-1, max-image-preview:large, max-video-preview:-1\" \/>\n<link rel=\"canonical\" href=\"https:\/\/takomoalkutuli.fi\/en\/product\/pikkukoukku\/\" \/>\n<meta property=\"og:locale\" content=\"en_US\" \/>\n<meta property=\"og:type\" content=\"article\" \/>\n<meta property=\"og:title\" content=\"Pikkukoukku - Takomo Alkutuli\" \/>\n<meta property=\"og:description\" content=\"K\u00e4sin taottu pikkukoukku on monik\u00e4ytt\u00f6inen ripustuksen ratkaisu vaatteille ja keitti\u00f6v\u00e4lineille. Pintak\u00e4sitelty hautatervalla, kest\u00e4v\u00e4 ja tyylik\u00e4s.\" \/>\n<meta property=\"og:url\" content=\"https:\/\/takomoalkutuli.fi\/en\/product\/pikkukoukku\/\" \/>\n<meta property=\"og:site_name\" content=\"Takomo Alkutuli\" \/>\n<meta property=\"article:publisher\" content=\"https:\/\/www.facebook.com\/TakomoAlkutuli\/\" \/>\n<meta property=\"article:modified_time\" content=\"2025-10-17T16:09:32+00:00\" \/>\n<meta property=\"og:image\" content=\"https:\/\/takomoalkutuli.fi\/wp-content\/uploads\/2024\/10\/uusikoukku-scaled.jpg\" \/>\n\t<meta property=\"og:image:width\" content=\"2560\" \/>\n\t<meta property=\"og:image:height\" content=\"2176\" \/>\n\t<meta property=\"og:image:type\" content=\"image\/jpeg\" \/>\n<meta name=\"twitter:card\" content=\"summary_large_image\" \/>\n<meta name=\"twitter:label1\" content=\"Est. reading time\" \/>\n\t<meta name=\"twitter:data1\" content=\"2 minutes\" \/>\n<script type=\"application\/ld+json\" class=\"yoast-schema-graph\">{\"@context\":\"https:\/\/schema.org\",\"@graph\":[{\"@type\":\"WebPage\",\"@id\":\"https:\/\/takomoalkutuli.fi\/product\/pikkukoukku\/\",\"url\":\"https:\/\/takomoalkutuli.fi\/product\/pikkukoukku\/\",\"name\":\"Pikkukoukku - Takomo Alkutuli\",\"isPartOf\":{\"@id\":\"https:\/\/takomoalkutuli.fi\/#website\"},\"primaryImageOfPage\":{\"@id\":\"https:\/\/takomoalkutuli.fi\/product\/pikkukoukku\/#primaryimage\"},\"image\":{\"@id\":\"https:\/\/takomoalkutuli.fi\/product\/pikkukoukku\/#primaryimage\"},\"thumbnailUrl\":\"https:\/\/takomoalkutuli.fi\/wp-content\/uploads\/2024\/10\/uusikoukku-scaled.jpg\",\"datePublished\":\"2024-10-10T13:37:51+00:00\",\"dateModified\":\"2025-10-17T16:09:32+00:00\",\"description\":\"K\u00e4sin taottu pikkukoukku on monik\u00e4ytt\u00f6inen ripustuksen ratkaisu vaatteille ja keitti\u00f6v\u00e4lineille. Pintak\u00e4sitelty hautatervalla, kest\u00e4v\u00e4 ja tyylik\u00e4s.\",\"breadcrumb\":{\"@id\":\"https:\/\/takomoalkutuli.fi\/product\/pikkukoukku\/#breadcrumb\"},\"inLanguage\":\"en-US\",\"potentialAction\":[{\"@type\":\"ReadAction\",\"target\":[\"https:\/\/takomoalkutuli.fi\/product\/pikkukoukku\/\"]}]},{\"@type\":\"ImageObject\",\"inLanguage\":\"en-US\",\"@id\":\"https:\/\/takomoalkutuli.fi\/product\/pikkukoukku\/#primaryimage\",\"url\":\"https:\/\/takomoalkutuli.fi\/wp-content\/uploads\/2024\/10\/uusikoukku-scaled.jpg\",\"contentUrl\":\"https:\/\/takomoalkutuli.fi\/wp-content\/uploads\/2024\/10\/uusikoukku-scaled.jpg\",\"width\":2560,\"height\":2176,\"caption\":\"k\u00e4sin taottu pikkukoukku\"},{\"@type\":\"BreadcrumbList\",\"@id\":\"https:\/\/takomoalkutuli.fi\/product\/pikkukoukku\/#breadcrumb\",\"itemListElement\":[{\"@type\":\"ListItem\",\"position\":1,\"name\":\"Etusivu\",\"item\":\"https:\/\/takomoalkutuli.fi\/\"},{\"@type\":\"ListItem\",\"position\":2,\"name\":\"Kauppa\",\"item\":\"https:\/\/takomoalkutuli.fi\/shop\/\"},{\"@type\":\"ListItem\",\"position\":3,\"name\":\"Pikkukoukku\"}]},{\"@type\":\"WebSite\",\"@id\":\"https:\/\/takomoalkutuli.fi\/#website\",\"url\":\"https:\/\/takomoalkutuli.fi\/\",\"name\":\"Takomo Alkutuli\",\"description\":\"\",\"publisher\":{\"@id\":\"https:\/\/takomoalkutuli.fi\/#organization\"},\"potentialAction\":[{\"@type\":\"SearchAction\",\"target\":{\"@type\":\"EntryPoint\",\"urlTemplate\":\"https:\/\/takomoalkutuli.fi\/?s={search_term_string}\"},\"query-input\":{\"@type\":\"PropertyValueSpecification\",\"valueRequired\":true,\"valueName\":\"search_term_string\"}}],\"inLanguage\":\"en-US\"},{\"@type\":\"Organization\",\"@id\":\"https:\/\/takomoalkutuli.fi\/#organization\",\"name\":\"Takomo Alkutuli\",\"url\":\"https:\/\/takomoalkutuli.fi\/\",\"logo\":{\"@type\":\"ImageObject\",\"inLanguage\":\"en-US\",\"@id\":\"https:\/\/takomoalkutuli.fi\/#\/schema\/logo\/image\/\",\"url\":\"https:\/\/takomoalkutuli.fi\/wp-content\/uploads\/2024\/10\/icon.png\",\"contentUrl\":\"https:\/\/takomoalkutuli.fi\/wp-content\/uploads\/2024\/10\/icon.png\",\"width\":228,\"height\":228,\"caption\":\"Takomo Alkutuli\"},\"image\":{\"@id\":\"https:\/\/takomoalkutuli.fi\/#\/schema\/logo\/image\/\"},\"sameAs\":[\"https:\/\/www.facebook.com\/TakomoAlkutuli\/\",\"https:\/\/www.instagram.com\/alkutuli\/\"]}]}<\/script>\n<!-- \/ Yoast SEO plugin. -->","yoast_head_json":{"title":"Pikkukoukku - Takomo Alkutuli","description":"K\u00e4sin taottu pikkukoukku on monik\u00e4ytt\u00f6inen ripustuksen ratkaisu vaatteille ja keitti\u00f6v\u00e4lineille. Pintak\u00e4sitelty hautatervalla, kest\u00e4v\u00e4 ja tyylik\u00e4s.","robots":{"index":"index","follow":"follow","max-snippet":"max-snippet:-1","max-image-preview":"max-image-preview:large","max-video-preview":"max-video-preview:-1"},"canonical":"https:\/\/takomoalkutuli.fi\/en\/product\/pikkukoukku\/","og_locale":"en_US","og_type":"article","og_title":"Pikkukoukku - Takomo Alkutuli","og_description":"K\u00e4sin taottu pikkukoukku on monik\u00e4ytt\u00f6inen ripustuksen ratkaisu vaatteille ja keitti\u00f6v\u00e4lineille. Pintak\u00e4sitelty hautatervalla, kest\u00e4v\u00e4 ja tyylik\u00e4s.","og_url":"https:\/\/takomoalkutuli.fi\/en\/product\/pikkukoukku\/","og_site_name":"Takomo Alkutuli","article_publisher":"https:\/\/www.facebook.com\/TakomoAlkutuli\/","article_modified_time":"2025-10-17T16:09:32+00:00","og_image":[{"width":2560,"height":2176,"url":"https:\/\/takomoalkutuli.fi\/wp-content\/uploads\/2024\/10\/uusikoukku-scaled.jpg","type":"image\/jpeg"}],"twitter_card":"summary_large_image","twitter_misc":{"Est. reading time":"2 minutes"},"schema":{"@context":"https:\/\/schema.org","@graph":[{"@type":"WebPage","@id":"https:\/\/takomoalkutuli.fi\/product\/pikkukoukku\/","url":"https:\/\/takomoalkutuli.fi\/product\/pikkukoukku\/","name":"Pikkukoukku - Takomo Alkutuli","isPartOf":{"@id":"https:\/\/takomoalkutuli.fi\/#website"},"primaryImageOfPage":{"@id":"https:\/\/takomoalkutuli.fi\/product\/pikkukoukku\/#primaryimage"},"image":{"@id":"https:\/\/takomoalkutuli.fi\/product\/pikkukoukku\/#primaryimage"},"thumbnailUrl":"https:\/\/takomoalkutuli.fi\/wp-content\/uploads\/2024\/10\/uusikoukku-scaled.jpg","datePublished":"2024-10-10T13:37:51+00:00","dateModified":"2025-10-17T16:09:32+00:00","description":"K\u00e4sin taottu pikkukoukku on monik\u00e4ytt\u00f6inen ripustuksen ratkaisu vaatteille ja keitti\u00f6v\u00e4lineille. Pintak\u00e4sitelty hautatervalla, kest\u00e4v\u00e4 ja tyylik\u00e4s.","breadcrumb":{"@id":"https:\/\/takomoalkutuli.fi\/product\/pikkukoukku\/#breadcrumb"},"inLanguage":"en-US","potentialAction":[{"@type":"ReadAction","target":["https:\/\/takomoalkutuli.fi\/product\/pikkukoukku\/"]}]},{"@type":"ImageObject","inLanguage":"en-US","@id":"https:\/\/takomoalkutuli.fi\/product\/pikkukoukku\/#primaryimage","url":"https:\/\/takomoalkutuli.fi\/wp-content\/uploads\/2024\/10\/uusikoukku-scaled.jpg","contentUrl":"https:\/\/takomoalkutuli.fi\/wp-content\/uploads\/2024\/10\/uusikoukku-scaled.jpg","width":2560,"height":2176,"caption":"k\u00e4sin taottu pikkukoukku"},{"@type":"BreadcrumbList","@id":"https:\/\/takomoalkutuli.fi\/product\/pikkukoukku\/#breadcrumb","itemListElement":[{"@type":"ListItem","position":1,"name":"Etusivu","item":"https:\/\/takomoalkutuli.fi\/"},{"@type":"ListItem","position":2,"name":"Kauppa","item":"https:\/\/takomoalkutuli.fi\/shop\/"},{"@type":"ListItem","position":3,"name":"Pikkukoukku"}]},{"@type":"WebSite","@id":"https:\/\/takomoalkutuli.fi\/#website","url":"https:\/\/takomoalkutuli.fi\/","name":"Primordial Fire forge","description":"","publisher":{"@id":"https:\/\/takomoalkutuli.fi\/#organization"},"potentialAction":[{"@type":"SearchAction","target":{"@type":"EntryPoint","urlTemplate":"https:\/\/takomoalkutuli.fi\/?s={search_term_string}"},"query-input":{"@type":"PropertyValueSpecification","valueRequired":true,"valueName":"search_term_string"}}],"inLanguage":"en-US"},{"@type":"Organization","@id":"https:\/\/takomoalkutuli.fi\/#organization","name":"Primordial Fire forge","url":"https:\/\/takomoalkutuli.fi\/","logo":{"@type":"ImageObject","inLanguage":"en-US","@id":"https:\/\/takomoalkutuli.fi\/#\/schema\/logo\/image\/","url":"https:\/\/takomoalkutuli.fi\/wp-content\/uploads\/2024\/10\/icon.png","contentUrl":"https:\/\/takomoalkutuli.fi\/wp-content\/uploads\/2024\/10\/icon.png","width":228,"height":228,"caption":"Takomo Alkutuli"},"image":{"@id":"https:\/\/takomoalkutuli.fi\/#\/schema\/logo\/image\/"},"sameAs":["https:\/\/www.facebook.com\/TakomoAlkutuli\/","https:\/\/www.instagram.com\/alkutuli\/"]}]}},"_links":{"self":[{"href":"https:\/\/takomoalkutuli.fi\/en\/wp-json\/wp\/v2\/product\/892","targetHints":{"allow":["GET"]}}],"collection":[{"href":"https:\/\/takomoalkutuli.fi\/en\/wp-json\/wp\/v2\/product"}],"about":[{"href":"https:\/\/takomoalkutuli.fi\/en\/wp-json\/wp\/v2\/types\/product"}],"wp:featuredmedia":[{"embeddable":true,"href":"https:\/\/takomoalkutuli.fi\/en\/wp-json\/wp\/v2\/media\/890"}],"wp:attachment":[{"href":"https:\/\/takomoalkutuli.fi\/en\/wp-json\/wp\/v2\/media?parent=892"}],"wp:term":[{"taxonomy":"product_brand","embeddable":true,"href":"https:\/\/takomoalkutuli.fi\/en\/wp-json\/wp\/v2\/product_brand?post=892"},{"taxonomy":"product_cat","embeddable":true,"href":"https:\/\/takomoalkutuli.fi\/en\/wp-json\/wp\/v2\/product_cat?post=892"},{"taxonomy":"product_tag","embeddable":true,"href":"https:\/\/takomoalkutuli.fi\/en\/wp-json\/wp\/v2\/product_tag?post=892"}],"curies":[{"name":"wp","href":"https:\/\/api.w.org\/{rel}","templated":true}]}}