{"id":877,"date":"2024-10-10T12:58:03","date_gmt":"2024-10-10T12:58:03","guid":{"rendered":"https:\/\/takomoalkutuli.fi\/?post_type=product&#038;p=877"},"modified":"2025-10-17T11:57:38","modified_gmt":"2025-10-17T11:57:38","slug":"passinpaa-pullonavaaja","status":"publish","type":"product","link":"https:\/\/takomoalkutuli.fi\/en\/product\/passinpaa-pullonavaaja\/","title":{"rendered":"P\u00e4ssinp\u00e4\u00e4 &#8211; Pullonavaaja."},"content":{"rendered":"<h3 data-start=\"98\" data-end=\"155\"><strong data-start=\"102\" data-end=\"155\">P\u00e4ssinp\u00e4\u00e4 Pullonavaaja \u2014 K\u00e4sin Taottu ja Tyylik\u00e4s<\/strong><\/h3>\n<p data-start=\"157\" data-end=\"333\">T\u00e4m\u00e4 <strong data-start=\"162\" data-end=\"202\">p\u00e4ssinp\u00e4\u00e4ll\u00e4 varusteltu pullonavaaja<\/strong> yhdist\u00e4\u00e4 perinteisen k\u00e4sity\u00f6n ja k\u00e4yt\u00e4nn\u00f6llisen designin. Tartu p\u00e4ssin sarviin ja avaa suosikkijuomasi helposti ja tyylikk\u00e4\u00e4sti.<\/p>\n<p data-start=\"335\" data-end=\"629\">Avaaja on <strong data-start=\"345\" data-end=\"376\">taottu yhdest\u00e4 ter\u00e4spalasta<\/strong>, mik\u00e4 tekee siit\u00e4 kest\u00e4v\u00e4n ja n\u00e4ytt\u00e4v\u00e4n esineen, joka tuo metallin monipuoliset muodot esille. Sen muotoilu ei ole vain esteettinen: avaaja on suunniteltu erityisesti <strong data-start=\"544\" data-end=\"577\">perinteisille kruunukorkeille<\/strong>, joten se toimii tehokkaasti arjessa ja juhlassa.<\/p>\n<p data-start=\"631\" data-end=\"964\">Pintak\u00e4sittely on tehty <strong data-start=\"655\" data-end=\"677\">graffiittipastalla<\/strong>, joka antaa erinomaista ruostesuojaa ja lis\u00e4\u00e4 samalla kauniin tumman s\u00e4vyn metallille. T\u00e4m\u00e4 taottu pullonavaaja on t\u00e4ydellinen lahja viinin, oluen tai muiden suosikkijuomien yst\u00e4v\u00e4lle \u2014 ja samalla ainutlaatuinen koriste, joka kertoo k\u00e4sity\u00f6n kauneudesta ja metallin mahdollisuuksista.<\/p>\n<p>P\u00e4ssiavaajan pituus: 9cm<\/p>\n<p>Each piece is individually handcrafted, so slight variations in details and dimensions may occur.<\/p>\n<p>&nbsp;<\/p>\n<p>Tagit: <a href=\"https:\/\/takomoalkutuli.fi\/en\/product-category\/keittioon\/\">For the Kitchen<\/a>, <a href=\"https:\/\/takomoalkutuli.fi\/en\/product-category\/kayttoesineet\/\">Utensils<\/a>.<\/p>","protected":false},"excerpt":{"rendered":"<p>P\u00e4ssinp\u00e4\u00e4 avaaja &#8211; Nappaa p\u00e4ssi\u00e4 sarvista.<\/p>","protected":false},"featured_media":878,"template":"","meta":[],"product_brand":[],"product_cat":[19,21],"product_tag":[125,127,124],"class_list":{"0":"post-877","1":"product","2":"type-product","3":"status-publish","4":"has-post-thumbnail","6":"product_cat-kayttoesineet","7":"product_cat-keittioon","8":"product_tag-juominki","9":"product_tag-passiavaaja","10":"product_tag-pullonavaaja","11":"product_shipping_class-pikkupaketti","13":"first","14":"instock","15":"taxable","16":"shipping-taxable","17":"purchasable","18":"product-type-simple"},"yoast_head":"<!-- This site is optimized with the Yoast SEO plugin v26.1.1 - https:\/\/yoast.com\/wordpress\/plugins\/seo\/ -->\n<title>P\u00e4ssinp\u00e4\u00e4 - Pullonavaaja. - Takomo Alkutuli<\/title>\n<meta name=\"description\" content=\"K\u00e4sin taottu p\u00e4ssinp\u00e4\u00e4-pullonavaaja yhdest\u00e4 ter\u00e4spalasta. Kest\u00e4v\u00e4 ja tyylik\u00e4s avaaja perinteisille kruunukorkeille \u2014 lahja oluiden yst\u00e4ville.\" \/>\n<meta name=\"robots\" content=\"index, follow, max-snippet:-1, max-image-preview:large, max-video-preview:-1\" \/>\n<link rel=\"canonical\" href=\"https:\/\/takomoalkutuli.fi\/en\/product\/passinpaa-pullonavaaja\/\" \/>\n<meta property=\"og:locale\" content=\"en_US\" \/>\n<meta property=\"og:type\" content=\"article\" \/>\n<meta property=\"og:title\" content=\"P\u00e4ssinp\u00e4\u00e4 - Pullonavaaja. - Takomo Alkutuli\" \/>\n<meta property=\"og:description\" content=\"K\u00e4sin taottu p\u00e4ssinp\u00e4\u00e4-pullonavaaja yhdest\u00e4 ter\u00e4spalasta. Kest\u00e4v\u00e4 ja tyylik\u00e4s avaaja perinteisille kruunukorkeille \u2014 lahja oluiden yst\u00e4ville.\" \/>\n<meta property=\"og:url\" content=\"https:\/\/takomoalkutuli.fi\/en\/product\/passinpaa-pullonavaaja\/\" \/>\n<meta property=\"og:site_name\" content=\"Takomo Alkutuli\" \/>\n<meta property=\"article:publisher\" content=\"https:\/\/www.facebook.com\/TakomoAlkutuli\/\" \/>\n<meta property=\"article:modified_time\" content=\"2025-10-17T11:57:38+00:00\" \/>\n<meta property=\"og:image\" content=\"https:\/\/takomoalkutuli.fi\/wp-content\/uploads\/2024\/10\/passiavaaja.jpg\" \/>\n\t<meta property=\"og:image:width\" content=\"1\" \/>\n\t<meta property=\"og:image:height\" content=\"1\" \/>\n\t<meta property=\"og:image:type\" content=\"image\/jpeg\" \/>\n<meta name=\"twitter:card\" content=\"summary_large_image\" \/>\n<meta name=\"twitter:label1\" content=\"Est. reading time\" \/>\n\t<meta name=\"twitter:data1\" content=\"1 minute\" \/>\n<script type=\"application\/ld+json\" class=\"yoast-schema-graph\">{\"@context\":\"https:\/\/schema.org\",\"@graph\":[{\"@type\":\"WebPage\",\"@id\":\"https:\/\/takomoalkutuli.fi\/product\/passinpaa-pullonavaaja\/\",\"url\":\"https:\/\/takomoalkutuli.fi\/product\/passinpaa-pullonavaaja\/\",\"name\":\"P\u00e4ssinp\u00e4\u00e4 - Pullonavaaja. - Takomo Alkutuli\",\"isPartOf\":{\"@id\":\"https:\/\/takomoalkutuli.fi\/#website\"},\"primaryImageOfPage\":{\"@id\":\"https:\/\/takomoalkutuli.fi\/product\/passinpaa-pullonavaaja\/#primaryimage\"},\"image\":{\"@id\":\"https:\/\/takomoalkutuli.fi\/product\/passinpaa-pullonavaaja\/#primaryimage\"},\"thumbnailUrl\":\"https:\/\/takomoalkutuli.fi\/wp-content\/uploads\/2024\/10\/passiavaaja.jpg\",\"datePublished\":\"2024-10-10T12:58:03+00:00\",\"dateModified\":\"2025-10-17T11:57:38+00:00\",\"description\":\"K\u00e4sin taottu p\u00e4ssinp\u00e4\u00e4-pullonavaaja yhdest\u00e4 ter\u00e4spalasta. Kest\u00e4v\u00e4 ja tyylik\u00e4s avaaja perinteisille kruunukorkeille \u2014 lahja oluiden yst\u00e4ville.\",\"breadcrumb\":{\"@id\":\"https:\/\/takomoalkutuli.fi\/product\/passinpaa-pullonavaaja\/#breadcrumb\"},\"inLanguage\":\"en-US\",\"potentialAction\":[{\"@type\":\"ReadAction\",\"target\":[\"https:\/\/takomoalkutuli.fi\/product\/passinpaa-pullonavaaja\/\"]}]},{\"@type\":\"ImageObject\",\"inLanguage\":\"en-US\",\"@id\":\"https:\/\/takomoalkutuli.fi\/product\/passinpaa-pullonavaaja\/#primaryimage\",\"url\":\"https:\/\/takomoalkutuli.fi\/wp-content\/uploads\/2024\/10\/passiavaaja.jpg\",\"contentUrl\":\"https:\/\/takomoalkutuli.fi\/wp-content\/uploads\/2024\/10\/passiavaaja.jpg\",\"caption\":\"P\u00e4ssinp\u00e4\u00e4 pullonavaaja\"},{\"@type\":\"BreadcrumbList\",\"@id\":\"https:\/\/takomoalkutuli.fi\/product\/passinpaa-pullonavaaja\/#breadcrumb\",\"itemListElement\":[{\"@type\":\"ListItem\",\"position\":1,\"name\":\"Etusivu\",\"item\":\"https:\/\/takomoalkutuli.fi\/\"},{\"@type\":\"ListItem\",\"position\":2,\"name\":\"Kauppa\",\"item\":\"https:\/\/takomoalkutuli.fi\/shop\/\"},{\"@type\":\"ListItem\",\"position\":3,\"name\":\"P\u00e4ssinp\u00e4\u00e4 &#8211; Pullonavaaja.\"}]},{\"@type\":\"WebSite\",\"@id\":\"https:\/\/takomoalkutuli.fi\/#website\",\"url\":\"https:\/\/takomoalkutuli.fi\/\",\"name\":\"Takomo Alkutuli\",\"description\":\"\",\"publisher\":{\"@id\":\"https:\/\/takomoalkutuli.fi\/#organization\"},\"potentialAction\":[{\"@type\":\"SearchAction\",\"target\":{\"@type\":\"EntryPoint\",\"urlTemplate\":\"https:\/\/takomoalkutuli.fi\/?s={search_term_string}\"},\"query-input\":{\"@type\":\"PropertyValueSpecification\",\"valueRequired\":true,\"valueName\":\"search_term_string\"}}],\"inLanguage\":\"en-US\"},{\"@type\":\"Organization\",\"@id\":\"https:\/\/takomoalkutuli.fi\/#organization\",\"name\":\"Takomo Alkutuli\",\"url\":\"https:\/\/takomoalkutuli.fi\/\",\"logo\":{\"@type\":\"ImageObject\",\"inLanguage\":\"en-US\",\"@id\":\"https:\/\/takomoalkutuli.fi\/#\/schema\/logo\/image\/\",\"url\":\"https:\/\/takomoalkutuli.fi\/wp-content\/uploads\/2024\/10\/icon.png\",\"contentUrl\":\"https:\/\/takomoalkutuli.fi\/wp-content\/uploads\/2024\/10\/icon.png\",\"width\":228,\"height\":228,\"caption\":\"Takomo Alkutuli\"},\"image\":{\"@id\":\"https:\/\/takomoalkutuli.fi\/#\/schema\/logo\/image\/\"},\"sameAs\":[\"https:\/\/www.facebook.com\/TakomoAlkutuli\/\",\"https:\/\/www.instagram.com\/alkutuli\/\"]}]}<\/script>\n<!-- \/ Yoast SEO plugin. -->","yoast_head_json":{"title":"P\u00e4ssinp\u00e4\u00e4 - Pullonavaaja. - Takomo Alkutuli","description":"K\u00e4sin taottu p\u00e4ssinp\u00e4\u00e4-pullonavaaja yhdest\u00e4 ter\u00e4spalasta. Kest\u00e4v\u00e4 ja tyylik\u00e4s avaaja perinteisille kruunukorkeille \u2014 lahja oluiden yst\u00e4ville.","robots":{"index":"index","follow":"follow","max-snippet":"max-snippet:-1","max-image-preview":"max-image-preview:large","max-video-preview":"max-video-preview:-1"},"canonical":"https:\/\/takomoalkutuli.fi\/en\/product\/passinpaa-pullonavaaja\/","og_locale":"en_US","og_type":"article","og_title":"P\u00e4ssinp\u00e4\u00e4 - Pullonavaaja. - Takomo Alkutuli","og_description":"K\u00e4sin taottu p\u00e4ssinp\u00e4\u00e4-pullonavaaja yhdest\u00e4 ter\u00e4spalasta. Kest\u00e4v\u00e4 ja tyylik\u00e4s avaaja perinteisille kruunukorkeille \u2014 lahja oluiden yst\u00e4ville.","og_url":"https:\/\/takomoalkutuli.fi\/en\/product\/passinpaa-pullonavaaja\/","og_site_name":"Takomo Alkutuli","article_publisher":"https:\/\/www.facebook.com\/TakomoAlkutuli\/","article_modified_time":"2025-10-17T11:57:38+00:00","og_image":[{"url":"https:\/\/takomoalkutuli.fi\/wp-content\/uploads\/2024\/10\/passiavaaja.jpg","width":1,"height":1,"type":"image\/jpeg"}],"twitter_card":"summary_large_image","twitter_misc":{"Est. reading time":"1 minute"},"schema":{"@context":"https:\/\/schema.org","@graph":[{"@type":"WebPage","@id":"https:\/\/takomoalkutuli.fi\/product\/passinpaa-pullonavaaja\/","url":"https:\/\/takomoalkutuli.fi\/product\/passinpaa-pullonavaaja\/","name":"P\u00e4ssinp\u00e4\u00e4 - Pullonavaaja. - Takomo Alkutuli","isPartOf":{"@id":"https:\/\/takomoalkutuli.fi\/#website"},"primaryImageOfPage":{"@id":"https:\/\/takomoalkutuli.fi\/product\/passinpaa-pullonavaaja\/#primaryimage"},"image":{"@id":"https:\/\/takomoalkutuli.fi\/product\/passinpaa-pullonavaaja\/#primaryimage"},"thumbnailUrl":"https:\/\/takomoalkutuli.fi\/wp-content\/uploads\/2024\/10\/passiavaaja.jpg","datePublished":"2024-10-10T12:58:03+00:00","dateModified":"2025-10-17T11:57:38+00:00","description":"K\u00e4sin taottu p\u00e4ssinp\u00e4\u00e4-pullonavaaja yhdest\u00e4 ter\u00e4spalasta. Kest\u00e4v\u00e4 ja tyylik\u00e4s avaaja perinteisille kruunukorkeille \u2014 lahja oluiden yst\u00e4ville.","breadcrumb":{"@id":"https:\/\/takomoalkutuli.fi\/product\/passinpaa-pullonavaaja\/#breadcrumb"},"inLanguage":"en-US","potentialAction":[{"@type":"ReadAction","target":["https:\/\/takomoalkutuli.fi\/product\/passinpaa-pullonavaaja\/"]}]},{"@type":"ImageObject","inLanguage":"en-US","@id":"https:\/\/takomoalkutuli.fi\/product\/passinpaa-pullonavaaja\/#primaryimage","url":"https:\/\/takomoalkutuli.fi\/wp-content\/uploads\/2024\/10\/passiavaaja.jpg","contentUrl":"https:\/\/takomoalkutuli.fi\/wp-content\/uploads\/2024\/10\/passiavaaja.jpg","caption":"P\u00e4ssinp\u00e4\u00e4 pullonavaaja"},{"@type":"BreadcrumbList","@id":"https:\/\/takomoalkutuli.fi\/product\/passinpaa-pullonavaaja\/#breadcrumb","itemListElement":[{"@type":"ListItem","position":1,"name":"Etusivu","item":"https:\/\/takomoalkutuli.fi\/"},{"@type":"ListItem","position":2,"name":"Kauppa","item":"https:\/\/takomoalkutuli.fi\/shop\/"},{"@type":"ListItem","position":3,"name":"P\u00e4ssinp\u00e4\u00e4 &#8211; Pullonavaaja."}]},{"@type":"WebSite","@id":"https:\/\/takomoalkutuli.fi\/#website","url":"https:\/\/takomoalkutuli.fi\/","name":"Primordial Fire forge","description":"","publisher":{"@id":"https:\/\/takomoalkutuli.fi\/#organization"},"potentialAction":[{"@type":"SearchAction","target":{"@type":"EntryPoint","urlTemplate":"https:\/\/takomoalkutuli.fi\/?s={search_term_string}"},"query-input":{"@type":"PropertyValueSpecification","valueRequired":true,"valueName":"search_term_string"}}],"inLanguage":"en-US"},{"@type":"Organization","@id":"https:\/\/takomoalkutuli.fi\/#organization","name":"Primordial Fire forge","url":"https:\/\/takomoalkutuli.fi\/","logo":{"@type":"ImageObject","inLanguage":"en-US","@id":"https:\/\/takomoalkutuli.fi\/#\/schema\/logo\/image\/","url":"https:\/\/takomoalkutuli.fi\/wp-content\/uploads\/2024\/10\/icon.png","contentUrl":"https:\/\/takomoalkutuli.fi\/wp-content\/uploads\/2024\/10\/icon.png","width":228,"height":228,"caption":"Takomo Alkutuli"},"image":{"@id":"https:\/\/takomoalkutuli.fi\/#\/schema\/logo\/image\/"},"sameAs":["https:\/\/www.facebook.com\/TakomoAlkutuli\/","https:\/\/www.instagram.com\/alkutuli\/"]}]}},"_links":{"self":[{"href":"https:\/\/takomoalkutuli.fi\/en\/wp-json\/wp\/v2\/product\/877","targetHints":{"allow":["GET"]}}],"collection":[{"href":"https:\/\/takomoalkutuli.fi\/en\/wp-json\/wp\/v2\/product"}],"about":[{"href":"https:\/\/takomoalkutuli.fi\/en\/wp-json\/wp\/v2\/types\/product"}],"wp:featuredmedia":[{"embeddable":true,"href":"https:\/\/takomoalkutuli.fi\/en\/wp-json\/wp\/v2\/media\/878"}],"wp:attachment":[{"href":"https:\/\/takomoalkutuli.fi\/en\/wp-json\/wp\/v2\/media?parent=877"}],"wp:term":[{"taxonomy":"product_brand","embeddable":true,"href":"https:\/\/takomoalkutuli.fi\/en\/wp-json\/wp\/v2\/product_brand?post=877"},{"taxonomy":"product_cat","embeddable":true,"href":"https:\/\/takomoalkutuli.fi\/en\/wp-json\/wp\/v2\/product_cat?post=877"},{"taxonomy":"product_tag","embeddable":true,"href":"https:\/\/takomoalkutuli.fi\/en\/wp-json\/wp\/v2\/product_tag?post=877"}],"curies":[{"name":"wp","href":"https:\/\/api.w.org\/{rel}","templated":true}]}}