{"id":874,"date":"2024-10-10T11:50:25","date_gmt":"2024-10-10T11:50:25","guid":{"rendered":"https:\/\/takomoalkutuli.fi\/?post_type=product&#038;p=874"},"modified":"2025-10-17T12:01:23","modified_gmt":"2025-10-17T12:01:23","slug":"pajapiru-pullonavaaja","status":"publish","type":"product","link":"https:\/\/takomoalkutuli.fi\/en\/product\/pajapiru-pullonavaaja\/","title":{"rendered":"Pajapiru &#8211; Pullonavaaja"},"content":{"rendered":"<h3 data-start=\"97\" data-end=\"158\"><strong data-start=\"101\" data-end=\"158\">Pajapiru Pullonavaaja \u2014 Taottu ja Hauska K\u00e4sity\u00f6esine<\/strong><\/h3>\n<p data-start=\"160\" data-end=\"518\">T\u00e4m\u00e4 <strong data-start=\"165\" data-end=\"190\">Pajapiru-pullonavaaja<\/strong> tuo pajojen ilveilij\u00e4n suoraan kotiisi. Legendan mukaan pajan pimeiss\u00e4 nurkissa syntyy joskus oivalluksia ja pikku piruja, jotka houkuttelevat sepp\u00e4\u00e4 hedonististen huvitusten pariin \u2013 nestehukka kun on sep\u00e4n pahin vihollinen. Pajapiru ilveilee ja irvailee, mutta nyt sen voi kohdata tyylikk\u00e4\u00e4sti keitti\u00f6ss\u00e4 tai baaritiskill\u00e4.<\/p>\n<p data-start=\"520\" data-end=\"889\">Avaaja on <strong data-start=\"530\" data-end=\"569\">taottu yhdest\u00e4 ter\u00e4spalasta ter\u00e4st\u00e4<\/strong>, mik\u00e4 tekee siit\u00e4 kest\u00e4v\u00e4n ja n\u00e4ytt\u00e4v\u00e4n k\u00e4ytt\u00f6esineen. Se on suunniteltu <strong data-start=\"643\" data-end=\"683\">perinteisille kruununkorkkipulloille<\/strong>, joten sen k\u00e4ytt\u00f6 on helppoa ja tehokasta. Pintak\u00e4sittely <strong data-start=\"742\" data-end=\"764\">graffiittipastalla<\/strong> antaa pullonavaajalle kauniin tumman s\u00e4vyn ja erinomaisen ruostesuojan, s\u00e4ilytt\u00e4en sen ulkon\u00e4\u00f6n vuosien k\u00e4yt\u00f6nkin j\u00e4lkeen.<\/p>\n<p data-start=\"891\" data-end=\"1174\">T\u00e4m\u00e4 <strong data-start=\"896\" data-end=\"919\">taottu pullonavaaja<\/strong> on yht\u00e4 aikaa k\u00e4yt\u00e4nn\u00f6llinen ja tarinallinen esine, joka tuo ripauksen pajojen mystiikkaa ja humoristista ilmett\u00e4 jokap\u00e4iv\u00e4iseen k\u00e4ytt\u00f6\u00f6n. T\u00e4ydellinen lahja metallin k\u00e4sity\u00f6st\u00e4, viikinkimyytologiasta tai humoristisista yksityiskohdista kiinnostuneelle.<\/p>\n<p>Pajapirun korkeus: 11cm<\/p>\n<p>Each piece is individually handcrafted, so slight variations in details and dimensions may occur.<\/p>\n<p>&nbsp;<\/p>\n<p>Tagit: <a href=\"https:\/\/takomoalkutuli.fi\/en\/product-category\/keittioon\/\">For the Kitchen<\/a>, <a href=\"https:\/\/takomoalkutuli.fi\/en\/product-category\/kayttoesineet\/\">Utensils<\/a>.<\/p>","protected":false},"excerpt":{"rendered":"<p>Pajapiru pullonavaaja &#8211; Se pieni pirulainen joka siell\u00e4 sinua kytt\u00e4\u00e4 houkutuksineen.<\/p>","protected":false},"featured_media":875,"template":"","meta":[],"product_brand":[],"product_cat":[19,21],"product_tag":[125,126,123,124],"class_list":{"0":"post-874","1":"product","2":"type-product","3":"status-publish","4":"has-post-thumbnail","6":"product_cat-kayttoesineet","7":"product_cat-keittioon","8":"product_tag-juominki","9":"product_tag-kayttoesine","10":"product_tag-pajapiru","11":"product_tag-pullonavaaja","12":"product_shipping_class-pikkupaketti","14":"first","15":"instock","16":"taxable","17":"shipping-taxable","18":"purchasable","19":"product-type-simple"},"yoast_head":"<!-- This site is optimized with the Yoast SEO plugin v26.1.1 - https:\/\/yoast.com\/wordpress\/plugins\/seo\/ -->\n<title>Pajapiru - Pullonavaaja - Takomo Alkutuli<\/title>\n<meta name=\"description\" content=\"Pajapiru-pullonavaaja on k\u00e4sin taottu ter\u00e4ksest\u00e4. Tyylik\u00e4s ja kest\u00e4v\u00e4 avaaja perinteisille kruunukorkkipulloille \u2014 k\u00e4yt\u00e4nn\u00f6llinen ja hauska lahja.\" \/>\n<meta name=\"robots\" content=\"index, follow, max-snippet:-1, max-image-preview:large, max-video-preview:-1\" \/>\n<link rel=\"canonical\" href=\"https:\/\/takomoalkutuli.fi\/en\/product\/pajapiru-pullonavaaja\/\" \/>\n<meta property=\"og:locale\" content=\"en_US\" \/>\n<meta property=\"og:type\" content=\"article\" \/>\n<meta property=\"og:title\" content=\"Pajapiru - Pullonavaaja - Takomo Alkutuli\" \/>\n<meta property=\"og:description\" content=\"Pajapiru-pullonavaaja on k\u00e4sin taottu ter\u00e4ksest\u00e4. Tyylik\u00e4s ja kest\u00e4v\u00e4 avaaja perinteisille kruunukorkkipulloille \u2014 k\u00e4yt\u00e4nn\u00f6llinen ja hauska lahja.\" \/>\n<meta property=\"og:url\" content=\"https:\/\/takomoalkutuli.fi\/en\/product\/pajapiru-pullonavaaja\/\" \/>\n<meta property=\"og:site_name\" content=\"Takomo Alkutuli\" \/>\n<meta property=\"article:publisher\" content=\"https:\/\/www.facebook.com\/TakomoAlkutuli\/\" \/>\n<meta property=\"article:modified_time\" content=\"2025-10-17T12:01:23+00:00\" \/>\n<meta property=\"og:image\" content=\"https:\/\/takomoalkutuli.fi\/wp-content\/uploads\/2024\/10\/pajapiru.jpg\" \/>\n\t<meta property=\"og:image:width\" content=\"1\" \/>\n\t<meta property=\"og:image:height\" content=\"1\" \/>\n\t<meta property=\"og:image:type\" content=\"image\/jpeg\" \/>\n<meta name=\"twitter:card\" content=\"summary_large_image\" \/>\n<meta name=\"twitter:label1\" content=\"Est. reading time\" \/>\n\t<meta name=\"twitter:data1\" content=\"2 minutes\" \/>\n<script type=\"application\/ld+json\" class=\"yoast-schema-graph\">{\"@context\":\"https:\/\/schema.org\",\"@graph\":[{\"@type\":\"WebPage\",\"@id\":\"https:\/\/takomoalkutuli.fi\/product\/pajapiru-pullonavaaja\/\",\"url\":\"https:\/\/takomoalkutuli.fi\/product\/pajapiru-pullonavaaja\/\",\"name\":\"Pajapiru - Pullonavaaja - Takomo Alkutuli\",\"isPartOf\":{\"@id\":\"https:\/\/takomoalkutuli.fi\/#website\"},\"primaryImageOfPage\":{\"@id\":\"https:\/\/takomoalkutuli.fi\/product\/pajapiru-pullonavaaja\/#primaryimage\"},\"image\":{\"@id\":\"https:\/\/takomoalkutuli.fi\/product\/pajapiru-pullonavaaja\/#primaryimage\"},\"thumbnailUrl\":\"https:\/\/takomoalkutuli.fi\/wp-content\/uploads\/2024\/10\/pajapiru.jpg\",\"datePublished\":\"2024-10-10T11:50:25+00:00\",\"dateModified\":\"2025-10-17T12:01:23+00:00\",\"description\":\"Pajapiru-pullonavaaja on k\u00e4sin taottu ter\u00e4ksest\u00e4. Tyylik\u00e4s ja kest\u00e4v\u00e4 avaaja perinteisille kruunukorkkipulloille \u2014 k\u00e4yt\u00e4nn\u00f6llinen ja hauska lahja.\",\"breadcrumb\":{\"@id\":\"https:\/\/takomoalkutuli.fi\/product\/pajapiru-pullonavaaja\/#breadcrumb\"},\"inLanguage\":\"en-US\",\"potentialAction\":[{\"@type\":\"ReadAction\",\"target\":[\"https:\/\/takomoalkutuli.fi\/product\/pajapiru-pullonavaaja\/\"]}]},{\"@type\":\"ImageObject\",\"inLanguage\":\"en-US\",\"@id\":\"https:\/\/takomoalkutuli.fi\/product\/pajapiru-pullonavaaja\/#primaryimage\",\"url\":\"https:\/\/takomoalkutuli.fi\/wp-content\/uploads\/2024\/10\/pajapiru.jpg\",\"contentUrl\":\"https:\/\/takomoalkutuli.fi\/wp-content\/uploads\/2024\/10\/pajapiru.jpg\",\"caption\":\"Pajapiru pullonavaaja\"},{\"@type\":\"BreadcrumbList\",\"@id\":\"https:\/\/takomoalkutuli.fi\/product\/pajapiru-pullonavaaja\/#breadcrumb\",\"itemListElement\":[{\"@type\":\"ListItem\",\"position\":1,\"name\":\"Etusivu\",\"item\":\"https:\/\/takomoalkutuli.fi\/\"},{\"@type\":\"ListItem\",\"position\":2,\"name\":\"Kauppa\",\"item\":\"https:\/\/takomoalkutuli.fi\/shop\/\"},{\"@type\":\"ListItem\",\"position\":3,\"name\":\"Pajapiru &#8211; Pullonavaaja\"}]},{\"@type\":\"WebSite\",\"@id\":\"https:\/\/takomoalkutuli.fi\/#website\",\"url\":\"https:\/\/takomoalkutuli.fi\/\",\"name\":\"Takomo Alkutuli\",\"description\":\"\",\"publisher\":{\"@id\":\"https:\/\/takomoalkutuli.fi\/#organization\"},\"potentialAction\":[{\"@type\":\"SearchAction\",\"target\":{\"@type\":\"EntryPoint\",\"urlTemplate\":\"https:\/\/takomoalkutuli.fi\/?s={search_term_string}\"},\"query-input\":{\"@type\":\"PropertyValueSpecification\",\"valueRequired\":true,\"valueName\":\"search_term_string\"}}],\"inLanguage\":\"en-US\"},{\"@type\":\"Organization\",\"@id\":\"https:\/\/takomoalkutuli.fi\/#organization\",\"name\":\"Takomo Alkutuli\",\"url\":\"https:\/\/takomoalkutuli.fi\/\",\"logo\":{\"@type\":\"ImageObject\",\"inLanguage\":\"en-US\",\"@id\":\"https:\/\/takomoalkutuli.fi\/#\/schema\/logo\/image\/\",\"url\":\"https:\/\/takomoalkutuli.fi\/wp-content\/uploads\/2024\/10\/icon.png\",\"contentUrl\":\"https:\/\/takomoalkutuli.fi\/wp-content\/uploads\/2024\/10\/icon.png\",\"width\":228,\"height\":228,\"caption\":\"Takomo Alkutuli\"},\"image\":{\"@id\":\"https:\/\/takomoalkutuli.fi\/#\/schema\/logo\/image\/\"},\"sameAs\":[\"https:\/\/www.facebook.com\/TakomoAlkutuli\/\",\"https:\/\/www.instagram.com\/alkutuli\/\"]}]}<\/script>\n<!-- \/ Yoast SEO plugin. -->","yoast_head_json":{"title":"Pajapiru - Pullonavaaja - Takomo Alkutuli","description":"Pajapiru-pullonavaaja on k\u00e4sin taottu ter\u00e4ksest\u00e4. Tyylik\u00e4s ja kest\u00e4v\u00e4 avaaja perinteisille kruunukorkkipulloille \u2014 k\u00e4yt\u00e4nn\u00f6llinen ja hauska lahja.","robots":{"index":"index","follow":"follow","max-snippet":"max-snippet:-1","max-image-preview":"max-image-preview:large","max-video-preview":"max-video-preview:-1"},"canonical":"https:\/\/takomoalkutuli.fi\/en\/product\/pajapiru-pullonavaaja\/","og_locale":"en_US","og_type":"article","og_title":"Pajapiru - Pullonavaaja - Takomo Alkutuli","og_description":"Pajapiru-pullonavaaja on k\u00e4sin taottu ter\u00e4ksest\u00e4. Tyylik\u00e4s ja kest\u00e4v\u00e4 avaaja perinteisille kruunukorkkipulloille \u2014 k\u00e4yt\u00e4nn\u00f6llinen ja hauska lahja.","og_url":"https:\/\/takomoalkutuli.fi\/en\/product\/pajapiru-pullonavaaja\/","og_site_name":"Takomo Alkutuli","article_publisher":"https:\/\/www.facebook.com\/TakomoAlkutuli\/","article_modified_time":"2025-10-17T12:01:23+00:00","og_image":[{"url":"https:\/\/takomoalkutuli.fi\/wp-content\/uploads\/2024\/10\/pajapiru.jpg","width":1,"height":1,"type":"image\/jpeg"}],"twitter_card":"summary_large_image","twitter_misc":{"Est. reading time":"2 minutes"},"schema":{"@context":"https:\/\/schema.org","@graph":[{"@type":"WebPage","@id":"https:\/\/takomoalkutuli.fi\/product\/pajapiru-pullonavaaja\/","url":"https:\/\/takomoalkutuli.fi\/product\/pajapiru-pullonavaaja\/","name":"Pajapiru - Pullonavaaja - Takomo Alkutuli","isPartOf":{"@id":"https:\/\/takomoalkutuli.fi\/#website"},"primaryImageOfPage":{"@id":"https:\/\/takomoalkutuli.fi\/product\/pajapiru-pullonavaaja\/#primaryimage"},"image":{"@id":"https:\/\/takomoalkutuli.fi\/product\/pajapiru-pullonavaaja\/#primaryimage"},"thumbnailUrl":"https:\/\/takomoalkutuli.fi\/wp-content\/uploads\/2024\/10\/pajapiru.jpg","datePublished":"2024-10-10T11:50:25+00:00","dateModified":"2025-10-17T12:01:23+00:00","description":"Pajapiru-pullonavaaja on k\u00e4sin taottu ter\u00e4ksest\u00e4. Tyylik\u00e4s ja kest\u00e4v\u00e4 avaaja perinteisille kruunukorkkipulloille \u2014 k\u00e4yt\u00e4nn\u00f6llinen ja hauska lahja.","breadcrumb":{"@id":"https:\/\/takomoalkutuli.fi\/product\/pajapiru-pullonavaaja\/#breadcrumb"},"inLanguage":"en-US","potentialAction":[{"@type":"ReadAction","target":["https:\/\/takomoalkutuli.fi\/product\/pajapiru-pullonavaaja\/"]}]},{"@type":"ImageObject","inLanguage":"en-US","@id":"https:\/\/takomoalkutuli.fi\/product\/pajapiru-pullonavaaja\/#primaryimage","url":"https:\/\/takomoalkutuli.fi\/wp-content\/uploads\/2024\/10\/pajapiru.jpg","contentUrl":"https:\/\/takomoalkutuli.fi\/wp-content\/uploads\/2024\/10\/pajapiru.jpg","caption":"Pajapiru pullonavaaja"},{"@type":"BreadcrumbList","@id":"https:\/\/takomoalkutuli.fi\/product\/pajapiru-pullonavaaja\/#breadcrumb","itemListElement":[{"@type":"ListItem","position":1,"name":"Etusivu","item":"https:\/\/takomoalkutuli.fi\/"},{"@type":"ListItem","position":2,"name":"Kauppa","item":"https:\/\/takomoalkutuli.fi\/shop\/"},{"@type":"ListItem","position":3,"name":"Pajapiru &#8211; Pullonavaaja"}]},{"@type":"WebSite","@id":"https:\/\/takomoalkutuli.fi\/#website","url":"https:\/\/takomoalkutuli.fi\/","name":"Primordial Fire forge","description":"","publisher":{"@id":"https:\/\/takomoalkutuli.fi\/#organization"},"potentialAction":[{"@type":"SearchAction","target":{"@type":"EntryPoint","urlTemplate":"https:\/\/takomoalkutuli.fi\/?s={search_term_string}"},"query-input":{"@type":"PropertyValueSpecification","valueRequired":true,"valueName":"search_term_string"}}],"inLanguage":"en-US"},{"@type":"Organization","@id":"https:\/\/takomoalkutuli.fi\/#organization","name":"Primordial Fire forge","url":"https:\/\/takomoalkutuli.fi\/","logo":{"@type":"ImageObject","inLanguage":"en-US","@id":"https:\/\/takomoalkutuli.fi\/#\/schema\/logo\/image\/","url":"https:\/\/takomoalkutuli.fi\/wp-content\/uploads\/2024\/10\/icon.png","contentUrl":"https:\/\/takomoalkutuli.fi\/wp-content\/uploads\/2024\/10\/icon.png","width":228,"height":228,"caption":"Takomo Alkutuli"},"image":{"@id":"https:\/\/takomoalkutuli.fi\/#\/schema\/logo\/image\/"},"sameAs":["https:\/\/www.facebook.com\/TakomoAlkutuli\/","https:\/\/www.instagram.com\/alkutuli\/"]}]}},"_links":{"self":[{"href":"https:\/\/takomoalkutuli.fi\/en\/wp-json\/wp\/v2\/product\/874","targetHints":{"allow":["GET"]}}],"collection":[{"href":"https:\/\/takomoalkutuli.fi\/en\/wp-json\/wp\/v2\/product"}],"about":[{"href":"https:\/\/takomoalkutuli.fi\/en\/wp-json\/wp\/v2\/types\/product"}],"wp:featuredmedia":[{"embeddable":true,"href":"https:\/\/takomoalkutuli.fi\/en\/wp-json\/wp\/v2\/media\/875"}],"wp:attachment":[{"href":"https:\/\/takomoalkutuli.fi\/en\/wp-json\/wp\/v2\/media?parent=874"}],"wp:term":[{"taxonomy":"product_brand","embeddable":true,"href":"https:\/\/takomoalkutuli.fi\/en\/wp-json\/wp\/v2\/product_brand?post=874"},{"taxonomy":"product_cat","embeddable":true,"href":"https:\/\/takomoalkutuli.fi\/en\/wp-json\/wp\/v2\/product_cat?post=874"},{"taxonomy":"product_tag","embeddable":true,"href":"https:\/\/takomoalkutuli.fi\/en\/wp-json\/wp\/v2\/product_tag?post=874"}],"curies":[{"name":"wp","href":"https:\/\/api.w.org\/{rel}","templated":true}]}}