{"id":868,"date":"2024-10-10T11:40:00","date_gmt":"2024-10-10T11:40:00","guid":{"rendered":"https:\/\/takomoalkutuli.fi\/?post_type=product&#038;p=868"},"modified":"2024-10-10T13:08:31","modified_gmt":"2024-10-10T13:08:31","slug":"peenakuvioitu-naulakko","status":"publish","type":"product","link":"https:\/\/takomoalkutuli.fi\/en\/product\/peenakuvioitu-naulakko\/","title":{"rendered":"Peenakuvioitu naulakko."},"content":{"rendered":"<p>Peenakuvioitu kaarinaulakko. Rouheasti teksturoitu naulakko takeille, laukuille ja hatuille. Naulakon taustan pinta on hakattu peenakuviolle, joka muistuttaa puun kaarnaa. Koukut ovat niitattu ter\u00e4sniiteill\u00e4 taustalevyyn kiinni joka takaa erinomaisen kest\u00e4vyyden, eiv\u00e4tk\u00e4 irtoa vaikka p\u00e4\u00e4tt\u00e4isitte nostaa jonkun naulakkoon rauhottumaan. Koukkujen v\u00e4li on n. 6cm ja tarjolla on kolmea eri koukkum\u00e4\u00e4r\u00e4ist\u00e4 naulakkoa. Naulakko on suunniteltu tulemaan kaarella ulos sein\u00e4st\u00e4, jolloin pinta-alaa tulee lis\u00e4\u00e4 ripustettaville. T\u00e4m\u00e4 peenanaulakko on pintak\u00e4sitelty graffiittipastalla joka takaa hyv\u00e4n ruostesuojauksen sis\u00e4tiloissa. Naulakon mukana tulee taotut naulat asianmukaista kiinnityst\u00e4 varten.<\/p>\n<p>Naulakon koot:<\/p>\n<p>3 koukkua: 30cm<\/p>\n<p>4 koukkua: 35cm<\/p>\n<p>5 koukkua: 40cm<\/p>\n<p>Each piece is individually handcrafted, so slight variations in details and dimensions may occur.<\/p>","protected":false},"excerpt":{"rendered":"<p>Peenakuvioitu naulakko. Rouhea ja n\u00e4ytt\u00e4v\u00e4 vaihtoehto ripustuksiin.. Valitse haluamasi koukkum\u00e4\u00e4r\u00e4, naulakon pituus m\u00e4\u00e4r\u00e4ytyy sen mukaan.<\/p>","protected":false},"featured_media":872,"template":"","meta":[],"product_brand":[],"product_cat":[23],"product_tag":[121,106,120,122,108],"class_list":{"0":"post-868","1":"product","2":"type-product","3":"status-publish","4":"has-post-thumbnail","6":"product_cat-sisustus","7":"product_tag-kaarinaulakko","8":"product_tag-koukku","9":"product_tag-naulakko","10":"product_tag-peenanaulakko","11":"product_tag-sisustus","12":"product_shipping_class-iso-paketti","14":"first","15":"instock","16":"taxable","17":"shipping-taxable","18":"purchasable","19":"product-type-variable"},"yoast_head":"<!-- This site is optimized with the Yoast SEO plugin v26.1.1 - https:\/\/yoast.com\/wordpress\/plugins\/seo\/ -->\n<title>Peenakuvioitu naulakko. - Takomo Alkutuli<\/title>\n<meta name=\"robots\" content=\"index, follow, max-snippet:-1, max-image-preview:large, max-video-preview:-1\" \/>\n<link rel=\"canonical\" href=\"https:\/\/takomoalkutuli.fi\/en\/product\/peenakuvioitu-naulakko\/\" \/>\n<meta property=\"og:locale\" content=\"en_US\" \/>\n<meta property=\"og:type\" content=\"article\" \/>\n<meta property=\"og:title\" content=\"Peenakuvioitu naulakko. - Takomo Alkutuli\" \/>\n<meta property=\"og:description\" content=\"Peenakuvioitu naulakko. Rouhea ja n\u00e4ytt\u00e4v\u00e4 vaihtoehto ripustuksiin.. Valitse haluamasi koukkum\u00e4\u00e4r\u00e4, naulakon pituus m\u00e4\u00e4r\u00e4ytyy sen mukaan.\" \/>\n<meta property=\"og:url\" content=\"https:\/\/takomoalkutuli.fi\/en\/product\/peenakuvioitu-naulakko\/\" \/>\n<meta property=\"og:site_name\" content=\"Takomo Alkutuli\" \/>\n<meta property=\"article:publisher\" content=\"https:\/\/www.facebook.com\/TakomoAlkutuli\/\" \/>\n<meta property=\"article:modified_time\" content=\"2024-10-10T13:08:31+00:00\" \/>\n<meta property=\"og:image\" content=\"https:\/\/takomoalkutuli.fi\/wp-content\/uploads\/2024\/10\/peenanaulakko-scaled.jpg\" \/>\n\t<meta property=\"og:image:width\" content=\"2560\" \/>\n\t<meta property=\"og:image:height\" content=\"1755\" \/>\n\t<meta property=\"og:image:type\" content=\"image\/jpeg\" \/>\n<meta name=\"twitter:card\" content=\"summary_large_image\" \/>\n<meta name=\"twitter:label1\" content=\"Est. reading time\" \/>\n\t<meta name=\"twitter:data1\" content=\"1 minute\" \/>\n<script type=\"application\/ld+json\" class=\"yoast-schema-graph\">{\"@context\":\"https:\/\/schema.org\",\"@graph\":[{\"@type\":\"WebPage\",\"@id\":\"https:\/\/takomoalkutuli.fi\/product\/peenakuvioitu-naulakko\/\",\"url\":\"https:\/\/takomoalkutuli.fi\/product\/peenakuvioitu-naulakko\/\",\"name\":\"Peenakuvioitu naulakko. - Takomo Alkutuli\",\"isPartOf\":{\"@id\":\"https:\/\/takomoalkutuli.fi\/#website\"},\"primaryImageOfPage\":{\"@id\":\"https:\/\/takomoalkutuli.fi\/product\/peenakuvioitu-naulakko\/#primaryimage\"},\"image\":{\"@id\":\"https:\/\/takomoalkutuli.fi\/product\/peenakuvioitu-naulakko\/#primaryimage\"},\"thumbnailUrl\":\"https:\/\/takomoalkutuli.fi\/wp-content\/uploads\/2024\/10\/peenanaulakko-scaled.jpg\",\"datePublished\":\"2024-10-10T11:40:00+00:00\",\"dateModified\":\"2024-10-10T13:08:31+00:00\",\"breadcrumb\":{\"@id\":\"https:\/\/takomoalkutuli.fi\/product\/peenakuvioitu-naulakko\/#breadcrumb\"},\"inLanguage\":\"en-US\",\"potentialAction\":[{\"@type\":\"ReadAction\",\"target\":[\"https:\/\/takomoalkutuli.fi\/product\/peenakuvioitu-naulakko\/\"]}]},{\"@type\":\"ImageObject\",\"inLanguage\":\"en-US\",\"@id\":\"https:\/\/takomoalkutuli.fi\/product\/peenakuvioitu-naulakko\/#primaryimage\",\"url\":\"https:\/\/takomoalkutuli.fi\/wp-content\/uploads\/2024\/10\/peenanaulakko-scaled.jpg\",\"contentUrl\":\"https:\/\/takomoalkutuli.fi\/wp-content\/uploads\/2024\/10\/peenanaulakko-scaled.jpg\",\"width\":2560,\"height\":1755},{\"@type\":\"BreadcrumbList\",\"@id\":\"https:\/\/takomoalkutuli.fi\/product\/peenakuvioitu-naulakko\/#breadcrumb\",\"itemListElement\":[{\"@type\":\"ListItem\",\"position\":1,\"name\":\"Etusivu\",\"item\":\"https:\/\/takomoalkutuli.fi\/\"},{\"@type\":\"ListItem\",\"position\":2,\"name\":\"Kauppa\",\"item\":\"https:\/\/takomoalkutuli.fi\/shop\/\"},{\"@type\":\"ListItem\",\"position\":3,\"name\":\"Peenakuvioitu naulakko.\"}]},{\"@type\":\"WebSite\",\"@id\":\"https:\/\/takomoalkutuli.fi\/#website\",\"url\":\"https:\/\/takomoalkutuli.fi\/\",\"name\":\"Takomo Alkutuli\",\"description\":\"\",\"publisher\":{\"@id\":\"https:\/\/takomoalkutuli.fi\/#organization\"},\"potentialAction\":[{\"@type\":\"SearchAction\",\"target\":{\"@type\":\"EntryPoint\",\"urlTemplate\":\"https:\/\/takomoalkutuli.fi\/?s={search_term_string}\"},\"query-input\":{\"@type\":\"PropertyValueSpecification\",\"valueRequired\":true,\"valueName\":\"search_term_string\"}}],\"inLanguage\":\"en-US\"},{\"@type\":\"Organization\",\"@id\":\"https:\/\/takomoalkutuli.fi\/#organization\",\"name\":\"Takomo Alkutuli\",\"url\":\"https:\/\/takomoalkutuli.fi\/\",\"logo\":{\"@type\":\"ImageObject\",\"inLanguage\":\"en-US\",\"@id\":\"https:\/\/takomoalkutuli.fi\/#\/schema\/logo\/image\/\",\"url\":\"https:\/\/takomoalkutuli.fi\/wp-content\/uploads\/2024\/10\/icon.png\",\"contentUrl\":\"https:\/\/takomoalkutuli.fi\/wp-content\/uploads\/2024\/10\/icon.png\",\"width\":228,\"height\":228,\"caption\":\"Takomo Alkutuli\"},\"image\":{\"@id\":\"https:\/\/takomoalkutuli.fi\/#\/schema\/logo\/image\/\"},\"sameAs\":[\"https:\/\/www.facebook.com\/TakomoAlkutuli\/\",\"https:\/\/www.instagram.com\/alkutuli\/\"]}]}<\/script>\n<!-- \/ Yoast SEO plugin. -->","yoast_head_json":{"title":"Peenakuvioitu naulakko. - Takomo Alkutuli","robots":{"index":"index","follow":"follow","max-snippet":"max-snippet:-1","max-image-preview":"max-image-preview:large","max-video-preview":"max-video-preview:-1"},"canonical":"https:\/\/takomoalkutuli.fi\/en\/product\/peenakuvioitu-naulakko\/","og_locale":"en_US","og_type":"article","og_title":"Peenakuvioitu naulakko. - Takomo Alkutuli","og_description":"Peenakuvioitu naulakko. Rouhea ja n\u00e4ytt\u00e4v\u00e4 vaihtoehto ripustuksiin.. Valitse haluamasi koukkum\u00e4\u00e4r\u00e4, naulakon pituus m\u00e4\u00e4r\u00e4ytyy sen mukaan.","og_url":"https:\/\/takomoalkutuli.fi\/en\/product\/peenakuvioitu-naulakko\/","og_site_name":"Takomo Alkutuli","article_publisher":"https:\/\/www.facebook.com\/TakomoAlkutuli\/","article_modified_time":"2024-10-10T13:08:31+00:00","og_image":[{"width":2560,"height":1755,"url":"https:\/\/takomoalkutuli.fi\/wp-content\/uploads\/2024\/10\/peenanaulakko-scaled.jpg","type":"image\/jpeg"}],"twitter_card":"summary_large_image","twitter_misc":{"Est. reading time":"1 minute"},"schema":{"@context":"https:\/\/schema.org","@graph":[{"@type":"WebPage","@id":"https:\/\/takomoalkutuli.fi\/product\/peenakuvioitu-naulakko\/","url":"https:\/\/takomoalkutuli.fi\/product\/peenakuvioitu-naulakko\/","name":"Peenakuvioitu naulakko. - Takomo Alkutuli","isPartOf":{"@id":"https:\/\/takomoalkutuli.fi\/#website"},"primaryImageOfPage":{"@id":"https:\/\/takomoalkutuli.fi\/product\/peenakuvioitu-naulakko\/#primaryimage"},"image":{"@id":"https:\/\/takomoalkutuli.fi\/product\/peenakuvioitu-naulakko\/#primaryimage"},"thumbnailUrl":"https:\/\/takomoalkutuli.fi\/wp-content\/uploads\/2024\/10\/peenanaulakko-scaled.jpg","datePublished":"2024-10-10T11:40:00+00:00","dateModified":"2024-10-10T13:08:31+00:00","breadcrumb":{"@id":"https:\/\/takomoalkutuli.fi\/product\/peenakuvioitu-naulakko\/#breadcrumb"},"inLanguage":"en-US","potentialAction":[{"@type":"ReadAction","target":["https:\/\/takomoalkutuli.fi\/product\/peenakuvioitu-naulakko\/"]}]},{"@type":"ImageObject","inLanguage":"en-US","@id":"https:\/\/takomoalkutuli.fi\/product\/peenakuvioitu-naulakko\/#primaryimage","url":"https:\/\/takomoalkutuli.fi\/wp-content\/uploads\/2024\/10\/peenanaulakko-scaled.jpg","contentUrl":"https:\/\/takomoalkutuli.fi\/wp-content\/uploads\/2024\/10\/peenanaulakko-scaled.jpg","width":2560,"height":1755},{"@type":"BreadcrumbList","@id":"https:\/\/takomoalkutuli.fi\/product\/peenakuvioitu-naulakko\/#breadcrumb","itemListElement":[{"@type":"ListItem","position":1,"name":"Etusivu","item":"https:\/\/takomoalkutuli.fi\/"},{"@type":"ListItem","position":2,"name":"Kauppa","item":"https:\/\/takomoalkutuli.fi\/shop\/"},{"@type":"ListItem","position":3,"name":"Peenakuvioitu naulakko."}]},{"@type":"WebSite","@id":"https:\/\/takomoalkutuli.fi\/#website","url":"https:\/\/takomoalkutuli.fi\/","name":"Primordial Fire forge","description":"","publisher":{"@id":"https:\/\/takomoalkutuli.fi\/#organization"},"potentialAction":[{"@type":"SearchAction","target":{"@type":"EntryPoint","urlTemplate":"https:\/\/takomoalkutuli.fi\/?s={search_term_string}"},"query-input":{"@type":"PropertyValueSpecification","valueRequired":true,"valueName":"search_term_string"}}],"inLanguage":"en-US"},{"@type":"Organization","@id":"https:\/\/takomoalkutuli.fi\/#organization","name":"Primordial Fire forge","url":"https:\/\/takomoalkutuli.fi\/","logo":{"@type":"ImageObject","inLanguage":"en-US","@id":"https:\/\/takomoalkutuli.fi\/#\/schema\/logo\/image\/","url":"https:\/\/takomoalkutuli.fi\/wp-content\/uploads\/2024\/10\/icon.png","contentUrl":"https:\/\/takomoalkutuli.fi\/wp-content\/uploads\/2024\/10\/icon.png","width":228,"height":228,"caption":"Takomo Alkutuli"},"image":{"@id":"https:\/\/takomoalkutuli.fi\/#\/schema\/logo\/image\/"},"sameAs":["https:\/\/www.facebook.com\/TakomoAlkutuli\/","https:\/\/www.instagram.com\/alkutuli\/"]}]}},"_links":{"self":[{"href":"https:\/\/takomoalkutuli.fi\/en\/wp-json\/wp\/v2\/product\/868","targetHints":{"allow":["GET"]}}],"collection":[{"href":"https:\/\/takomoalkutuli.fi\/en\/wp-json\/wp\/v2\/product"}],"about":[{"href":"https:\/\/takomoalkutuli.fi\/en\/wp-json\/wp\/v2\/types\/product"}],"wp:featuredmedia":[{"embeddable":true,"href":"https:\/\/takomoalkutuli.fi\/en\/wp-json\/wp\/v2\/media\/872"}],"wp:attachment":[{"href":"https:\/\/takomoalkutuli.fi\/en\/wp-json\/wp\/v2\/media?parent=868"}],"wp:term":[{"taxonomy":"product_brand","embeddable":true,"href":"https:\/\/takomoalkutuli.fi\/en\/wp-json\/wp\/v2\/product_brand?post=868"},{"taxonomy":"product_cat","embeddable":true,"href":"https:\/\/takomoalkutuli.fi\/en\/wp-json\/wp\/v2\/product_cat?post=868"},{"taxonomy":"product_tag","embeddable":true,"href":"https:\/\/takomoalkutuli.fi\/en\/wp-json\/wp\/v2\/product_tag?post=868"}],"curies":[{"name":"wp","href":"https:\/\/api.w.org\/{rel}","templated":true}]}}