{"id":851,"date":"2024-10-09T15:05:30","date_gmt":"2024-10-09T15:05:30","guid":{"rendered":"https:\/\/takomoalkutuli.fi\/?post_type=product&#038;p=851"},"modified":"2024-10-10T13:08:13","modified_gmt":"2024-10-10T13:08:13","slug":"lenkkikolkutin","status":"publish","type":"product","link":"https:\/\/takomoalkutuli.fi\/en\/product\/lenkkikolkutin\/","title":{"rendered":"Lenkkikolkutin."},"content":{"rendered":"<p>Lenkkikolkutin. Kolkuttimilla oli pitk\u00e4\u00e4n k\u00e4yt\u00e4nn\u00f6llisyyden lis\u00e4ksi idea ett\u00e4 ne olivat usein koristeltuja koska se on yksi ensimm\u00e4isi\u00e4 asioita mit\u00e4 vieras n\u00e4kee uudelle talolle tullessaan. Ensivaikutus on yleens\u00e4 t\u00e4rke\u00e4. Lenkkimalliset kolkuttimet olivat yleisi\u00e4 my\u00f6skin sen takia ett\u00e4 toimivat my\u00f6skin vetimin\u00e4. T\u00e4ss\u00e4 mallissa lenkin keskelle taottu niitti antaa erinomaisen kuuluvuuden sis\u00e4lle, kun kolkutuksen energia tulee pienen alueen kautta. T\u00e4m\u00e4 kolkutin on taottu rakenneter\u00e4ksest\u00e4 ja pintak\u00e4sitelty sek\u00e4 tervapoltolla ett\u00e4 graffiittipastalla, antaen sille erinomaisen ruostesuojauksen. Kolkutin sis\u00e4lt\u00e4\u00e4 taotut naulat asianmukaista kiinnityst\u00e4 varten.<\/p>\n<p>Kolkuttimen korkeus: 14cm<\/p>\n<p>Each piece is individually handcrafted, so slight variations in details and dimensions may occur.<\/p>","protected":false},"excerpt":{"rendered":"<p>Lenkkikolkutin &#8211; Tyylitelty\u00e4 ensivaikutelmaa k\u00e4yt\u00e4nn\u00f6llisess\u00e4 muodossa.<\/p>","protected":false},"featured_media":852,"template":"","meta":[],"product_brand":[],"product_cat":[28],"product_tag":[115,117,111],"class_list":{"0":"post-851","1":"product","2":"type-product","3":"status-publish","4":"has-post-thumbnail","6":"product_cat-ulko-oveen","7":"product_tag-kolkutin","8":"product_tag-lenkkikolkutin","9":"product_tag-ulko-oveen","10":"product_shipping_class-pikkupaketti","12":"first","13":"instock","14":"taxable","15":"shipping-taxable","16":"purchasable","17":"product-type-simple"},"yoast_head":"<!-- This site is optimized with the Yoast SEO plugin v26.1.1 - https:\/\/yoast.com\/wordpress\/plugins\/seo\/ -->\n<title>Lenkkikolkutin. - Takomo Alkutuli<\/title>\n<meta name=\"robots\" content=\"index, follow, max-snippet:-1, max-image-preview:large, max-video-preview:-1\" \/>\n<link rel=\"canonical\" href=\"https:\/\/takomoalkutuli.fi\/en\/product\/lenkkikolkutin\/\" \/>\n<meta property=\"og:locale\" content=\"en_US\" \/>\n<meta property=\"og:type\" content=\"article\" \/>\n<meta property=\"og:title\" content=\"Lenkkikolkutin. - Takomo Alkutuli\" \/>\n<meta property=\"og:description\" content=\"Lenkkikolkutin - Tyylitelty\u00e4 ensivaikutelmaa k\u00e4yt\u00e4nn\u00f6llisess\u00e4 muodossa.\" \/>\n<meta property=\"og:url\" content=\"https:\/\/takomoalkutuli.fi\/en\/product\/lenkkikolkutin\/\" \/>\n<meta property=\"og:site_name\" content=\"Takomo Alkutuli\" \/>\n<meta property=\"article:publisher\" content=\"https:\/\/www.facebook.com\/TakomoAlkutuli\/\" \/>\n<meta property=\"article:modified_time\" content=\"2024-10-10T13:08:13+00:00\" \/>\n<meta property=\"og:image\" content=\"https:\/\/takomoalkutuli.fi\/wp-content\/uploads\/2024\/10\/kolkutin-2.jpg\" \/>\n\t<meta property=\"og:image:width\" content=\"1\" \/>\n\t<meta property=\"og:image:height\" content=\"1\" \/>\n\t<meta property=\"og:image:type\" content=\"image\/jpeg\" \/>\n<meta name=\"twitter:card\" content=\"summary_large_image\" \/>\n<meta name=\"twitter:label1\" content=\"Est. reading time\" \/>\n\t<meta name=\"twitter:data1\" content=\"1 minute\" \/>\n<script type=\"application\/ld+json\" class=\"yoast-schema-graph\">{\"@context\":\"https:\/\/schema.org\",\"@graph\":[{\"@type\":\"WebPage\",\"@id\":\"https:\/\/takomoalkutuli.fi\/product\/lenkkikolkutin\/\",\"url\":\"https:\/\/takomoalkutuli.fi\/product\/lenkkikolkutin\/\",\"name\":\"Lenkkikolkutin. - Takomo Alkutuli\",\"isPartOf\":{\"@id\":\"https:\/\/takomoalkutuli.fi\/#website\"},\"primaryImageOfPage\":{\"@id\":\"https:\/\/takomoalkutuli.fi\/product\/lenkkikolkutin\/#primaryimage\"},\"image\":{\"@id\":\"https:\/\/takomoalkutuli.fi\/product\/lenkkikolkutin\/#primaryimage\"},\"thumbnailUrl\":\"https:\/\/takomoalkutuli.fi\/wp-content\/uploads\/2024\/10\/kolkutin-2.jpg\",\"datePublished\":\"2024-10-09T15:05:30+00:00\",\"dateModified\":\"2024-10-10T13:08:13+00:00\",\"breadcrumb\":{\"@id\":\"https:\/\/takomoalkutuli.fi\/product\/lenkkikolkutin\/#breadcrumb\"},\"inLanguage\":\"en-US\",\"potentialAction\":[{\"@type\":\"ReadAction\",\"target\":[\"https:\/\/takomoalkutuli.fi\/product\/lenkkikolkutin\/\"]}]},{\"@type\":\"ImageObject\",\"inLanguage\":\"en-US\",\"@id\":\"https:\/\/takomoalkutuli.fi\/product\/lenkkikolkutin\/#primaryimage\",\"url\":\"https:\/\/takomoalkutuli.fi\/wp-content\/uploads\/2024\/10\/kolkutin-2.jpg\",\"contentUrl\":\"https:\/\/takomoalkutuli.fi\/wp-content\/uploads\/2024\/10\/kolkutin-2.jpg\"},{\"@type\":\"BreadcrumbList\",\"@id\":\"https:\/\/takomoalkutuli.fi\/product\/lenkkikolkutin\/#breadcrumb\",\"itemListElement\":[{\"@type\":\"ListItem\",\"position\":1,\"name\":\"Etusivu\",\"item\":\"https:\/\/takomoalkutuli.fi\/\"},{\"@type\":\"ListItem\",\"position\":2,\"name\":\"Kauppa\",\"item\":\"https:\/\/takomoalkutuli.fi\/shop\/\"},{\"@type\":\"ListItem\",\"position\":3,\"name\":\"Lenkkikolkutin.\"}]},{\"@type\":\"WebSite\",\"@id\":\"https:\/\/takomoalkutuli.fi\/#website\",\"url\":\"https:\/\/takomoalkutuli.fi\/\",\"name\":\"Takomo Alkutuli\",\"description\":\"\",\"publisher\":{\"@id\":\"https:\/\/takomoalkutuli.fi\/#organization\"},\"potentialAction\":[{\"@type\":\"SearchAction\",\"target\":{\"@type\":\"EntryPoint\",\"urlTemplate\":\"https:\/\/takomoalkutuli.fi\/?s={search_term_string}\"},\"query-input\":{\"@type\":\"PropertyValueSpecification\",\"valueRequired\":true,\"valueName\":\"search_term_string\"}}],\"inLanguage\":\"en-US\"},{\"@type\":\"Organization\",\"@id\":\"https:\/\/takomoalkutuli.fi\/#organization\",\"name\":\"Takomo Alkutuli\",\"url\":\"https:\/\/takomoalkutuli.fi\/\",\"logo\":{\"@type\":\"ImageObject\",\"inLanguage\":\"en-US\",\"@id\":\"https:\/\/takomoalkutuli.fi\/#\/schema\/logo\/image\/\",\"url\":\"https:\/\/takomoalkutuli.fi\/wp-content\/uploads\/2024\/10\/icon.png\",\"contentUrl\":\"https:\/\/takomoalkutuli.fi\/wp-content\/uploads\/2024\/10\/icon.png\",\"width\":228,\"height\":228,\"caption\":\"Takomo Alkutuli\"},\"image\":{\"@id\":\"https:\/\/takomoalkutuli.fi\/#\/schema\/logo\/image\/\"},\"sameAs\":[\"https:\/\/www.facebook.com\/TakomoAlkutuli\/\",\"https:\/\/www.instagram.com\/alkutuli\/\"]}]}<\/script>\n<!-- \/ Yoast SEO plugin. -->","yoast_head_json":{"title":"Lenkkikolkutin. - Takomo Alkutuli","robots":{"index":"index","follow":"follow","max-snippet":"max-snippet:-1","max-image-preview":"max-image-preview:large","max-video-preview":"max-video-preview:-1"},"canonical":"https:\/\/takomoalkutuli.fi\/en\/product\/lenkkikolkutin\/","og_locale":"en_US","og_type":"article","og_title":"Lenkkikolkutin. - Takomo Alkutuli","og_description":"Lenkkikolkutin - Tyylitelty\u00e4 ensivaikutelmaa k\u00e4yt\u00e4nn\u00f6llisess\u00e4 muodossa.","og_url":"https:\/\/takomoalkutuli.fi\/en\/product\/lenkkikolkutin\/","og_site_name":"Takomo Alkutuli","article_publisher":"https:\/\/www.facebook.com\/TakomoAlkutuli\/","article_modified_time":"2024-10-10T13:08:13+00:00","og_image":[{"url":"https:\/\/takomoalkutuli.fi\/wp-content\/uploads\/2024\/10\/kolkutin-2.jpg","width":1,"height":1,"type":"image\/jpeg"}],"twitter_card":"summary_large_image","twitter_misc":{"Est. reading time":"1 minute"},"schema":{"@context":"https:\/\/schema.org","@graph":[{"@type":"WebPage","@id":"https:\/\/takomoalkutuli.fi\/product\/lenkkikolkutin\/","url":"https:\/\/takomoalkutuli.fi\/product\/lenkkikolkutin\/","name":"Lenkkikolkutin. - Takomo Alkutuli","isPartOf":{"@id":"https:\/\/takomoalkutuli.fi\/#website"},"primaryImageOfPage":{"@id":"https:\/\/takomoalkutuli.fi\/product\/lenkkikolkutin\/#primaryimage"},"image":{"@id":"https:\/\/takomoalkutuli.fi\/product\/lenkkikolkutin\/#primaryimage"},"thumbnailUrl":"https:\/\/takomoalkutuli.fi\/wp-content\/uploads\/2024\/10\/kolkutin-2.jpg","datePublished":"2024-10-09T15:05:30+00:00","dateModified":"2024-10-10T13:08:13+00:00","breadcrumb":{"@id":"https:\/\/takomoalkutuli.fi\/product\/lenkkikolkutin\/#breadcrumb"},"inLanguage":"en-US","potentialAction":[{"@type":"ReadAction","target":["https:\/\/takomoalkutuli.fi\/product\/lenkkikolkutin\/"]}]},{"@type":"ImageObject","inLanguage":"en-US","@id":"https:\/\/takomoalkutuli.fi\/product\/lenkkikolkutin\/#primaryimage","url":"https:\/\/takomoalkutuli.fi\/wp-content\/uploads\/2024\/10\/kolkutin-2.jpg","contentUrl":"https:\/\/takomoalkutuli.fi\/wp-content\/uploads\/2024\/10\/kolkutin-2.jpg"},{"@type":"BreadcrumbList","@id":"https:\/\/takomoalkutuli.fi\/product\/lenkkikolkutin\/#breadcrumb","itemListElement":[{"@type":"ListItem","position":1,"name":"Etusivu","item":"https:\/\/takomoalkutuli.fi\/"},{"@type":"ListItem","position":2,"name":"Kauppa","item":"https:\/\/takomoalkutuli.fi\/shop\/"},{"@type":"ListItem","position":3,"name":"Lenkkikolkutin."}]},{"@type":"WebSite","@id":"https:\/\/takomoalkutuli.fi\/#website","url":"https:\/\/takomoalkutuli.fi\/","name":"Primordial Fire forge","description":"","publisher":{"@id":"https:\/\/takomoalkutuli.fi\/#organization"},"potentialAction":[{"@type":"SearchAction","target":{"@type":"EntryPoint","urlTemplate":"https:\/\/takomoalkutuli.fi\/?s={search_term_string}"},"query-input":{"@type":"PropertyValueSpecification","valueRequired":true,"valueName":"search_term_string"}}],"inLanguage":"en-US"},{"@type":"Organization","@id":"https:\/\/takomoalkutuli.fi\/#organization","name":"Primordial Fire forge","url":"https:\/\/takomoalkutuli.fi\/","logo":{"@type":"ImageObject","inLanguage":"en-US","@id":"https:\/\/takomoalkutuli.fi\/#\/schema\/logo\/image\/","url":"https:\/\/takomoalkutuli.fi\/wp-content\/uploads\/2024\/10\/icon.png","contentUrl":"https:\/\/takomoalkutuli.fi\/wp-content\/uploads\/2024\/10\/icon.png","width":228,"height":228,"caption":"Takomo Alkutuli"},"image":{"@id":"https:\/\/takomoalkutuli.fi\/#\/schema\/logo\/image\/"},"sameAs":["https:\/\/www.facebook.com\/TakomoAlkutuli\/","https:\/\/www.instagram.com\/alkutuli\/"]}]}},"_links":{"self":[{"href":"https:\/\/takomoalkutuli.fi\/en\/wp-json\/wp\/v2\/product\/851","targetHints":{"allow":["GET"]}}],"collection":[{"href":"https:\/\/takomoalkutuli.fi\/en\/wp-json\/wp\/v2\/product"}],"about":[{"href":"https:\/\/takomoalkutuli.fi\/en\/wp-json\/wp\/v2\/types\/product"}],"wp:featuredmedia":[{"embeddable":true,"href":"https:\/\/takomoalkutuli.fi\/en\/wp-json\/wp\/v2\/media\/852"}],"wp:attachment":[{"href":"https:\/\/takomoalkutuli.fi\/en\/wp-json\/wp\/v2\/media?parent=851"}],"wp:term":[{"taxonomy":"product_brand","embeddable":true,"href":"https:\/\/takomoalkutuli.fi\/en\/wp-json\/wp\/v2\/product_brand?post=851"},{"taxonomy":"product_cat","embeddable":true,"href":"https:\/\/takomoalkutuli.fi\/en\/wp-json\/wp\/v2\/product_cat?post=851"},{"taxonomy":"product_tag","embeddable":true,"href":"https:\/\/takomoalkutuli.fi\/en\/wp-json\/wp\/v2\/product_tag?post=851"}],"curies":[{"name":"wp","href":"https:\/\/api.w.org\/{rel}","templated":true}]}}