{"id":829,"date":"2024-10-09T14:28:28","date_gmt":"2024-10-09T14:28:28","guid":{"rendered":"https:\/\/takomoalkutuli.fi\/?post_type=product&#038;p=829"},"modified":"2025-11-03T07:54:35","modified_gmt":"2025-11-03T07:54:35","slug":"pullokynttilanjalka","status":"publish","type":"product","link":"https:\/\/takomoalkutuli.fi\/en\/product\/pullokynttilanjalka\/","title":{"rendered":"Taottu pullokynttil\u00e4njalka"},"content":{"rendered":"<p data-start=\"32\" data-end=\"71\"><strong data-start=\"32\" data-end=\"71\">K\u00e4sin taottu kynttil\u00e4njalka pulloon<\/strong><\/p>\n<p data-start=\"73\" data-end=\"516\">T\u00e4m\u00e4 kauniisti k\u00e4sin taottu kynttil\u00e4njalka pullon suuhun on t\u00e4ydellinen tapa tuoda tunnelmaa kotiin. N\u00e4pp\u00e4r\u00e4 kynttil\u00e4njalka juuri siihen komeaan pulloon, jonka haluat olevan esill\u00e4 \u2013 oli se sitten vanha viinipullo, tyylik\u00e4s viskipullo tai uniikki kirppisl\u00f6yt\u00f6. Kynttil\u00e4njalka toimii erinomaisesti my\u00f6s j\u00e4re\u00e4ss\u00e4 p\u00f6yd\u00e4ss\u00e4, jossa lankuissa on sopivat v\u00e4lit jalalle \u2013 saat siit\u00e4 upean ja rustiikkisen yksityiskohdan kattauksiin ja sisustukseen.<\/p>\n<p data-start=\"518\" data-end=\"782\">Kynttil\u00e4njalkaan sopii klassinen kruunukynttil\u00e4, joka luo l\u00e4mpim\u00e4n ja tunnelmallisen valon. Jokainen kappale on k\u00e4sity\u00f6n\u00e4 valmistettu, joten jokaisessa kynttil\u00e4njalassa on uniikki ilme ja rouhea taontaj\u00e4lki, joka tekee siit\u00e4 aidosti yksil\u00f6llisen sisustuselementin.<\/p>\n<p data-start=\"784\" data-end=\"905\">Luo kodikasta tunnelmaa ja anna suosikkipullosi loistaa uudella tavalla \u2013 luonnollisesti, kauniisti ja k\u00e4sity\u00f6n\u00e4 tehtyn\u00e4.<\/p>\n<p>Kynttil\u00e4njalan pituus: 16cm<\/p>\n<p>Each piece is individually handcrafted, so slight variations in details and dimensions may occur.<\/p>\n<p>&nbsp;<\/p>\n<p>Tags: <a href=\"https:\/\/takomoalkutuli.fi\/en\/product-category\/keittioon\/\">For the Kitchen<\/a><\/p>","protected":false},"excerpt":{"rendered":"<p>Pullokynttil\u00e4njalka. Monik\u00e4ytt\u00f6inen kynttil\u00e4njalka.<\/p>","protected":false},"featured_media":831,"template":"","meta":[],"product_brand":[],"product_cat":[29],"product_tag":[103,105,104],"class_list":{"0":"post-829","1":"product","2":"type-product","3":"status-publish","4":"has-post-thumbnail","6":"product_cat-valaisu","7":"product_tag-kynttilanjalka","8":"product_tag-pullokynttilanjalka","9":"product_tag-valaisu","10":"product_shipping_class-pikkupaketti","12":"first","13":"instock","14":"taxable","15":"shipping-taxable","16":"purchasable","17":"product-type-simple"},"yoast_head":"<!-- This site is optimized with the Yoast SEO plugin v26.1.1 - https:\/\/yoast.com\/wordpress\/plugins\/seo\/ -->\n<title>Taottu pullokynttil\u00e4njalka - Takomo Alkutuli<\/title>\n<meta name=\"description\" content=\"K\u00e4sin taottu kynttil\u00e4njalka pulloon. Kaunis, rustiikkinen ja uniikki sisustustuote kruunukynttil\u00e4lle. Sopii viinipulloon ja massiiviseen p\u00f6yt\u00e4\u00e4n.\" \/>\n<meta name=\"robots\" content=\"index, follow, max-snippet:-1, max-image-preview:large, max-video-preview:-1\" \/>\n<link rel=\"canonical\" href=\"https:\/\/takomoalkutuli.fi\/en\/product\/pullokynttilanjalka\/\" \/>\n<meta property=\"og:locale\" content=\"en_US\" \/>\n<meta property=\"og:type\" content=\"article\" \/>\n<meta property=\"og:title\" content=\"Taottu pullokynttil\u00e4njalka - Takomo Alkutuli\" \/>\n<meta property=\"og:description\" content=\"K\u00e4sin taottu kynttil\u00e4njalka pulloon. Kaunis, rustiikkinen ja uniikki sisustustuote kruunukynttil\u00e4lle. Sopii viinipulloon ja massiiviseen p\u00f6yt\u00e4\u00e4n.\" \/>\n<meta property=\"og:url\" content=\"https:\/\/takomoalkutuli.fi\/en\/product\/pullokynttilanjalka\/\" \/>\n<meta property=\"og:site_name\" content=\"Takomo Alkutuli\" \/>\n<meta property=\"article:publisher\" content=\"https:\/\/www.facebook.com\/TakomoAlkutuli\/\" \/>\n<meta property=\"article:modified_time\" content=\"2025-11-03T07:54:35+00:00\" \/>\n<meta property=\"og:image\" content=\"https:\/\/takomoalkutuli.fi\/wp-content\/uploads\/2024\/10\/pullokynttila3.jpg\" \/>\n\t<meta property=\"og:image:width\" content=\"1\" \/>\n\t<meta property=\"og:image:height\" content=\"1\" \/>\n\t<meta property=\"og:image:type\" content=\"image\/jpeg\" \/>\n<meta name=\"twitter:card\" content=\"summary_large_image\" \/>\n<meta name=\"twitter:label1\" content=\"Est. reading time\" \/>\n\t<meta name=\"twitter:data1\" content=\"1 minute\" \/>\n<script type=\"application\/ld+json\" class=\"yoast-schema-graph\">{\"@context\":\"https:\/\/schema.org\",\"@graph\":[{\"@type\":\"WebPage\",\"@id\":\"https:\/\/takomoalkutuli.fi\/product\/pullokynttilanjalka\/\",\"url\":\"https:\/\/takomoalkutuli.fi\/product\/pullokynttilanjalka\/\",\"name\":\"Taottu pullokynttil\u00e4njalka - Takomo Alkutuli\",\"isPartOf\":{\"@id\":\"https:\/\/takomoalkutuli.fi\/#website\"},\"primaryImageOfPage\":{\"@id\":\"https:\/\/takomoalkutuli.fi\/product\/pullokynttilanjalka\/#primaryimage\"},\"image\":{\"@id\":\"https:\/\/takomoalkutuli.fi\/product\/pullokynttilanjalka\/#primaryimage\"},\"thumbnailUrl\":\"https:\/\/takomoalkutuli.fi\/wp-content\/uploads\/2024\/10\/pullokynttila3.jpg\",\"datePublished\":\"2024-10-09T14:28:28+00:00\",\"dateModified\":\"2025-11-03T07:54:35+00:00\",\"description\":\"K\u00e4sin taottu kynttil\u00e4njalka pulloon. Kaunis, rustiikkinen ja uniikki sisustustuote kruunukynttil\u00e4lle. Sopii viinipulloon ja massiiviseen p\u00f6yt\u00e4\u00e4n.\",\"breadcrumb\":{\"@id\":\"https:\/\/takomoalkutuli.fi\/product\/pullokynttilanjalka\/#breadcrumb\"},\"inLanguage\":\"en-US\",\"potentialAction\":[{\"@type\":\"ReadAction\",\"target\":[\"https:\/\/takomoalkutuli.fi\/product\/pullokynttilanjalka\/\"]}]},{\"@type\":\"ImageObject\",\"inLanguage\":\"en-US\",\"@id\":\"https:\/\/takomoalkutuli.fi\/product\/pullokynttilanjalka\/#primaryimage\",\"url\":\"https:\/\/takomoalkutuli.fi\/wp-content\/uploads\/2024\/10\/pullokynttila3.jpg\",\"contentUrl\":\"https:\/\/takomoalkutuli.fi\/wp-content\/uploads\/2024\/10\/pullokynttila3.jpg\",\"caption\":\"k\u00e4sin taottu kynttil\u00e4njalka\"},{\"@type\":\"BreadcrumbList\",\"@id\":\"https:\/\/takomoalkutuli.fi\/product\/pullokynttilanjalka\/#breadcrumb\",\"itemListElement\":[{\"@type\":\"ListItem\",\"position\":1,\"name\":\"Etusivu\",\"item\":\"https:\/\/takomoalkutuli.fi\/\"},{\"@type\":\"ListItem\",\"position\":2,\"name\":\"Kauppa\",\"item\":\"https:\/\/takomoalkutuli.fi\/shop\/\"},{\"@type\":\"ListItem\",\"position\":3,\"name\":\"Taottu pullokynttil\u00e4njalka\"}]},{\"@type\":\"WebSite\",\"@id\":\"https:\/\/takomoalkutuli.fi\/#website\",\"url\":\"https:\/\/takomoalkutuli.fi\/\",\"name\":\"Takomo Alkutuli\",\"description\":\"\",\"publisher\":{\"@id\":\"https:\/\/takomoalkutuli.fi\/#organization\"},\"potentialAction\":[{\"@type\":\"SearchAction\",\"target\":{\"@type\":\"EntryPoint\",\"urlTemplate\":\"https:\/\/takomoalkutuli.fi\/?s={search_term_string}\"},\"query-input\":{\"@type\":\"PropertyValueSpecification\",\"valueRequired\":true,\"valueName\":\"search_term_string\"}}],\"inLanguage\":\"en-US\"},{\"@type\":\"Organization\",\"@id\":\"https:\/\/takomoalkutuli.fi\/#organization\",\"name\":\"Takomo Alkutuli\",\"url\":\"https:\/\/takomoalkutuli.fi\/\",\"logo\":{\"@type\":\"ImageObject\",\"inLanguage\":\"en-US\",\"@id\":\"https:\/\/takomoalkutuli.fi\/#\/schema\/logo\/image\/\",\"url\":\"https:\/\/takomoalkutuli.fi\/wp-content\/uploads\/2024\/10\/icon.png\",\"contentUrl\":\"https:\/\/takomoalkutuli.fi\/wp-content\/uploads\/2024\/10\/icon.png\",\"width\":228,\"height\":228,\"caption\":\"Takomo Alkutuli\"},\"image\":{\"@id\":\"https:\/\/takomoalkutuli.fi\/#\/schema\/logo\/image\/\"},\"sameAs\":[\"https:\/\/www.facebook.com\/TakomoAlkutuli\/\",\"https:\/\/www.instagram.com\/alkutuli\/\"]}]}<\/script>\n<!-- \/ Yoast SEO plugin. -->","yoast_head_json":{"title":"Taottu pullokynttil\u00e4njalka - Takomo Alkutuli","description":"K\u00e4sin taottu kynttil\u00e4njalka pulloon. Kaunis, rustiikkinen ja uniikki sisustustuote kruunukynttil\u00e4lle. Sopii viinipulloon ja massiiviseen p\u00f6yt\u00e4\u00e4n.","robots":{"index":"index","follow":"follow","max-snippet":"max-snippet:-1","max-image-preview":"max-image-preview:large","max-video-preview":"max-video-preview:-1"},"canonical":"https:\/\/takomoalkutuli.fi\/en\/product\/pullokynttilanjalka\/","og_locale":"en_US","og_type":"article","og_title":"Taottu pullokynttil\u00e4njalka - Takomo Alkutuli","og_description":"K\u00e4sin taottu kynttil\u00e4njalka pulloon. Kaunis, rustiikkinen ja uniikki sisustustuote kruunukynttil\u00e4lle. Sopii viinipulloon ja massiiviseen p\u00f6yt\u00e4\u00e4n.","og_url":"https:\/\/takomoalkutuli.fi\/en\/product\/pullokynttilanjalka\/","og_site_name":"Takomo Alkutuli","article_publisher":"https:\/\/www.facebook.com\/TakomoAlkutuli\/","article_modified_time":"2025-11-03T07:54:35+00:00","og_image":[{"url":"https:\/\/takomoalkutuli.fi\/wp-content\/uploads\/2024\/10\/pullokynttila3.jpg","width":1,"height":1,"type":"image\/jpeg"}],"twitter_card":"summary_large_image","twitter_misc":{"Est. reading time":"1 minute"},"schema":{"@context":"https:\/\/schema.org","@graph":[{"@type":"WebPage","@id":"https:\/\/takomoalkutuli.fi\/product\/pullokynttilanjalka\/","url":"https:\/\/takomoalkutuli.fi\/product\/pullokynttilanjalka\/","name":"Taottu pullokynttil\u00e4njalka - Takomo Alkutuli","isPartOf":{"@id":"https:\/\/takomoalkutuli.fi\/#website"},"primaryImageOfPage":{"@id":"https:\/\/takomoalkutuli.fi\/product\/pullokynttilanjalka\/#primaryimage"},"image":{"@id":"https:\/\/takomoalkutuli.fi\/product\/pullokynttilanjalka\/#primaryimage"},"thumbnailUrl":"https:\/\/takomoalkutuli.fi\/wp-content\/uploads\/2024\/10\/pullokynttila3.jpg","datePublished":"2024-10-09T14:28:28+00:00","dateModified":"2025-11-03T07:54:35+00:00","description":"K\u00e4sin taottu kynttil\u00e4njalka pulloon. Kaunis, rustiikkinen ja uniikki sisustustuote kruunukynttil\u00e4lle. Sopii viinipulloon ja massiiviseen p\u00f6yt\u00e4\u00e4n.","breadcrumb":{"@id":"https:\/\/takomoalkutuli.fi\/product\/pullokynttilanjalka\/#breadcrumb"},"inLanguage":"en-US","potentialAction":[{"@type":"ReadAction","target":["https:\/\/takomoalkutuli.fi\/product\/pullokynttilanjalka\/"]}]},{"@type":"ImageObject","inLanguage":"en-US","@id":"https:\/\/takomoalkutuli.fi\/product\/pullokynttilanjalka\/#primaryimage","url":"https:\/\/takomoalkutuli.fi\/wp-content\/uploads\/2024\/10\/pullokynttila3.jpg","contentUrl":"https:\/\/takomoalkutuli.fi\/wp-content\/uploads\/2024\/10\/pullokynttila3.jpg","caption":"k\u00e4sin taottu kynttil\u00e4njalka"},{"@type":"BreadcrumbList","@id":"https:\/\/takomoalkutuli.fi\/product\/pullokynttilanjalka\/#breadcrumb","itemListElement":[{"@type":"ListItem","position":1,"name":"Etusivu","item":"https:\/\/takomoalkutuli.fi\/"},{"@type":"ListItem","position":2,"name":"Kauppa","item":"https:\/\/takomoalkutuli.fi\/shop\/"},{"@type":"ListItem","position":3,"name":"Taottu pullokynttil\u00e4njalka"}]},{"@type":"WebSite","@id":"https:\/\/takomoalkutuli.fi\/#website","url":"https:\/\/takomoalkutuli.fi\/","name":"Primordial Fire forge","description":"","publisher":{"@id":"https:\/\/takomoalkutuli.fi\/#organization"},"potentialAction":[{"@type":"SearchAction","target":{"@type":"EntryPoint","urlTemplate":"https:\/\/takomoalkutuli.fi\/?s={search_term_string}"},"query-input":{"@type":"PropertyValueSpecification","valueRequired":true,"valueName":"search_term_string"}}],"inLanguage":"en-US"},{"@type":"Organization","@id":"https:\/\/takomoalkutuli.fi\/#organization","name":"Primordial Fire forge","url":"https:\/\/takomoalkutuli.fi\/","logo":{"@type":"ImageObject","inLanguage":"en-US","@id":"https:\/\/takomoalkutuli.fi\/#\/schema\/logo\/image\/","url":"https:\/\/takomoalkutuli.fi\/wp-content\/uploads\/2024\/10\/icon.png","contentUrl":"https:\/\/takomoalkutuli.fi\/wp-content\/uploads\/2024\/10\/icon.png","width":228,"height":228,"caption":"Takomo Alkutuli"},"image":{"@id":"https:\/\/takomoalkutuli.fi\/#\/schema\/logo\/image\/"},"sameAs":["https:\/\/www.facebook.com\/TakomoAlkutuli\/","https:\/\/www.instagram.com\/alkutuli\/"]}]}},"_links":{"self":[{"href":"https:\/\/takomoalkutuli.fi\/en\/wp-json\/wp\/v2\/product\/829","targetHints":{"allow":["GET"]}}],"collection":[{"href":"https:\/\/takomoalkutuli.fi\/en\/wp-json\/wp\/v2\/product"}],"about":[{"href":"https:\/\/takomoalkutuli.fi\/en\/wp-json\/wp\/v2\/types\/product"}],"wp:featuredmedia":[{"embeddable":true,"href":"https:\/\/takomoalkutuli.fi\/en\/wp-json\/wp\/v2\/media\/831"}],"wp:attachment":[{"href":"https:\/\/takomoalkutuli.fi\/en\/wp-json\/wp\/v2\/media?parent=829"}],"wp:term":[{"taxonomy":"product_brand","embeddable":true,"href":"https:\/\/takomoalkutuli.fi\/en\/wp-json\/wp\/v2\/product_brand?post=829"},{"taxonomy":"product_cat","embeddable":true,"href":"https:\/\/takomoalkutuli.fi\/en\/wp-json\/wp\/v2\/product_cat?post=829"},{"taxonomy":"product_tag","embeddable":true,"href":"https:\/\/takomoalkutuli.fi\/en\/wp-json\/wp\/v2\/product_tag?post=829"}],"curies":[{"name":"wp","href":"https:\/\/api.w.org\/{rel}","templated":true}]}}