{"id":827,"date":"2024-10-09T14:17:39","date_gmt":"2024-10-09T14:17:39","guid":{"rendered":"https:\/\/takomoalkutuli.fi\/?post_type=product&#038;p=827"},"modified":"2025-10-17T11:35:07","modified_gmt":"2025-10-17T11:35:07","slug":"seax-lihakirves","status":"publish","type":"product","link":"https:\/\/takomoalkutuli.fi\/en\/product\/seax-lihakirves\/","title":{"rendered":"Seax lihakirves"},"content":{"rendered":"<h3 data-start=\"98\" data-end=\"168\"><strong data-start=\"105\" data-end=\"168\">Seax-mallinen lihakirves \u2014 Perinteinen muoto, moderni voima<\/strong><\/h3>\n<p data-start=\"170\" data-end=\"462\">T\u00e4m\u00e4 <strong data-start=\"175\" data-end=\"203\">Seax-mallinen lihakirves<\/strong> yhdist\u00e4\u00e4 muinaisen pohjoisgermaanisen veitsimallin ja klassisen lihakirveen k\u00e4yt\u00e4nn\u00f6llisyyden. Seax, yksi tunnetuimmista rautakauden veitsimalleista Skandinaviassa ja Germaniassa, oli monipuolinen ty\u00f6kalu, jota k\u00e4yttiv\u00e4t niin soturit kuin k\u00e4sity\u00f6l\u00e4isetkin.<\/p>\n<p data-start=\"464\" data-end=\"763\">T\u00e4ss\u00e4 nykyaikaisessa versiossa perinteinen Seax-muoto on yhdistetty leve\u00e4\u00e4n ja tasapainoiseen lihakirveen ter\u00e4\u00e4n, joka soveltuu erinomaisesti suurikokoisten lihapalojen, luiden ja vihannesten pilkkomiseen. Ter\u00e4v\u00e4 k\u00e4rki tekee veitsest\u00e4 my\u00f6s tarkan ty\u00f6v\u00e4lineen hienompaan k\u00e4sittelyyn ja er\u00e4k\u00e4ytt\u00f6\u00f6n.<\/p>\n<p data-start=\"765\" data-end=\"1018\">Ter\u00e4 on <strong data-start=\"773\" data-end=\"805\">k\u00e4sin taottu hiiliter\u00e4ksest\u00e4<\/strong>, huolellisesti karkaistu ja teroitettu maksimaalisen ter\u00e4vyyden ja kest\u00e4vyyden takaamiseksi. Kahva on valmistettu <strong data-start=\"920\" data-end=\"943\">v\u00e4rj\u00e4tyst\u00e4 tammesta<\/strong>, joka tuo luonnollista tuntumaa ja tyylik\u00e4st\u00e4 kontrastia metallipintaan.<\/p>\n<p data-start=\"1020\" data-end=\"1198\">T\u00e4m\u00e4 Seax-tyylinen lihakirves on t\u00e4ydellinen valinta niille, jotka arvostavat <strong data-start=\"1098\" data-end=\"1164\">historiallista muotoilua, k\u00e4yt\u00e4nn\u00f6llisyytt\u00e4 ja k\u00e4sity\u00f6n laatua<\/strong> \u2014 niin keitti\u00f6ss\u00e4 kuin nuotiolla.<\/p>\n<p><strong>Veitsen koko:<\/strong><\/p>\n<p>Kokonaispituus: 28cm<\/p>\n<p>Ter\u00e4n pituus: 15cm<\/p>\n<p>Ter\u00e4n leveys: 6cm<\/p>\n<p>Hoito ohje: Hiiliter\u00e4s on erinomainen ter\u00e4vyytens\u00e4 ja ter\u00e4n pit\u00e4vyytens\u00e4 suhteen. K\u00e4yt\u00f6n j\u00e4lkeen ter\u00e4 kannattaa puhdistaa ja kuivata huolellisesti ettei ruostetta p\u00e4\u00e4se syntym\u00e4\u00e4n. My\u00f6s pieni kerros ruoka\u00f6ljy\u00e4 ter\u00e4n pintaan suojaa sit\u00e4 kun ei k\u00e4yt\u00f6ss\u00e4 ole.<\/p>\n<p>Jokainen veitsi on yksitt\u00e4isen\u00e4 k\u00e4sity\u00f6ll\u00e4 valmistettu ja niiss\u00e4 saattaa olla pieni\u00e4 yksityiskohta ja kokoeroja. Veitsien kohdalla toimitusaika on 3-14 p\u00e4iv\u00e4\u00e4 riippuen siit\u00e4 onko veitsi\u00e4 valmiina varastossa. Mik\u00e4li ei, se valmistetaan ja postitetaan heti kuin mahdollista.<\/p>\n<p>&nbsp;<\/p>\n<p>Tagit: <a href=\"https:\/\/takomoalkutuli.fi\/en\/product-category\/keittioon\/\">For the Kitchen<\/a>, <a href=\"https:\/\/takomoalkutuli.fi\/en\/product-category\/keittioveitsi\/\">Keitti\u00f6veitset<\/a>, <a href=\"https:\/\/takomoalkutuli.fi\/en\/product-category\/puukot-ja-veitset\/\">Veitset<\/a><\/p>","protected":false},"excerpt":{"rendered":"<p>Seax mallinen lihakirves &#8211; Keitti\u00f6 ja er\u00e4k\u00e4ytt\u00f6\u00f6n<\/p>","protected":false},"featured_media":825,"template":"","meta":[],"product_brand":[],"product_cat":[21,153],"product_tag":[100,102,101],"class_list":{"0":"post-827","1":"product","2":"type-product","3":"status-publish","4":"has-post-thumbnail","6":"product_cat-keittioon","7":"product_cat-keittioveitsi","8":"product_tag-lihakirves","9":"product_tag-seax","10":"product_tag-veitset","11":"product_shipping_class-pikkupaketti","13":"first","14":"instock","15":"taxable","16":"shipping-taxable","17":"purchasable","18":"product-type-simple"},"yoast_head":"<!-- This site is optimized with the Yoast SEO plugin v26.1.1 - https:\/\/yoast.com\/wordpress\/plugins\/seo\/ -->\n<title>Seax lihakirves - Takomo Alkutuli<\/title>\n<meta name=\"description\" content=\"Seax-mallinen lihakirves yhdist\u00e4\u00e4 muinaisen skandinaavisen veitsimallin ja modernin lihakirveen voiman. K\u00e4sin taottu hiiliter\u00e4ksest\u00e4. Keitti\u00f6 ja er\u00e4k\u00e4ytt\u00f6\u00f6n\" \/>\n<meta name=\"robots\" content=\"index, follow, max-snippet:-1, max-image-preview:large, max-video-preview:-1\" \/>\n<link rel=\"canonical\" href=\"https:\/\/takomoalkutuli.fi\/en\/product\/seax-lihakirves\/\" \/>\n<meta property=\"og:locale\" content=\"en_US\" \/>\n<meta property=\"og:type\" content=\"article\" \/>\n<meta property=\"og:title\" content=\"Seax lihakirves - Takomo Alkutuli\" \/>\n<meta property=\"og:description\" content=\"Seax-mallinen lihakirves yhdist\u00e4\u00e4 muinaisen skandinaavisen veitsimallin ja modernin lihakirveen voiman. K\u00e4sin taottu hiiliter\u00e4ksest\u00e4. Keitti\u00f6 ja er\u00e4k\u00e4ytt\u00f6\u00f6n\" \/>\n<meta property=\"og:url\" content=\"https:\/\/takomoalkutuli.fi\/en\/product\/seax-lihakirves\/\" \/>\n<meta property=\"og:site_name\" content=\"Takomo Alkutuli\" \/>\n<meta property=\"article:publisher\" content=\"https:\/\/www.facebook.com\/TakomoAlkutuli\/\" \/>\n<meta property=\"article:modified_time\" content=\"2025-10-17T11:35:07+00:00\" \/>\n<meta property=\"og:image\" content=\"https:\/\/takomoalkutuli.fi\/wp-content\/uploads\/2024\/10\/seaxlihakirves-scaled.jpg\" \/>\n\t<meta property=\"og:image:width\" content=\"2560\" \/>\n\t<meta property=\"og:image:height\" content=\"1495\" \/>\n\t<meta property=\"og:image:type\" content=\"image\/jpeg\" \/>\n<meta name=\"twitter:card\" content=\"summary_large_image\" \/>\n<meta name=\"twitter:label1\" content=\"Est. reading time\" \/>\n\t<meta name=\"twitter:data1\" content=\"2 minutes\" \/>\n<script type=\"application\/ld+json\" class=\"yoast-schema-graph\">{\"@context\":\"https:\/\/schema.org\",\"@graph\":[{\"@type\":\"WebPage\",\"@id\":\"https:\/\/takomoalkutuli.fi\/product\/seax-lihakirves\/\",\"url\":\"https:\/\/takomoalkutuli.fi\/product\/seax-lihakirves\/\",\"name\":\"Seax lihakirves - Takomo Alkutuli\",\"isPartOf\":{\"@id\":\"https:\/\/takomoalkutuli.fi\/#website\"},\"primaryImageOfPage\":{\"@id\":\"https:\/\/takomoalkutuli.fi\/product\/seax-lihakirves\/#primaryimage\"},\"image\":{\"@id\":\"https:\/\/takomoalkutuli.fi\/product\/seax-lihakirves\/#primaryimage\"},\"thumbnailUrl\":\"https:\/\/takomoalkutuli.fi\/wp-content\/uploads\/2024\/10\/seaxlihakirves-scaled.jpg\",\"datePublished\":\"2024-10-09T14:17:39+00:00\",\"dateModified\":\"2025-10-17T11:35:07+00:00\",\"description\":\"Seax-mallinen lihakirves yhdist\u00e4\u00e4 muinaisen skandinaavisen veitsimallin ja modernin lihakirveen voiman. K\u00e4sin taottu hiiliter\u00e4ksest\u00e4. Keitti\u00f6 ja er\u00e4k\u00e4ytt\u00f6\u00f6n\",\"breadcrumb\":{\"@id\":\"https:\/\/takomoalkutuli.fi\/product\/seax-lihakirves\/#breadcrumb\"},\"inLanguage\":\"en-US\",\"potentialAction\":[{\"@type\":\"ReadAction\",\"target\":[\"https:\/\/takomoalkutuli.fi\/product\/seax-lihakirves\/\"]}]},{\"@type\":\"ImageObject\",\"inLanguage\":\"en-US\",\"@id\":\"https:\/\/takomoalkutuli.fi\/product\/seax-lihakirves\/#primaryimage\",\"url\":\"https:\/\/takomoalkutuli.fi\/wp-content\/uploads\/2024\/10\/seaxlihakirves-scaled.jpg\",\"contentUrl\":\"https:\/\/takomoalkutuli.fi\/wp-content\/uploads\/2024\/10\/seaxlihakirves-scaled.jpg\",\"width\":2560,\"height\":1495,\"caption\":\"Seax-mallinen lihakirves\"},{\"@type\":\"BreadcrumbList\",\"@id\":\"https:\/\/takomoalkutuli.fi\/product\/seax-lihakirves\/#breadcrumb\",\"itemListElement\":[{\"@type\":\"ListItem\",\"position\":1,\"name\":\"Etusivu\",\"item\":\"https:\/\/takomoalkutuli.fi\/\"},{\"@type\":\"ListItem\",\"position\":2,\"name\":\"Kauppa\",\"item\":\"https:\/\/takomoalkutuli.fi\/shop\/\"},{\"@type\":\"ListItem\",\"position\":3,\"name\":\"Seax lihakirves\"}]},{\"@type\":\"WebSite\",\"@id\":\"https:\/\/takomoalkutuli.fi\/#website\",\"url\":\"https:\/\/takomoalkutuli.fi\/\",\"name\":\"Takomo Alkutuli\",\"description\":\"\",\"publisher\":{\"@id\":\"https:\/\/takomoalkutuli.fi\/#organization\"},\"potentialAction\":[{\"@type\":\"SearchAction\",\"target\":{\"@type\":\"EntryPoint\",\"urlTemplate\":\"https:\/\/takomoalkutuli.fi\/?s={search_term_string}\"},\"query-input\":{\"@type\":\"PropertyValueSpecification\",\"valueRequired\":true,\"valueName\":\"search_term_string\"}}],\"inLanguage\":\"en-US\"},{\"@type\":\"Organization\",\"@id\":\"https:\/\/takomoalkutuli.fi\/#organization\",\"name\":\"Takomo Alkutuli\",\"url\":\"https:\/\/takomoalkutuli.fi\/\",\"logo\":{\"@type\":\"ImageObject\",\"inLanguage\":\"en-US\",\"@id\":\"https:\/\/takomoalkutuli.fi\/#\/schema\/logo\/image\/\",\"url\":\"https:\/\/takomoalkutuli.fi\/wp-content\/uploads\/2024\/10\/icon.png\",\"contentUrl\":\"https:\/\/takomoalkutuli.fi\/wp-content\/uploads\/2024\/10\/icon.png\",\"width\":228,\"height\":228,\"caption\":\"Takomo Alkutuli\"},\"image\":{\"@id\":\"https:\/\/takomoalkutuli.fi\/#\/schema\/logo\/image\/\"},\"sameAs\":[\"https:\/\/www.facebook.com\/TakomoAlkutuli\/\",\"https:\/\/www.instagram.com\/alkutuli\/\"]}]}<\/script>\n<!-- \/ Yoast SEO plugin. -->","yoast_head_json":{"title":"Seax lihakirves - Takomo Alkutuli","description":"Seax-mallinen lihakirves yhdist\u00e4\u00e4 muinaisen skandinaavisen veitsimallin ja modernin lihakirveen voiman. K\u00e4sin taottu hiiliter\u00e4ksest\u00e4. Keitti\u00f6 ja er\u00e4k\u00e4ytt\u00f6\u00f6n","robots":{"index":"index","follow":"follow","max-snippet":"max-snippet:-1","max-image-preview":"max-image-preview:large","max-video-preview":"max-video-preview:-1"},"canonical":"https:\/\/takomoalkutuli.fi\/en\/product\/seax-lihakirves\/","og_locale":"en_US","og_type":"article","og_title":"Seax lihakirves - Takomo Alkutuli","og_description":"Seax-mallinen lihakirves yhdist\u00e4\u00e4 muinaisen skandinaavisen veitsimallin ja modernin lihakirveen voiman. K\u00e4sin taottu hiiliter\u00e4ksest\u00e4. Keitti\u00f6 ja er\u00e4k\u00e4ytt\u00f6\u00f6n","og_url":"https:\/\/takomoalkutuli.fi\/en\/product\/seax-lihakirves\/","og_site_name":"Takomo Alkutuli","article_publisher":"https:\/\/www.facebook.com\/TakomoAlkutuli\/","article_modified_time":"2025-10-17T11:35:07+00:00","og_image":[{"width":2560,"height":1495,"url":"https:\/\/takomoalkutuli.fi\/wp-content\/uploads\/2024\/10\/seaxlihakirves-scaled.jpg","type":"image\/jpeg"}],"twitter_card":"summary_large_image","twitter_misc":{"Est. reading time":"2 minutes"},"schema":{"@context":"https:\/\/schema.org","@graph":[{"@type":"WebPage","@id":"https:\/\/takomoalkutuli.fi\/product\/seax-lihakirves\/","url":"https:\/\/takomoalkutuli.fi\/product\/seax-lihakirves\/","name":"Seax lihakirves - Takomo Alkutuli","isPartOf":{"@id":"https:\/\/takomoalkutuli.fi\/#website"},"primaryImageOfPage":{"@id":"https:\/\/takomoalkutuli.fi\/product\/seax-lihakirves\/#primaryimage"},"image":{"@id":"https:\/\/takomoalkutuli.fi\/product\/seax-lihakirves\/#primaryimage"},"thumbnailUrl":"https:\/\/takomoalkutuli.fi\/wp-content\/uploads\/2024\/10\/seaxlihakirves-scaled.jpg","datePublished":"2024-10-09T14:17:39+00:00","dateModified":"2025-10-17T11:35:07+00:00","description":"Seax-mallinen lihakirves yhdist\u00e4\u00e4 muinaisen skandinaavisen veitsimallin ja modernin lihakirveen voiman. K\u00e4sin taottu hiiliter\u00e4ksest\u00e4. Keitti\u00f6 ja er\u00e4k\u00e4ytt\u00f6\u00f6n","breadcrumb":{"@id":"https:\/\/takomoalkutuli.fi\/product\/seax-lihakirves\/#breadcrumb"},"inLanguage":"en-US","potentialAction":[{"@type":"ReadAction","target":["https:\/\/takomoalkutuli.fi\/product\/seax-lihakirves\/"]}]},{"@type":"ImageObject","inLanguage":"en-US","@id":"https:\/\/takomoalkutuli.fi\/product\/seax-lihakirves\/#primaryimage","url":"https:\/\/takomoalkutuli.fi\/wp-content\/uploads\/2024\/10\/seaxlihakirves-scaled.jpg","contentUrl":"https:\/\/takomoalkutuli.fi\/wp-content\/uploads\/2024\/10\/seaxlihakirves-scaled.jpg","width":2560,"height":1495,"caption":"Seax-mallinen lihakirves"},{"@type":"BreadcrumbList","@id":"https:\/\/takomoalkutuli.fi\/product\/seax-lihakirves\/#breadcrumb","itemListElement":[{"@type":"ListItem","position":1,"name":"Etusivu","item":"https:\/\/takomoalkutuli.fi\/"},{"@type":"ListItem","position":2,"name":"Kauppa","item":"https:\/\/takomoalkutuli.fi\/shop\/"},{"@type":"ListItem","position":3,"name":"Seax lihakirves"}]},{"@type":"WebSite","@id":"https:\/\/takomoalkutuli.fi\/#website","url":"https:\/\/takomoalkutuli.fi\/","name":"Primordial Fire forge","description":"","publisher":{"@id":"https:\/\/takomoalkutuli.fi\/#organization"},"potentialAction":[{"@type":"SearchAction","target":{"@type":"EntryPoint","urlTemplate":"https:\/\/takomoalkutuli.fi\/?s={search_term_string}"},"query-input":{"@type":"PropertyValueSpecification","valueRequired":true,"valueName":"search_term_string"}}],"inLanguage":"en-US"},{"@type":"Organization","@id":"https:\/\/takomoalkutuli.fi\/#organization","name":"Primordial Fire forge","url":"https:\/\/takomoalkutuli.fi\/","logo":{"@type":"ImageObject","inLanguage":"en-US","@id":"https:\/\/takomoalkutuli.fi\/#\/schema\/logo\/image\/","url":"https:\/\/takomoalkutuli.fi\/wp-content\/uploads\/2024\/10\/icon.png","contentUrl":"https:\/\/takomoalkutuli.fi\/wp-content\/uploads\/2024\/10\/icon.png","width":228,"height":228,"caption":"Takomo Alkutuli"},"image":{"@id":"https:\/\/takomoalkutuli.fi\/#\/schema\/logo\/image\/"},"sameAs":["https:\/\/www.facebook.com\/TakomoAlkutuli\/","https:\/\/www.instagram.com\/alkutuli\/"]}]}},"_links":{"self":[{"href":"https:\/\/takomoalkutuli.fi\/en\/wp-json\/wp\/v2\/product\/827","targetHints":{"allow":["GET"]}}],"collection":[{"href":"https:\/\/takomoalkutuli.fi\/en\/wp-json\/wp\/v2\/product"}],"about":[{"href":"https:\/\/takomoalkutuli.fi\/en\/wp-json\/wp\/v2\/types\/product"}],"wp:featuredmedia":[{"embeddable":true,"href":"https:\/\/takomoalkutuli.fi\/en\/wp-json\/wp\/v2\/media\/825"}],"wp:attachment":[{"href":"https:\/\/takomoalkutuli.fi\/en\/wp-json\/wp\/v2\/media?parent=827"}],"wp:term":[{"taxonomy":"product_brand","embeddable":true,"href":"https:\/\/takomoalkutuli.fi\/en\/wp-json\/wp\/v2\/product_brand?post=827"},{"taxonomy":"product_cat","embeddable":true,"href":"https:\/\/takomoalkutuli.fi\/en\/wp-json\/wp\/v2\/product_cat?post=827"},{"taxonomy":"product_tag","embeddable":true,"href":"https:\/\/takomoalkutuli.fi\/en\/wp-json\/wp\/v2\/product_tag?post=827"}],"curies":[{"name":"wp","href":"https:\/\/api.w.org\/{rel}","templated":true}]}}