{"id":826,"date":"2024-10-09T14:10:23","date_gmt":"2024-10-09T14:10:23","guid":{"rendered":"https:\/\/takomoalkutuli.fi\/?post_type=product&#038;p=826"},"modified":"2025-10-17T11:33:00","modified_gmt":"2025-10-17T11:33:00","slug":"keittioveitsi","status":"publish","type":"product","link":"https:\/\/takomoalkutuli.fi\/en\/product\/keittioveitsi\/","title":{"rendered":"Keitti\u00f6veitsi"},"content":{"rendered":"<h3 data-start=\"122\" data-end=\"235\"><strong data-start=\"129\" data-end=\"235\">K\u00e4sin Taottu Hiiliter\u00e4s Keitti\u00f6veitsi \u2014 Monik\u00e4ytt\u00f6inen ja Tasapainoinen Ty\u00f6kalu Keitti\u00f6\u00f6n<\/strong><\/h3>\n<p data-start=\"237\" data-end=\"562\">T\u00e4m\u00e4 k\u00e4sin taottu <strong data-start=\"255\" data-end=\"288\">yleisk\u00e4ytt\u00f6inen keitti\u00f6veitsi<\/strong> on suunniteltu monipuoliseen ruoanlaittoon \u2013 se soveltuu t\u00e4ydellisesti niin lihan kuin vihannesten pilkkomiseen. Loivasti kaareva ter\u00e4 takaa sulavan ja tarkan leikkuun, kun taas k\u00e4rki mahdollistaa pikkutarkan ty\u00f6skentelyn esimerkiksi yrttien tai pienten vihannesten kanssa.<\/p>\n<p data-start=\"564\" data-end=\"807\">Ter\u00e4 on valmistettu korkealaatuisesta <strong data-start=\"602\" data-end=\"621\">hiiliter\u00e4ksest\u00e4<\/strong>, joka on karkaistu normaalia kovemmaksi, jotta veitsi s\u00e4ilytt\u00e4\u00e4 ter\u00e4ns\u00e4 pidemp\u00e4\u00e4n ja tarjoaa tarkan leikkuuj\u00e4ljen. Jokainen ter\u00e4 on l\u00e4mp\u00f6k\u00e4sitelty ja huolellisesti viimeistelty k\u00e4sin.<\/p>\n<p data-start=\"809\" data-end=\"1036\">Kahva on valmistettu <strong data-start=\"830\" data-end=\"857\">wenge- ja padauk-puusta<\/strong>, jotka tuovat sek\u00e4 luonnollista kauneutta ett\u00e4 kest\u00e4vyytt\u00e4. Kahvan kulmikas muoto parantaa otetta ja hallintaa, tehden veitsest\u00e4 mukavan k\u00e4ytt\u00e4\u00e4 my\u00f6s pidemmiss\u00e4 valmisteluissa.<\/p>\n<p data-start=\"1038\" data-end=\"1239\">T\u00e4m\u00e4 keitti\u00f6veitsi yhdist\u00e4\u00e4 <strong data-start=\"1066\" data-end=\"1095\">perinteisen k\u00e4sity\u00f6taidon<\/strong>, <strong data-start=\"1097\" data-end=\"1112\">toimivuuden<\/strong> ja <strong data-start=\"1116\" data-end=\"1140\">ajattoman estetiikan<\/strong> \u2013 erinomainen valinta sek\u00e4 kotikokille ett\u00e4 ammattilaiselle, joka arvostaa laatua ja tarkkuutta.<\/p>\n<p><strong>Veitsen koko:<\/strong><\/p>\n<p>Kokopituus: 27cm<\/p>\n<p>Ter\u00e4n pituus: 15cm<\/p>\n<p>Hoito ohje: Hiiliter\u00e4s on erinomainen ter\u00e4vyytens\u00e4 ja ter\u00e4n pit\u00e4vyytens\u00e4 suhteen. K\u00e4yt\u00f6n j\u00e4lkeen ter\u00e4 kannattaa puhdistaa ja kuivata huolellisesti ettei ruostetta p\u00e4\u00e4se syntym\u00e4\u00e4n. My\u00f6s pieni kerros ruoka\u00f6ljy\u00e4 ter\u00e4n pintaan suojaa sit\u00e4 kun ei k\u00e4yt\u00f6ss\u00e4 ole.<\/p>\n<p>Jokainen veitsi on yksitt\u00e4isen\u00e4 k\u00e4sity\u00f6ll\u00e4 valmistettu ja niiss\u00e4 saattaa olla pieni\u00e4 yksityiskohta ja kokoeroja. Veitsien kohdalla toimitusaika on 3-14 p\u00e4iv\u00e4\u00e4 riippuen siit\u00e4 onko veitsi\u00e4 valmiina varastossa. Mik\u00e4li ei, se valmistetaan ja postitetaan heti kuin mahdollista.<\/p>\n<p>&nbsp;<\/p>\n<p>Tagit: <a href=\"https:\/\/takomoalkutuli.fi\/en\/product-category\/keittioon\/\">For the Kitchen<\/a>, <a href=\"https:\/\/takomoalkutuli.fi\/en\/product-category\/keittioveitsi\/\">Keitti\u00f6veitset<\/a>, <a href=\"https:\/\/takomoalkutuli.fi\/en\/product-category\/puukot-ja-veitset\/\">Veitset<\/a><\/p>","protected":false},"excerpt":{"rendered":"<p>Yleisk\u00e4ytt\u00f6inen keitti\u00f6veitsi &#8211; Monipuoliseen ruuanlaittoon.<\/p>","protected":false},"featured_media":823,"template":"","meta":[],"product_brand":[],"product_cat":[21,153],"product_tag":[51,52,97],"class_list":{"0":"post-826","1":"product","2":"type-product","3":"status-publish","4":"has-post-thumbnail","6":"product_cat-keittioon","7":"product_cat-keittioveitsi","8":"product_tag-keittio","9":"product_tag-keittioveitsi","10":"product_tag-veitsi","11":"product_shipping_class-pikkupaketti","13":"first","14":"instock","15":"taxable","16":"shipping-taxable","17":"purchasable","18":"product-type-simple"},"yoast_head":"<!-- This site is optimized with the Yoast SEO plugin v26.1.1 - https:\/\/yoast.com\/wordpress\/plugins\/seo\/ -->\n<title>Keitti\u00f6veitsi - Takomo Alkutuli<\/title>\n<meta name=\"description\" content=\"K\u00e4sin taottu hiiliter\u00e4s keitti\u00f6veitsi, t\u00e4ydellinen yleisveitsi lihan ja vihannesten pilkkomiseen. Kest\u00e4v\u00e4 ter\u00e4 ja kaunis wenge\u2013padauk kahva.\" \/>\n<meta name=\"robots\" content=\"index, follow, max-snippet:-1, max-image-preview:large, max-video-preview:-1\" \/>\n<link rel=\"canonical\" href=\"https:\/\/takomoalkutuli.fi\/en\/product\/keittioveitsi\/\" \/>\n<meta property=\"og:locale\" content=\"en_US\" \/>\n<meta property=\"og:type\" content=\"article\" \/>\n<meta property=\"og:title\" content=\"Keitti\u00f6veitsi - Takomo Alkutuli\" \/>\n<meta property=\"og:description\" content=\"K\u00e4sin taottu hiiliter\u00e4s keitti\u00f6veitsi, t\u00e4ydellinen yleisveitsi lihan ja vihannesten pilkkomiseen. Kest\u00e4v\u00e4 ter\u00e4 ja kaunis wenge\u2013padauk kahva.\" \/>\n<meta property=\"og:url\" content=\"https:\/\/takomoalkutuli.fi\/en\/product\/keittioveitsi\/\" \/>\n<meta property=\"og:site_name\" content=\"Takomo Alkutuli\" \/>\n<meta property=\"article:publisher\" content=\"https:\/\/www.facebook.com\/TakomoAlkutuli\/\" \/>\n<meta property=\"article:modified_time\" content=\"2025-10-17T11:33:00+00:00\" \/>\n<meta property=\"og:image\" content=\"https:\/\/takomoalkutuli.fi\/wp-content\/uploads\/2024\/10\/keittiveitsi-scaled.jpg\" \/>\n\t<meta property=\"og:image:width\" content=\"2560\" \/>\n\t<meta property=\"og:image:height\" content=\"1541\" \/>\n\t<meta property=\"og:image:type\" content=\"image\/jpeg\" \/>\n<meta name=\"twitter:card\" content=\"summary_large_image\" \/>\n<meta name=\"twitter:label1\" content=\"Est. reading time\" \/>\n\t<meta name=\"twitter:data1\" content=\"2 minutes\" \/>\n<script type=\"application\/ld+json\" class=\"yoast-schema-graph\">{\"@context\":\"https:\/\/schema.org\",\"@graph\":[{\"@type\":\"WebPage\",\"@id\":\"https:\/\/takomoalkutuli.fi\/product\/keittioveitsi\/\",\"url\":\"https:\/\/takomoalkutuli.fi\/product\/keittioveitsi\/\",\"name\":\"Keitti\u00f6veitsi - Takomo Alkutuli\",\"isPartOf\":{\"@id\":\"https:\/\/takomoalkutuli.fi\/#website\"},\"primaryImageOfPage\":{\"@id\":\"https:\/\/takomoalkutuli.fi\/product\/keittioveitsi\/#primaryimage\"},\"image\":{\"@id\":\"https:\/\/takomoalkutuli.fi\/product\/keittioveitsi\/#primaryimage\"},\"thumbnailUrl\":\"https:\/\/takomoalkutuli.fi\/wp-content\/uploads\/2024\/10\/keittiveitsi-scaled.jpg\",\"datePublished\":\"2024-10-09T14:10:23+00:00\",\"dateModified\":\"2025-10-17T11:33:00+00:00\",\"description\":\"K\u00e4sin taottu hiiliter\u00e4s keitti\u00f6veitsi, t\u00e4ydellinen yleisveitsi lihan ja vihannesten pilkkomiseen. Kest\u00e4v\u00e4 ter\u00e4 ja kaunis wenge\u2013padauk kahva.\",\"breadcrumb\":{\"@id\":\"https:\/\/takomoalkutuli.fi\/product\/keittioveitsi\/#breadcrumb\"},\"inLanguage\":\"en-US\",\"potentialAction\":[{\"@type\":\"ReadAction\",\"target\":[\"https:\/\/takomoalkutuli.fi\/product\/keittioveitsi\/\"]}]},{\"@type\":\"ImageObject\",\"inLanguage\":\"en-US\",\"@id\":\"https:\/\/takomoalkutuli.fi\/product\/keittioveitsi\/#primaryimage\",\"url\":\"https:\/\/takomoalkutuli.fi\/wp-content\/uploads\/2024\/10\/keittiveitsi-scaled.jpg\",\"contentUrl\":\"https:\/\/takomoalkutuli.fi\/wp-content\/uploads\/2024\/10\/keittiveitsi-scaled.jpg\",\"width\":2560,\"height\":1541,\"caption\":\"K\u00e4sin taottu hiiliter\u00e4s keitti\u00f6veitsi\"},{\"@type\":\"BreadcrumbList\",\"@id\":\"https:\/\/takomoalkutuli.fi\/product\/keittioveitsi\/#breadcrumb\",\"itemListElement\":[{\"@type\":\"ListItem\",\"position\":1,\"name\":\"Etusivu\",\"item\":\"https:\/\/takomoalkutuli.fi\/\"},{\"@type\":\"ListItem\",\"position\":2,\"name\":\"Kauppa\",\"item\":\"https:\/\/takomoalkutuli.fi\/shop\/\"},{\"@type\":\"ListItem\",\"position\":3,\"name\":\"Keitti\u00f6veitsi\"}]},{\"@type\":\"WebSite\",\"@id\":\"https:\/\/takomoalkutuli.fi\/#website\",\"url\":\"https:\/\/takomoalkutuli.fi\/\",\"name\":\"Takomo Alkutuli\",\"description\":\"\",\"publisher\":{\"@id\":\"https:\/\/takomoalkutuli.fi\/#organization\"},\"potentialAction\":[{\"@type\":\"SearchAction\",\"target\":{\"@type\":\"EntryPoint\",\"urlTemplate\":\"https:\/\/takomoalkutuli.fi\/?s={search_term_string}\"},\"query-input\":{\"@type\":\"PropertyValueSpecification\",\"valueRequired\":true,\"valueName\":\"search_term_string\"}}],\"inLanguage\":\"en-US\"},{\"@type\":\"Organization\",\"@id\":\"https:\/\/takomoalkutuli.fi\/#organization\",\"name\":\"Takomo Alkutuli\",\"url\":\"https:\/\/takomoalkutuli.fi\/\",\"logo\":{\"@type\":\"ImageObject\",\"inLanguage\":\"en-US\",\"@id\":\"https:\/\/takomoalkutuli.fi\/#\/schema\/logo\/image\/\",\"url\":\"https:\/\/takomoalkutuli.fi\/wp-content\/uploads\/2024\/10\/icon.png\",\"contentUrl\":\"https:\/\/takomoalkutuli.fi\/wp-content\/uploads\/2024\/10\/icon.png\",\"width\":228,\"height\":228,\"caption\":\"Takomo Alkutuli\"},\"image\":{\"@id\":\"https:\/\/takomoalkutuli.fi\/#\/schema\/logo\/image\/\"},\"sameAs\":[\"https:\/\/www.facebook.com\/TakomoAlkutuli\/\",\"https:\/\/www.instagram.com\/alkutuli\/\"]}]}<\/script>\n<!-- \/ Yoast SEO plugin. -->","yoast_head_json":{"title":"Keitti\u00f6veitsi - Takomo Alkutuli","description":"K\u00e4sin taottu hiiliter\u00e4s keitti\u00f6veitsi, t\u00e4ydellinen yleisveitsi lihan ja vihannesten pilkkomiseen. Kest\u00e4v\u00e4 ter\u00e4 ja kaunis wenge\u2013padauk kahva.","robots":{"index":"index","follow":"follow","max-snippet":"max-snippet:-1","max-image-preview":"max-image-preview:large","max-video-preview":"max-video-preview:-1"},"canonical":"https:\/\/takomoalkutuli.fi\/en\/product\/keittioveitsi\/","og_locale":"en_US","og_type":"article","og_title":"Keitti\u00f6veitsi - Takomo Alkutuli","og_description":"K\u00e4sin taottu hiiliter\u00e4s keitti\u00f6veitsi, t\u00e4ydellinen yleisveitsi lihan ja vihannesten pilkkomiseen. Kest\u00e4v\u00e4 ter\u00e4 ja kaunis wenge\u2013padauk kahva.","og_url":"https:\/\/takomoalkutuli.fi\/en\/product\/keittioveitsi\/","og_site_name":"Takomo Alkutuli","article_publisher":"https:\/\/www.facebook.com\/TakomoAlkutuli\/","article_modified_time":"2025-10-17T11:33:00+00:00","og_image":[{"width":2560,"height":1541,"url":"https:\/\/takomoalkutuli.fi\/wp-content\/uploads\/2024\/10\/keittiveitsi-scaled.jpg","type":"image\/jpeg"}],"twitter_card":"summary_large_image","twitter_misc":{"Est. reading time":"2 minutes"},"schema":{"@context":"https:\/\/schema.org","@graph":[{"@type":"WebPage","@id":"https:\/\/takomoalkutuli.fi\/product\/keittioveitsi\/","url":"https:\/\/takomoalkutuli.fi\/product\/keittioveitsi\/","name":"Keitti\u00f6veitsi - Takomo Alkutuli","isPartOf":{"@id":"https:\/\/takomoalkutuli.fi\/#website"},"primaryImageOfPage":{"@id":"https:\/\/takomoalkutuli.fi\/product\/keittioveitsi\/#primaryimage"},"image":{"@id":"https:\/\/takomoalkutuli.fi\/product\/keittioveitsi\/#primaryimage"},"thumbnailUrl":"https:\/\/takomoalkutuli.fi\/wp-content\/uploads\/2024\/10\/keittiveitsi-scaled.jpg","datePublished":"2024-10-09T14:10:23+00:00","dateModified":"2025-10-17T11:33:00+00:00","description":"K\u00e4sin taottu hiiliter\u00e4s keitti\u00f6veitsi, t\u00e4ydellinen yleisveitsi lihan ja vihannesten pilkkomiseen. Kest\u00e4v\u00e4 ter\u00e4 ja kaunis wenge\u2013padauk kahva.","breadcrumb":{"@id":"https:\/\/takomoalkutuli.fi\/product\/keittioveitsi\/#breadcrumb"},"inLanguage":"en-US","potentialAction":[{"@type":"ReadAction","target":["https:\/\/takomoalkutuli.fi\/product\/keittioveitsi\/"]}]},{"@type":"ImageObject","inLanguage":"en-US","@id":"https:\/\/takomoalkutuli.fi\/product\/keittioveitsi\/#primaryimage","url":"https:\/\/takomoalkutuli.fi\/wp-content\/uploads\/2024\/10\/keittiveitsi-scaled.jpg","contentUrl":"https:\/\/takomoalkutuli.fi\/wp-content\/uploads\/2024\/10\/keittiveitsi-scaled.jpg","width":2560,"height":1541,"caption":"K\u00e4sin taottu hiiliter\u00e4s keitti\u00f6veitsi"},{"@type":"BreadcrumbList","@id":"https:\/\/takomoalkutuli.fi\/product\/keittioveitsi\/#breadcrumb","itemListElement":[{"@type":"ListItem","position":1,"name":"Etusivu","item":"https:\/\/takomoalkutuli.fi\/"},{"@type":"ListItem","position":2,"name":"Kauppa","item":"https:\/\/takomoalkutuli.fi\/shop\/"},{"@type":"ListItem","position":3,"name":"Keitti\u00f6veitsi"}]},{"@type":"WebSite","@id":"https:\/\/takomoalkutuli.fi\/#website","url":"https:\/\/takomoalkutuli.fi\/","name":"Primordial Fire forge","description":"","publisher":{"@id":"https:\/\/takomoalkutuli.fi\/#organization"},"potentialAction":[{"@type":"SearchAction","target":{"@type":"EntryPoint","urlTemplate":"https:\/\/takomoalkutuli.fi\/?s={search_term_string}"},"query-input":{"@type":"PropertyValueSpecification","valueRequired":true,"valueName":"search_term_string"}}],"inLanguage":"en-US"},{"@type":"Organization","@id":"https:\/\/takomoalkutuli.fi\/#organization","name":"Primordial Fire forge","url":"https:\/\/takomoalkutuli.fi\/","logo":{"@type":"ImageObject","inLanguage":"en-US","@id":"https:\/\/takomoalkutuli.fi\/#\/schema\/logo\/image\/","url":"https:\/\/takomoalkutuli.fi\/wp-content\/uploads\/2024\/10\/icon.png","contentUrl":"https:\/\/takomoalkutuli.fi\/wp-content\/uploads\/2024\/10\/icon.png","width":228,"height":228,"caption":"Takomo Alkutuli"},"image":{"@id":"https:\/\/takomoalkutuli.fi\/#\/schema\/logo\/image\/"},"sameAs":["https:\/\/www.facebook.com\/TakomoAlkutuli\/","https:\/\/www.instagram.com\/alkutuli\/"]}]}},"_links":{"self":[{"href":"https:\/\/takomoalkutuli.fi\/en\/wp-json\/wp\/v2\/product\/826","targetHints":{"allow":["GET"]}}],"collection":[{"href":"https:\/\/takomoalkutuli.fi\/en\/wp-json\/wp\/v2\/product"}],"about":[{"href":"https:\/\/takomoalkutuli.fi\/en\/wp-json\/wp\/v2\/types\/product"}],"wp:featuredmedia":[{"embeddable":true,"href":"https:\/\/takomoalkutuli.fi\/en\/wp-json\/wp\/v2\/media\/823"}],"wp:attachment":[{"href":"https:\/\/takomoalkutuli.fi\/en\/wp-json\/wp\/v2\/media?parent=826"}],"wp:term":[{"taxonomy":"product_brand","embeddable":true,"href":"https:\/\/takomoalkutuli.fi\/en\/wp-json\/wp\/v2\/product_brand?post=826"},{"taxonomy":"product_cat","embeddable":true,"href":"https:\/\/takomoalkutuli.fi\/en\/wp-json\/wp\/v2\/product_cat?post=826"},{"taxonomy":"product_tag","embeddable":true,"href":"https:\/\/takomoalkutuli.fi\/en\/wp-json\/wp\/v2\/product_tag?post=826"}],"curies":[{"name":"wp","href":"https:\/\/api.w.org\/{rel}","templated":true}]}}