{"id":819,"date":"2024-10-09T14:06:04","date_gmt":"2024-10-09T14:06:04","guid":{"rendered":"https:\/\/takomoalkutuli.fi\/?post_type=product&#038;p=819"},"modified":"2025-10-17T11:37:00","modified_gmt":"2025-10-17T11:37:00","slug":"kaariveitsi","status":"publish","type":"product","link":"https:\/\/takomoalkutuli.fi\/en\/product\/kaariveitsi\/","title":{"rendered":"Kaariveitsi"},"content":{"rendered":"<h2 data-start=\"135\" data-end=\"217\"><strong data-start=\"141\" data-end=\"217\">Taottu Kaariveitsi \u2013 Uniikki K\u00e4sintaottu Keitti\u00f6veitsi Arjen Kokkaukseen<\/strong><\/h2>\n<p data-start=\"219\" data-end=\"491\">T\u00e4m\u00e4 <strong data-start=\"224\" data-end=\"246\">taottu kaariveitsi<\/strong> on ainutlaatuinen yhdistelm\u00e4 perinteist\u00e4 k\u00e4sity\u00f6t\u00e4 ja toimivaa muotoilua. Veitsi on suunniteltu monipuoliseen keitti\u00f6k\u00e4ytt\u00f6\u00f6n \u2014 sen kaareva ter\u00e4 mahdollistaa tarkan ja sulavan leikkuun niin lihalle, vihanneksille, hedelmille kuin yrteillekin.<\/p>\n<p data-start=\"493\" data-end=\"738\">Jokainen veitsi on yksil\u00f6llinen, sill\u00e4 <strong data-start=\"532\" data-end=\"582\">ter\u00e4 on taottu vanhasta potkukelkan jalaksesta<\/strong>, mik\u00e4 antaa sille oman tarinansa ja ainutlaatuisen rakenteen. Ter\u00e4 on <strong data-start=\"653\" data-end=\"694\">karkaistu ja teroitettu huolellisesti<\/strong>, jotta se s\u00e4ilytt\u00e4\u00e4 ter\u00e4vyytens\u00e4 pitk\u00e4\u00e4n.<\/p>\n<p data-start=\"740\" data-end=\"960\">Kahvapalat on valmistettu <strong data-start=\"766\" data-end=\"783\">padauk-puusta<\/strong>, joka on luonnostaan l\u00e4mpim\u00e4n punaista ja eritt\u00e4in kest\u00e4v\u00e4\u00e4. Kahvan kiinnitys on vahvistettu <strong data-start=\"877\" data-end=\"898\">messinkitangoilla<\/strong>, jotka tuovat sek\u00e4 tukevuutta ett\u00e4 tyylik\u00e4st\u00e4 viimeistely\u00e4.<\/p>\n<p data-start=\"962\" data-end=\"1178\">T\u00e4m\u00e4 veitsi ei ole pelkk\u00e4 keitti\u00f6ty\u00f6kalu \u2013 se on <strong data-start=\"1011\" data-end=\"1046\">taidokkaasti taottu k\u00e4ytt\u00f6esine<\/strong>, joka yhdist\u00e4\u00e4 perinteen, estetiikan ja k\u00e4yt\u00e4nn\u00f6llisyyden. T\u00e4ydellinen lahja ruoanlaitosta nauttivalle tai k\u00e4sity\u00f6n arvostajalle.<\/p>\n<p><strong>Veitsen mitat:<\/strong><\/p>\n<p>Kokonaispituus: 24cm<\/p>\n<p>Ter\u00e4n pituus: 13cm<\/p>\n<p>Hoito ohje: Hiiliter\u00e4s on erinomainen ter\u00e4vyytens\u00e4 ja ter\u00e4n pit\u00e4vyytens\u00e4 suhteen. K\u00e4yt\u00f6n j\u00e4lkeen ter\u00e4 kannattaa puhdistaa ja kuivata huolellisesti ettei ruostetta p\u00e4\u00e4se syntym\u00e4\u00e4n. My\u00f6s pieni kerros ruoka\u00f6ljy\u00e4 ter\u00e4n pintaan suojaa sit\u00e4 kun ei k\u00e4yt\u00f6ss\u00e4 ole.<\/p>\n<p>Jokainen veitsi on yksitt\u00e4isen\u00e4 k\u00e4sity\u00f6ll\u00e4 valmistettu ja niiss\u00e4 saattaa olla pieni\u00e4 yksityiskohta ja kokoeroja. Veitsien kohdalla toimitusaika on 3-14 p\u00e4iv\u00e4\u00e4 riippuen siit\u00e4 onko veitsi\u00e4 valmiina varastossa. Mik\u00e4li ei, se valmistetaan ja postitetaan heti kuin mahdollista.<\/p>\n<p>&nbsp;<\/p>\n<p>Tagit: <a href=\"https:\/\/takomoalkutuli.fi\/en\/product-category\/keittioon\/\">For the Kitchen<\/a>, <a href=\"https:\/\/takomoalkutuli.fi\/en\/product-category\/keittioveitsi\/\">Keitti\u00f6veitset<\/a>, <a href=\"https:\/\/takomoalkutuli.fi\/en\/product-category\/puukot-ja-veitset\/\">Veitset<\/a><\/p>","protected":false},"excerpt":{"rendered":"<p>Kaariveitsi keitti\u00f6\u00f6n &#8211; asenteelliseen ruuanlaittoon.<\/p>","protected":false},"featured_media":821,"template":"","meta":[],"product_brand":[],"product_cat":[21,153,22],"product_tag":[99,52,97],"class_list":{"0":"post-819","1":"product","2":"type-product","3":"status-publish","4":"has-post-thumbnail","6":"product_cat-keittioon","7":"product_cat-keittioveitsi","8":"product_cat-puukot-ja-veitset","9":"product_tag-kaariveitsi","10":"product_tag-keittioveitsi","11":"product_tag-veitsi","12":"product_shipping_class-pikkupaketti","14":"first","15":"instock","16":"taxable","17":"shipping-taxable","18":"purchasable","19":"product-type-simple"},"yoast_head":"<!-- This site is optimized with the Yoast SEO plugin v26.1.1 - https:\/\/yoast.com\/wordpress\/plugins\/seo\/ -->\n<title>Kaariveitsi - Takomo Alkutuli<\/title>\n<meta name=\"description\" content=\"Taottu kaariveitsi keitti\u00f6\u00f6n. K\u00e4sintaottu ter\u00e4 vanhasta potkukelkan jalaksesta, padauk-puukahva ja messinkivahvistus. Uniikki ja kest\u00e4v\u00e4 k\u00e4ytt\u00f6veitsi ruoanlaittoon.\" \/>\n<meta name=\"robots\" content=\"index, follow, max-snippet:-1, max-image-preview:large, max-video-preview:-1\" \/>\n<link rel=\"canonical\" href=\"https:\/\/takomoalkutuli.fi\/en\/product\/kaariveitsi\/\" \/>\n<meta property=\"og:locale\" content=\"en_US\" \/>\n<meta property=\"og:type\" content=\"article\" \/>\n<meta property=\"og:title\" content=\"Kaariveitsi - Takomo Alkutuli\" \/>\n<meta property=\"og:description\" content=\"Taottu kaariveitsi keitti\u00f6\u00f6n. K\u00e4sintaottu ter\u00e4 vanhasta potkukelkan jalaksesta, padauk-puukahva ja messinkivahvistus. Uniikki ja kest\u00e4v\u00e4 k\u00e4ytt\u00f6veitsi ruoanlaittoon.\" \/>\n<meta property=\"og:url\" content=\"https:\/\/takomoalkutuli.fi\/en\/product\/kaariveitsi\/\" \/>\n<meta property=\"og:site_name\" content=\"Takomo Alkutuli\" \/>\n<meta property=\"article:publisher\" content=\"https:\/\/www.facebook.com\/TakomoAlkutuli\/\" \/>\n<meta property=\"article:modified_time\" content=\"2025-10-17T11:37:00+00:00\" \/>\n<meta property=\"og:image\" content=\"https:\/\/takomoalkutuli.fi\/wp-content\/uploads\/2024\/10\/kaariveitsi1-scaled.jpg\" \/>\n\t<meta property=\"og:image:width\" content=\"2560\" \/>\n\t<meta property=\"og:image:height\" content=\"1585\" \/>\n\t<meta property=\"og:image:type\" content=\"image\/jpeg\" \/>\n<meta name=\"twitter:card\" content=\"summary_large_image\" \/>\n<meta name=\"twitter:label1\" content=\"Est. reading time\" \/>\n\t<meta name=\"twitter:data1\" content=\"2 minutes\" \/>\n<script type=\"application\/ld+json\" class=\"yoast-schema-graph\">{\"@context\":\"https:\/\/schema.org\",\"@graph\":[{\"@type\":\"WebPage\",\"@id\":\"https:\/\/takomoalkutuli.fi\/product\/kaariveitsi\/\",\"url\":\"https:\/\/takomoalkutuli.fi\/product\/kaariveitsi\/\",\"name\":\"Kaariveitsi - Takomo Alkutuli\",\"isPartOf\":{\"@id\":\"https:\/\/takomoalkutuli.fi\/#website\"},\"primaryImageOfPage\":{\"@id\":\"https:\/\/takomoalkutuli.fi\/product\/kaariveitsi\/#primaryimage\"},\"image\":{\"@id\":\"https:\/\/takomoalkutuli.fi\/product\/kaariveitsi\/#primaryimage\"},\"thumbnailUrl\":\"https:\/\/takomoalkutuli.fi\/wp-content\/uploads\/2024\/10\/kaariveitsi1-scaled.jpg\",\"datePublished\":\"2024-10-09T14:06:04+00:00\",\"dateModified\":\"2025-10-17T11:37:00+00:00\",\"description\":\"Taottu kaariveitsi keitti\u00f6\u00f6n. K\u00e4sintaottu ter\u00e4 vanhasta potkukelkan jalaksesta, padauk-puukahva ja messinkivahvistus. Uniikki ja kest\u00e4v\u00e4 k\u00e4ytt\u00f6veitsi ruoanlaittoon.\",\"breadcrumb\":{\"@id\":\"https:\/\/takomoalkutuli.fi\/product\/kaariveitsi\/#breadcrumb\"},\"inLanguage\":\"en-US\",\"potentialAction\":[{\"@type\":\"ReadAction\",\"target\":[\"https:\/\/takomoalkutuli.fi\/product\/kaariveitsi\/\"]}]},{\"@type\":\"ImageObject\",\"inLanguage\":\"en-US\",\"@id\":\"https:\/\/takomoalkutuli.fi\/product\/kaariveitsi\/#primaryimage\",\"url\":\"https:\/\/takomoalkutuli.fi\/wp-content\/uploads\/2024\/10\/kaariveitsi1-scaled.jpg\",\"contentUrl\":\"https:\/\/takomoalkutuli.fi\/wp-content\/uploads\/2024\/10\/kaariveitsi1-scaled.jpg\",\"width\":2560,\"height\":1585,\"caption\":\"Taottu kaariveitsi\"},{\"@type\":\"BreadcrumbList\",\"@id\":\"https:\/\/takomoalkutuli.fi\/product\/kaariveitsi\/#breadcrumb\",\"itemListElement\":[{\"@type\":\"ListItem\",\"position\":1,\"name\":\"Etusivu\",\"item\":\"https:\/\/takomoalkutuli.fi\/\"},{\"@type\":\"ListItem\",\"position\":2,\"name\":\"Kauppa\",\"item\":\"https:\/\/takomoalkutuli.fi\/shop\/\"},{\"@type\":\"ListItem\",\"position\":3,\"name\":\"Kaariveitsi\"}]},{\"@type\":\"WebSite\",\"@id\":\"https:\/\/takomoalkutuli.fi\/#website\",\"url\":\"https:\/\/takomoalkutuli.fi\/\",\"name\":\"Takomo Alkutuli\",\"description\":\"\",\"publisher\":{\"@id\":\"https:\/\/takomoalkutuli.fi\/#organization\"},\"potentialAction\":[{\"@type\":\"SearchAction\",\"target\":{\"@type\":\"EntryPoint\",\"urlTemplate\":\"https:\/\/takomoalkutuli.fi\/?s={search_term_string}\"},\"query-input\":{\"@type\":\"PropertyValueSpecification\",\"valueRequired\":true,\"valueName\":\"search_term_string\"}}],\"inLanguage\":\"en-US\"},{\"@type\":\"Organization\",\"@id\":\"https:\/\/takomoalkutuli.fi\/#organization\",\"name\":\"Takomo Alkutuli\",\"url\":\"https:\/\/takomoalkutuli.fi\/\",\"logo\":{\"@type\":\"ImageObject\",\"inLanguage\":\"en-US\",\"@id\":\"https:\/\/takomoalkutuli.fi\/#\/schema\/logo\/image\/\",\"url\":\"https:\/\/takomoalkutuli.fi\/wp-content\/uploads\/2024\/10\/icon.png\",\"contentUrl\":\"https:\/\/takomoalkutuli.fi\/wp-content\/uploads\/2024\/10\/icon.png\",\"width\":228,\"height\":228,\"caption\":\"Takomo Alkutuli\"},\"image\":{\"@id\":\"https:\/\/takomoalkutuli.fi\/#\/schema\/logo\/image\/\"},\"sameAs\":[\"https:\/\/www.facebook.com\/TakomoAlkutuli\/\",\"https:\/\/www.instagram.com\/alkutuli\/\"]}]}<\/script>\n<!-- \/ Yoast SEO plugin. -->","yoast_head_json":{"title":"Kaariveitsi - Takomo Alkutuli","description":"Taottu kaariveitsi keitti\u00f6\u00f6n. K\u00e4sintaottu ter\u00e4 vanhasta potkukelkan jalaksesta, padauk-puukahva ja messinkivahvistus. Uniikki ja kest\u00e4v\u00e4 k\u00e4ytt\u00f6veitsi ruoanlaittoon.","robots":{"index":"index","follow":"follow","max-snippet":"max-snippet:-1","max-image-preview":"max-image-preview:large","max-video-preview":"max-video-preview:-1"},"canonical":"https:\/\/takomoalkutuli.fi\/en\/product\/kaariveitsi\/","og_locale":"en_US","og_type":"article","og_title":"Kaariveitsi - Takomo Alkutuli","og_description":"Taottu kaariveitsi keitti\u00f6\u00f6n. K\u00e4sintaottu ter\u00e4 vanhasta potkukelkan jalaksesta, padauk-puukahva ja messinkivahvistus. Uniikki ja kest\u00e4v\u00e4 k\u00e4ytt\u00f6veitsi ruoanlaittoon.","og_url":"https:\/\/takomoalkutuli.fi\/en\/product\/kaariveitsi\/","og_site_name":"Takomo Alkutuli","article_publisher":"https:\/\/www.facebook.com\/TakomoAlkutuli\/","article_modified_time":"2025-10-17T11:37:00+00:00","og_image":[{"width":2560,"height":1585,"url":"https:\/\/takomoalkutuli.fi\/wp-content\/uploads\/2024\/10\/kaariveitsi1-scaled.jpg","type":"image\/jpeg"}],"twitter_card":"summary_large_image","twitter_misc":{"Est. reading time":"2 minutes"},"schema":{"@context":"https:\/\/schema.org","@graph":[{"@type":"WebPage","@id":"https:\/\/takomoalkutuli.fi\/product\/kaariveitsi\/","url":"https:\/\/takomoalkutuli.fi\/product\/kaariveitsi\/","name":"Kaariveitsi - Takomo Alkutuli","isPartOf":{"@id":"https:\/\/takomoalkutuli.fi\/#website"},"primaryImageOfPage":{"@id":"https:\/\/takomoalkutuli.fi\/product\/kaariveitsi\/#primaryimage"},"image":{"@id":"https:\/\/takomoalkutuli.fi\/product\/kaariveitsi\/#primaryimage"},"thumbnailUrl":"https:\/\/takomoalkutuli.fi\/wp-content\/uploads\/2024\/10\/kaariveitsi1-scaled.jpg","datePublished":"2024-10-09T14:06:04+00:00","dateModified":"2025-10-17T11:37:00+00:00","description":"Taottu kaariveitsi keitti\u00f6\u00f6n. K\u00e4sintaottu ter\u00e4 vanhasta potkukelkan jalaksesta, padauk-puukahva ja messinkivahvistus. Uniikki ja kest\u00e4v\u00e4 k\u00e4ytt\u00f6veitsi ruoanlaittoon.","breadcrumb":{"@id":"https:\/\/takomoalkutuli.fi\/product\/kaariveitsi\/#breadcrumb"},"inLanguage":"en-US","potentialAction":[{"@type":"ReadAction","target":["https:\/\/takomoalkutuli.fi\/product\/kaariveitsi\/"]}]},{"@type":"ImageObject","inLanguage":"en-US","@id":"https:\/\/takomoalkutuli.fi\/product\/kaariveitsi\/#primaryimage","url":"https:\/\/takomoalkutuli.fi\/wp-content\/uploads\/2024\/10\/kaariveitsi1-scaled.jpg","contentUrl":"https:\/\/takomoalkutuli.fi\/wp-content\/uploads\/2024\/10\/kaariveitsi1-scaled.jpg","width":2560,"height":1585,"caption":"Taottu kaariveitsi"},{"@type":"BreadcrumbList","@id":"https:\/\/takomoalkutuli.fi\/product\/kaariveitsi\/#breadcrumb","itemListElement":[{"@type":"ListItem","position":1,"name":"Etusivu","item":"https:\/\/takomoalkutuli.fi\/"},{"@type":"ListItem","position":2,"name":"Kauppa","item":"https:\/\/takomoalkutuli.fi\/shop\/"},{"@type":"ListItem","position":3,"name":"Kaariveitsi"}]},{"@type":"WebSite","@id":"https:\/\/takomoalkutuli.fi\/#website","url":"https:\/\/takomoalkutuli.fi\/","name":"Primordial Fire forge","description":"","publisher":{"@id":"https:\/\/takomoalkutuli.fi\/#organization"},"potentialAction":[{"@type":"SearchAction","target":{"@type":"EntryPoint","urlTemplate":"https:\/\/takomoalkutuli.fi\/?s={search_term_string}"},"query-input":{"@type":"PropertyValueSpecification","valueRequired":true,"valueName":"search_term_string"}}],"inLanguage":"en-US"},{"@type":"Organization","@id":"https:\/\/takomoalkutuli.fi\/#organization","name":"Primordial Fire forge","url":"https:\/\/takomoalkutuli.fi\/","logo":{"@type":"ImageObject","inLanguage":"en-US","@id":"https:\/\/takomoalkutuli.fi\/#\/schema\/logo\/image\/","url":"https:\/\/takomoalkutuli.fi\/wp-content\/uploads\/2024\/10\/icon.png","contentUrl":"https:\/\/takomoalkutuli.fi\/wp-content\/uploads\/2024\/10\/icon.png","width":228,"height":228,"caption":"Takomo Alkutuli"},"image":{"@id":"https:\/\/takomoalkutuli.fi\/#\/schema\/logo\/image\/"},"sameAs":["https:\/\/www.facebook.com\/TakomoAlkutuli\/","https:\/\/www.instagram.com\/alkutuli\/"]}]}},"_links":{"self":[{"href":"https:\/\/takomoalkutuli.fi\/en\/wp-json\/wp\/v2\/product\/819","targetHints":{"allow":["GET"]}}],"collection":[{"href":"https:\/\/takomoalkutuli.fi\/en\/wp-json\/wp\/v2\/product"}],"about":[{"href":"https:\/\/takomoalkutuli.fi\/en\/wp-json\/wp\/v2\/types\/product"}],"wp:featuredmedia":[{"embeddable":true,"href":"https:\/\/takomoalkutuli.fi\/en\/wp-json\/wp\/v2\/media\/821"}],"wp:attachment":[{"href":"https:\/\/takomoalkutuli.fi\/en\/wp-json\/wp\/v2\/media?parent=819"}],"wp:term":[{"taxonomy":"product_brand","embeddable":true,"href":"https:\/\/takomoalkutuli.fi\/en\/wp-json\/wp\/v2\/product_brand?post=819"},{"taxonomy":"product_cat","embeddable":true,"href":"https:\/\/takomoalkutuli.fi\/en\/wp-json\/wp\/v2\/product_cat?post=819"},{"taxonomy":"product_tag","embeddable":true,"href":"https:\/\/takomoalkutuli.fi\/en\/wp-json\/wp\/v2\/product_tag?post=819"}],"curies":[{"name":"wp","href":"https:\/\/api.w.org\/{rel}","templated":true}]}}