{"id":815,"date":"2024-10-09T13:42:52","date_gmt":"2024-10-09T13:42:52","guid":{"rendered":"https:\/\/takomoalkutuli.fi\/?post_type=product&#038;p=815"},"modified":"2025-10-17T16:06:55","modified_gmt":"2025-10-17T16:06:55","slug":"emannanveitsi-tupella","status":"publish","type":"product","link":"https:\/\/takomoalkutuli.fi\/en\/product\/emannanveitsi-tupella\/","title":{"rendered":"Em\u00e4nn\u00e4nveitsi tupella."},"content":{"rendered":"<p data-start=\"33\" data-end=\"121\"><strong data-start=\"33\" data-end=\"119\">K\u00e4sin taottu Em\u00e4nn\u00e4nveitsi \u2013 perinteinen sep\u00e4n veitsi yhdest\u00e4 palasta jousiter\u00e4st\u00e4<\/strong><\/p>\n<p data-start=\"123\" data-end=\"516\">T\u00e4m\u00e4 k\u00e4sin taottu em\u00e4nn\u00e4nveitsi perustuu historialliseen keskiaikaiseen veitsimalliin, jota kutsuttiin my\u00f6s sep\u00e4n veitseksi. Veitsi on valmistettu yhdest\u00e4 palasta vanhaa jousiter\u00e4st\u00e4, mik\u00e4 tekee siit\u00e4 kest\u00e4v\u00e4n ja luotettavan ty\u00f6kalun ilman heikkoja kohtia. Ter\u00e4 on karkaistu ja teroitettu huolellisesti, joten se soveltuu monipuoliseen k\u00e4ytt\u00f6\u00f6n keitti\u00f6ss\u00e4, nikkarointit\u00f6iss\u00e4 tai ulkoilmassa.<\/p>\n<p data-start=\"518\" data-end=\"926\">Veitsen mukana toimitetaan k\u00e4sin tehty tuppi aidosta naudannahasta, joka on ommeltu tarkasti veitsen muotoihin. Messinkiset helat viimeistelev\u00e4t elegantin ja kest\u00e4v\u00e4n kokonaisuuden. T\u00e4m\u00e4 em\u00e4nn\u00e4nveitsi yhdist\u00e4\u00e4 perinteisen k\u00e4sity\u00f6n, historiallisten mallien kauneuden ja k\u00e4yt\u00e4nn\u00f6llisen ter\u00e4n suorituskyvyn, tehden siit\u00e4 t\u00e4ydellisen ty\u00f6kalun niin arkik\u00e4ytt\u00f6\u00f6n kuin lahjaksi historiallisten veitsien yst\u00e4ville.<\/p>\n<p><strong>Veitsen mitat:<\/strong><\/p>\n<p>Kokopituus: 16cm<\/p>\n<p>Ter\u00e4n pituus: 8cm<\/p>\n<p>Jokainen veitsi on yksitt\u00e4isen\u00e4 k\u00e4sity\u00f6ll\u00e4 valmistettu ja niiss\u00e4 saattaa olla pieni\u00e4 yksityiskohta ja kokoeroja. Veitsien kohdalla toimitusaika on 3-14 p\u00e4iv\u00e4\u00e4 riippuen siit\u00e4 onko veitsi\u00e4 valmiina varastossa. Mik\u00e4li ei, se valmistetaan ja postitetaan heti kuin mahdollista.<\/p>\n<p>&nbsp;<\/p>\n<p><em>Tags: <a href=\"https:\/\/takomoalkutuli.fi\/en\/product-category\/puukot-ja-veitset\/\">Puukot ja Veitset<\/a><\/em><\/p>","protected":false},"excerpt":{"rendered":"<p>K\u00e4sin taottu Em\u00e4nn\u00e4nveitsi \u2013 perinteinen sep\u00e4n veitsi yhdest\u00e4 palasta jousiter\u00e4st\u00e4 T\u00e4m\u00e4 k\u00e4sin taottu em\u00e4nn\u00e4nveitsi perustuu historialliseen keskiaikaiseen veitsimalliin, jota kutsuttiin my\u00f6s sep\u00e4n veitseksi. Veitsi on valmistettu yhdest\u00e4 palasta vanhaa jousiter\u00e4st\u00e4, mik\u00e4 tekee siit\u00e4 kest\u00e4v\u00e4n ja luotettavan ty\u00f6kalun ilman heikkoja kohtia. Ter\u00e4 on karkaistu ja teroitettu huolellisesti, joten se soveltuu monipuoliseen k\u00e4ytt\u00f6\u00f6n keitti\u00f6ss\u00e4, nikkarointit\u00f6iss\u00e4 tai ulkoilmassa. [&hellip;]<\/p>","protected":false},"featured_media":817,"template":"","meta":[],"product_brand":[],"product_cat":[22],"product_tag":[98,97,59],"class_list":{"0":"post-815","1":"product","2":"type-product","3":"status-publish","4":"has-post-thumbnail","6":"product_cat-puukot-ja-veitset","7":"product_tag-emannanveitsi","8":"product_tag-veitsi","9":"product_tag-viikinki","10":"product_shipping_class-pikkupaketti","12":"first","13":"instock","14":"taxable","15":"shipping-taxable","16":"purchasable","17":"product-type-simple"},"yoast_head":"<!-- This site is optimized with the Yoast SEO plugin v26.1.1 - https:\/\/yoast.com\/wordpress\/plugins\/seo\/ -->\n<title>Em\u00e4nn\u00e4nveitsi tupella. - Takomo Alkutuli<\/title>\n<meta name=\"description\" content=\"K\u00e4sin taottu em\u00e4nn\u00e4nveitsi. Karkaistu ja teroitettu ter\u00e4 sek\u00e4 nahkatuppi tekev\u00e4t t\u00e4st\u00e4 historiallisesta sep\u00e4n veitsest\u00e4 kest\u00e4v\u00e4n ja tyylikk\u00e4\u00e4n ty\u00f6kalun.\" \/>\n<meta name=\"robots\" content=\"index, follow, max-snippet:-1, max-image-preview:large, max-video-preview:-1\" \/>\n<link rel=\"canonical\" href=\"https:\/\/takomoalkutuli.fi\/en\/product\/emannanveitsi-tupella\/\" \/>\n<meta property=\"og:locale\" content=\"en_US\" \/>\n<meta property=\"og:type\" content=\"article\" \/>\n<meta property=\"og:title\" content=\"Em\u00e4nn\u00e4nveitsi tupella. - Takomo Alkutuli\" \/>\n<meta property=\"og:description\" content=\"K\u00e4sin taottu em\u00e4nn\u00e4nveitsi. Karkaistu ja teroitettu ter\u00e4 sek\u00e4 nahkatuppi tekev\u00e4t t\u00e4st\u00e4 historiallisesta sep\u00e4n veitsest\u00e4 kest\u00e4v\u00e4n ja tyylikk\u00e4\u00e4n ty\u00f6kalun.\" \/>\n<meta property=\"og:url\" content=\"https:\/\/takomoalkutuli.fi\/en\/product\/emannanveitsi-tupella\/\" \/>\n<meta property=\"og:site_name\" content=\"Takomo Alkutuli\" \/>\n<meta property=\"article:publisher\" content=\"https:\/\/www.facebook.com\/TakomoAlkutuli\/\" \/>\n<meta property=\"article:modified_time\" content=\"2025-10-17T16:06:55+00:00\" \/>\n<meta property=\"og:image\" content=\"https:\/\/takomoalkutuli.fi\/wp-content\/uploads\/2024\/10\/emannanveitsi2-scaled.jpg\" \/>\n\t<meta property=\"og:image:width\" content=\"2560\" \/>\n\t<meta property=\"og:image:height\" content=\"1735\" \/>\n\t<meta property=\"og:image:type\" content=\"image\/jpeg\" \/>\n<meta name=\"twitter:card\" content=\"summary_large_image\" \/>\n<meta name=\"twitter:label1\" content=\"Est. reading time\" \/>\n\t<meta name=\"twitter:data1\" content=\"2 minutes\" \/>\n<script type=\"application\/ld+json\" class=\"yoast-schema-graph\">{\"@context\":\"https:\/\/schema.org\",\"@graph\":[{\"@type\":\"WebPage\",\"@id\":\"https:\/\/takomoalkutuli.fi\/product\/emannanveitsi-tupella\/\",\"url\":\"https:\/\/takomoalkutuli.fi\/product\/emannanveitsi-tupella\/\",\"name\":\"Em\u00e4nn\u00e4nveitsi tupella. - Takomo Alkutuli\",\"isPartOf\":{\"@id\":\"https:\/\/takomoalkutuli.fi\/#website\"},\"primaryImageOfPage\":{\"@id\":\"https:\/\/takomoalkutuli.fi\/product\/emannanveitsi-tupella\/#primaryimage\"},\"image\":{\"@id\":\"https:\/\/takomoalkutuli.fi\/product\/emannanveitsi-tupella\/#primaryimage\"},\"thumbnailUrl\":\"https:\/\/takomoalkutuli.fi\/wp-content\/uploads\/2024\/10\/emannanveitsi2-scaled.jpg\",\"datePublished\":\"2024-10-09T13:42:52+00:00\",\"dateModified\":\"2025-10-17T16:06:55+00:00\",\"description\":\"K\u00e4sin taottu em\u00e4nn\u00e4nveitsi. Karkaistu ja teroitettu ter\u00e4 sek\u00e4 nahkatuppi tekev\u00e4t t\u00e4st\u00e4 historiallisesta sep\u00e4n veitsest\u00e4 kest\u00e4v\u00e4n ja tyylikk\u00e4\u00e4n ty\u00f6kalun.\",\"breadcrumb\":{\"@id\":\"https:\/\/takomoalkutuli.fi\/product\/emannanveitsi-tupella\/#breadcrumb\"},\"inLanguage\":\"en-US\",\"potentialAction\":[{\"@type\":\"ReadAction\",\"target\":[\"https:\/\/takomoalkutuli.fi\/product\/emannanveitsi-tupella\/\"]}]},{\"@type\":\"ImageObject\",\"inLanguage\":\"en-US\",\"@id\":\"https:\/\/takomoalkutuli.fi\/product\/emannanveitsi-tupella\/#primaryimage\",\"url\":\"https:\/\/takomoalkutuli.fi\/wp-content\/uploads\/2024\/10\/emannanveitsi2-scaled.jpg\",\"contentUrl\":\"https:\/\/takomoalkutuli.fi\/wp-content\/uploads\/2024\/10\/emannanveitsi2-scaled.jpg\",\"width\":2560,\"height\":1735,\"caption\":\"k\u00e4sin taottu em\u00e4nn\u00e4nveitsi\"},{\"@type\":\"BreadcrumbList\",\"@id\":\"https:\/\/takomoalkutuli.fi\/product\/emannanveitsi-tupella\/#breadcrumb\",\"itemListElement\":[{\"@type\":\"ListItem\",\"position\":1,\"name\":\"Etusivu\",\"item\":\"https:\/\/takomoalkutuli.fi\/\"},{\"@type\":\"ListItem\",\"position\":2,\"name\":\"Kauppa\",\"item\":\"https:\/\/takomoalkutuli.fi\/shop\/\"},{\"@type\":\"ListItem\",\"position\":3,\"name\":\"Em\u00e4nn\u00e4nveitsi tupella.\"}]},{\"@type\":\"WebSite\",\"@id\":\"https:\/\/takomoalkutuli.fi\/#website\",\"url\":\"https:\/\/takomoalkutuli.fi\/\",\"name\":\"Takomo Alkutuli\",\"description\":\"\",\"publisher\":{\"@id\":\"https:\/\/takomoalkutuli.fi\/#organization\"},\"potentialAction\":[{\"@type\":\"SearchAction\",\"target\":{\"@type\":\"EntryPoint\",\"urlTemplate\":\"https:\/\/takomoalkutuli.fi\/?s={search_term_string}\"},\"query-input\":{\"@type\":\"PropertyValueSpecification\",\"valueRequired\":true,\"valueName\":\"search_term_string\"}}],\"inLanguage\":\"en-US\"},{\"@type\":\"Organization\",\"@id\":\"https:\/\/takomoalkutuli.fi\/#organization\",\"name\":\"Takomo Alkutuli\",\"url\":\"https:\/\/takomoalkutuli.fi\/\",\"logo\":{\"@type\":\"ImageObject\",\"inLanguage\":\"en-US\",\"@id\":\"https:\/\/takomoalkutuli.fi\/#\/schema\/logo\/image\/\",\"url\":\"https:\/\/takomoalkutuli.fi\/wp-content\/uploads\/2024\/10\/icon.png\",\"contentUrl\":\"https:\/\/takomoalkutuli.fi\/wp-content\/uploads\/2024\/10\/icon.png\",\"width\":228,\"height\":228,\"caption\":\"Takomo Alkutuli\"},\"image\":{\"@id\":\"https:\/\/takomoalkutuli.fi\/#\/schema\/logo\/image\/\"},\"sameAs\":[\"https:\/\/www.facebook.com\/TakomoAlkutuli\/\",\"https:\/\/www.instagram.com\/alkutuli\/\"]}]}<\/script>\n<!-- \/ Yoast SEO plugin. -->","yoast_head_json":{"title":"Em\u00e4nn\u00e4nveitsi tupella. - Takomo Alkutuli","description":"K\u00e4sin taottu em\u00e4nn\u00e4nveitsi. Karkaistu ja teroitettu ter\u00e4 sek\u00e4 nahkatuppi tekev\u00e4t t\u00e4st\u00e4 historiallisesta sep\u00e4n veitsest\u00e4 kest\u00e4v\u00e4n ja tyylikk\u00e4\u00e4n ty\u00f6kalun.","robots":{"index":"index","follow":"follow","max-snippet":"max-snippet:-1","max-image-preview":"max-image-preview:large","max-video-preview":"max-video-preview:-1"},"canonical":"https:\/\/takomoalkutuli.fi\/en\/product\/emannanveitsi-tupella\/","og_locale":"en_US","og_type":"article","og_title":"Em\u00e4nn\u00e4nveitsi tupella. - Takomo Alkutuli","og_description":"K\u00e4sin taottu em\u00e4nn\u00e4nveitsi. Karkaistu ja teroitettu ter\u00e4 sek\u00e4 nahkatuppi tekev\u00e4t t\u00e4st\u00e4 historiallisesta sep\u00e4n veitsest\u00e4 kest\u00e4v\u00e4n ja tyylikk\u00e4\u00e4n ty\u00f6kalun.","og_url":"https:\/\/takomoalkutuli.fi\/en\/product\/emannanveitsi-tupella\/","og_site_name":"Takomo Alkutuli","article_publisher":"https:\/\/www.facebook.com\/TakomoAlkutuli\/","article_modified_time":"2025-10-17T16:06:55+00:00","og_image":[{"width":2560,"height":1735,"url":"https:\/\/takomoalkutuli.fi\/wp-content\/uploads\/2024\/10\/emannanveitsi2-scaled.jpg","type":"image\/jpeg"}],"twitter_card":"summary_large_image","twitter_misc":{"Est. reading time":"2 minutes"},"schema":{"@context":"https:\/\/schema.org","@graph":[{"@type":"WebPage","@id":"https:\/\/takomoalkutuli.fi\/product\/emannanveitsi-tupella\/","url":"https:\/\/takomoalkutuli.fi\/product\/emannanveitsi-tupella\/","name":"Em\u00e4nn\u00e4nveitsi tupella. - Takomo Alkutuli","isPartOf":{"@id":"https:\/\/takomoalkutuli.fi\/#website"},"primaryImageOfPage":{"@id":"https:\/\/takomoalkutuli.fi\/product\/emannanveitsi-tupella\/#primaryimage"},"image":{"@id":"https:\/\/takomoalkutuli.fi\/product\/emannanveitsi-tupella\/#primaryimage"},"thumbnailUrl":"https:\/\/takomoalkutuli.fi\/wp-content\/uploads\/2024\/10\/emannanveitsi2-scaled.jpg","datePublished":"2024-10-09T13:42:52+00:00","dateModified":"2025-10-17T16:06:55+00:00","description":"K\u00e4sin taottu em\u00e4nn\u00e4nveitsi. Karkaistu ja teroitettu ter\u00e4 sek\u00e4 nahkatuppi tekev\u00e4t t\u00e4st\u00e4 historiallisesta sep\u00e4n veitsest\u00e4 kest\u00e4v\u00e4n ja tyylikk\u00e4\u00e4n ty\u00f6kalun.","breadcrumb":{"@id":"https:\/\/takomoalkutuli.fi\/product\/emannanveitsi-tupella\/#breadcrumb"},"inLanguage":"en-US","potentialAction":[{"@type":"ReadAction","target":["https:\/\/takomoalkutuli.fi\/product\/emannanveitsi-tupella\/"]}]},{"@type":"ImageObject","inLanguage":"en-US","@id":"https:\/\/takomoalkutuli.fi\/product\/emannanveitsi-tupella\/#primaryimage","url":"https:\/\/takomoalkutuli.fi\/wp-content\/uploads\/2024\/10\/emannanveitsi2-scaled.jpg","contentUrl":"https:\/\/takomoalkutuli.fi\/wp-content\/uploads\/2024\/10\/emannanveitsi2-scaled.jpg","width":2560,"height":1735,"caption":"k\u00e4sin taottu em\u00e4nn\u00e4nveitsi"},{"@type":"BreadcrumbList","@id":"https:\/\/takomoalkutuli.fi\/product\/emannanveitsi-tupella\/#breadcrumb","itemListElement":[{"@type":"ListItem","position":1,"name":"Etusivu","item":"https:\/\/takomoalkutuli.fi\/"},{"@type":"ListItem","position":2,"name":"Kauppa","item":"https:\/\/takomoalkutuli.fi\/shop\/"},{"@type":"ListItem","position":3,"name":"Em\u00e4nn\u00e4nveitsi tupella."}]},{"@type":"WebSite","@id":"https:\/\/takomoalkutuli.fi\/#website","url":"https:\/\/takomoalkutuli.fi\/","name":"Primordial Fire forge","description":"","publisher":{"@id":"https:\/\/takomoalkutuli.fi\/#organization"},"potentialAction":[{"@type":"SearchAction","target":{"@type":"EntryPoint","urlTemplate":"https:\/\/takomoalkutuli.fi\/?s={search_term_string}"},"query-input":{"@type":"PropertyValueSpecification","valueRequired":true,"valueName":"search_term_string"}}],"inLanguage":"en-US"},{"@type":"Organization","@id":"https:\/\/takomoalkutuli.fi\/#organization","name":"Primordial Fire forge","url":"https:\/\/takomoalkutuli.fi\/","logo":{"@type":"ImageObject","inLanguage":"en-US","@id":"https:\/\/takomoalkutuli.fi\/#\/schema\/logo\/image\/","url":"https:\/\/takomoalkutuli.fi\/wp-content\/uploads\/2024\/10\/icon.png","contentUrl":"https:\/\/takomoalkutuli.fi\/wp-content\/uploads\/2024\/10\/icon.png","width":228,"height":228,"caption":"Takomo Alkutuli"},"image":{"@id":"https:\/\/takomoalkutuli.fi\/#\/schema\/logo\/image\/"},"sameAs":["https:\/\/www.facebook.com\/TakomoAlkutuli\/","https:\/\/www.instagram.com\/alkutuli\/"]}]}},"_links":{"self":[{"href":"https:\/\/takomoalkutuli.fi\/en\/wp-json\/wp\/v2\/product\/815","targetHints":{"allow":["GET"]}}],"collection":[{"href":"https:\/\/takomoalkutuli.fi\/en\/wp-json\/wp\/v2\/product"}],"about":[{"href":"https:\/\/takomoalkutuli.fi\/en\/wp-json\/wp\/v2\/types\/product"}],"wp:featuredmedia":[{"embeddable":true,"href":"https:\/\/takomoalkutuli.fi\/en\/wp-json\/wp\/v2\/media\/817"}],"wp:attachment":[{"href":"https:\/\/takomoalkutuli.fi\/en\/wp-json\/wp\/v2\/media?parent=815"}],"wp:term":[{"taxonomy":"product_brand","embeddable":true,"href":"https:\/\/takomoalkutuli.fi\/en\/wp-json\/wp\/v2\/product_brand?post=815"},{"taxonomy":"product_cat","embeddable":true,"href":"https:\/\/takomoalkutuli.fi\/en\/wp-json\/wp\/v2\/product_cat?post=815"},{"taxonomy":"product_tag","embeddable":true,"href":"https:\/\/takomoalkutuli.fi\/en\/wp-json\/wp\/v2\/product_tag?post=815"}],"curies":[{"name":"wp","href":"https:\/\/api.w.org\/{rel}","templated":true}]}}