{"id":814,"date":"2024-10-09T13:35:01","date_gmt":"2024-10-09T13:35:01","guid":{"rendered":"https:\/\/takomoalkutuli.fi\/?post_type=product&#038;p=814"},"modified":"2025-10-17T10:22:04","modified_gmt":"2025-10-17T10:22:04","slug":"talttakuvioitu-sormus","status":"publish","type":"product","link":"https:\/\/takomoalkutuli.fi\/en\/product\/talttakuvioitu-sormus\/","title":{"rendered":"Talttakuvioitu sormus."},"content":{"rendered":"<div class=\"woocommerce-tabs wc-tabs-wrapper\">\n<div id=\"tab-description\" class=\"woocommerce-Tabs-panel woocommerce-Tabs-panel--description panel entry-content wc-tab\" role=\"tabpanel\" aria-labelledby=\"tab-title-description\">\n<h3 data-start=\"89\" data-end=\"153\">Taottu Talttakuvioitu Sormus \u2014 Kest\u00e4v\u00e4 ja Ajaton Design<\/h3>\n<p data-start=\"155\" data-end=\"432\">T\u00e4m\u00e4 <strong data-start=\"160\" data-end=\"192\">taottu talttakuvioitu sormus<\/strong> on valmistettu <strong data-start=\"208\" data-end=\"239\">ruostumattomasta ter\u00e4ksest\u00e4<\/strong>, joten se on kest\u00e4v\u00e4 ja <strong data-start=\"264\" data-end=\"298\">ei j\u00e4t\u00e4 ik\u00e4vi\u00e4 j\u00e4lki\u00e4 k\u00e4yt\u00f6ss\u00e4<\/strong>. Sormuksen pintaan on <strong data-start=\"321\" data-end=\"346\">taottu ura kerrallaan<\/strong>, luoden yksityiskohtaisen ja tyylikk\u00e4\u00e4n kuvion, joka kiert\u00e4\u00e4 koko sormuksen ymp\u00e4ri.<\/p>\n<p data-start=\"434\" data-end=\"581\">Sormus yhdist\u00e4\u00e4 <strong data-start=\"450\" data-end=\"493\">k\u00e4sity\u00f6n taidon ja modernin kest\u00e4vyyden<\/strong>, tehden siit\u00e4 <strong data-start=\"508\" data-end=\"540\">n\u00e4ytt\u00e4v\u00e4n ja ajattoman lis\u00e4n<\/strong> niin arkeen kuin erityistilaisuuksiin.<\/p>\n<p>Ilmoitathan ostaessa sormesi koon. Jokainen sormus on kuitenkin aukinainen ja s\u00e4\u00e4dett\u00e4v\u00e4. Kotioloissakin t\u00e4m\u00e4 onnistuu ihan parilla pihdill\u00e4 ja on etuna jos sormen koot tuntuvat muuttuvan vuodenaikojen mukaan.<\/p>\n<p>Jokainen tuote on yksil\u00f6llisesti k\u00e4sity\u00f6n\u00e4 valmistettu ja niiss\u00e4 saattaa olla pieni\u00e4 yksityiskohta eroja.<\/p>\n<\/div>\n<p><em>Tagit: <a href=\"https:\/\/takomoalkutuli.fi\/en\/product-category\/sormukset\/\">Sormus<\/a><\/em><\/p>\n<\/div>","protected":false},"excerpt":{"rendered":"<p>Talttakuvioitu sormus ruostumattomasta ter\u00e4ksest\u00e4. Ilmoitathan kokosi tilatessasi tuotteen.<\/p>","protected":false},"featured_media":784,"template":"","meta":[],"product_brand":[],"product_cat":[89],"product_tag":[90,96],"class_list":{"0":"post-814","1":"product","2":"type-product","3":"status-publish","4":"has-post-thumbnail","6":"product_cat-sormukset","7":"product_tag-sormus","8":"product_tag-talttasormus","9":"product_shipping_class-kirje","11":"first","12":"instock","13":"taxable","14":"shipping-taxable","15":"purchasable","16":"product-type-simple"},"yoast_head":"<!-- This site is optimized with the Yoast SEO plugin v26.1.1 - https:\/\/yoast.com\/wordpress\/plugins\/seo\/ -->\n<title>Talttakuvioitu sormus. - Takomo Alkutuli<\/title>\n<meta name=\"description\" content=\"Taottu talttakuvioitu sormus ruostumattomasta ter\u00e4ksest\u00e4 \u2013 kest\u00e4v\u00e4, tyylik\u00e4s ja ajaton sormus, jossa yksityiskohtainen ura kiert\u00e4\u00e4 koko sormuksen ymp\u00e4ri.\" \/>\n<meta name=\"robots\" content=\"index, follow, max-snippet:-1, max-image-preview:large, max-video-preview:-1\" \/>\n<link rel=\"canonical\" href=\"https:\/\/takomoalkutuli.fi\/en\/product\/talttakuvioitu-sormus\/\" \/>\n<meta property=\"og:locale\" content=\"en_US\" \/>\n<meta property=\"og:type\" content=\"article\" \/>\n<meta property=\"og:title\" content=\"Talttakuvioitu sormus. - Takomo Alkutuli\" \/>\n<meta property=\"og:description\" content=\"Taottu talttakuvioitu sormus ruostumattomasta ter\u00e4ksest\u00e4 \u2013 kest\u00e4v\u00e4, tyylik\u00e4s ja ajaton sormus, jossa yksityiskohtainen ura kiert\u00e4\u00e4 koko sormuksen ymp\u00e4ri.\" \/>\n<meta property=\"og:url\" content=\"https:\/\/takomoalkutuli.fi\/en\/product\/talttakuvioitu-sormus\/\" \/>\n<meta property=\"og:site_name\" content=\"Takomo Alkutuli\" \/>\n<meta property=\"article:publisher\" content=\"https:\/\/www.facebook.com\/TakomoAlkutuli\/\" \/>\n<meta property=\"article:modified_time\" content=\"2025-10-17T10:22:04+00:00\" \/>\n<meta property=\"og:image\" content=\"https:\/\/takomoalkutuli.fi\/wp-content\/uploads\/2024\/10\/talttasormus-scaled.jpg\" \/>\n\t<meta property=\"og:image:width\" content=\"2560\" \/>\n\t<meta property=\"og:image:height\" content=\"1735\" \/>\n\t<meta property=\"og:image:type\" content=\"image\/jpeg\" \/>\n<meta name=\"twitter:card\" content=\"summary_large_image\" \/>\n<meta name=\"twitter:label1\" content=\"Est. reading time\" \/>\n\t<meta name=\"twitter:data1\" content=\"1 minute\" \/>\n<script type=\"application\/ld+json\" class=\"yoast-schema-graph\">{\"@context\":\"https:\/\/schema.org\",\"@graph\":[{\"@type\":\"WebPage\",\"@id\":\"https:\/\/takomoalkutuli.fi\/product\/talttakuvioitu-sormus\/\",\"url\":\"https:\/\/takomoalkutuli.fi\/product\/talttakuvioitu-sormus\/\",\"name\":\"Talttakuvioitu sormus. - Takomo Alkutuli\",\"isPartOf\":{\"@id\":\"https:\/\/takomoalkutuli.fi\/#website\"},\"primaryImageOfPage\":{\"@id\":\"https:\/\/takomoalkutuli.fi\/product\/talttakuvioitu-sormus\/#primaryimage\"},\"image\":{\"@id\":\"https:\/\/takomoalkutuli.fi\/product\/talttakuvioitu-sormus\/#primaryimage\"},\"thumbnailUrl\":\"https:\/\/takomoalkutuli.fi\/wp-content\/uploads\/2024\/10\/talttasormus-scaled.jpg\",\"datePublished\":\"2024-10-09T13:35:01+00:00\",\"dateModified\":\"2025-10-17T10:22:04+00:00\",\"description\":\"Taottu talttakuvioitu sormus ruostumattomasta ter\u00e4ksest\u00e4 \u2013 kest\u00e4v\u00e4, tyylik\u00e4s ja ajaton sormus, jossa yksityiskohtainen ura kiert\u00e4\u00e4 koko sormuksen ymp\u00e4ri.\",\"breadcrumb\":{\"@id\":\"https:\/\/takomoalkutuli.fi\/product\/talttakuvioitu-sormus\/#breadcrumb\"},\"inLanguage\":\"en-US\",\"potentialAction\":[{\"@type\":\"ReadAction\",\"target\":[\"https:\/\/takomoalkutuli.fi\/product\/talttakuvioitu-sormus\/\"]}]},{\"@type\":\"ImageObject\",\"inLanguage\":\"en-US\",\"@id\":\"https:\/\/takomoalkutuli.fi\/product\/talttakuvioitu-sormus\/#primaryimage\",\"url\":\"https:\/\/takomoalkutuli.fi\/wp-content\/uploads\/2024\/10\/talttasormus-scaled.jpg\",\"contentUrl\":\"https:\/\/takomoalkutuli.fi\/wp-content\/uploads\/2024\/10\/talttasormus-scaled.jpg\",\"width\":2560,\"height\":1735},{\"@type\":\"BreadcrumbList\",\"@id\":\"https:\/\/takomoalkutuli.fi\/product\/talttakuvioitu-sormus\/#breadcrumb\",\"itemListElement\":[{\"@type\":\"ListItem\",\"position\":1,\"name\":\"Etusivu\",\"item\":\"https:\/\/takomoalkutuli.fi\/\"},{\"@type\":\"ListItem\",\"position\":2,\"name\":\"Kauppa\",\"item\":\"https:\/\/takomoalkutuli.fi\/shop\/\"},{\"@type\":\"ListItem\",\"position\":3,\"name\":\"Talttakuvioitu sormus.\"}]},{\"@type\":\"WebSite\",\"@id\":\"https:\/\/takomoalkutuli.fi\/#website\",\"url\":\"https:\/\/takomoalkutuli.fi\/\",\"name\":\"Takomo Alkutuli\",\"description\":\"\",\"publisher\":{\"@id\":\"https:\/\/takomoalkutuli.fi\/#organization\"},\"potentialAction\":[{\"@type\":\"SearchAction\",\"target\":{\"@type\":\"EntryPoint\",\"urlTemplate\":\"https:\/\/takomoalkutuli.fi\/?s={search_term_string}\"},\"query-input\":{\"@type\":\"PropertyValueSpecification\",\"valueRequired\":true,\"valueName\":\"search_term_string\"}}],\"inLanguage\":\"en-US\"},{\"@type\":\"Organization\",\"@id\":\"https:\/\/takomoalkutuli.fi\/#organization\",\"name\":\"Takomo Alkutuli\",\"url\":\"https:\/\/takomoalkutuli.fi\/\",\"logo\":{\"@type\":\"ImageObject\",\"inLanguage\":\"en-US\",\"@id\":\"https:\/\/takomoalkutuli.fi\/#\/schema\/logo\/image\/\",\"url\":\"https:\/\/takomoalkutuli.fi\/wp-content\/uploads\/2024\/10\/icon.png\",\"contentUrl\":\"https:\/\/takomoalkutuli.fi\/wp-content\/uploads\/2024\/10\/icon.png\",\"width\":228,\"height\":228,\"caption\":\"Takomo Alkutuli\"},\"image\":{\"@id\":\"https:\/\/takomoalkutuli.fi\/#\/schema\/logo\/image\/\"},\"sameAs\":[\"https:\/\/www.facebook.com\/TakomoAlkutuli\/\",\"https:\/\/www.instagram.com\/alkutuli\/\"]}]}<\/script>\n<!-- \/ Yoast SEO plugin. -->","yoast_head_json":{"title":"Talttakuvioitu sormus. - Takomo Alkutuli","description":"Taottu talttakuvioitu sormus ruostumattomasta ter\u00e4ksest\u00e4 \u2013 kest\u00e4v\u00e4, tyylik\u00e4s ja ajaton sormus, jossa yksityiskohtainen ura kiert\u00e4\u00e4 koko sormuksen ymp\u00e4ri.","robots":{"index":"index","follow":"follow","max-snippet":"max-snippet:-1","max-image-preview":"max-image-preview:large","max-video-preview":"max-video-preview:-1"},"canonical":"https:\/\/takomoalkutuli.fi\/en\/product\/talttakuvioitu-sormus\/","og_locale":"en_US","og_type":"article","og_title":"Talttakuvioitu sormus. - Takomo Alkutuli","og_description":"Taottu talttakuvioitu sormus ruostumattomasta ter\u00e4ksest\u00e4 \u2013 kest\u00e4v\u00e4, tyylik\u00e4s ja ajaton sormus, jossa yksityiskohtainen ura kiert\u00e4\u00e4 koko sormuksen ymp\u00e4ri.","og_url":"https:\/\/takomoalkutuli.fi\/en\/product\/talttakuvioitu-sormus\/","og_site_name":"Takomo Alkutuli","article_publisher":"https:\/\/www.facebook.com\/TakomoAlkutuli\/","article_modified_time":"2025-10-17T10:22:04+00:00","og_image":[{"width":2560,"height":1735,"url":"https:\/\/takomoalkutuli.fi\/wp-content\/uploads\/2024\/10\/talttasormus-scaled.jpg","type":"image\/jpeg"}],"twitter_card":"summary_large_image","twitter_misc":{"Est. reading time":"1 minute"},"schema":{"@context":"https:\/\/schema.org","@graph":[{"@type":"WebPage","@id":"https:\/\/takomoalkutuli.fi\/product\/talttakuvioitu-sormus\/","url":"https:\/\/takomoalkutuli.fi\/product\/talttakuvioitu-sormus\/","name":"Talttakuvioitu sormus. - Takomo Alkutuli","isPartOf":{"@id":"https:\/\/takomoalkutuli.fi\/#website"},"primaryImageOfPage":{"@id":"https:\/\/takomoalkutuli.fi\/product\/talttakuvioitu-sormus\/#primaryimage"},"image":{"@id":"https:\/\/takomoalkutuli.fi\/product\/talttakuvioitu-sormus\/#primaryimage"},"thumbnailUrl":"https:\/\/takomoalkutuli.fi\/wp-content\/uploads\/2024\/10\/talttasormus-scaled.jpg","datePublished":"2024-10-09T13:35:01+00:00","dateModified":"2025-10-17T10:22:04+00:00","description":"Taottu talttakuvioitu sormus ruostumattomasta ter\u00e4ksest\u00e4 \u2013 kest\u00e4v\u00e4, tyylik\u00e4s ja ajaton sormus, jossa yksityiskohtainen ura kiert\u00e4\u00e4 koko sormuksen ymp\u00e4ri.","breadcrumb":{"@id":"https:\/\/takomoalkutuli.fi\/product\/talttakuvioitu-sormus\/#breadcrumb"},"inLanguage":"en-US","potentialAction":[{"@type":"ReadAction","target":["https:\/\/takomoalkutuli.fi\/product\/talttakuvioitu-sormus\/"]}]},{"@type":"ImageObject","inLanguage":"en-US","@id":"https:\/\/takomoalkutuli.fi\/product\/talttakuvioitu-sormus\/#primaryimage","url":"https:\/\/takomoalkutuli.fi\/wp-content\/uploads\/2024\/10\/talttasormus-scaled.jpg","contentUrl":"https:\/\/takomoalkutuli.fi\/wp-content\/uploads\/2024\/10\/talttasormus-scaled.jpg","width":2560,"height":1735},{"@type":"BreadcrumbList","@id":"https:\/\/takomoalkutuli.fi\/product\/talttakuvioitu-sormus\/#breadcrumb","itemListElement":[{"@type":"ListItem","position":1,"name":"Etusivu","item":"https:\/\/takomoalkutuli.fi\/"},{"@type":"ListItem","position":2,"name":"Kauppa","item":"https:\/\/takomoalkutuli.fi\/shop\/"},{"@type":"ListItem","position":3,"name":"Talttakuvioitu sormus."}]},{"@type":"WebSite","@id":"https:\/\/takomoalkutuli.fi\/#website","url":"https:\/\/takomoalkutuli.fi\/","name":"Primordial Fire forge","description":"","publisher":{"@id":"https:\/\/takomoalkutuli.fi\/#organization"},"potentialAction":[{"@type":"SearchAction","target":{"@type":"EntryPoint","urlTemplate":"https:\/\/takomoalkutuli.fi\/?s={search_term_string}"},"query-input":{"@type":"PropertyValueSpecification","valueRequired":true,"valueName":"search_term_string"}}],"inLanguage":"en-US"},{"@type":"Organization","@id":"https:\/\/takomoalkutuli.fi\/#organization","name":"Primordial Fire forge","url":"https:\/\/takomoalkutuli.fi\/","logo":{"@type":"ImageObject","inLanguage":"en-US","@id":"https:\/\/takomoalkutuli.fi\/#\/schema\/logo\/image\/","url":"https:\/\/takomoalkutuli.fi\/wp-content\/uploads\/2024\/10\/icon.png","contentUrl":"https:\/\/takomoalkutuli.fi\/wp-content\/uploads\/2024\/10\/icon.png","width":228,"height":228,"caption":"Takomo Alkutuli"},"image":{"@id":"https:\/\/takomoalkutuli.fi\/#\/schema\/logo\/image\/"},"sameAs":["https:\/\/www.facebook.com\/TakomoAlkutuli\/","https:\/\/www.instagram.com\/alkutuli\/"]}]}},"_links":{"self":[{"href":"https:\/\/takomoalkutuli.fi\/en\/wp-json\/wp\/v2\/product\/814","targetHints":{"allow":["GET"]}}],"collection":[{"href":"https:\/\/takomoalkutuli.fi\/en\/wp-json\/wp\/v2\/product"}],"about":[{"href":"https:\/\/takomoalkutuli.fi\/en\/wp-json\/wp\/v2\/types\/product"}],"wp:featuredmedia":[{"embeddable":true,"href":"https:\/\/takomoalkutuli.fi\/en\/wp-json\/wp\/v2\/media\/784"}],"wp:attachment":[{"href":"https:\/\/takomoalkutuli.fi\/en\/wp-json\/wp\/v2\/media?parent=814"}],"wp:term":[{"taxonomy":"product_brand","embeddable":true,"href":"https:\/\/takomoalkutuli.fi\/en\/wp-json\/wp\/v2\/product_brand?post=814"},{"taxonomy":"product_cat","embeddable":true,"href":"https:\/\/takomoalkutuli.fi\/en\/wp-json\/wp\/v2\/product_cat?post=814"},{"taxonomy":"product_tag","embeddable":true,"href":"https:\/\/takomoalkutuli.fi\/en\/wp-json\/wp\/v2\/product_tag?post=814"}],"curies":[{"name":"wp","href":"https:\/\/api.w.org\/{rel}","templated":true}]}}