{"id":810,"date":"2024-10-09T13:28:20","date_gmt":"2024-10-09T13:28:20","guid":{"rendered":"https:\/\/takomoalkutuli.fi\/?post_type=product&#038;p=810"},"modified":"2025-10-17T10:31:38","modified_gmt":"2025-10-17T10:31:38","slug":"levea-pajanhistoria-sormus","status":"publish","type":"product","link":"https:\/\/takomoalkutuli.fi\/en\/product\/levea-pajanhistoria-sormus\/","title":{"rendered":"Leve\u00e4 pajanhistoria sormus"},"content":{"rendered":"<h3 data-start=\"103\" data-end=\"176\">Taottu Leve\u00e4 Pajanhistoria -sormus \u2014 K\u00e4sity\u00f6n ja Pajan Historian Yhdistelm\u00e4<\/h3>\n<p data-start=\"178\" data-end=\"491\">T\u00e4m\u00e4 <strong data-start=\"183\" data-end=\"206\">taottu leve\u00e4 sormus<\/strong> on valmistettu <strong data-start=\"222\" data-end=\"253\">ruostumattomasta ter\u00e4ksest\u00e4<\/strong>, joten se on kest\u00e4v\u00e4 ja <strong data-start=\"278\" data-end=\"312\">ei j\u00e4t\u00e4 ik\u00e4vi\u00e4 j\u00e4lki\u00e4 k\u00e4yt\u00f6ss\u00e4<\/strong>. Sormuksen pinta on <strong data-start=\"333\" data-end=\"393\">taottu vuosikymmenen k\u00e4yt\u00f6ss\u00e4 olleelle talttausalustalle<\/strong>, jolloin sormukseen on j\u00e4\u00e4nyt <strong data-start=\"424\" data-end=\"449\">vastakuviot ja j\u00e4ljet<\/strong>, jotka kertovat pajan pitk\u00e4n historian.<\/p>\n<p data-start=\"493\" data-end=\"695\">T\u00e4st\u00e4 yksityiskohdasta sormuksen nimi \u201cPajanhistoria\u201d juontaa juurensa: <strong data-start=\"565\" data-end=\"629\">kirjaimellisesti sormuksen pintaan on taottu pajan historiaa<\/strong>, mik\u00e4 tekee siit\u00e4 <strong data-start=\"648\" data-end=\"692\">merkityksellisen ja ainutlaatuisen korun<\/strong>.<\/p>\n<p>Sormuksen leveys on n. 8mm. Ilmoitathan ostaessa sormesi koon. Jokainen sormus on kuitenkin aukinainen ja s\u00e4\u00e4dett\u00e4v\u00e4. Kotioloissakin t\u00e4m\u00e4 onnistuu ihan parilla pihdill\u00e4 ja on etuna jos sormen koot tuntuvat muuttuvan vuodenaikojen mukaan.<\/p>\n<p>Jokainen tuote on yksil\u00f6llisesti k\u00e4sity\u00f6n\u00e4 valmistettu ja niiss\u00e4 saattaa olla pieni\u00e4 yksityiskohta eroja.<\/p>\n<p>&nbsp;<\/p>\n<p><em>Tagit: <a href=\"https:\/\/takomoalkutuli.fi\/en\/product-category\/sormukset\/\">Sormus<\/a><\/em><\/p>","protected":false},"excerpt":{"rendered":"<p>Leve\u00e4 pajanhistoria sormus, taottu ruostumattomasta ter\u00e4ksest\u00e4. Ilmoitathan kokosi tilatessasi tuotteen.<\/p>","protected":false},"featured_media":780,"template":"","meta":[],"product_brand":[],"product_cat":[89],"product_tag":[95,90],"class_list":{"0":"post-810","1":"product","2":"type-product","3":"status-publish","4":"has-post-thumbnail","6":"product_cat-sormukset","7":"product_tag-pajahistoria","8":"product_tag-sormus","9":"product_shipping_class-kirje","11":"first","12":"instock","13":"taxable","14":"shipping-taxable","15":"purchasable","16":"product-type-simple"},"yoast_head":"<!-- This site is optimized with the Yoast SEO plugin v26.1.1 - https:\/\/yoast.com\/wordpress\/plugins\/seo\/ -->\n<title>Leve\u00e4 pajanhistoria sormus - Takomo Alkutuli<\/title>\n<meta name=\"description\" content=\"Taottu Pajanhistoria-sormus ruostumattomasta ter\u00e4ksest\u00e4 \u2013 leve\u00e4 sormus, jonka pintaan on j\u00e4\u00e4nyt pajan ty\u00f6n j\u00e4ljet, ainutlaatuinen ja merkityksellinen.\" \/>\n<meta name=\"robots\" content=\"index, follow, max-snippet:-1, max-image-preview:large, max-video-preview:-1\" \/>\n<link rel=\"canonical\" href=\"https:\/\/takomoalkutuli.fi\/en\/product\/levea-pajanhistoria-sormus\/\" \/>\n<meta property=\"og:locale\" content=\"en_US\" \/>\n<meta property=\"og:type\" content=\"article\" \/>\n<meta property=\"og:title\" content=\"Leve\u00e4 pajanhistoria sormus - Takomo Alkutuli\" \/>\n<meta property=\"og:description\" content=\"Taottu Pajanhistoria-sormus ruostumattomasta ter\u00e4ksest\u00e4 \u2013 leve\u00e4 sormus, jonka pintaan on j\u00e4\u00e4nyt pajan ty\u00f6n j\u00e4ljet, ainutlaatuinen ja merkityksellinen.\" \/>\n<meta property=\"og:url\" content=\"https:\/\/takomoalkutuli.fi\/en\/product\/levea-pajanhistoria-sormus\/\" \/>\n<meta property=\"og:site_name\" content=\"Takomo Alkutuli\" \/>\n<meta property=\"article:publisher\" content=\"https:\/\/www.facebook.com\/TakomoAlkutuli\/\" \/>\n<meta property=\"article:modified_time\" content=\"2025-10-17T10:31:38+00:00\" \/>\n<meta property=\"og:image\" content=\"https:\/\/takomoalkutuli.fi\/wp-content\/uploads\/2024\/10\/pajahistoria-iso--scaled.jpg\" \/>\n\t<meta property=\"og:image:width\" content=\"2560\" \/>\n\t<meta property=\"og:image:height\" content=\"1735\" \/>\n\t<meta property=\"og:image:type\" content=\"image\/jpeg\" \/>\n<meta name=\"twitter:card\" content=\"summary_large_image\" \/>\n<meta name=\"twitter:label1\" content=\"Est. reading time\" \/>\n\t<meta name=\"twitter:data1\" content=\"1 minute\" \/>\n<script type=\"application\/ld+json\" class=\"yoast-schema-graph\">{\"@context\":\"https:\/\/schema.org\",\"@graph\":[{\"@type\":\"WebPage\",\"@id\":\"https:\/\/takomoalkutuli.fi\/product\/levea-pajanhistoria-sormus\/\",\"url\":\"https:\/\/takomoalkutuli.fi\/product\/levea-pajanhistoria-sormus\/\",\"name\":\"Leve\u00e4 pajanhistoria sormus - Takomo Alkutuli\",\"isPartOf\":{\"@id\":\"https:\/\/takomoalkutuli.fi\/#website\"},\"primaryImageOfPage\":{\"@id\":\"https:\/\/takomoalkutuli.fi\/product\/levea-pajanhistoria-sormus\/#primaryimage\"},\"image\":{\"@id\":\"https:\/\/takomoalkutuli.fi\/product\/levea-pajanhistoria-sormus\/#primaryimage\"},\"thumbnailUrl\":\"https:\/\/takomoalkutuli.fi\/wp-content\/uploads\/2024\/10\/pajahistoria-iso--scaled.jpg\",\"datePublished\":\"2024-10-09T13:28:20+00:00\",\"dateModified\":\"2025-10-17T10:31:38+00:00\",\"description\":\"Taottu Pajanhistoria-sormus ruostumattomasta ter\u00e4ksest\u00e4 \u2013 leve\u00e4 sormus, jonka pintaan on j\u00e4\u00e4nyt pajan ty\u00f6n j\u00e4ljet, ainutlaatuinen ja merkityksellinen.\",\"breadcrumb\":{\"@id\":\"https:\/\/takomoalkutuli.fi\/product\/levea-pajanhistoria-sormus\/#breadcrumb\"},\"inLanguage\":\"en-US\",\"potentialAction\":[{\"@type\":\"ReadAction\",\"target\":[\"https:\/\/takomoalkutuli.fi\/product\/levea-pajanhistoria-sormus\/\"]}]},{\"@type\":\"ImageObject\",\"inLanguage\":\"en-US\",\"@id\":\"https:\/\/takomoalkutuli.fi\/product\/levea-pajanhistoria-sormus\/#primaryimage\",\"url\":\"https:\/\/takomoalkutuli.fi\/wp-content\/uploads\/2024\/10\/pajahistoria-iso--scaled.jpg\",\"contentUrl\":\"https:\/\/takomoalkutuli.fi\/wp-content\/uploads\/2024\/10\/pajahistoria-iso--scaled.jpg\",\"width\":2560,\"height\":1735,\"caption\":\"Leve\u00e4 pajanhistoria sormus\"},{\"@type\":\"BreadcrumbList\",\"@id\":\"https:\/\/takomoalkutuli.fi\/product\/levea-pajanhistoria-sormus\/#breadcrumb\",\"itemListElement\":[{\"@type\":\"ListItem\",\"position\":1,\"name\":\"Etusivu\",\"item\":\"https:\/\/takomoalkutuli.fi\/\"},{\"@type\":\"ListItem\",\"position\":2,\"name\":\"Kauppa\",\"item\":\"https:\/\/takomoalkutuli.fi\/shop\/\"},{\"@type\":\"ListItem\",\"position\":3,\"name\":\"Leve\u00e4 pajanhistoria sormus\"}]},{\"@type\":\"WebSite\",\"@id\":\"https:\/\/takomoalkutuli.fi\/#website\",\"url\":\"https:\/\/takomoalkutuli.fi\/\",\"name\":\"Takomo Alkutuli\",\"description\":\"\",\"publisher\":{\"@id\":\"https:\/\/takomoalkutuli.fi\/#organization\"},\"potentialAction\":[{\"@type\":\"SearchAction\",\"target\":{\"@type\":\"EntryPoint\",\"urlTemplate\":\"https:\/\/takomoalkutuli.fi\/?s={search_term_string}\"},\"query-input\":{\"@type\":\"PropertyValueSpecification\",\"valueRequired\":true,\"valueName\":\"search_term_string\"}}],\"inLanguage\":\"en-US\"},{\"@type\":\"Organization\",\"@id\":\"https:\/\/takomoalkutuli.fi\/#organization\",\"name\":\"Takomo Alkutuli\",\"url\":\"https:\/\/takomoalkutuli.fi\/\",\"logo\":{\"@type\":\"ImageObject\",\"inLanguage\":\"en-US\",\"@id\":\"https:\/\/takomoalkutuli.fi\/#\/schema\/logo\/image\/\",\"url\":\"https:\/\/takomoalkutuli.fi\/wp-content\/uploads\/2024\/10\/icon.png\",\"contentUrl\":\"https:\/\/takomoalkutuli.fi\/wp-content\/uploads\/2024\/10\/icon.png\",\"width\":228,\"height\":228,\"caption\":\"Takomo Alkutuli\"},\"image\":{\"@id\":\"https:\/\/takomoalkutuli.fi\/#\/schema\/logo\/image\/\"},\"sameAs\":[\"https:\/\/www.facebook.com\/TakomoAlkutuli\/\",\"https:\/\/www.instagram.com\/alkutuli\/\"]}]}<\/script>\n<!-- \/ Yoast SEO plugin. -->","yoast_head_json":{"title":"Leve\u00e4 pajanhistoria sormus - Takomo Alkutuli","description":"Taottu Pajanhistoria-sormus ruostumattomasta ter\u00e4ksest\u00e4 \u2013 leve\u00e4 sormus, jonka pintaan on j\u00e4\u00e4nyt pajan ty\u00f6n j\u00e4ljet, ainutlaatuinen ja merkityksellinen.","robots":{"index":"index","follow":"follow","max-snippet":"max-snippet:-1","max-image-preview":"max-image-preview:large","max-video-preview":"max-video-preview:-1"},"canonical":"https:\/\/takomoalkutuli.fi\/en\/product\/levea-pajanhistoria-sormus\/","og_locale":"en_US","og_type":"article","og_title":"Leve\u00e4 pajanhistoria sormus - Takomo Alkutuli","og_description":"Taottu Pajanhistoria-sormus ruostumattomasta ter\u00e4ksest\u00e4 \u2013 leve\u00e4 sormus, jonka pintaan on j\u00e4\u00e4nyt pajan ty\u00f6n j\u00e4ljet, ainutlaatuinen ja merkityksellinen.","og_url":"https:\/\/takomoalkutuli.fi\/en\/product\/levea-pajanhistoria-sormus\/","og_site_name":"Takomo Alkutuli","article_publisher":"https:\/\/www.facebook.com\/TakomoAlkutuli\/","article_modified_time":"2025-10-17T10:31:38+00:00","og_image":[{"width":2560,"height":1735,"url":"https:\/\/takomoalkutuli.fi\/wp-content\/uploads\/2024\/10\/pajahistoria-iso--scaled.jpg","type":"image\/jpeg"}],"twitter_card":"summary_large_image","twitter_misc":{"Est. reading time":"1 minute"},"schema":{"@context":"https:\/\/schema.org","@graph":[{"@type":"WebPage","@id":"https:\/\/takomoalkutuli.fi\/product\/levea-pajanhistoria-sormus\/","url":"https:\/\/takomoalkutuli.fi\/product\/levea-pajanhistoria-sormus\/","name":"Leve\u00e4 pajanhistoria sormus - Takomo Alkutuli","isPartOf":{"@id":"https:\/\/takomoalkutuli.fi\/#website"},"primaryImageOfPage":{"@id":"https:\/\/takomoalkutuli.fi\/product\/levea-pajanhistoria-sormus\/#primaryimage"},"image":{"@id":"https:\/\/takomoalkutuli.fi\/product\/levea-pajanhistoria-sormus\/#primaryimage"},"thumbnailUrl":"https:\/\/takomoalkutuli.fi\/wp-content\/uploads\/2024\/10\/pajahistoria-iso--scaled.jpg","datePublished":"2024-10-09T13:28:20+00:00","dateModified":"2025-10-17T10:31:38+00:00","description":"Taottu Pajanhistoria-sormus ruostumattomasta ter\u00e4ksest\u00e4 \u2013 leve\u00e4 sormus, jonka pintaan on j\u00e4\u00e4nyt pajan ty\u00f6n j\u00e4ljet, ainutlaatuinen ja merkityksellinen.","breadcrumb":{"@id":"https:\/\/takomoalkutuli.fi\/product\/levea-pajanhistoria-sormus\/#breadcrumb"},"inLanguage":"en-US","potentialAction":[{"@type":"ReadAction","target":["https:\/\/takomoalkutuli.fi\/product\/levea-pajanhistoria-sormus\/"]}]},{"@type":"ImageObject","inLanguage":"en-US","@id":"https:\/\/takomoalkutuli.fi\/product\/levea-pajanhistoria-sormus\/#primaryimage","url":"https:\/\/takomoalkutuli.fi\/wp-content\/uploads\/2024\/10\/pajahistoria-iso--scaled.jpg","contentUrl":"https:\/\/takomoalkutuli.fi\/wp-content\/uploads\/2024\/10\/pajahistoria-iso--scaled.jpg","width":2560,"height":1735,"caption":"Leve\u00e4 pajanhistoria sormus"},{"@type":"BreadcrumbList","@id":"https:\/\/takomoalkutuli.fi\/product\/levea-pajanhistoria-sormus\/#breadcrumb","itemListElement":[{"@type":"ListItem","position":1,"name":"Etusivu","item":"https:\/\/takomoalkutuli.fi\/"},{"@type":"ListItem","position":2,"name":"Kauppa","item":"https:\/\/takomoalkutuli.fi\/shop\/"},{"@type":"ListItem","position":3,"name":"Leve\u00e4 pajanhistoria sormus"}]},{"@type":"WebSite","@id":"https:\/\/takomoalkutuli.fi\/#website","url":"https:\/\/takomoalkutuli.fi\/","name":"Primordial Fire forge","description":"","publisher":{"@id":"https:\/\/takomoalkutuli.fi\/#organization"},"potentialAction":[{"@type":"SearchAction","target":{"@type":"EntryPoint","urlTemplate":"https:\/\/takomoalkutuli.fi\/?s={search_term_string}"},"query-input":{"@type":"PropertyValueSpecification","valueRequired":true,"valueName":"search_term_string"}}],"inLanguage":"en-US"},{"@type":"Organization","@id":"https:\/\/takomoalkutuli.fi\/#organization","name":"Primordial Fire forge","url":"https:\/\/takomoalkutuli.fi\/","logo":{"@type":"ImageObject","inLanguage":"en-US","@id":"https:\/\/takomoalkutuli.fi\/#\/schema\/logo\/image\/","url":"https:\/\/takomoalkutuli.fi\/wp-content\/uploads\/2024\/10\/icon.png","contentUrl":"https:\/\/takomoalkutuli.fi\/wp-content\/uploads\/2024\/10\/icon.png","width":228,"height":228,"caption":"Takomo Alkutuli"},"image":{"@id":"https:\/\/takomoalkutuli.fi\/#\/schema\/logo\/image\/"},"sameAs":["https:\/\/www.facebook.com\/TakomoAlkutuli\/","https:\/\/www.instagram.com\/alkutuli\/"]}]}},"_links":{"self":[{"href":"https:\/\/takomoalkutuli.fi\/en\/wp-json\/wp\/v2\/product\/810","targetHints":{"allow":["GET"]}}],"collection":[{"href":"https:\/\/takomoalkutuli.fi\/en\/wp-json\/wp\/v2\/product"}],"about":[{"href":"https:\/\/takomoalkutuli.fi\/en\/wp-json\/wp\/v2\/types\/product"}],"wp:featuredmedia":[{"embeddable":true,"href":"https:\/\/takomoalkutuli.fi\/en\/wp-json\/wp\/v2\/media\/780"}],"wp:attachment":[{"href":"https:\/\/takomoalkutuli.fi\/en\/wp-json\/wp\/v2\/media?parent=810"}],"wp:term":[{"taxonomy":"product_brand","embeddable":true,"href":"https:\/\/takomoalkutuli.fi\/en\/wp-json\/wp\/v2\/product_brand?post=810"},{"taxonomy":"product_cat","embeddable":true,"href":"https:\/\/takomoalkutuli.fi\/en\/wp-json\/wp\/v2\/product_cat?post=810"},{"taxonomy":"product_tag","embeddable":true,"href":"https:\/\/takomoalkutuli.fi\/en\/wp-json\/wp\/v2\/product_tag?post=810"}],"curies":[{"name":"wp","href":"https:\/\/api.w.org\/{rel}","templated":true}]}}