{"id":805,"date":"2024-10-09T13:24:10","date_gmt":"2024-10-09T13:24:10","guid":{"rendered":"https:\/\/takomoalkutuli.fi\/?post_type=product&#038;p=805"},"modified":"2025-10-17T10:33:34","modified_gmt":"2025-10-17T10:33:34","slug":"kiekurasormus","status":"publish","type":"product","link":"https:\/\/takomoalkutuli.fi\/en\/product\/kiekurasormus\/","title":{"rendered":"Kiekurasormus"},"content":{"rendered":"<h3 data-start=\"90\" data-end=\"157\">Taottu Vastalenkki Kiekurasormus \u2014 Eleganssia ja Historiaa<\/h3>\n<p data-start=\"159\" data-end=\"433\">T\u00e4m\u00e4 <strong data-start=\"164\" data-end=\"200\">taottu Vastalenkki Kiekurasormus<\/strong> on valmistettu <strong data-start=\"216\" data-end=\"247\">ruostumattomasta ter\u00e4ksest\u00e4<\/strong>, joten se on kest\u00e4v\u00e4 ja <strong data-start=\"272\" data-end=\"306\">ei j\u00e4t\u00e4 ik\u00e4vi\u00e4 j\u00e4lki\u00e4 k\u00e4yt\u00f6ss\u00e4<\/strong>. Sormusmalli kuuluu <strong data-start=\"327\" data-end=\"377\">yksiin vanhimmista tunnetuista sormusmalleista<\/strong>, mik\u00e4 tuo siihen historiallista ja klassista charmia.<\/p>\n<p data-start=\"435\" data-end=\"686\">Sormuksen <strong data-start=\"445\" data-end=\"473\">elegantti muoto ja rytmi<\/strong> tekev\u00e4t siit\u00e4 sek\u00e4 <strong data-start=\"493\" data-end=\"527\">n\u00e4ytt\u00e4v\u00e4n ett\u00e4 ajattoman korun<\/strong>, joka sopii arkeen, juhlaan tai lahjaksi. Yksityiskohtainen taonta ja kiekuramainen muoto luovat sormukseen <strong data-start=\"636\" data-end=\"683\">rytmikk\u00e4\u00e4n ja tyylikk\u00e4\u00e4n visuaalisen ilmeen<\/strong>.<\/p>\n<p>Ilmoitathan ostaessa sormesi koon. Jokainen sormus on kuitenkin s\u00e4\u00e4dett\u00e4v\u00e4. Kotioloissakin t\u00e4m\u00e4 onnistuu ihan parilla pihdill\u00e4 ja on etuna jos sormen koot tuntuvat muuttuvan vuodenaikojen mukaan.<\/p>\n<p>Jokainen tuote on yksil\u00f6llisesti k\u00e4sity\u00f6n\u00e4 valmistettu ja niiss\u00e4 saattaa olla pieni\u00e4 yksityiskohta eroja.<\/p>\n<p>&nbsp;<\/p>\n<p><em>Tagit: <a href=\"https:\/\/takomoalkutuli.fi\/en\/product-category\/sormukset\/\">Sormus<\/a><\/em><\/p>","protected":false},"excerpt":{"rendered":"<p>Vastalenkki sormus, ruostumattomasta ter\u00e4ksest\u00e4. Ilmoitathan kokosi tilatessasi tuotteen.<\/p>","protected":false},"featured_media":778,"template":"","meta":[],"product_brand":[],"product_cat":[89],"product_tag":[94,90],"class_list":{"0":"post-805","1":"product","2":"type-product","3":"status-publish","4":"has-post-thumbnail","6":"product_cat-sormukset","7":"product_tag-kiekurasormus","8":"product_tag-sormus","9":"product_shipping_class-kirje","11":"first","12":"instock","13":"taxable","14":"shipping-taxable","15":"purchasable","16":"product-type-simple"},"yoast_head":"<!-- This site is optimized with the Yoast SEO plugin v26.1.1 - https:\/\/yoast.com\/wordpress\/plugins\/seo\/ -->\n<title>Kiekurasormus - Takomo Alkutuli<\/title>\n<meta name=\"description\" content=\"Taottu Vastalenkki Kiekurasormus ruostumattomasta ter\u00e4ksest\u00e4 \u2013 elegantti ja historiallinen sormus, klassinen muoto ja rytmik\u00e4s kiekuramainen design.\" \/>\n<meta name=\"robots\" content=\"index, follow, max-snippet:-1, max-image-preview:large, max-video-preview:-1\" \/>\n<link rel=\"canonical\" href=\"https:\/\/takomoalkutuli.fi\/en\/product\/kiekurasormus\/\" \/>\n<meta property=\"og:locale\" content=\"en_US\" \/>\n<meta property=\"og:type\" content=\"article\" \/>\n<meta property=\"og:title\" content=\"Kiekurasormus - Takomo Alkutuli\" \/>\n<meta property=\"og:description\" content=\"Taottu Vastalenkki Kiekurasormus ruostumattomasta ter\u00e4ksest\u00e4 \u2013 elegantti ja historiallinen sormus, klassinen muoto ja rytmik\u00e4s kiekuramainen design.\" \/>\n<meta property=\"og:url\" content=\"https:\/\/takomoalkutuli.fi\/en\/product\/kiekurasormus\/\" \/>\n<meta property=\"og:site_name\" content=\"Takomo Alkutuli\" \/>\n<meta property=\"article:publisher\" content=\"https:\/\/www.facebook.com\/TakomoAlkutuli\/\" \/>\n<meta property=\"article:modified_time\" content=\"2025-10-17T10:33:34+00:00\" \/>\n<meta property=\"og:image\" content=\"https:\/\/takomoalkutuli.fi\/wp-content\/uploads\/2024\/10\/kiekurasormus-scaled.jpg\" \/>\n\t<meta property=\"og:image:width\" content=\"2560\" \/>\n\t<meta property=\"og:image:height\" content=\"1669\" \/>\n\t<meta property=\"og:image:type\" content=\"image\/jpeg\" \/>\n<meta name=\"twitter:card\" content=\"summary_large_image\" \/>\n<meta name=\"twitter:label1\" content=\"Est. reading time\" \/>\n\t<meta name=\"twitter:data1\" content=\"1 minute\" \/>\n<script type=\"application\/ld+json\" class=\"yoast-schema-graph\">{\"@context\":\"https:\/\/schema.org\",\"@graph\":[{\"@type\":\"WebPage\",\"@id\":\"https:\/\/takomoalkutuli.fi\/product\/kiekurasormus\/\",\"url\":\"https:\/\/takomoalkutuli.fi\/product\/kiekurasormus\/\",\"name\":\"Kiekurasormus - Takomo Alkutuli\",\"isPartOf\":{\"@id\":\"https:\/\/takomoalkutuli.fi\/#website\"},\"primaryImageOfPage\":{\"@id\":\"https:\/\/takomoalkutuli.fi\/product\/kiekurasormus\/#primaryimage\"},\"image\":{\"@id\":\"https:\/\/takomoalkutuli.fi\/product\/kiekurasormus\/#primaryimage\"},\"thumbnailUrl\":\"https:\/\/takomoalkutuli.fi\/wp-content\/uploads\/2024\/10\/kiekurasormus-scaled.jpg\",\"datePublished\":\"2024-10-09T13:24:10+00:00\",\"dateModified\":\"2025-10-17T10:33:34+00:00\",\"description\":\"Taottu Vastalenkki Kiekurasormus ruostumattomasta ter\u00e4ksest\u00e4 \u2013 elegantti ja historiallinen sormus, klassinen muoto ja rytmik\u00e4s kiekuramainen design.\",\"breadcrumb\":{\"@id\":\"https:\/\/takomoalkutuli.fi\/product\/kiekurasormus\/#breadcrumb\"},\"inLanguage\":\"en-US\",\"potentialAction\":[{\"@type\":\"ReadAction\",\"target\":[\"https:\/\/takomoalkutuli.fi\/product\/kiekurasormus\/\"]}]},{\"@type\":\"ImageObject\",\"inLanguage\":\"en-US\",\"@id\":\"https:\/\/takomoalkutuli.fi\/product\/kiekurasormus\/#primaryimage\",\"url\":\"https:\/\/takomoalkutuli.fi\/wp-content\/uploads\/2024\/10\/kiekurasormus-scaled.jpg\",\"contentUrl\":\"https:\/\/takomoalkutuli.fi\/wp-content\/uploads\/2024\/10\/kiekurasormus-scaled.jpg\",\"width\":2560,\"height\":1669},{\"@type\":\"BreadcrumbList\",\"@id\":\"https:\/\/takomoalkutuli.fi\/product\/kiekurasormus\/#breadcrumb\",\"itemListElement\":[{\"@type\":\"ListItem\",\"position\":1,\"name\":\"Etusivu\",\"item\":\"https:\/\/takomoalkutuli.fi\/\"},{\"@type\":\"ListItem\",\"position\":2,\"name\":\"Kauppa\",\"item\":\"https:\/\/takomoalkutuli.fi\/shop\/\"},{\"@type\":\"ListItem\",\"position\":3,\"name\":\"Kiekurasormus\"}]},{\"@type\":\"WebSite\",\"@id\":\"https:\/\/takomoalkutuli.fi\/#website\",\"url\":\"https:\/\/takomoalkutuli.fi\/\",\"name\":\"Takomo Alkutuli\",\"description\":\"\",\"publisher\":{\"@id\":\"https:\/\/takomoalkutuli.fi\/#organization\"},\"potentialAction\":[{\"@type\":\"SearchAction\",\"target\":{\"@type\":\"EntryPoint\",\"urlTemplate\":\"https:\/\/takomoalkutuli.fi\/?s={search_term_string}\"},\"query-input\":{\"@type\":\"PropertyValueSpecification\",\"valueRequired\":true,\"valueName\":\"search_term_string\"}}],\"inLanguage\":\"en-US\"},{\"@type\":\"Organization\",\"@id\":\"https:\/\/takomoalkutuli.fi\/#organization\",\"name\":\"Takomo Alkutuli\",\"url\":\"https:\/\/takomoalkutuli.fi\/\",\"logo\":{\"@type\":\"ImageObject\",\"inLanguage\":\"en-US\",\"@id\":\"https:\/\/takomoalkutuli.fi\/#\/schema\/logo\/image\/\",\"url\":\"https:\/\/takomoalkutuli.fi\/wp-content\/uploads\/2024\/10\/icon.png\",\"contentUrl\":\"https:\/\/takomoalkutuli.fi\/wp-content\/uploads\/2024\/10\/icon.png\",\"width\":228,\"height\":228,\"caption\":\"Takomo Alkutuli\"},\"image\":{\"@id\":\"https:\/\/takomoalkutuli.fi\/#\/schema\/logo\/image\/\"},\"sameAs\":[\"https:\/\/www.facebook.com\/TakomoAlkutuli\/\",\"https:\/\/www.instagram.com\/alkutuli\/\"]}]}<\/script>\n<!-- \/ Yoast SEO plugin. -->","yoast_head_json":{"title":"Kiekurasormus - Takomo Alkutuli","description":"Taottu Vastalenkki Kiekurasormus ruostumattomasta ter\u00e4ksest\u00e4 \u2013 elegantti ja historiallinen sormus, klassinen muoto ja rytmik\u00e4s kiekuramainen design.","robots":{"index":"index","follow":"follow","max-snippet":"max-snippet:-1","max-image-preview":"max-image-preview:large","max-video-preview":"max-video-preview:-1"},"canonical":"https:\/\/takomoalkutuli.fi\/en\/product\/kiekurasormus\/","og_locale":"en_US","og_type":"article","og_title":"Kiekurasormus - Takomo Alkutuli","og_description":"Taottu Vastalenkki Kiekurasormus ruostumattomasta ter\u00e4ksest\u00e4 \u2013 elegantti ja historiallinen sormus, klassinen muoto ja rytmik\u00e4s kiekuramainen design.","og_url":"https:\/\/takomoalkutuli.fi\/en\/product\/kiekurasormus\/","og_site_name":"Takomo Alkutuli","article_publisher":"https:\/\/www.facebook.com\/TakomoAlkutuli\/","article_modified_time":"2025-10-17T10:33:34+00:00","og_image":[{"width":2560,"height":1669,"url":"https:\/\/takomoalkutuli.fi\/wp-content\/uploads\/2024\/10\/kiekurasormus-scaled.jpg","type":"image\/jpeg"}],"twitter_card":"summary_large_image","twitter_misc":{"Est. reading time":"1 minute"},"schema":{"@context":"https:\/\/schema.org","@graph":[{"@type":"WebPage","@id":"https:\/\/takomoalkutuli.fi\/product\/kiekurasormus\/","url":"https:\/\/takomoalkutuli.fi\/product\/kiekurasormus\/","name":"Kiekurasormus - Takomo Alkutuli","isPartOf":{"@id":"https:\/\/takomoalkutuli.fi\/#website"},"primaryImageOfPage":{"@id":"https:\/\/takomoalkutuli.fi\/product\/kiekurasormus\/#primaryimage"},"image":{"@id":"https:\/\/takomoalkutuli.fi\/product\/kiekurasormus\/#primaryimage"},"thumbnailUrl":"https:\/\/takomoalkutuli.fi\/wp-content\/uploads\/2024\/10\/kiekurasormus-scaled.jpg","datePublished":"2024-10-09T13:24:10+00:00","dateModified":"2025-10-17T10:33:34+00:00","description":"Taottu Vastalenkki Kiekurasormus ruostumattomasta ter\u00e4ksest\u00e4 \u2013 elegantti ja historiallinen sormus, klassinen muoto ja rytmik\u00e4s kiekuramainen design.","breadcrumb":{"@id":"https:\/\/takomoalkutuli.fi\/product\/kiekurasormus\/#breadcrumb"},"inLanguage":"en-US","potentialAction":[{"@type":"ReadAction","target":["https:\/\/takomoalkutuli.fi\/product\/kiekurasormus\/"]}]},{"@type":"ImageObject","inLanguage":"en-US","@id":"https:\/\/takomoalkutuli.fi\/product\/kiekurasormus\/#primaryimage","url":"https:\/\/takomoalkutuli.fi\/wp-content\/uploads\/2024\/10\/kiekurasormus-scaled.jpg","contentUrl":"https:\/\/takomoalkutuli.fi\/wp-content\/uploads\/2024\/10\/kiekurasormus-scaled.jpg","width":2560,"height":1669},{"@type":"BreadcrumbList","@id":"https:\/\/takomoalkutuli.fi\/product\/kiekurasormus\/#breadcrumb","itemListElement":[{"@type":"ListItem","position":1,"name":"Etusivu","item":"https:\/\/takomoalkutuli.fi\/"},{"@type":"ListItem","position":2,"name":"Kauppa","item":"https:\/\/takomoalkutuli.fi\/shop\/"},{"@type":"ListItem","position":3,"name":"Kiekurasormus"}]},{"@type":"WebSite","@id":"https:\/\/takomoalkutuli.fi\/#website","url":"https:\/\/takomoalkutuli.fi\/","name":"Primordial Fire forge","description":"","publisher":{"@id":"https:\/\/takomoalkutuli.fi\/#organization"},"potentialAction":[{"@type":"SearchAction","target":{"@type":"EntryPoint","urlTemplate":"https:\/\/takomoalkutuli.fi\/?s={search_term_string}"},"query-input":{"@type":"PropertyValueSpecification","valueRequired":true,"valueName":"search_term_string"}}],"inLanguage":"en-US"},{"@type":"Organization","@id":"https:\/\/takomoalkutuli.fi\/#organization","name":"Primordial Fire forge","url":"https:\/\/takomoalkutuli.fi\/","logo":{"@type":"ImageObject","inLanguage":"en-US","@id":"https:\/\/takomoalkutuli.fi\/#\/schema\/logo\/image\/","url":"https:\/\/takomoalkutuli.fi\/wp-content\/uploads\/2024\/10\/icon.png","contentUrl":"https:\/\/takomoalkutuli.fi\/wp-content\/uploads\/2024\/10\/icon.png","width":228,"height":228,"caption":"Takomo Alkutuli"},"image":{"@id":"https:\/\/takomoalkutuli.fi\/#\/schema\/logo\/image\/"},"sameAs":["https:\/\/www.facebook.com\/TakomoAlkutuli\/","https:\/\/www.instagram.com\/alkutuli\/"]}]}},"_links":{"self":[{"href":"https:\/\/takomoalkutuli.fi\/en\/wp-json\/wp\/v2\/product\/805","targetHints":{"allow":["GET"]}}],"collection":[{"href":"https:\/\/takomoalkutuli.fi\/en\/wp-json\/wp\/v2\/product"}],"about":[{"href":"https:\/\/takomoalkutuli.fi\/en\/wp-json\/wp\/v2\/types\/product"}],"wp:featuredmedia":[{"embeddable":true,"href":"https:\/\/takomoalkutuli.fi\/en\/wp-json\/wp\/v2\/media\/778"}],"wp:attachment":[{"href":"https:\/\/takomoalkutuli.fi\/en\/wp-json\/wp\/v2\/media?parent=805"}],"wp:term":[{"taxonomy":"product_brand","embeddable":true,"href":"https:\/\/takomoalkutuli.fi\/en\/wp-json\/wp\/v2\/product_brand?post=805"},{"taxonomy":"product_cat","embeddable":true,"href":"https:\/\/takomoalkutuli.fi\/en\/wp-json\/wp\/v2\/product_cat?post=805"},{"taxonomy":"product_tag","embeddable":true,"href":"https:\/\/takomoalkutuli.fi\/en\/wp-json\/wp\/v2\/product_tag?post=805"}],"curies":[{"name":"wp","href":"https:\/\/api.w.org\/{rel}","templated":true}]}}