{"id":802,"date":"2024-10-09T13:19:54","date_gmt":"2024-10-09T13:19:54","guid":{"rendered":"https:\/\/takomoalkutuli.fi\/?post_type=product&#038;p=802"},"modified":"2026-01-16T05:25:40","modified_gmt":"2026-01-16T05:25:40","slug":"kelttisormus","status":"publish","type":"product","link":"https:\/\/takomoalkutuli.fi\/en\/product\/kelttisormus\/","title":{"rendered":"Taottu Kelttityylinen Sormus"},"content":{"rendered":"<h3 data-start=\"166\" data-end=\"226\">Taottu Kelttityylinen Sormus \u2014 Muinainen Kelttil\u00e4inen Solmukuvio<\/h3>\n<p data-start=\"228\" data-end=\"489\"><strong data-start=\"228\" data-end=\"260\">Taottu kelttityylinen sormus<\/strong> on valmistettu <strong data-start=\"276\" data-end=\"307\">ruostumattomasta ter\u00e4ksest\u00e4<\/strong>, joten se on kest\u00e4v\u00e4 ja <strong data-start=\"332\" data-end=\"366\">ei j\u00e4t\u00e4 ik\u00e4vi\u00e4 j\u00e4lki\u00e4 k\u00e4yt\u00f6ss\u00e4<\/strong>. Sormuksen pintaan on taottu <strong data-start=\"396\" data-end=\"433\">muinainen kelttil\u00e4inen solmukuvio<\/strong>, joka tuo esiin <strong data-start=\"450\" data-end=\"486\">rikkaan perinteen ja symboliikan<\/strong>.<\/p>\n<p data-start=\"491\" data-end=\"650\">Sormus yhdist\u00e4\u00e4 <strong data-start=\"507\" data-end=\"568\">historiallisen muotoilun ja kest\u00e4v\u00e4n modernin materiaalin<\/strong>, tehden siit\u00e4 <strong data-start=\"583\" data-end=\"622\">ajattoman ja merkityksellisen korun<\/strong> niin arkeen kuin juhlaan.<\/p>\n<p>Ilmoitathan ostaessa sormesi koon. Jokainen sormus on kuitenkin aukinainen ja s\u00e4\u00e4dett\u00e4v\u00e4. Kotioloissakin t\u00e4m\u00e4 onnistuu ihan parilla pihdill\u00e4 ja on etuna jos sormen koot tuntuvat muuttuvan vuodenaikojen mukaan.<\/p>\n<p>Jokainen tuote on yksil\u00f6llisesti k\u00e4sity\u00f6n\u00e4 valmistettu ja niiss\u00e4 saattaa olla pieni\u00e4 yksityiskohta eroja.<\/p>\n<p>&nbsp;<\/p>\n<p><em>Tagit: <a href=\"https:\/\/takomoalkutuli.fi\/en\/product-category\/sormukset\/\">sormus<\/a><\/em><\/p>","protected":false},"excerpt":{"rendered":"<p>Kelttisormus, valmistettu ruostumattomasta ter\u00e4ksest\u00e4. Ilmoitathan kokosi tilatessasi tuotteen.<\/p>","protected":false},"featured_media":1465,"template":"","meta":[],"product_brand":[],"product_cat":[89],"product_tag":[80,93,90],"class_list":{"0":"post-802","1":"product","2":"type-product","3":"status-publish","4":"has-post-thumbnail","6":"product_cat-sormukset","7":"product_tag-keltti","8":"product_tag-kelttisormus","9":"product_tag-sormus","10":"product_shipping_class-kirje","12":"first","13":"instock","14":"taxable","15":"shipping-taxable","16":"purchasable","17":"product-type-simple"},"yoast_head":"<!-- This site is optimized with the Yoast SEO plugin v26.1.1 - https:\/\/yoast.com\/wordpress\/plugins\/seo\/ -->\n<title>Taottu Kelttityylinen Sormus - Takomo Alkutuli<\/title>\n<meta name=\"description\" content=\"Kelttityylinen taottu sormus ruostumattomasta ter\u00e4ksest\u00e4 \u2013 historiallinen solmukuvio, ajaton design ja kest\u00e4v\u00e4 sormus, joka tuo esiin muinaisen perinteen.\" \/>\n<meta name=\"robots\" content=\"index, follow, max-snippet:-1, max-image-preview:large, max-video-preview:-1\" \/>\n<link rel=\"canonical\" href=\"https:\/\/takomoalkutuli.fi\/en\/product\/kelttisormus\/\" \/>\n<meta property=\"og:locale\" content=\"en_US\" \/>\n<meta property=\"og:type\" content=\"article\" \/>\n<meta property=\"og:title\" content=\"Taottu Kelttityylinen Sormus - Takomo Alkutuli\" \/>\n<meta property=\"og:description\" content=\"Kelttityylinen taottu sormus ruostumattomasta ter\u00e4ksest\u00e4 \u2013 historiallinen solmukuvio, ajaton design ja kest\u00e4v\u00e4 sormus, joka tuo esiin muinaisen perinteen.\" \/>\n<meta property=\"og:url\" content=\"https:\/\/takomoalkutuli.fi\/en\/product\/kelttisormus\/\" \/>\n<meta property=\"og:site_name\" content=\"Takomo Alkutuli\" \/>\n<meta property=\"article:publisher\" content=\"https:\/\/www.facebook.com\/TakomoAlkutuli\/\" \/>\n<meta property=\"article:modified_time\" content=\"2026-01-16T05:25:40+00:00\" \/>\n<meta property=\"og:image\" content=\"https:\/\/takomoalkutuli.fi\/wp-content\/uploads\/2024\/10\/kelttisormus3-2-scaled.jpg\" \/>\n\t<meta property=\"og:image:width\" content=\"2560\" \/>\n\t<meta property=\"og:image:height\" content=\"1735\" \/>\n\t<meta property=\"og:image:type\" content=\"image\/jpeg\" \/>\n<meta name=\"twitter:card\" content=\"summary_large_image\" \/>\n<meta name=\"twitter:label1\" content=\"Est. reading time\" \/>\n\t<meta name=\"twitter:data1\" content=\"1 minute\" \/>\n<script type=\"application\/ld+json\" class=\"yoast-schema-graph\">{\"@context\":\"https:\/\/schema.org\",\"@graph\":[{\"@type\":\"WebPage\",\"@id\":\"https:\/\/takomoalkutuli.fi\/product\/kelttisormus\/\",\"url\":\"https:\/\/takomoalkutuli.fi\/product\/kelttisormus\/\",\"name\":\"Taottu Kelttityylinen Sormus - Takomo Alkutuli\",\"isPartOf\":{\"@id\":\"https:\/\/takomoalkutuli.fi\/#website\"},\"primaryImageOfPage\":{\"@id\":\"https:\/\/takomoalkutuli.fi\/product\/kelttisormus\/#primaryimage\"},\"image\":{\"@id\":\"https:\/\/takomoalkutuli.fi\/product\/kelttisormus\/#primaryimage\"},\"thumbnailUrl\":\"https:\/\/takomoalkutuli.fi\/wp-content\/uploads\/2024\/10\/kelttisormus3-2-scaled.jpg\",\"datePublished\":\"2024-10-09T13:19:54+00:00\",\"dateModified\":\"2026-01-16T05:25:40+00:00\",\"description\":\"Kelttityylinen taottu sormus ruostumattomasta ter\u00e4ksest\u00e4 \u2013 historiallinen solmukuvio, ajaton design ja kest\u00e4v\u00e4 sormus, joka tuo esiin muinaisen perinteen.\",\"breadcrumb\":{\"@id\":\"https:\/\/takomoalkutuli.fi\/product\/kelttisormus\/#breadcrumb\"},\"inLanguage\":\"en-US\",\"potentialAction\":[{\"@type\":\"ReadAction\",\"target\":[\"https:\/\/takomoalkutuli.fi\/product\/kelttisormus\/\"]}]},{\"@type\":\"ImageObject\",\"inLanguage\":\"en-US\",\"@id\":\"https:\/\/takomoalkutuli.fi\/product\/kelttisormus\/#primaryimage\",\"url\":\"https:\/\/takomoalkutuli.fi\/wp-content\/uploads\/2024\/10\/kelttisormus3-2-scaled.jpg\",\"contentUrl\":\"https:\/\/takomoalkutuli.fi\/wp-content\/uploads\/2024\/10\/kelttisormus3-2-scaled.jpg\",\"width\":2560,\"height\":1735,\"caption\":\"taottu kelttityylinen sormus\"},{\"@type\":\"BreadcrumbList\",\"@id\":\"https:\/\/takomoalkutuli.fi\/product\/kelttisormus\/#breadcrumb\",\"itemListElement\":[{\"@type\":\"ListItem\",\"position\":1,\"name\":\"Etusivu\",\"item\":\"https:\/\/takomoalkutuli.fi\/\"},{\"@type\":\"ListItem\",\"position\":2,\"name\":\"Kauppa\",\"item\":\"https:\/\/takomoalkutuli.fi\/shop\/\"},{\"@type\":\"ListItem\",\"position\":3,\"name\":\"Taottu Kelttityylinen Sormus\"}]},{\"@type\":\"WebSite\",\"@id\":\"https:\/\/takomoalkutuli.fi\/#website\",\"url\":\"https:\/\/takomoalkutuli.fi\/\",\"name\":\"Takomo Alkutuli\",\"description\":\"\",\"publisher\":{\"@id\":\"https:\/\/takomoalkutuli.fi\/#organization\"},\"potentialAction\":[{\"@type\":\"SearchAction\",\"target\":{\"@type\":\"EntryPoint\",\"urlTemplate\":\"https:\/\/takomoalkutuli.fi\/?s={search_term_string}\"},\"query-input\":{\"@type\":\"PropertyValueSpecification\",\"valueRequired\":true,\"valueName\":\"search_term_string\"}}],\"inLanguage\":\"en-US\"},{\"@type\":\"Organization\",\"@id\":\"https:\/\/takomoalkutuli.fi\/#organization\",\"name\":\"Takomo Alkutuli\",\"url\":\"https:\/\/takomoalkutuli.fi\/\",\"logo\":{\"@type\":\"ImageObject\",\"inLanguage\":\"en-US\",\"@id\":\"https:\/\/takomoalkutuli.fi\/#\/schema\/logo\/image\/\",\"url\":\"https:\/\/takomoalkutuli.fi\/wp-content\/uploads\/2024\/10\/icon.png\",\"contentUrl\":\"https:\/\/takomoalkutuli.fi\/wp-content\/uploads\/2024\/10\/icon.png\",\"width\":228,\"height\":228,\"caption\":\"Takomo Alkutuli\"},\"image\":{\"@id\":\"https:\/\/takomoalkutuli.fi\/#\/schema\/logo\/image\/\"},\"sameAs\":[\"https:\/\/www.facebook.com\/TakomoAlkutuli\/\",\"https:\/\/www.instagram.com\/alkutuli\/\"]}]}<\/script>\n<!-- \/ Yoast SEO plugin. -->","yoast_head_json":{"title":"Taottu Kelttityylinen Sormus - Takomo Alkutuli","description":"Kelttityylinen taottu sormus ruostumattomasta ter\u00e4ksest\u00e4 \u2013 historiallinen solmukuvio, ajaton design ja kest\u00e4v\u00e4 sormus, joka tuo esiin muinaisen perinteen.","robots":{"index":"index","follow":"follow","max-snippet":"max-snippet:-1","max-image-preview":"max-image-preview:large","max-video-preview":"max-video-preview:-1"},"canonical":"https:\/\/takomoalkutuli.fi\/en\/product\/kelttisormus\/","og_locale":"en_US","og_type":"article","og_title":"Taottu Kelttityylinen Sormus - Takomo Alkutuli","og_description":"Kelttityylinen taottu sormus ruostumattomasta ter\u00e4ksest\u00e4 \u2013 historiallinen solmukuvio, ajaton design ja kest\u00e4v\u00e4 sormus, joka tuo esiin muinaisen perinteen.","og_url":"https:\/\/takomoalkutuli.fi\/en\/product\/kelttisormus\/","og_site_name":"Takomo Alkutuli","article_publisher":"https:\/\/www.facebook.com\/TakomoAlkutuli\/","article_modified_time":"2026-01-16T05:25:40+00:00","og_image":[{"width":2560,"height":1735,"url":"https:\/\/takomoalkutuli.fi\/wp-content\/uploads\/2024\/10\/kelttisormus3-2-scaled.jpg","type":"image\/jpeg"}],"twitter_card":"summary_large_image","twitter_misc":{"Est. reading time":"1 minute"},"schema":{"@context":"https:\/\/schema.org","@graph":[{"@type":"WebPage","@id":"https:\/\/takomoalkutuli.fi\/product\/kelttisormus\/","url":"https:\/\/takomoalkutuli.fi\/product\/kelttisormus\/","name":"Taottu Kelttityylinen Sormus - Takomo Alkutuli","isPartOf":{"@id":"https:\/\/takomoalkutuli.fi\/#website"},"primaryImageOfPage":{"@id":"https:\/\/takomoalkutuli.fi\/product\/kelttisormus\/#primaryimage"},"image":{"@id":"https:\/\/takomoalkutuli.fi\/product\/kelttisormus\/#primaryimage"},"thumbnailUrl":"https:\/\/takomoalkutuli.fi\/wp-content\/uploads\/2024\/10\/kelttisormus3-2-scaled.jpg","datePublished":"2024-10-09T13:19:54+00:00","dateModified":"2026-01-16T05:25:40+00:00","description":"Kelttityylinen taottu sormus ruostumattomasta ter\u00e4ksest\u00e4 \u2013 historiallinen solmukuvio, ajaton design ja kest\u00e4v\u00e4 sormus, joka tuo esiin muinaisen perinteen.","breadcrumb":{"@id":"https:\/\/takomoalkutuli.fi\/product\/kelttisormus\/#breadcrumb"},"inLanguage":"en-US","potentialAction":[{"@type":"ReadAction","target":["https:\/\/takomoalkutuli.fi\/product\/kelttisormus\/"]}]},{"@type":"ImageObject","inLanguage":"en-US","@id":"https:\/\/takomoalkutuli.fi\/product\/kelttisormus\/#primaryimage","url":"https:\/\/takomoalkutuli.fi\/wp-content\/uploads\/2024\/10\/kelttisormus3-2-scaled.jpg","contentUrl":"https:\/\/takomoalkutuli.fi\/wp-content\/uploads\/2024\/10\/kelttisormus3-2-scaled.jpg","width":2560,"height":1735,"caption":"taottu kelttityylinen sormus"},{"@type":"BreadcrumbList","@id":"https:\/\/takomoalkutuli.fi\/product\/kelttisormus\/#breadcrumb","itemListElement":[{"@type":"ListItem","position":1,"name":"Etusivu","item":"https:\/\/takomoalkutuli.fi\/"},{"@type":"ListItem","position":2,"name":"Kauppa","item":"https:\/\/takomoalkutuli.fi\/shop\/"},{"@type":"ListItem","position":3,"name":"Taottu Kelttityylinen Sormus"}]},{"@type":"WebSite","@id":"https:\/\/takomoalkutuli.fi\/#website","url":"https:\/\/takomoalkutuli.fi\/","name":"Primordial Fire forge","description":"","publisher":{"@id":"https:\/\/takomoalkutuli.fi\/#organization"},"potentialAction":[{"@type":"SearchAction","target":{"@type":"EntryPoint","urlTemplate":"https:\/\/takomoalkutuli.fi\/?s={search_term_string}"},"query-input":{"@type":"PropertyValueSpecification","valueRequired":true,"valueName":"search_term_string"}}],"inLanguage":"en-US"},{"@type":"Organization","@id":"https:\/\/takomoalkutuli.fi\/#organization","name":"Primordial Fire forge","url":"https:\/\/takomoalkutuli.fi\/","logo":{"@type":"ImageObject","inLanguage":"en-US","@id":"https:\/\/takomoalkutuli.fi\/#\/schema\/logo\/image\/","url":"https:\/\/takomoalkutuli.fi\/wp-content\/uploads\/2024\/10\/icon.png","contentUrl":"https:\/\/takomoalkutuli.fi\/wp-content\/uploads\/2024\/10\/icon.png","width":228,"height":228,"caption":"Takomo Alkutuli"},"image":{"@id":"https:\/\/takomoalkutuli.fi\/#\/schema\/logo\/image\/"},"sameAs":["https:\/\/www.facebook.com\/TakomoAlkutuli\/","https:\/\/www.instagram.com\/alkutuli\/"]}]}},"_links":{"self":[{"href":"https:\/\/takomoalkutuli.fi\/en\/wp-json\/wp\/v2\/product\/802","targetHints":{"allow":["GET"]}}],"collection":[{"href":"https:\/\/takomoalkutuli.fi\/en\/wp-json\/wp\/v2\/product"}],"about":[{"href":"https:\/\/takomoalkutuli.fi\/en\/wp-json\/wp\/v2\/types\/product"}],"wp:featuredmedia":[{"embeddable":true,"href":"https:\/\/takomoalkutuli.fi\/en\/wp-json\/wp\/v2\/media\/1465"}],"wp:attachment":[{"href":"https:\/\/takomoalkutuli.fi\/en\/wp-json\/wp\/v2\/media?parent=802"}],"wp:term":[{"taxonomy":"product_brand","embeddable":true,"href":"https:\/\/takomoalkutuli.fi\/en\/wp-json\/wp\/v2\/product_brand?post=802"},{"taxonomy":"product_cat","embeddable":true,"href":"https:\/\/takomoalkutuli.fi\/en\/wp-json\/wp\/v2\/product_cat?post=802"},{"taxonomy":"product_tag","embeddable":true,"href":"https:\/\/takomoalkutuli.fi\/en\/wp-json\/wp\/v2\/product_tag?post=802"}],"curies":[{"name":"wp","href":"https:\/\/api.w.org\/{rel}","templated":true}]}}