{"id":791,"date":"2024-10-09T13:17:09","date_gmt":"2024-10-09T13:17:09","guid":{"rendered":"https:\/\/takomoalkutuli.fi\/?post_type=product&#038;p=791"},"modified":"2025-10-17T10:43:20","modified_gmt":"2025-10-17T10:43:20","slug":"kaarme-sormus","status":"publish","type":"product","link":"https:\/\/takomoalkutuli.fi\/en\/product\/kaarme-sormus\/","title":{"rendered":"Taottu K\u00e4\u00e4rmesormus"},"content":{"rendered":"<h3 data-start=\"77\" data-end=\"141\">Taottu K\u00e4\u00e4rmesormus \u2014 Viisauden ja Uusiutumisen Symboli<\/h3>\n<p data-start=\"143\" data-end=\"424\"><strong data-start=\"143\" data-end=\"166\">Taottu k\u00e4\u00e4rmesormus<\/strong> on valmistettu <strong data-start=\"182\" data-end=\"213\">ruostumattomasta ter\u00e4ksest\u00e4<\/strong>, joten se on kest\u00e4v\u00e4 ja <strong data-start=\"238\" data-end=\"272\">ei j\u00e4t\u00e4 ik\u00e4vi\u00e4 j\u00e4lki\u00e4 k\u00e4yt\u00f6ss\u00e4<\/strong>. K\u00e4\u00e4rme on ollut <strong data-start=\"290\" data-end=\"347\">muinaisista ajoista l\u00e4htien viisauden ja opin symboli<\/strong>, ja sit\u00e4 on usein yhdistetty <strong data-start=\"377\" data-end=\"421\">uusiutumiseen, salatietoon ja terveyteen<\/strong>.<\/p>\n<p data-start=\"426\" data-end=\"586\">Sormuksen muotoilu yhdist\u00e4\u00e4 <strong data-start=\"454\" data-end=\"510\">ajattoman estetiikan ja merkityksellisen symboliikan<\/strong>, tehden siit\u00e4 <strong data-start=\"525\" data-end=\"564\">n\u00e4ytt\u00e4v\u00e4n ja merkityksellisen korun<\/strong> arkeen tai juhlaan.<\/p>\n<p>Ilmoitathan ostaessa sormesi koon. Jokainen sormus on kuitenkin s\u00e4\u00e4dett\u00e4v\u00e4. Kotioloissakin t\u00e4m\u00e4 onnistuu ihan parilla pihdill\u00e4 ja on etuna jos sormen koot tuntuvat muuttuvan vuodenaikojen mukaan.<\/p>\n<p>Jokainen tuote on yksil\u00f6llisesti k\u00e4sity\u00f6n\u00e4 valmistettu ja niiss\u00e4 saattaa olla pieni\u00e4 yksityiskohta eroja.<\/p>\n<p>&nbsp;<\/p>\n<p><em>Tagit: <a href=\"https:\/\/takomoalkutuli.fi\/en\/product-category\/sormukset\/\">Sormus<\/a><\/em><\/p>","protected":false},"excerpt":{"rendered":"<p>K\u00e4\u00e4rme sormus ruostumattomasta ter\u00e4ksest\u00e4. Ilmoitathan kokosi tilatessasi tuotteen.<\/p>","protected":false},"featured_media":775,"template":"","meta":[],"product_brand":[],"product_cat":[89],"product_tag":[75,92,90],"class_list":{"0":"post-791","1":"product","2":"type-product","3":"status-publish","4":"has-post-thumbnail","6":"product_cat-sormukset","7":"product_tag-kaarme","8":"product_tag-kaarmesormus","9":"product_tag-sormus","10":"product_shipping_class-kirje","12":"first","13":"instock","14":"taxable","15":"shipping-taxable","16":"purchasable","17":"product-type-simple"},"yoast_head":"<!-- This site is optimized with the Yoast SEO plugin v26.1.1 - https:\/\/yoast.com\/wordpress\/plugins\/seo\/ -->\n<title>Taottu K\u00e4\u00e4rmesormus - Takomo Alkutuli<\/title>\n<meta name=\"description\" content=\"Taottu k\u00e4\u00e4rmesormus ruostumattomasta ter\u00e4ksest\u00e4 \u2013 viisauden, uusiutumisen ja salatiedon symboli, ajaton ja kest\u00e4v\u00e4 sormus arkeen tai juhlaan.\" \/>\n<meta name=\"robots\" content=\"index, follow, max-snippet:-1, max-image-preview:large, max-video-preview:-1\" \/>\n<link rel=\"canonical\" href=\"https:\/\/takomoalkutuli.fi\/en\/product\/kaarme-sormus\/\" \/>\n<meta property=\"og:locale\" content=\"en_US\" \/>\n<meta property=\"og:type\" content=\"article\" \/>\n<meta property=\"og:title\" content=\"Taottu K\u00e4\u00e4rmesormus - Takomo Alkutuli\" \/>\n<meta property=\"og:description\" content=\"Taottu k\u00e4\u00e4rmesormus ruostumattomasta ter\u00e4ksest\u00e4 \u2013 viisauden, uusiutumisen ja salatiedon symboli, ajaton ja kest\u00e4v\u00e4 sormus arkeen tai juhlaan.\" \/>\n<meta property=\"og:url\" content=\"https:\/\/takomoalkutuli.fi\/en\/product\/kaarme-sormus\/\" \/>\n<meta property=\"og:site_name\" content=\"Takomo Alkutuli\" \/>\n<meta property=\"article:publisher\" content=\"https:\/\/www.facebook.com\/TakomoAlkutuli\/\" \/>\n<meta property=\"article:modified_time\" content=\"2025-10-17T10:43:20+00:00\" \/>\n<meta property=\"og:image\" content=\"https:\/\/takomoalkutuli.fi\/wp-content\/uploads\/2024\/10\/karmesormus-scaled.jpg\" \/>\n\t<meta property=\"og:image:width\" content=\"2560\" \/>\n\t<meta property=\"og:image:height\" content=\"1735\" \/>\n\t<meta property=\"og:image:type\" content=\"image\/jpeg\" \/>\n<meta name=\"twitter:card\" content=\"summary_large_image\" \/>\n<meta name=\"twitter:label1\" content=\"Est. reading time\" \/>\n\t<meta name=\"twitter:data1\" content=\"1 minute\" \/>\n<script type=\"application\/ld+json\" class=\"yoast-schema-graph\">{\"@context\":\"https:\/\/schema.org\",\"@graph\":[{\"@type\":\"WebPage\",\"@id\":\"https:\/\/takomoalkutuli.fi\/product\/kaarme-sormus\/\",\"url\":\"https:\/\/takomoalkutuli.fi\/product\/kaarme-sormus\/\",\"name\":\"Taottu K\u00e4\u00e4rmesormus - Takomo Alkutuli\",\"isPartOf\":{\"@id\":\"https:\/\/takomoalkutuli.fi\/#website\"},\"primaryImageOfPage\":{\"@id\":\"https:\/\/takomoalkutuli.fi\/product\/kaarme-sormus\/#primaryimage\"},\"image\":{\"@id\":\"https:\/\/takomoalkutuli.fi\/product\/kaarme-sormus\/#primaryimage\"},\"thumbnailUrl\":\"https:\/\/takomoalkutuli.fi\/wp-content\/uploads\/2024\/10\/karmesormus-scaled.jpg\",\"datePublished\":\"2024-10-09T13:17:09+00:00\",\"dateModified\":\"2025-10-17T10:43:20+00:00\",\"description\":\"Taottu k\u00e4\u00e4rmesormus ruostumattomasta ter\u00e4ksest\u00e4 \u2013 viisauden, uusiutumisen ja salatiedon symboli, ajaton ja kest\u00e4v\u00e4 sormus arkeen tai juhlaan.\",\"breadcrumb\":{\"@id\":\"https:\/\/takomoalkutuli.fi\/product\/kaarme-sormus\/#breadcrumb\"},\"inLanguage\":\"en-US\",\"potentialAction\":[{\"@type\":\"ReadAction\",\"target\":[\"https:\/\/takomoalkutuli.fi\/product\/kaarme-sormus\/\"]}]},{\"@type\":\"ImageObject\",\"inLanguage\":\"en-US\",\"@id\":\"https:\/\/takomoalkutuli.fi\/product\/kaarme-sormus\/#primaryimage\",\"url\":\"https:\/\/takomoalkutuli.fi\/wp-content\/uploads\/2024\/10\/karmesormus-scaled.jpg\",\"contentUrl\":\"https:\/\/takomoalkutuli.fi\/wp-content\/uploads\/2024\/10\/karmesormus-scaled.jpg\",\"width\":2560,\"height\":1735,\"caption\":\"Taottu k\u00e4\u00e4rmesormus\"},{\"@type\":\"BreadcrumbList\",\"@id\":\"https:\/\/takomoalkutuli.fi\/product\/kaarme-sormus\/#breadcrumb\",\"itemListElement\":[{\"@type\":\"ListItem\",\"position\":1,\"name\":\"Etusivu\",\"item\":\"https:\/\/takomoalkutuli.fi\/\"},{\"@type\":\"ListItem\",\"position\":2,\"name\":\"Kauppa\",\"item\":\"https:\/\/takomoalkutuli.fi\/shop\/\"},{\"@type\":\"ListItem\",\"position\":3,\"name\":\"Taottu K\u00e4\u00e4rmesormus\"}]},{\"@type\":\"WebSite\",\"@id\":\"https:\/\/takomoalkutuli.fi\/#website\",\"url\":\"https:\/\/takomoalkutuli.fi\/\",\"name\":\"Takomo Alkutuli\",\"description\":\"\",\"publisher\":{\"@id\":\"https:\/\/takomoalkutuli.fi\/#organization\"},\"potentialAction\":[{\"@type\":\"SearchAction\",\"target\":{\"@type\":\"EntryPoint\",\"urlTemplate\":\"https:\/\/takomoalkutuli.fi\/?s={search_term_string}\"},\"query-input\":{\"@type\":\"PropertyValueSpecification\",\"valueRequired\":true,\"valueName\":\"search_term_string\"}}],\"inLanguage\":\"en-US\"},{\"@type\":\"Organization\",\"@id\":\"https:\/\/takomoalkutuli.fi\/#organization\",\"name\":\"Takomo Alkutuli\",\"url\":\"https:\/\/takomoalkutuli.fi\/\",\"logo\":{\"@type\":\"ImageObject\",\"inLanguage\":\"en-US\",\"@id\":\"https:\/\/takomoalkutuli.fi\/#\/schema\/logo\/image\/\",\"url\":\"https:\/\/takomoalkutuli.fi\/wp-content\/uploads\/2024\/10\/icon.png\",\"contentUrl\":\"https:\/\/takomoalkutuli.fi\/wp-content\/uploads\/2024\/10\/icon.png\",\"width\":228,\"height\":228,\"caption\":\"Takomo Alkutuli\"},\"image\":{\"@id\":\"https:\/\/takomoalkutuli.fi\/#\/schema\/logo\/image\/\"},\"sameAs\":[\"https:\/\/www.facebook.com\/TakomoAlkutuli\/\",\"https:\/\/www.instagram.com\/alkutuli\/\"]}]}<\/script>\n<!-- \/ Yoast SEO plugin. -->","yoast_head_json":{"title":"Taottu K\u00e4\u00e4rmesormus - Takomo Alkutuli","description":"Taottu k\u00e4\u00e4rmesormus ruostumattomasta ter\u00e4ksest\u00e4 \u2013 viisauden, uusiutumisen ja salatiedon symboli, ajaton ja kest\u00e4v\u00e4 sormus arkeen tai juhlaan.","robots":{"index":"index","follow":"follow","max-snippet":"max-snippet:-1","max-image-preview":"max-image-preview:large","max-video-preview":"max-video-preview:-1"},"canonical":"https:\/\/takomoalkutuli.fi\/en\/product\/kaarme-sormus\/","og_locale":"en_US","og_type":"article","og_title":"Taottu K\u00e4\u00e4rmesormus - Takomo Alkutuli","og_description":"Taottu k\u00e4\u00e4rmesormus ruostumattomasta ter\u00e4ksest\u00e4 \u2013 viisauden, uusiutumisen ja salatiedon symboli, ajaton ja kest\u00e4v\u00e4 sormus arkeen tai juhlaan.","og_url":"https:\/\/takomoalkutuli.fi\/en\/product\/kaarme-sormus\/","og_site_name":"Takomo Alkutuli","article_publisher":"https:\/\/www.facebook.com\/TakomoAlkutuli\/","article_modified_time":"2025-10-17T10:43:20+00:00","og_image":[{"width":2560,"height":1735,"url":"https:\/\/takomoalkutuli.fi\/wp-content\/uploads\/2024\/10\/karmesormus-scaled.jpg","type":"image\/jpeg"}],"twitter_card":"summary_large_image","twitter_misc":{"Est. reading time":"1 minute"},"schema":{"@context":"https:\/\/schema.org","@graph":[{"@type":"WebPage","@id":"https:\/\/takomoalkutuli.fi\/product\/kaarme-sormus\/","url":"https:\/\/takomoalkutuli.fi\/product\/kaarme-sormus\/","name":"Taottu K\u00e4\u00e4rmesormus - Takomo Alkutuli","isPartOf":{"@id":"https:\/\/takomoalkutuli.fi\/#website"},"primaryImageOfPage":{"@id":"https:\/\/takomoalkutuli.fi\/product\/kaarme-sormus\/#primaryimage"},"image":{"@id":"https:\/\/takomoalkutuli.fi\/product\/kaarme-sormus\/#primaryimage"},"thumbnailUrl":"https:\/\/takomoalkutuli.fi\/wp-content\/uploads\/2024\/10\/karmesormus-scaled.jpg","datePublished":"2024-10-09T13:17:09+00:00","dateModified":"2025-10-17T10:43:20+00:00","description":"Taottu k\u00e4\u00e4rmesormus ruostumattomasta ter\u00e4ksest\u00e4 \u2013 viisauden, uusiutumisen ja salatiedon symboli, ajaton ja kest\u00e4v\u00e4 sormus arkeen tai juhlaan.","breadcrumb":{"@id":"https:\/\/takomoalkutuli.fi\/product\/kaarme-sormus\/#breadcrumb"},"inLanguage":"en-US","potentialAction":[{"@type":"ReadAction","target":["https:\/\/takomoalkutuli.fi\/product\/kaarme-sormus\/"]}]},{"@type":"ImageObject","inLanguage":"en-US","@id":"https:\/\/takomoalkutuli.fi\/product\/kaarme-sormus\/#primaryimage","url":"https:\/\/takomoalkutuli.fi\/wp-content\/uploads\/2024\/10\/karmesormus-scaled.jpg","contentUrl":"https:\/\/takomoalkutuli.fi\/wp-content\/uploads\/2024\/10\/karmesormus-scaled.jpg","width":2560,"height":1735,"caption":"Taottu k\u00e4\u00e4rmesormus"},{"@type":"BreadcrumbList","@id":"https:\/\/takomoalkutuli.fi\/product\/kaarme-sormus\/#breadcrumb","itemListElement":[{"@type":"ListItem","position":1,"name":"Etusivu","item":"https:\/\/takomoalkutuli.fi\/"},{"@type":"ListItem","position":2,"name":"Kauppa","item":"https:\/\/takomoalkutuli.fi\/shop\/"},{"@type":"ListItem","position":3,"name":"Taottu K\u00e4\u00e4rmesormus"}]},{"@type":"WebSite","@id":"https:\/\/takomoalkutuli.fi\/#website","url":"https:\/\/takomoalkutuli.fi\/","name":"Primordial Fire forge","description":"","publisher":{"@id":"https:\/\/takomoalkutuli.fi\/#organization"},"potentialAction":[{"@type":"SearchAction","target":{"@type":"EntryPoint","urlTemplate":"https:\/\/takomoalkutuli.fi\/?s={search_term_string}"},"query-input":{"@type":"PropertyValueSpecification","valueRequired":true,"valueName":"search_term_string"}}],"inLanguage":"en-US"},{"@type":"Organization","@id":"https:\/\/takomoalkutuli.fi\/#organization","name":"Primordial Fire forge","url":"https:\/\/takomoalkutuli.fi\/","logo":{"@type":"ImageObject","inLanguage":"en-US","@id":"https:\/\/takomoalkutuli.fi\/#\/schema\/logo\/image\/","url":"https:\/\/takomoalkutuli.fi\/wp-content\/uploads\/2024\/10\/icon.png","contentUrl":"https:\/\/takomoalkutuli.fi\/wp-content\/uploads\/2024\/10\/icon.png","width":228,"height":228,"caption":"Takomo Alkutuli"},"image":{"@id":"https:\/\/takomoalkutuli.fi\/#\/schema\/logo\/image\/"},"sameAs":["https:\/\/www.facebook.com\/TakomoAlkutuli\/","https:\/\/www.instagram.com\/alkutuli\/"]}]}},"_links":{"self":[{"href":"https:\/\/takomoalkutuli.fi\/en\/wp-json\/wp\/v2\/product\/791","targetHints":{"allow":["GET"]}}],"collection":[{"href":"https:\/\/takomoalkutuli.fi\/en\/wp-json\/wp\/v2\/product"}],"about":[{"href":"https:\/\/takomoalkutuli.fi\/en\/wp-json\/wp\/v2\/types\/product"}],"wp:featuredmedia":[{"embeddable":true,"href":"https:\/\/takomoalkutuli.fi\/en\/wp-json\/wp\/v2\/media\/775"}],"wp:attachment":[{"href":"https:\/\/takomoalkutuli.fi\/en\/wp-json\/wp\/v2\/media?parent=791"}],"wp:term":[{"taxonomy":"product_brand","embeddable":true,"href":"https:\/\/takomoalkutuli.fi\/en\/wp-json\/wp\/v2\/product_brand?post=791"},{"taxonomy":"product_cat","embeddable":true,"href":"https:\/\/takomoalkutuli.fi\/en\/wp-json\/wp\/v2\/product_cat?post=791"},{"taxonomy":"product_tag","embeddable":true,"href":"https:\/\/takomoalkutuli.fi\/en\/wp-json\/wp\/v2\/product_tag?post=791"}],"curies":[{"name":"wp","href":"https:\/\/api.w.org\/{rel}","templated":true}]}}