{"id":769,"date":"2024-10-09T13:13:03","date_gmt":"2024-10-09T13:13:03","guid":{"rendered":"https:\/\/takomoalkutuli.fi\/?post_type=product&#038;p=769"},"modified":"2025-10-17T10:17:10","modified_gmt":"2025-10-17T10:17:10","slug":"levea-peenakuvio-sormus","status":"publish","type":"product","link":"https:\/\/takomoalkutuli.fi\/en\/product\/levea-peenakuvio-sormus\/","title":{"rendered":"Leve\u00e4 peenakuvio sormus"},"content":{"rendered":"<h3 data-start=\"100\" data-end=\"168\">Leve\u00e4 Peenakuvioinen Sormus \u2014 Kest\u00e4v\u00e4 ja Luonnon Inspiroima<\/h3>\n<p data-start=\"170\" data-end=\"400\">T\u00e4m\u00e4 <strong data-start=\"175\" data-end=\"191\">leve\u00e4 sormus<\/strong> on valmistettu <strong data-start=\"207\" data-end=\"238\">ruostumattomasta ter\u00e4ksest\u00e4<\/strong>, joten se kest\u00e4\u00e4 k\u00e4ytt\u00f6\u00e4 ilman ik\u00e4vi\u00e4 j\u00e4lki\u00e4 iholla. Sormuksen pintaan on <strong data-start=\"313\" data-end=\"338\">taottu peenakuviointi<\/strong>, joka tuo mieleen <strong data-start=\"357\" data-end=\"397\">puun kaarnan luonnollisen tekstuurin<\/strong>.<\/p>\n<p data-start=\"402\" data-end=\"611\">Sormuksen <strong data-start=\"412\" data-end=\"454\">runsaampi leveys ja rouhea taontakuosi<\/strong> tekev\u00e4t siit\u00e4 n\u00e4ytt\u00e4v\u00e4n, mutta samalla hillityn lis\u00e4n jokap\u00e4iv\u00e4iseen tyyliin. T\u00e4m\u00e4 uniikki sormus yhdist\u00e4\u00e4 <strong data-start=\"562\" data-end=\"608\">k\u00e4sity\u00f6n tunnelman ja modernin kest\u00e4vyyden<\/strong>.<\/p>\n<p>Sormuksen leveys on n. 8mm. Ilmoitathan ostaessa sormesi koon. Jokainen sormus on kuitenkin aukinainen ja s\u00e4\u00e4dett\u00e4v\u00e4. Kotioloissakin t\u00e4m\u00e4 onnistuu ihan parilla pihdill\u00e4 ja on etuna jos sormen koot tuntuvat muuttuvan vuodenaikojen mukaan.<\/p>\n<p>Jokainen tuote on yksil\u00f6llisesti k\u00e4sity\u00f6n\u00e4 valmistettu ja niiss\u00e4 saattaa olla pieni\u00e4 yksityiskohta eroja.<\/p>\n<p>&nbsp;<\/p>\n<p><em>Tagit: <a href=\"https:\/\/takomoalkutuli.fi\/en\/product-category\/sormukset\/\">Sormus<\/a><\/em><\/p>","protected":false},"excerpt":{"rendered":"<p>Leve\u00e4 peenakuvioinen sormus ruostumattomasta ter\u00e4ksest\u00e4. Ilmoitathan kokosi tilatessasi tuotteen.<\/p>","protected":false},"featured_media":772,"template":"","meta":[],"product_brand":[],"product_cat":[89],"product_tag":[91,90],"class_list":{"0":"post-769","1":"product","2":"type-product","3":"status-publish","4":"has-post-thumbnail","6":"product_cat-sormukset","7":"product_tag-peenasormus","8":"product_tag-sormus","9":"product_shipping_class-kirje","11":"first","12":"instock","13":"taxable","14":"shipping-taxable","15":"purchasable","16":"product-type-simple"},"yoast_head":"<!-- This site is optimized with the Yoast SEO plugin v26.1.1 - https:\/\/yoast.com\/wordpress\/plugins\/seo\/ -->\n<title>Leve\u00e4 peenakuvio sormus - Takomo Alkutuli<\/title>\n<meta name=\"description\" content=\"Leve\u00e4 peenakuvioinen sormus ruostumattomasta ter\u00e4ksest\u00e4. Taottu puun kaarnan tekstuuri, kest\u00e4v\u00e4 ja n\u00e4ytt\u00e4v\u00e4 sormus, ei j\u00e4t\u00e4 j\u00e4lki\u00e4 k\u00e4yt\u00f6ss\u00e4.\" \/>\n<meta name=\"robots\" content=\"index, follow, max-snippet:-1, max-image-preview:large, max-video-preview:-1\" \/>\n<link rel=\"canonical\" href=\"https:\/\/takomoalkutuli.fi\/en\/product\/levea-peenakuvio-sormus\/\" \/>\n<meta property=\"og:locale\" content=\"en_US\" \/>\n<meta property=\"og:type\" content=\"article\" \/>\n<meta property=\"og:title\" content=\"Leve\u00e4 peenakuvio sormus - Takomo Alkutuli\" \/>\n<meta property=\"og:description\" content=\"Leve\u00e4 peenakuvioinen sormus ruostumattomasta ter\u00e4ksest\u00e4. Taottu puun kaarnan tekstuuri, kest\u00e4v\u00e4 ja n\u00e4ytt\u00e4v\u00e4 sormus, ei j\u00e4t\u00e4 j\u00e4lki\u00e4 k\u00e4yt\u00f6ss\u00e4.\" \/>\n<meta property=\"og:url\" content=\"https:\/\/takomoalkutuli.fi\/en\/product\/levea-peenakuvio-sormus\/\" \/>\n<meta property=\"og:site_name\" content=\"Takomo Alkutuli\" \/>\n<meta property=\"article:publisher\" content=\"https:\/\/www.facebook.com\/TakomoAlkutuli\/\" \/>\n<meta property=\"article:modified_time\" content=\"2025-10-17T10:17:10+00:00\" \/>\n<meta property=\"og:image\" content=\"https:\/\/takomoalkutuli.fi\/wp-content\/uploads\/2024\/10\/isopeena-scaled.jpg\" \/>\n\t<meta property=\"og:image:width\" content=\"2560\" \/>\n\t<meta property=\"og:image:height\" content=\"1735\" \/>\n\t<meta property=\"og:image:type\" content=\"image\/jpeg\" \/>\n<meta name=\"twitter:card\" content=\"summary_large_image\" \/>\n<meta name=\"twitter:label1\" content=\"Est. reading time\" \/>\n\t<meta name=\"twitter:data1\" content=\"1 minute\" \/>\n<script type=\"application\/ld+json\" class=\"yoast-schema-graph\">{\"@context\":\"https:\/\/schema.org\",\"@graph\":[{\"@type\":\"WebPage\",\"@id\":\"https:\/\/takomoalkutuli.fi\/product\/levea-peenakuvio-sormus\/\",\"url\":\"https:\/\/takomoalkutuli.fi\/product\/levea-peenakuvio-sormus\/\",\"name\":\"Leve\u00e4 peenakuvio sormus - Takomo Alkutuli\",\"isPartOf\":{\"@id\":\"https:\/\/takomoalkutuli.fi\/#website\"},\"primaryImageOfPage\":{\"@id\":\"https:\/\/takomoalkutuli.fi\/product\/levea-peenakuvio-sormus\/#primaryimage\"},\"image\":{\"@id\":\"https:\/\/takomoalkutuli.fi\/product\/levea-peenakuvio-sormus\/#primaryimage\"},\"thumbnailUrl\":\"https:\/\/takomoalkutuli.fi\/wp-content\/uploads\/2024\/10\/isopeena-scaled.jpg\",\"datePublished\":\"2024-10-09T13:13:03+00:00\",\"dateModified\":\"2025-10-17T10:17:10+00:00\",\"description\":\"Leve\u00e4 peenakuvioinen sormus ruostumattomasta ter\u00e4ksest\u00e4. Taottu puun kaarnan tekstuuri, kest\u00e4v\u00e4 ja n\u00e4ytt\u00e4v\u00e4 sormus, ei j\u00e4t\u00e4 j\u00e4lki\u00e4 k\u00e4yt\u00f6ss\u00e4.\",\"breadcrumb\":{\"@id\":\"https:\/\/takomoalkutuli.fi\/product\/levea-peenakuvio-sormus\/#breadcrumb\"},\"inLanguage\":\"en-US\",\"potentialAction\":[{\"@type\":\"ReadAction\",\"target\":[\"https:\/\/takomoalkutuli.fi\/product\/levea-peenakuvio-sormus\/\"]}]},{\"@type\":\"ImageObject\",\"inLanguage\":\"en-US\",\"@id\":\"https:\/\/takomoalkutuli.fi\/product\/levea-peenakuvio-sormus\/#primaryimage\",\"url\":\"https:\/\/takomoalkutuli.fi\/wp-content\/uploads\/2024\/10\/isopeena-scaled.jpg\",\"contentUrl\":\"https:\/\/takomoalkutuli.fi\/wp-content\/uploads\/2024\/10\/isopeena-scaled.jpg\",\"width\":2560,\"height\":1735},{\"@type\":\"BreadcrumbList\",\"@id\":\"https:\/\/takomoalkutuli.fi\/product\/levea-peenakuvio-sormus\/#breadcrumb\",\"itemListElement\":[{\"@type\":\"ListItem\",\"position\":1,\"name\":\"Etusivu\",\"item\":\"https:\/\/takomoalkutuli.fi\/\"},{\"@type\":\"ListItem\",\"position\":2,\"name\":\"Kauppa\",\"item\":\"https:\/\/takomoalkutuli.fi\/shop\/\"},{\"@type\":\"ListItem\",\"position\":3,\"name\":\"Leve\u00e4 peenakuvio sormus\"}]},{\"@type\":\"WebSite\",\"@id\":\"https:\/\/takomoalkutuli.fi\/#website\",\"url\":\"https:\/\/takomoalkutuli.fi\/\",\"name\":\"Takomo Alkutuli\",\"description\":\"\",\"publisher\":{\"@id\":\"https:\/\/takomoalkutuli.fi\/#organization\"},\"potentialAction\":[{\"@type\":\"SearchAction\",\"target\":{\"@type\":\"EntryPoint\",\"urlTemplate\":\"https:\/\/takomoalkutuli.fi\/?s={search_term_string}\"},\"query-input\":{\"@type\":\"PropertyValueSpecification\",\"valueRequired\":true,\"valueName\":\"search_term_string\"}}],\"inLanguage\":\"en-US\"},{\"@type\":\"Organization\",\"@id\":\"https:\/\/takomoalkutuli.fi\/#organization\",\"name\":\"Takomo Alkutuli\",\"url\":\"https:\/\/takomoalkutuli.fi\/\",\"logo\":{\"@type\":\"ImageObject\",\"inLanguage\":\"en-US\",\"@id\":\"https:\/\/takomoalkutuli.fi\/#\/schema\/logo\/image\/\",\"url\":\"https:\/\/takomoalkutuli.fi\/wp-content\/uploads\/2024\/10\/icon.png\",\"contentUrl\":\"https:\/\/takomoalkutuli.fi\/wp-content\/uploads\/2024\/10\/icon.png\",\"width\":228,\"height\":228,\"caption\":\"Takomo Alkutuli\"},\"image\":{\"@id\":\"https:\/\/takomoalkutuli.fi\/#\/schema\/logo\/image\/\"},\"sameAs\":[\"https:\/\/www.facebook.com\/TakomoAlkutuli\/\",\"https:\/\/www.instagram.com\/alkutuli\/\"]}]}<\/script>\n<!-- \/ Yoast SEO plugin. -->","yoast_head_json":{"title":"Leve\u00e4 peenakuvio sormus - Takomo Alkutuli","description":"Leve\u00e4 peenakuvioinen sormus ruostumattomasta ter\u00e4ksest\u00e4. Taottu puun kaarnan tekstuuri, kest\u00e4v\u00e4 ja n\u00e4ytt\u00e4v\u00e4 sormus, ei j\u00e4t\u00e4 j\u00e4lki\u00e4 k\u00e4yt\u00f6ss\u00e4.","robots":{"index":"index","follow":"follow","max-snippet":"max-snippet:-1","max-image-preview":"max-image-preview:large","max-video-preview":"max-video-preview:-1"},"canonical":"https:\/\/takomoalkutuli.fi\/en\/product\/levea-peenakuvio-sormus\/","og_locale":"en_US","og_type":"article","og_title":"Leve\u00e4 peenakuvio sormus - Takomo Alkutuli","og_description":"Leve\u00e4 peenakuvioinen sormus ruostumattomasta ter\u00e4ksest\u00e4. Taottu puun kaarnan tekstuuri, kest\u00e4v\u00e4 ja n\u00e4ytt\u00e4v\u00e4 sormus, ei j\u00e4t\u00e4 j\u00e4lki\u00e4 k\u00e4yt\u00f6ss\u00e4.","og_url":"https:\/\/takomoalkutuli.fi\/en\/product\/levea-peenakuvio-sormus\/","og_site_name":"Takomo Alkutuli","article_publisher":"https:\/\/www.facebook.com\/TakomoAlkutuli\/","article_modified_time":"2025-10-17T10:17:10+00:00","og_image":[{"width":2560,"height":1735,"url":"https:\/\/takomoalkutuli.fi\/wp-content\/uploads\/2024\/10\/isopeena-scaled.jpg","type":"image\/jpeg"}],"twitter_card":"summary_large_image","twitter_misc":{"Est. reading time":"1 minute"},"schema":{"@context":"https:\/\/schema.org","@graph":[{"@type":"WebPage","@id":"https:\/\/takomoalkutuli.fi\/product\/levea-peenakuvio-sormus\/","url":"https:\/\/takomoalkutuli.fi\/product\/levea-peenakuvio-sormus\/","name":"Leve\u00e4 peenakuvio sormus - Takomo Alkutuli","isPartOf":{"@id":"https:\/\/takomoalkutuli.fi\/#website"},"primaryImageOfPage":{"@id":"https:\/\/takomoalkutuli.fi\/product\/levea-peenakuvio-sormus\/#primaryimage"},"image":{"@id":"https:\/\/takomoalkutuli.fi\/product\/levea-peenakuvio-sormus\/#primaryimage"},"thumbnailUrl":"https:\/\/takomoalkutuli.fi\/wp-content\/uploads\/2024\/10\/isopeena-scaled.jpg","datePublished":"2024-10-09T13:13:03+00:00","dateModified":"2025-10-17T10:17:10+00:00","description":"Leve\u00e4 peenakuvioinen sormus ruostumattomasta ter\u00e4ksest\u00e4. Taottu puun kaarnan tekstuuri, kest\u00e4v\u00e4 ja n\u00e4ytt\u00e4v\u00e4 sormus, ei j\u00e4t\u00e4 j\u00e4lki\u00e4 k\u00e4yt\u00f6ss\u00e4.","breadcrumb":{"@id":"https:\/\/takomoalkutuli.fi\/product\/levea-peenakuvio-sormus\/#breadcrumb"},"inLanguage":"en-US","potentialAction":[{"@type":"ReadAction","target":["https:\/\/takomoalkutuli.fi\/product\/levea-peenakuvio-sormus\/"]}]},{"@type":"ImageObject","inLanguage":"en-US","@id":"https:\/\/takomoalkutuli.fi\/product\/levea-peenakuvio-sormus\/#primaryimage","url":"https:\/\/takomoalkutuli.fi\/wp-content\/uploads\/2024\/10\/isopeena-scaled.jpg","contentUrl":"https:\/\/takomoalkutuli.fi\/wp-content\/uploads\/2024\/10\/isopeena-scaled.jpg","width":2560,"height":1735},{"@type":"BreadcrumbList","@id":"https:\/\/takomoalkutuli.fi\/product\/levea-peenakuvio-sormus\/#breadcrumb","itemListElement":[{"@type":"ListItem","position":1,"name":"Etusivu","item":"https:\/\/takomoalkutuli.fi\/"},{"@type":"ListItem","position":2,"name":"Kauppa","item":"https:\/\/takomoalkutuli.fi\/shop\/"},{"@type":"ListItem","position":3,"name":"Leve\u00e4 peenakuvio sormus"}]},{"@type":"WebSite","@id":"https:\/\/takomoalkutuli.fi\/#website","url":"https:\/\/takomoalkutuli.fi\/","name":"Primordial Fire forge","description":"","publisher":{"@id":"https:\/\/takomoalkutuli.fi\/#organization"},"potentialAction":[{"@type":"SearchAction","target":{"@type":"EntryPoint","urlTemplate":"https:\/\/takomoalkutuli.fi\/?s={search_term_string}"},"query-input":{"@type":"PropertyValueSpecification","valueRequired":true,"valueName":"search_term_string"}}],"inLanguage":"en-US"},{"@type":"Organization","@id":"https:\/\/takomoalkutuli.fi\/#organization","name":"Primordial Fire forge","url":"https:\/\/takomoalkutuli.fi\/","logo":{"@type":"ImageObject","inLanguage":"en-US","@id":"https:\/\/takomoalkutuli.fi\/#\/schema\/logo\/image\/","url":"https:\/\/takomoalkutuli.fi\/wp-content\/uploads\/2024\/10\/icon.png","contentUrl":"https:\/\/takomoalkutuli.fi\/wp-content\/uploads\/2024\/10\/icon.png","width":228,"height":228,"caption":"Takomo Alkutuli"},"image":{"@id":"https:\/\/takomoalkutuli.fi\/#\/schema\/logo\/image\/"},"sameAs":["https:\/\/www.facebook.com\/TakomoAlkutuli\/","https:\/\/www.instagram.com\/alkutuli\/"]}]}},"_links":{"self":[{"href":"https:\/\/takomoalkutuli.fi\/en\/wp-json\/wp\/v2\/product\/769","targetHints":{"allow":["GET"]}}],"collection":[{"href":"https:\/\/takomoalkutuli.fi\/en\/wp-json\/wp\/v2\/product"}],"about":[{"href":"https:\/\/takomoalkutuli.fi\/en\/wp-json\/wp\/v2\/types\/product"}],"wp:featuredmedia":[{"embeddable":true,"href":"https:\/\/takomoalkutuli.fi\/en\/wp-json\/wp\/v2\/media\/772"}],"wp:attachment":[{"href":"https:\/\/takomoalkutuli.fi\/en\/wp-json\/wp\/v2\/media?parent=769"}],"wp:term":[{"taxonomy":"product_brand","embeddable":true,"href":"https:\/\/takomoalkutuli.fi\/en\/wp-json\/wp\/v2\/product_brand?post=769"},{"taxonomy":"product_cat","embeddable":true,"href":"https:\/\/takomoalkutuli.fi\/en\/wp-json\/wp\/v2\/product_cat?post=769"},{"taxonomy":"product_tag","embeddable":true,"href":"https:\/\/takomoalkutuli.fi\/en\/wp-json\/wp\/v2\/product_tag?post=769"}],"curies":[{"name":"wp","href":"https:\/\/api.w.org\/{rel}","templated":true}]}}