{"id":729,"date":"2024-10-09T11:49:36","date_gmt":"2024-10-09T11:49:36","guid":{"rendered":"https:\/\/takomoalkutuli.fi\/?post_type=product&#038;p=729"},"modified":"2025-10-17T08:48:02","modified_gmt":"2025-10-17T08:48:02","slug":"ympyrasolkinen-vyo","status":"publish","type":"product","link":"https:\/\/takomoalkutuli.fi\/en\/product\/ympyrasolkinen-vyo\/","title":{"rendered":"Ympyr\u00e4solkinen vy\u00f6"},"content":{"rendered":"<h3 data-start=\"119\" data-end=\"188\">Nahkavy\u00f6 Py\u00f6re\u00e4ll\u00e4 Niitatulla Soljella \u2014 Kest\u00e4v\u00e4 ja N\u00e4ytt\u00e4v\u00e4<\/h3>\n<p data-start=\"190\" data-end=\"392\">T\u00e4m\u00e4 <strong data-start=\"195\" data-end=\"207\">nahkavy\u00f6<\/strong> yhdist\u00e4\u00e4 klassisen tyylin ja modernin, <strong data-start=\"247\" data-end=\"271\">personoidun k\u00e4sity\u00f6n<\/strong>. Vy\u00f6n <strong data-start=\"278\" data-end=\"331\">py\u00f6re\u00e4 solki on niitattu kasaan suurella niitill\u00e4<\/strong>, mik\u00e4 tekee siit\u00e4 <strong data-start=\"350\" data-end=\"389\">vahvan ja visuaalisesti vaikuttavan<\/strong>.<\/p>\n<p data-start=\"394\" data-end=\"649\">Solki on valmistettu <strong data-start=\"415\" data-end=\"436\">rakenneter\u00e4ksest\u00e4<\/strong> ja pintak\u00e4sitelty <strong data-start=\"455\" data-end=\"476\">graffittipastalla<\/strong>, joka antaa sille <strong data-start=\"495\" data-end=\"521\">hyv\u00e4n ruostesuojauksen<\/strong> ja s\u00e4ilytt\u00e4\u00e4 rouhean, kauniin pinnan pitk\u00e4\u00e4n. Vy\u00f6 on valmistettu <strong data-start=\"587\" data-end=\"613\">mustasta naudannahasta<\/strong>, joka on sek\u00e4 pehme\u00e4 ett\u00e4 tukeva.<\/p>\n<p data-start=\"651\" data-end=\"749\">T\u00e4h\u00e4n tuotteeseen on <strong data-start=\"672\" data-end=\"701\">kolme eri kokovaihtoehtoa<\/strong>, joten l\u00f6yd\u00e4t varmasti juuri sinulle sopivan.<\/p>\n<p>Soljen mitat: halkaisija 75mm.<\/p>\n<p>Vy\u00f6n leveys 40mm.<\/p>\n<p>Each piece is individually handcrafted, so slight variations in details and dimensions may occur.<\/p>","protected":false},"excerpt":{"rendered":"<p>Vy\u00f6 ympyr\u00e4mallisella soljella. . Valitse vy\u00f6n pituus kolmesta vaihtoehdosta.Valitse vy\u00f6n pituus kolmesta vaihtoehdosta.<\/p>","protected":false},"featured_media":723,"template":"","meta":[],"product_brand":[],"product_cat":[30],"product_tag":[86,84],"class_list":{"0":"post-729","1":"product","2":"type-product","3":"status-publish","4":"has-post-thumbnail","6":"product_cat-vyot","7":"product_tag-lenkkivyo","8":"product_tag-vyo","9":"product_shipping_class-pikkupaketti","11":"first","12":"instock","13":"taxable","14":"shipping-taxable","15":"purchasable","16":"product-type-variable"},"yoast_head":"<!-- This site is optimized with the Yoast SEO plugin v26.1.1 - https:\/\/yoast.com\/wordpress\/plugins\/seo\/ -->\n<title>Ympyr\u00e4solkinen vy\u00f6 - Takomo Alkutuli<\/title>\n<meta name=\"description\" content=\"Kest\u00e4v\u00e4 nahkavy\u00f6 py\u00f6re\u00e4ll\u00e4 niitatulla soljella. Mustaa naudannahkaa, solki taottu rakenneter\u00e4ksest\u00e4 ja ruostesuojattu graffittapastalla. Kolme kokoa.\" \/>\n<meta name=\"robots\" content=\"index, follow, max-snippet:-1, max-image-preview:large, max-video-preview:-1\" \/>\n<link rel=\"canonical\" href=\"https:\/\/takomoalkutuli.fi\/en\/product\/ympyrasolkinen-vyo\/\" \/>\n<meta property=\"og:locale\" content=\"en_US\" \/>\n<meta property=\"og:type\" content=\"article\" \/>\n<meta property=\"og:title\" content=\"Ympyr\u00e4solkinen vy\u00f6 - Takomo Alkutuli\" \/>\n<meta property=\"og:description\" content=\"Kest\u00e4v\u00e4 nahkavy\u00f6 py\u00f6re\u00e4ll\u00e4 niitatulla soljella. Mustaa naudannahkaa, solki taottu rakenneter\u00e4ksest\u00e4 ja ruostesuojattu graffittapastalla. Kolme kokoa.\" \/>\n<meta property=\"og:url\" content=\"https:\/\/takomoalkutuli.fi\/en\/product\/ympyrasolkinen-vyo\/\" \/>\n<meta property=\"og:site_name\" content=\"Takomo Alkutuli\" \/>\n<meta property=\"article:publisher\" content=\"https:\/\/www.facebook.com\/TakomoAlkutuli\/\" \/>\n<meta property=\"article:modified_time\" content=\"2025-10-17T08:48:02+00:00\" \/>\n<meta property=\"og:image\" content=\"https:\/\/takomoalkutuli.fi\/wp-content\/uploads\/2024\/10\/lenkkivyo2-scaled.jpg\" \/>\n\t<meta property=\"og:image:width\" content=\"2560\" \/>\n\t<meta property=\"og:image:height\" content=\"1737\" \/>\n\t<meta property=\"og:image:type\" content=\"image\/jpeg\" \/>\n<meta name=\"twitter:card\" content=\"summary_large_image\" \/>\n<meta name=\"twitter:label1\" content=\"Est. reading time\" \/>\n\t<meta name=\"twitter:data1\" content=\"1 minute\" \/>\n<script type=\"application\/ld+json\" class=\"yoast-schema-graph\">{\"@context\":\"https:\/\/schema.org\",\"@graph\":[{\"@type\":\"WebPage\",\"@id\":\"https:\/\/takomoalkutuli.fi\/product\/ympyrasolkinen-vyo\/\",\"url\":\"https:\/\/takomoalkutuli.fi\/product\/ympyrasolkinen-vyo\/\",\"name\":\"Ympyr\u00e4solkinen vy\u00f6 - Takomo Alkutuli\",\"isPartOf\":{\"@id\":\"https:\/\/takomoalkutuli.fi\/#website\"},\"primaryImageOfPage\":{\"@id\":\"https:\/\/takomoalkutuli.fi\/product\/ympyrasolkinen-vyo\/#primaryimage\"},\"image\":{\"@id\":\"https:\/\/takomoalkutuli.fi\/product\/ympyrasolkinen-vyo\/#primaryimage\"},\"thumbnailUrl\":\"https:\/\/takomoalkutuli.fi\/wp-content\/uploads\/2024\/10\/lenkkivyo2-scaled.jpg\",\"datePublished\":\"2024-10-09T11:49:36+00:00\",\"dateModified\":\"2025-10-17T08:48:02+00:00\",\"description\":\"Kest\u00e4v\u00e4 nahkavy\u00f6 py\u00f6re\u00e4ll\u00e4 niitatulla soljella. Mustaa naudannahkaa, solki taottu rakenneter\u00e4ksest\u00e4 ja ruostesuojattu graffittapastalla. Kolme kokoa.\",\"breadcrumb\":{\"@id\":\"https:\/\/takomoalkutuli.fi\/product\/ympyrasolkinen-vyo\/#breadcrumb\"},\"inLanguage\":\"en-US\",\"potentialAction\":[{\"@type\":\"ReadAction\",\"target\":[\"https:\/\/takomoalkutuli.fi\/product\/ympyrasolkinen-vyo\/\"]}]},{\"@type\":\"ImageObject\",\"inLanguage\":\"en-US\",\"@id\":\"https:\/\/takomoalkutuli.fi\/product\/ympyrasolkinen-vyo\/#primaryimage\",\"url\":\"https:\/\/takomoalkutuli.fi\/wp-content\/uploads\/2024\/10\/lenkkivyo2-scaled.jpg\",\"contentUrl\":\"https:\/\/takomoalkutuli.fi\/wp-content\/uploads\/2024\/10\/lenkkivyo2-scaled.jpg\",\"width\":2560,\"height\":1737},{\"@type\":\"BreadcrumbList\",\"@id\":\"https:\/\/takomoalkutuli.fi\/product\/ympyrasolkinen-vyo\/#breadcrumb\",\"itemListElement\":[{\"@type\":\"ListItem\",\"position\":1,\"name\":\"Etusivu\",\"item\":\"https:\/\/takomoalkutuli.fi\/\"},{\"@type\":\"ListItem\",\"position\":2,\"name\":\"Kauppa\",\"item\":\"https:\/\/takomoalkutuli.fi\/shop\/\"},{\"@type\":\"ListItem\",\"position\":3,\"name\":\"Ympyr\u00e4solkinen vy\u00f6\"}]},{\"@type\":\"WebSite\",\"@id\":\"https:\/\/takomoalkutuli.fi\/#website\",\"url\":\"https:\/\/takomoalkutuli.fi\/\",\"name\":\"Takomo Alkutuli\",\"description\":\"\",\"publisher\":{\"@id\":\"https:\/\/takomoalkutuli.fi\/#organization\"},\"potentialAction\":[{\"@type\":\"SearchAction\",\"target\":{\"@type\":\"EntryPoint\",\"urlTemplate\":\"https:\/\/takomoalkutuli.fi\/?s={search_term_string}\"},\"query-input\":{\"@type\":\"PropertyValueSpecification\",\"valueRequired\":true,\"valueName\":\"search_term_string\"}}],\"inLanguage\":\"en-US\"},{\"@type\":\"Organization\",\"@id\":\"https:\/\/takomoalkutuli.fi\/#organization\",\"name\":\"Takomo Alkutuli\",\"url\":\"https:\/\/takomoalkutuli.fi\/\",\"logo\":{\"@type\":\"ImageObject\",\"inLanguage\":\"en-US\",\"@id\":\"https:\/\/takomoalkutuli.fi\/#\/schema\/logo\/image\/\",\"url\":\"https:\/\/takomoalkutuli.fi\/wp-content\/uploads\/2024\/10\/icon.png\",\"contentUrl\":\"https:\/\/takomoalkutuli.fi\/wp-content\/uploads\/2024\/10\/icon.png\",\"width\":228,\"height\":228,\"caption\":\"Takomo Alkutuli\"},\"image\":{\"@id\":\"https:\/\/takomoalkutuli.fi\/#\/schema\/logo\/image\/\"},\"sameAs\":[\"https:\/\/www.facebook.com\/TakomoAlkutuli\/\",\"https:\/\/www.instagram.com\/alkutuli\/\"]}]}<\/script>\n<!-- \/ Yoast SEO plugin. -->","yoast_head_json":{"title":"Ympyr\u00e4solkinen vy\u00f6 - Takomo Alkutuli","description":"Kest\u00e4v\u00e4 nahkavy\u00f6 py\u00f6re\u00e4ll\u00e4 niitatulla soljella. Mustaa naudannahkaa, solki taottu rakenneter\u00e4ksest\u00e4 ja ruostesuojattu graffittapastalla. Kolme kokoa.","robots":{"index":"index","follow":"follow","max-snippet":"max-snippet:-1","max-image-preview":"max-image-preview:large","max-video-preview":"max-video-preview:-1"},"canonical":"https:\/\/takomoalkutuli.fi\/en\/product\/ympyrasolkinen-vyo\/","og_locale":"en_US","og_type":"article","og_title":"Ympyr\u00e4solkinen vy\u00f6 - Takomo Alkutuli","og_description":"Kest\u00e4v\u00e4 nahkavy\u00f6 py\u00f6re\u00e4ll\u00e4 niitatulla soljella. Mustaa naudannahkaa, solki taottu rakenneter\u00e4ksest\u00e4 ja ruostesuojattu graffittapastalla. Kolme kokoa.","og_url":"https:\/\/takomoalkutuli.fi\/en\/product\/ympyrasolkinen-vyo\/","og_site_name":"Takomo Alkutuli","article_publisher":"https:\/\/www.facebook.com\/TakomoAlkutuli\/","article_modified_time":"2025-10-17T08:48:02+00:00","og_image":[{"width":2560,"height":1737,"url":"https:\/\/takomoalkutuli.fi\/wp-content\/uploads\/2024\/10\/lenkkivyo2-scaled.jpg","type":"image\/jpeg"}],"twitter_card":"summary_large_image","twitter_misc":{"Est. reading time":"1 minute"},"schema":{"@context":"https:\/\/schema.org","@graph":[{"@type":"WebPage","@id":"https:\/\/takomoalkutuli.fi\/product\/ympyrasolkinen-vyo\/","url":"https:\/\/takomoalkutuli.fi\/product\/ympyrasolkinen-vyo\/","name":"Ympyr\u00e4solkinen vy\u00f6 - Takomo Alkutuli","isPartOf":{"@id":"https:\/\/takomoalkutuli.fi\/#website"},"primaryImageOfPage":{"@id":"https:\/\/takomoalkutuli.fi\/product\/ympyrasolkinen-vyo\/#primaryimage"},"image":{"@id":"https:\/\/takomoalkutuli.fi\/product\/ympyrasolkinen-vyo\/#primaryimage"},"thumbnailUrl":"https:\/\/takomoalkutuli.fi\/wp-content\/uploads\/2024\/10\/lenkkivyo2-scaled.jpg","datePublished":"2024-10-09T11:49:36+00:00","dateModified":"2025-10-17T08:48:02+00:00","description":"Kest\u00e4v\u00e4 nahkavy\u00f6 py\u00f6re\u00e4ll\u00e4 niitatulla soljella. Mustaa naudannahkaa, solki taottu rakenneter\u00e4ksest\u00e4 ja ruostesuojattu graffittapastalla. Kolme kokoa.","breadcrumb":{"@id":"https:\/\/takomoalkutuli.fi\/product\/ympyrasolkinen-vyo\/#breadcrumb"},"inLanguage":"en-US","potentialAction":[{"@type":"ReadAction","target":["https:\/\/takomoalkutuli.fi\/product\/ympyrasolkinen-vyo\/"]}]},{"@type":"ImageObject","inLanguage":"en-US","@id":"https:\/\/takomoalkutuli.fi\/product\/ympyrasolkinen-vyo\/#primaryimage","url":"https:\/\/takomoalkutuli.fi\/wp-content\/uploads\/2024\/10\/lenkkivyo2-scaled.jpg","contentUrl":"https:\/\/takomoalkutuli.fi\/wp-content\/uploads\/2024\/10\/lenkkivyo2-scaled.jpg","width":2560,"height":1737},{"@type":"BreadcrumbList","@id":"https:\/\/takomoalkutuli.fi\/product\/ympyrasolkinen-vyo\/#breadcrumb","itemListElement":[{"@type":"ListItem","position":1,"name":"Etusivu","item":"https:\/\/takomoalkutuli.fi\/"},{"@type":"ListItem","position":2,"name":"Kauppa","item":"https:\/\/takomoalkutuli.fi\/shop\/"},{"@type":"ListItem","position":3,"name":"Ympyr\u00e4solkinen vy\u00f6"}]},{"@type":"WebSite","@id":"https:\/\/takomoalkutuli.fi\/#website","url":"https:\/\/takomoalkutuli.fi\/","name":"Primordial Fire forge","description":"","publisher":{"@id":"https:\/\/takomoalkutuli.fi\/#organization"},"potentialAction":[{"@type":"SearchAction","target":{"@type":"EntryPoint","urlTemplate":"https:\/\/takomoalkutuli.fi\/?s={search_term_string}"},"query-input":{"@type":"PropertyValueSpecification","valueRequired":true,"valueName":"search_term_string"}}],"inLanguage":"en-US"},{"@type":"Organization","@id":"https:\/\/takomoalkutuli.fi\/#organization","name":"Primordial Fire forge","url":"https:\/\/takomoalkutuli.fi\/","logo":{"@type":"ImageObject","inLanguage":"en-US","@id":"https:\/\/takomoalkutuli.fi\/#\/schema\/logo\/image\/","url":"https:\/\/takomoalkutuli.fi\/wp-content\/uploads\/2024\/10\/icon.png","contentUrl":"https:\/\/takomoalkutuli.fi\/wp-content\/uploads\/2024\/10\/icon.png","width":228,"height":228,"caption":"Takomo Alkutuli"},"image":{"@id":"https:\/\/takomoalkutuli.fi\/#\/schema\/logo\/image\/"},"sameAs":["https:\/\/www.facebook.com\/TakomoAlkutuli\/","https:\/\/www.instagram.com\/alkutuli\/"]}]}},"_links":{"self":[{"href":"https:\/\/takomoalkutuli.fi\/en\/wp-json\/wp\/v2\/product\/729","targetHints":{"allow":["GET"]}}],"collection":[{"href":"https:\/\/takomoalkutuli.fi\/en\/wp-json\/wp\/v2\/product"}],"about":[{"href":"https:\/\/takomoalkutuli.fi\/en\/wp-json\/wp\/v2\/types\/product"}],"wp:featuredmedia":[{"embeddable":true,"href":"https:\/\/takomoalkutuli.fi\/en\/wp-json\/wp\/v2\/media\/723"}],"wp:attachment":[{"href":"https:\/\/takomoalkutuli.fi\/en\/wp-json\/wp\/v2\/media?parent=729"}],"wp:term":[{"taxonomy":"product_brand","embeddable":true,"href":"https:\/\/takomoalkutuli.fi\/en\/wp-json\/wp\/v2\/product_brand?post=729"},{"taxonomy":"product_cat","embeddable":true,"href":"https:\/\/takomoalkutuli.fi\/en\/wp-json\/wp\/v2\/product_cat?post=729"},{"taxonomy":"product_tag","embeddable":true,"href":"https:\/\/takomoalkutuli.fi\/en\/wp-json\/wp\/v2\/product_tag?post=729"}],"curies":[{"name":"wp","href":"https:\/\/api.w.org\/{rel}","templated":true}]}}