{"id":722,"date":"2024-10-09T11:31:16","date_gmt":"2024-10-09T11:31:16","guid":{"rendered":"https:\/\/takomoalkutuli.fi\/?post_type=product&#038;p=722"},"modified":"2025-10-17T08:45:58","modified_gmt":"2025-10-17T08:45:58","slug":"lattavyo","status":"publish","type":"product","link":"https:\/\/takomoalkutuli.fi\/en\/product\/lattavyo\/","title":{"rendered":"Lattasolkinen vy\u00f6."},"content":{"rendered":"<h3 data-start=\"142\" data-end=\"207\">Nahkavy\u00f6 Taotulla Lattarauta soljella \u2014 Kest\u00e4v\u00e4 ja N\u00e4ytt\u00e4v\u00e4<\/h3>\n<p data-start=\"209\" data-end=\"474\">T\u00e4m\u00e4 <strong data-start=\"214\" data-end=\"226\">nahkavy\u00f6<\/strong> yhdist\u00e4\u00e4 klassisen <strong data-start=\"246\" data-end=\"274\">lattamallisen vy\u00f6nsoljen<\/strong> tyylin ja modernin, <strong data-start=\"295\" data-end=\"319\">personoidun k\u00e4sity\u00f6n<\/strong>. Vy\u00f6n solki on <strong data-start=\"335\" data-end=\"363\">taottu rakenneter\u00e4ksest\u00e4<\/strong> ja <strong data-start=\"367\" data-end=\"404\">niitattu kasaan tukevista lattaraudoista<\/strong>, mik\u00e4 tekee siit\u00e4 sek\u00e4 <strong data-start=\"428\" data-end=\"471\">kest\u00e4v\u00e4n ett\u00e4 visuaalisesti vaikuttavan<\/strong>.<\/p>\n<p data-start=\"476\" data-end=\"703\">Solki on viimeistelty <strong data-start=\"498\" data-end=\"519\">graffittipastalla<\/strong>, joka antaa sille <strong data-start=\"538\" data-end=\"564\">hyv\u00e4n ruostesuojauksen<\/strong> ja s\u00e4ilytt\u00e4\u00e4 kauniin, rouhean pinnan pitk\u00e4\u00e4n. Vy\u00f6 on valmistettu <strong data-start=\"630\" data-end=\"656\">mustasta naudannahasta<\/strong>, joka on sek\u00e4 pehme\u00e4 ett\u00e4 tukevan tuntuinen.<\/p>\n<p data-start=\"705\" data-end=\"805\">T\u00e4h\u00e4n tuotteeseen on <strong data-start=\"726\" data-end=\"755\">kolme eri kokovaihtoehtoa<\/strong>, joten l\u00f6yd\u00e4t varmasti juuri itsellesi sopivan.<\/p>\n<p>Soljen mitat: 80x70mm.<\/p>\n<p>Vy\u00f6n leveys 40mm<\/p>\n<p>Each piece is individually handcrafted, so slight variations in details and dimensions may occur.<\/p>","protected":false},"excerpt":{"rendered":"<p>Lattavy\u00f6. Taottu lattamallinen vy\u00f6nsolki, nahkaisella vy\u00f6ll\u00e4. Valitse vy\u00f6n pituus kolmesta vaihtoehdosta.<\/p>","protected":false},"featured_media":725,"template":"","meta":[],"product_brand":[],"product_cat":[30],"product_tag":[85,84],"class_list":{"0":"post-722","1":"product","2":"type-product","3":"status-publish","4":"has-post-thumbnail","6":"product_cat-vyot","7":"product_tag-lattavyo","8":"product_tag-vyo","9":"product_shipping_class-pikkupaketti","11":"first","12":"instock","13":"taxable","14":"shipping-taxable","15":"purchasable","16":"product-type-variable"},"yoast_head":"<!-- This site is optimized with the Yoast SEO plugin v26.1.1 - https:\/\/yoast.com\/wordpress\/plugins\/seo\/ -->\n<title>Lattasolkinen vy\u00f6. - Takomo Alkutuli<\/title>\n<meta name=\"description\" content=\"Kest\u00e4v\u00e4 ja n\u00e4ytt\u00e4v\u00e4 nahkavy\u00f6 taotulla lattarasolkiolla. Mustaa naudannahkaa, solki taottu rakenneter\u00e4ksest\u00e4 ja ruostesuojattu. Kolme kokoa.\" \/>\n<meta name=\"robots\" content=\"index, follow, max-snippet:-1, max-image-preview:large, max-video-preview:-1\" \/>\n<link rel=\"canonical\" href=\"https:\/\/takomoalkutuli.fi\/en\/product\/lattavyo\/\" \/>\n<meta property=\"og:locale\" content=\"en_US\" \/>\n<meta property=\"og:type\" content=\"article\" \/>\n<meta property=\"og:title\" content=\"Lattasolkinen vy\u00f6. - Takomo Alkutuli\" \/>\n<meta property=\"og:description\" content=\"Kest\u00e4v\u00e4 ja n\u00e4ytt\u00e4v\u00e4 nahkavy\u00f6 taotulla lattarasolkiolla. Mustaa naudannahkaa, solki taottu rakenneter\u00e4ksest\u00e4 ja ruostesuojattu. Kolme kokoa.\" \/>\n<meta property=\"og:url\" content=\"https:\/\/takomoalkutuli.fi\/en\/product\/lattavyo\/\" \/>\n<meta property=\"og:site_name\" content=\"Takomo Alkutuli\" \/>\n<meta property=\"article:publisher\" content=\"https:\/\/www.facebook.com\/TakomoAlkutuli\/\" \/>\n<meta property=\"article:modified_time\" content=\"2025-10-17T08:45:58+00:00\" \/>\n<meta property=\"og:image\" content=\"https:\/\/takomoalkutuli.fi\/wp-content\/uploads\/2024\/10\/lattavyo2-scaled.jpg\" \/>\n\t<meta property=\"og:image:width\" content=\"2560\" \/>\n\t<meta property=\"og:image:height\" content=\"1557\" \/>\n\t<meta property=\"og:image:type\" content=\"image\/jpeg\" \/>\n<meta name=\"twitter:card\" content=\"summary_large_image\" \/>\n<meta name=\"twitter:label1\" content=\"Est. reading time\" \/>\n\t<meta name=\"twitter:data1\" content=\"1 minute\" \/>\n<script type=\"application\/ld+json\" class=\"yoast-schema-graph\">{\"@context\":\"https:\/\/schema.org\",\"@graph\":[{\"@type\":\"WebPage\",\"@id\":\"https:\/\/takomoalkutuli.fi\/product\/lattavyo\/\",\"url\":\"https:\/\/takomoalkutuli.fi\/product\/lattavyo\/\",\"name\":\"Lattasolkinen vy\u00f6. - Takomo Alkutuli\",\"isPartOf\":{\"@id\":\"https:\/\/takomoalkutuli.fi\/#website\"},\"primaryImageOfPage\":{\"@id\":\"https:\/\/takomoalkutuli.fi\/product\/lattavyo\/#primaryimage\"},\"image\":{\"@id\":\"https:\/\/takomoalkutuli.fi\/product\/lattavyo\/#primaryimage\"},\"thumbnailUrl\":\"https:\/\/takomoalkutuli.fi\/wp-content\/uploads\/2024\/10\/lattavyo2-scaled.jpg\",\"datePublished\":\"2024-10-09T11:31:16+00:00\",\"dateModified\":\"2025-10-17T08:45:58+00:00\",\"description\":\"Kest\u00e4v\u00e4 ja n\u00e4ytt\u00e4v\u00e4 nahkavy\u00f6 taotulla lattarasolkiolla. Mustaa naudannahkaa, solki taottu rakenneter\u00e4ksest\u00e4 ja ruostesuojattu. Kolme kokoa.\",\"breadcrumb\":{\"@id\":\"https:\/\/takomoalkutuli.fi\/product\/lattavyo\/#breadcrumb\"},\"inLanguage\":\"en-US\",\"potentialAction\":[{\"@type\":\"ReadAction\",\"target\":[\"https:\/\/takomoalkutuli.fi\/product\/lattavyo\/\"]}]},{\"@type\":\"ImageObject\",\"inLanguage\":\"en-US\",\"@id\":\"https:\/\/takomoalkutuli.fi\/product\/lattavyo\/#primaryimage\",\"url\":\"https:\/\/takomoalkutuli.fi\/wp-content\/uploads\/2024\/10\/lattavyo2-scaled.jpg\",\"contentUrl\":\"https:\/\/takomoalkutuli.fi\/wp-content\/uploads\/2024\/10\/lattavyo2-scaled.jpg\",\"width\":2560,\"height\":1557},{\"@type\":\"BreadcrumbList\",\"@id\":\"https:\/\/takomoalkutuli.fi\/product\/lattavyo\/#breadcrumb\",\"itemListElement\":[{\"@type\":\"ListItem\",\"position\":1,\"name\":\"Etusivu\",\"item\":\"https:\/\/takomoalkutuli.fi\/\"},{\"@type\":\"ListItem\",\"position\":2,\"name\":\"Kauppa\",\"item\":\"https:\/\/takomoalkutuli.fi\/shop\/\"},{\"@type\":\"ListItem\",\"position\":3,\"name\":\"Lattasolkinen vy\u00f6.\"}]},{\"@type\":\"WebSite\",\"@id\":\"https:\/\/takomoalkutuli.fi\/#website\",\"url\":\"https:\/\/takomoalkutuli.fi\/\",\"name\":\"Takomo Alkutuli\",\"description\":\"\",\"publisher\":{\"@id\":\"https:\/\/takomoalkutuli.fi\/#organization\"},\"potentialAction\":[{\"@type\":\"SearchAction\",\"target\":{\"@type\":\"EntryPoint\",\"urlTemplate\":\"https:\/\/takomoalkutuli.fi\/?s={search_term_string}\"},\"query-input\":{\"@type\":\"PropertyValueSpecification\",\"valueRequired\":true,\"valueName\":\"search_term_string\"}}],\"inLanguage\":\"en-US\"},{\"@type\":\"Organization\",\"@id\":\"https:\/\/takomoalkutuli.fi\/#organization\",\"name\":\"Takomo Alkutuli\",\"url\":\"https:\/\/takomoalkutuli.fi\/\",\"logo\":{\"@type\":\"ImageObject\",\"inLanguage\":\"en-US\",\"@id\":\"https:\/\/takomoalkutuli.fi\/#\/schema\/logo\/image\/\",\"url\":\"https:\/\/takomoalkutuli.fi\/wp-content\/uploads\/2024\/10\/icon.png\",\"contentUrl\":\"https:\/\/takomoalkutuli.fi\/wp-content\/uploads\/2024\/10\/icon.png\",\"width\":228,\"height\":228,\"caption\":\"Takomo Alkutuli\"},\"image\":{\"@id\":\"https:\/\/takomoalkutuli.fi\/#\/schema\/logo\/image\/\"},\"sameAs\":[\"https:\/\/www.facebook.com\/TakomoAlkutuli\/\",\"https:\/\/www.instagram.com\/alkutuli\/\"]}]}<\/script>\n<!-- \/ Yoast SEO plugin. -->","yoast_head_json":{"title":"Lattasolkinen vy\u00f6. - Takomo Alkutuli","description":"Kest\u00e4v\u00e4 ja n\u00e4ytt\u00e4v\u00e4 nahkavy\u00f6 taotulla lattarasolkiolla. Mustaa naudannahkaa, solki taottu rakenneter\u00e4ksest\u00e4 ja ruostesuojattu. Kolme kokoa.","robots":{"index":"index","follow":"follow","max-snippet":"max-snippet:-1","max-image-preview":"max-image-preview:large","max-video-preview":"max-video-preview:-1"},"canonical":"https:\/\/takomoalkutuli.fi\/en\/product\/lattavyo\/","og_locale":"en_US","og_type":"article","og_title":"Lattasolkinen vy\u00f6. - Takomo Alkutuli","og_description":"Kest\u00e4v\u00e4 ja n\u00e4ytt\u00e4v\u00e4 nahkavy\u00f6 taotulla lattarasolkiolla. Mustaa naudannahkaa, solki taottu rakenneter\u00e4ksest\u00e4 ja ruostesuojattu. Kolme kokoa.","og_url":"https:\/\/takomoalkutuli.fi\/en\/product\/lattavyo\/","og_site_name":"Takomo Alkutuli","article_publisher":"https:\/\/www.facebook.com\/TakomoAlkutuli\/","article_modified_time":"2025-10-17T08:45:58+00:00","og_image":[{"width":2560,"height":1557,"url":"https:\/\/takomoalkutuli.fi\/wp-content\/uploads\/2024\/10\/lattavyo2-scaled.jpg","type":"image\/jpeg"}],"twitter_card":"summary_large_image","twitter_misc":{"Est. reading time":"1 minute"},"schema":{"@context":"https:\/\/schema.org","@graph":[{"@type":"WebPage","@id":"https:\/\/takomoalkutuli.fi\/product\/lattavyo\/","url":"https:\/\/takomoalkutuli.fi\/product\/lattavyo\/","name":"Lattasolkinen vy\u00f6. - Takomo Alkutuli","isPartOf":{"@id":"https:\/\/takomoalkutuli.fi\/#website"},"primaryImageOfPage":{"@id":"https:\/\/takomoalkutuli.fi\/product\/lattavyo\/#primaryimage"},"image":{"@id":"https:\/\/takomoalkutuli.fi\/product\/lattavyo\/#primaryimage"},"thumbnailUrl":"https:\/\/takomoalkutuli.fi\/wp-content\/uploads\/2024\/10\/lattavyo2-scaled.jpg","datePublished":"2024-10-09T11:31:16+00:00","dateModified":"2025-10-17T08:45:58+00:00","description":"Kest\u00e4v\u00e4 ja n\u00e4ytt\u00e4v\u00e4 nahkavy\u00f6 taotulla lattarasolkiolla. Mustaa naudannahkaa, solki taottu rakenneter\u00e4ksest\u00e4 ja ruostesuojattu. Kolme kokoa.","breadcrumb":{"@id":"https:\/\/takomoalkutuli.fi\/product\/lattavyo\/#breadcrumb"},"inLanguage":"en-US","potentialAction":[{"@type":"ReadAction","target":["https:\/\/takomoalkutuli.fi\/product\/lattavyo\/"]}]},{"@type":"ImageObject","inLanguage":"en-US","@id":"https:\/\/takomoalkutuli.fi\/product\/lattavyo\/#primaryimage","url":"https:\/\/takomoalkutuli.fi\/wp-content\/uploads\/2024\/10\/lattavyo2-scaled.jpg","contentUrl":"https:\/\/takomoalkutuli.fi\/wp-content\/uploads\/2024\/10\/lattavyo2-scaled.jpg","width":2560,"height":1557},{"@type":"BreadcrumbList","@id":"https:\/\/takomoalkutuli.fi\/product\/lattavyo\/#breadcrumb","itemListElement":[{"@type":"ListItem","position":1,"name":"Etusivu","item":"https:\/\/takomoalkutuli.fi\/"},{"@type":"ListItem","position":2,"name":"Kauppa","item":"https:\/\/takomoalkutuli.fi\/shop\/"},{"@type":"ListItem","position":3,"name":"Lattasolkinen vy\u00f6."}]},{"@type":"WebSite","@id":"https:\/\/takomoalkutuli.fi\/#website","url":"https:\/\/takomoalkutuli.fi\/","name":"Primordial Fire forge","description":"","publisher":{"@id":"https:\/\/takomoalkutuli.fi\/#organization"},"potentialAction":[{"@type":"SearchAction","target":{"@type":"EntryPoint","urlTemplate":"https:\/\/takomoalkutuli.fi\/?s={search_term_string}"},"query-input":{"@type":"PropertyValueSpecification","valueRequired":true,"valueName":"search_term_string"}}],"inLanguage":"en-US"},{"@type":"Organization","@id":"https:\/\/takomoalkutuli.fi\/#organization","name":"Primordial Fire forge","url":"https:\/\/takomoalkutuli.fi\/","logo":{"@type":"ImageObject","inLanguage":"en-US","@id":"https:\/\/takomoalkutuli.fi\/#\/schema\/logo\/image\/","url":"https:\/\/takomoalkutuli.fi\/wp-content\/uploads\/2024\/10\/icon.png","contentUrl":"https:\/\/takomoalkutuli.fi\/wp-content\/uploads\/2024\/10\/icon.png","width":228,"height":228,"caption":"Takomo Alkutuli"},"image":{"@id":"https:\/\/takomoalkutuli.fi\/#\/schema\/logo\/image\/"},"sameAs":["https:\/\/www.facebook.com\/TakomoAlkutuli\/","https:\/\/www.instagram.com\/alkutuli\/"]}]}},"_links":{"self":[{"href":"https:\/\/takomoalkutuli.fi\/en\/wp-json\/wp\/v2\/product\/722","targetHints":{"allow":["GET"]}}],"collection":[{"href":"https:\/\/takomoalkutuli.fi\/en\/wp-json\/wp\/v2\/product"}],"about":[{"href":"https:\/\/takomoalkutuli.fi\/en\/wp-json\/wp\/v2\/types\/product"}],"wp:featuredmedia":[{"embeddable":true,"href":"https:\/\/takomoalkutuli.fi\/en\/wp-json\/wp\/v2\/media\/725"}],"wp:attachment":[{"href":"https:\/\/takomoalkutuli.fi\/en\/wp-json\/wp\/v2\/media?parent=722"}],"wp:term":[{"taxonomy":"product_brand","embeddable":true,"href":"https:\/\/takomoalkutuli.fi\/en\/wp-json\/wp\/v2\/product_brand?post=722"},{"taxonomy":"product_cat","embeddable":true,"href":"https:\/\/takomoalkutuli.fi\/en\/wp-json\/wp\/v2\/product_cat?post=722"},{"taxonomy":"product_tag","embeddable":true,"href":"https:\/\/takomoalkutuli.fi\/en\/wp-json\/wp\/v2\/product_tag?post=722"}],"curies":[{"name":"wp","href":"https:\/\/api.w.org\/{rel}","templated":true}]}}