{"id":719,"date":"2024-10-09T11:21:50","date_gmt":"2024-10-09T11:21:50","guid":{"rendered":"https:\/\/takomoalkutuli.fi\/?post_type=product&#038;p=719"},"modified":"2025-10-17T11:23:37","modified_gmt":"2025-10-17T11:23:37","slug":"ukonkirves-riipus","status":"publish","type":"product","link":"https:\/\/takomoalkutuli.fi\/en\/product\/ukonkirves-riipus\/","title":{"rendered":"Ukonkirves \u2013 Pendant"},"content":{"rendered":"<h3 data-start=\"82\" data-end=\"148\">Taottu Ukonkirves-Riipus \u2014 Luonnonvoimien ja Sadon Symboli<\/h3>\n<p data-start=\"150\" data-end=\"503\">T\u00e4m\u00e4 <strong data-start=\"155\" data-end=\"183\">taottu Ukonkirves-riipus<\/strong> ammentaa inspiraationsa <strong data-start=\"208\" data-end=\"246\">muinaissuomalaisesta symboliikasta<\/strong>, jossa Ukko, ylijumala, edustaa <strong data-start=\"279\" data-end=\"336\">luonnonvoimia, sadon hyvyytt\u00e4 ja taivaankannen voimaa<\/strong>. Tarujen mukaan, kun Ukko suuttui, h\u00e4n alkoi <strong data-start=\"382\" data-end=\"420\">takomaan taivaankantta kirveell\u00e4\u00e4n<\/strong>, aiheuttaen <strong data-start=\"433\" data-end=\"459\">jyrin\u00e4\u00e4 ja salamointia<\/strong>, aivan kuten viikinkien Thor vasarallaan.<\/p>\n<p data-start=\"505\" data-end=\"737\">Toisin kuin Thor, Ukolla oli <strong data-start=\"534\" data-end=\"553\">aseenaan kirves<\/strong>, joka symboloi voimaa, valtaa ja luonnon kunnioittamista. T\u00e4m\u00e4 riipus yhdist\u00e4\u00e4 <strong data-start=\"633\" data-end=\"684\">historiallisen mytologian ja k\u00e4sity\u00f6n kauneuden<\/strong>, tehden siit\u00e4 n\u00e4ytt\u00e4v\u00e4n ja merkityksellisen korun.<\/p>\n<p>The Ukonkirves is made of structural steel. The pendant has been treated in pine tar, providing excellent rust protection. The cord is domestic elk leather with an adjustable knot.<\/p>\n<p>Height: 60mm<\/p>\n<p>Each piece is individually handcrafted, so slight variations in details and dimensions may occur.<\/p>\n<p>&nbsp;<\/p>\n<p><em>Tagit: <a href=\"https:\/\/takomoalkutuli.fi\/en\/product-category\/korut\/\">Jewelry<\/a><\/em><\/p>","protected":false},"excerpt":{"rendered":"<p>Ukonkirves pendant. The ancient Finnish Ukonkirves symbolizes the forces of nature.<\/p>","protected":false},"featured_media":1366,"template":"","meta":[],"product_brand":[],"product_cat":[20],"product_tag":[83,63,47,50,82,81],"class_list":{"0":"post-719","1":"product","2":"type-product","3":"status-publish","4":"has-post-thumbnail","6":"product_cat-korut","7":"product_tag-kalevala","8":"product_tag-kirves","9":"product_tag-koru","10":"product_tag-riipus","11":"product_tag-ukko","12":"product_tag-ukonkirves","13":"product_shipping_class-kirje","15":"first","16":"instock","17":"taxable","18":"shipping-taxable","19":"purchasable","20":"product-type-simple"},"yoast_head":"<!-- This site is optimized with the Yoast SEO plugin v26.1.1 - https:\/\/yoast.com\/wordpress\/plugins\/seo\/ -->\n<title>Ukonkirves - Riipus. - Takomo Alkutuli<\/title>\n<meta name=\"description\" content=\"Taottu Ukonkirves-riipus \u2013 muinaissuomalainen symboli luonnonvoimista, sadosta ja voimasta. K\u00e4sity\u00f6n\u00e4 valmistettu koru, historiallinen ja merkityksellinen.\" \/>\n<meta name=\"robots\" content=\"index, follow, max-snippet:-1, max-image-preview:large, max-video-preview:-1\" \/>\n<link rel=\"canonical\" href=\"https:\/\/takomoalkutuli.fi\/en\/product\/ukonkirves-riipus\/\" \/>\n<meta property=\"og:locale\" content=\"en_US\" \/>\n<meta property=\"og:type\" content=\"article\" \/>\n<meta property=\"og:title\" content=\"Ukonkirves - Riipus. - Takomo Alkutuli\" \/>\n<meta property=\"og:description\" content=\"Taottu Ukonkirves-riipus \u2013 muinaissuomalainen symboli luonnonvoimista, sadosta ja voimasta. K\u00e4sity\u00f6n\u00e4 valmistettu koru, historiallinen ja merkityksellinen.\" \/>\n<meta property=\"og:url\" content=\"https:\/\/takomoalkutuli.fi\/en\/product\/ukonkirves-riipus\/\" \/>\n<meta property=\"og:site_name\" content=\"Takomo Alkutuli\" \/>\n<meta property=\"article:publisher\" content=\"https:\/\/www.facebook.com\/TakomoAlkutuli\/\" \/>\n<meta property=\"article:modified_time\" content=\"2025-10-17T11:23:37+00:00\" \/>\n<meta property=\"og:image\" content=\"https:\/\/takomoalkutuli.fi\/wp-content\/uploads\/2024\/10\/DSC_0495-scaled.jpg\" \/>\n\t<meta property=\"og:image:width\" content=\"2560\" \/>\n\t<meta property=\"og:image:height\" content=\"1973\" \/>\n\t<meta property=\"og:image:type\" content=\"image\/jpeg\" \/>\n<meta name=\"twitter:card\" content=\"summary_large_image\" \/>\n<meta name=\"twitter:label1\" content=\"Est. reading time\" \/>\n\t<meta name=\"twitter:data1\" content=\"1 minute\" \/>\n<script type=\"application\/ld+json\" class=\"yoast-schema-graph\">{\"@context\":\"https:\/\/schema.org\",\"@graph\":[{\"@type\":\"WebPage\",\"@id\":\"https:\/\/takomoalkutuli.fi\/product\/ukonkirves-riipus\/\",\"url\":\"https:\/\/takomoalkutuli.fi\/product\/ukonkirves-riipus\/\",\"name\":\"Ukonkirves - Riipus. - Takomo Alkutuli\",\"isPartOf\":{\"@id\":\"https:\/\/takomoalkutuli.fi\/#website\"},\"primaryImageOfPage\":{\"@id\":\"https:\/\/takomoalkutuli.fi\/product\/ukonkirves-riipus\/#primaryimage\"},\"image\":{\"@id\":\"https:\/\/takomoalkutuli.fi\/product\/ukonkirves-riipus\/#primaryimage\"},\"thumbnailUrl\":\"https:\/\/takomoalkutuli.fi\/wp-content\/uploads\/2024\/10\/DSC_0495-scaled.jpg\",\"datePublished\":\"2024-10-09T11:21:50+00:00\",\"dateModified\":\"2025-10-17T11:23:37+00:00\",\"description\":\"Taottu Ukonkirves-riipus \u2013 muinaissuomalainen symboli luonnonvoimista, sadosta ja voimasta. K\u00e4sity\u00f6n\u00e4 valmistettu koru, historiallinen ja merkityksellinen.\",\"breadcrumb\":{\"@id\":\"https:\/\/takomoalkutuli.fi\/product\/ukonkirves-riipus\/#breadcrumb\"},\"inLanguage\":\"en-US\",\"potentialAction\":[{\"@type\":\"ReadAction\",\"target\":[\"https:\/\/takomoalkutuli.fi\/product\/ukonkirves-riipus\/\"]}]},{\"@type\":\"ImageObject\",\"inLanguage\":\"en-US\",\"@id\":\"https:\/\/takomoalkutuli.fi\/product\/ukonkirves-riipus\/#primaryimage\",\"url\":\"https:\/\/takomoalkutuli.fi\/wp-content\/uploads\/2024\/10\/DSC_0495-scaled.jpg\",\"contentUrl\":\"https:\/\/takomoalkutuli.fi\/wp-content\/uploads\/2024\/10\/DSC_0495-scaled.jpg\",\"width\":2560,\"height\":1973,\"caption\":\"taottu Ukonkirves riipus\"},{\"@type\":\"BreadcrumbList\",\"@id\":\"https:\/\/takomoalkutuli.fi\/product\/ukonkirves-riipus\/#breadcrumb\",\"itemListElement\":[{\"@type\":\"ListItem\",\"position\":1,\"name\":\"Etusivu\",\"item\":\"https:\/\/takomoalkutuli.fi\/\"},{\"@type\":\"ListItem\",\"position\":2,\"name\":\"Kauppa\",\"item\":\"https:\/\/takomoalkutuli.fi\/shop\/\"},{\"@type\":\"ListItem\",\"position\":3,\"name\":\"Ukonkirves &#8211; Riipus.\"}]},{\"@type\":\"WebSite\",\"@id\":\"https:\/\/takomoalkutuli.fi\/#website\",\"url\":\"https:\/\/takomoalkutuli.fi\/\",\"name\":\"Takomo Alkutuli\",\"description\":\"\",\"publisher\":{\"@id\":\"https:\/\/takomoalkutuli.fi\/#organization\"},\"potentialAction\":[{\"@type\":\"SearchAction\",\"target\":{\"@type\":\"EntryPoint\",\"urlTemplate\":\"https:\/\/takomoalkutuli.fi\/?s={search_term_string}\"},\"query-input\":{\"@type\":\"PropertyValueSpecification\",\"valueRequired\":true,\"valueName\":\"search_term_string\"}}],\"inLanguage\":\"en-US\"},{\"@type\":\"Organization\",\"@id\":\"https:\/\/takomoalkutuli.fi\/#organization\",\"name\":\"Takomo Alkutuli\",\"url\":\"https:\/\/takomoalkutuli.fi\/\",\"logo\":{\"@type\":\"ImageObject\",\"inLanguage\":\"en-US\",\"@id\":\"https:\/\/takomoalkutuli.fi\/#\/schema\/logo\/image\/\",\"url\":\"https:\/\/takomoalkutuli.fi\/wp-content\/uploads\/2024\/10\/icon.png\",\"contentUrl\":\"https:\/\/takomoalkutuli.fi\/wp-content\/uploads\/2024\/10\/icon.png\",\"width\":228,\"height\":228,\"caption\":\"Takomo Alkutuli\"},\"image\":{\"@id\":\"https:\/\/takomoalkutuli.fi\/#\/schema\/logo\/image\/\"},\"sameAs\":[\"https:\/\/www.facebook.com\/TakomoAlkutuli\/\",\"https:\/\/www.instagram.com\/alkutuli\/\"]}]}<\/script>\n<!-- \/ Yoast SEO plugin. -->","yoast_head_json":{"title":"Ukonkirves - Riipus. - Takomo Alkutuli","description":"Taottu Ukonkirves-riipus \u2013 muinaissuomalainen symboli luonnonvoimista, sadosta ja voimasta. K\u00e4sity\u00f6n\u00e4 valmistettu koru, historiallinen ja merkityksellinen.","robots":{"index":"index","follow":"follow","max-snippet":"max-snippet:-1","max-image-preview":"max-image-preview:large","max-video-preview":"max-video-preview:-1"},"canonical":"https:\/\/takomoalkutuli.fi\/en\/product\/ukonkirves-riipus\/","og_locale":"en_US","og_type":"article","og_title":"Ukonkirves - Riipus. - Takomo Alkutuli","og_description":"Taottu Ukonkirves-riipus \u2013 muinaissuomalainen symboli luonnonvoimista, sadosta ja voimasta. K\u00e4sity\u00f6n\u00e4 valmistettu koru, historiallinen ja merkityksellinen.","og_url":"https:\/\/takomoalkutuli.fi\/en\/product\/ukonkirves-riipus\/","og_site_name":"Takomo Alkutuli","article_publisher":"https:\/\/www.facebook.com\/TakomoAlkutuli\/","article_modified_time":"2025-10-17T11:23:37+00:00","og_image":[{"width":2560,"height":1973,"url":"https:\/\/takomoalkutuli.fi\/wp-content\/uploads\/2024\/10\/DSC_0495-scaled.jpg","type":"image\/jpeg"}],"twitter_card":"summary_large_image","twitter_misc":{"Est. reading time":"1 minute"},"schema":{"@context":"https:\/\/schema.org","@graph":[{"@type":"WebPage","@id":"https:\/\/takomoalkutuli.fi\/product\/ukonkirves-riipus\/","url":"https:\/\/takomoalkutuli.fi\/product\/ukonkirves-riipus\/","name":"Ukonkirves - Riipus. - Takomo Alkutuli","isPartOf":{"@id":"https:\/\/takomoalkutuli.fi\/#website"},"primaryImageOfPage":{"@id":"https:\/\/takomoalkutuli.fi\/product\/ukonkirves-riipus\/#primaryimage"},"image":{"@id":"https:\/\/takomoalkutuli.fi\/product\/ukonkirves-riipus\/#primaryimage"},"thumbnailUrl":"https:\/\/takomoalkutuli.fi\/wp-content\/uploads\/2024\/10\/DSC_0495-scaled.jpg","datePublished":"2024-10-09T11:21:50+00:00","dateModified":"2025-10-17T11:23:37+00:00","description":"Taottu Ukonkirves-riipus \u2013 muinaissuomalainen symboli luonnonvoimista, sadosta ja voimasta. K\u00e4sity\u00f6n\u00e4 valmistettu koru, historiallinen ja merkityksellinen.","breadcrumb":{"@id":"https:\/\/takomoalkutuli.fi\/product\/ukonkirves-riipus\/#breadcrumb"},"inLanguage":"en-US","potentialAction":[{"@type":"ReadAction","target":["https:\/\/takomoalkutuli.fi\/product\/ukonkirves-riipus\/"]}]},{"@type":"ImageObject","inLanguage":"en-US","@id":"https:\/\/takomoalkutuli.fi\/product\/ukonkirves-riipus\/#primaryimage","url":"https:\/\/takomoalkutuli.fi\/wp-content\/uploads\/2024\/10\/DSC_0495-scaled.jpg","contentUrl":"https:\/\/takomoalkutuli.fi\/wp-content\/uploads\/2024\/10\/DSC_0495-scaled.jpg","width":2560,"height":1973,"caption":"taottu Ukonkirves riipus"},{"@type":"BreadcrumbList","@id":"https:\/\/takomoalkutuli.fi\/product\/ukonkirves-riipus\/#breadcrumb","itemListElement":[{"@type":"ListItem","position":1,"name":"Etusivu","item":"https:\/\/takomoalkutuli.fi\/"},{"@type":"ListItem","position":2,"name":"Kauppa","item":"https:\/\/takomoalkutuli.fi\/shop\/"},{"@type":"ListItem","position":3,"name":"Ukonkirves &#8211; Riipus."}]},{"@type":"WebSite","@id":"https:\/\/takomoalkutuli.fi\/#website","url":"https:\/\/takomoalkutuli.fi\/","name":"Primordial Fire forge","description":"","publisher":{"@id":"https:\/\/takomoalkutuli.fi\/#organization"},"potentialAction":[{"@type":"SearchAction","target":{"@type":"EntryPoint","urlTemplate":"https:\/\/takomoalkutuli.fi\/?s={search_term_string}"},"query-input":{"@type":"PropertyValueSpecification","valueRequired":true,"valueName":"search_term_string"}}],"inLanguage":"en-US"},{"@type":"Organization","@id":"https:\/\/takomoalkutuli.fi\/#organization","name":"Primordial Fire forge","url":"https:\/\/takomoalkutuli.fi\/","logo":{"@type":"ImageObject","inLanguage":"en-US","@id":"https:\/\/takomoalkutuli.fi\/#\/schema\/logo\/image\/","url":"https:\/\/takomoalkutuli.fi\/wp-content\/uploads\/2024\/10\/icon.png","contentUrl":"https:\/\/takomoalkutuli.fi\/wp-content\/uploads\/2024\/10\/icon.png","width":228,"height":228,"caption":"Takomo Alkutuli"},"image":{"@id":"https:\/\/takomoalkutuli.fi\/#\/schema\/logo\/image\/"},"sameAs":["https:\/\/www.facebook.com\/TakomoAlkutuli\/","https:\/\/www.instagram.com\/alkutuli\/"]}]}},"_links":{"self":[{"href":"https:\/\/takomoalkutuli.fi\/en\/wp-json\/wp\/v2\/product\/719","targetHints":{"allow":["GET"]}}],"collection":[{"href":"https:\/\/takomoalkutuli.fi\/en\/wp-json\/wp\/v2\/product"}],"about":[{"href":"https:\/\/takomoalkutuli.fi\/en\/wp-json\/wp\/v2\/types\/product"}],"wp:featuredmedia":[{"embeddable":true,"href":"https:\/\/takomoalkutuli.fi\/en\/wp-json\/wp\/v2\/media\/1366"}],"wp:attachment":[{"href":"https:\/\/takomoalkutuli.fi\/en\/wp-json\/wp\/v2\/media?parent=719"}],"wp:term":[{"taxonomy":"product_brand","embeddable":true,"href":"https:\/\/takomoalkutuli.fi\/en\/wp-json\/wp\/v2\/product_brand?post=719"},{"taxonomy":"product_cat","embeddable":true,"href":"https:\/\/takomoalkutuli.fi\/en\/wp-json\/wp\/v2\/product_cat?post=719"},{"taxonomy":"product_tag","embeddable":true,"href":"https:\/\/takomoalkutuli.fi\/en\/wp-json\/wp\/v2\/product_tag?post=719"}],"curies":[{"name":"wp","href":"https:\/\/api.w.org\/{rel}","templated":true}]}}