{"id":716,"date":"2024-10-09T11:08:31","date_gmt":"2024-10-09T11:08:31","guid":{"rendered":"https:\/\/takomoalkutuli.fi\/?post_type=product&#038;p=716"},"modified":"2025-10-17T11:23:14","modified_gmt":"2025-10-17T11:23:14","slug":"triskele-riipus","status":"publish","type":"product","link":"https:\/\/takomoalkutuli.fi\/en\/product\/triskele-riipus\/","title":{"rendered":"Triskele &#8211; Riipus."},"content":{"rendered":"<h3 data-start=\"95\" data-end=\"167\">K\u00e4sin Taottu Triskele-Riipus \u2014 Jatkuvuuden ja Naiseuden Symboli<\/h3>\n<p data-start=\"169\" data-end=\"430\">T\u00e4m\u00e4 <strong data-start=\"174\" data-end=\"206\">k\u00e4sin taottu Triskele-riipus<\/strong> ammentaa inspiraationsa <strong data-start=\"231\" data-end=\"272\">ikivanhasta kelttil\u00e4isest\u00e4 symbolista<\/strong>, joka edustaa <strong data-start=\"287\" data-end=\"329\">jatkuvuutta, kiertokulkua ja naiseutta<\/strong>. Triskelell\u00e4 on historian saatossa ollut erilaisia versioita ja merkityksi\u00e4 eri puolilla maailmaa.<\/p>\n<p data-start=\"432\" data-end=\"663\">Id\u00e4ss\u00e4 triskele kuvattiin usein <strong data-start=\"464\" data-end=\"494\">kolmena juoksevana jalkana<\/strong>, symboloiden <strong data-start=\"508\" data-end=\"559\">ajan jatkuvaa etenemist\u00e4 ja el\u00e4m\u00e4n kiertokulkua<\/strong>. L\u00e4nness\u00e4 sen muodot kuvastivat <strong data-start=\"592\" data-end=\"621\">kolmea naiseuden vaihetta<\/strong>: nuorta neitoa, \u00e4iti\u00e4 ja vanhaa muoria.<\/p>\n<p data-start=\"665\" data-end=\"867\">T\u00e4m\u00e4 koru toimii <strong data-start=\"682\" data-end=\"715\">merkityksellisen\u00e4 talismanina<\/strong>, joka yhdist\u00e4\u00e4 <strong data-start=\"731\" data-end=\"783\">historiallisen symboliikan ja k\u00e4sity\u00f6n kauneuden<\/strong>, tehden siit\u00e4 n\u00e4ytt\u00e4v\u00e4n ja henkil\u00f6kohtaisen lis\u00e4n arkityyliin tai korukokoelmaan.<\/p>\n<p>Triskele on valmistettu rakenneter\u00e4ksen\u00e4 ja sen keskikoristeena toimii messinki niitti. Koru on poltettu hautatervaan, antaen t\u00e4lle erinomaisen ruostesuojauksen. Ny\u00f6ri on kotimaista hirvennahkaa ja siin\u00e4 on s\u00e4\u00e4dett\u00e4v\u00e4 solmu.<\/p>\n<p>Korkeus: 35mm<\/p>\n<p>Each piece is individually handcrafted, so slight variations in details and dimensions may occur.<\/p>\n<p>&nbsp;<\/p>\n<p><em>Tagit: <a href=\"https:\/\/takomoalkutuli.fi\/en\/product-category\/korut\/\">Jewelry<\/a><\/em><\/p>","protected":false},"excerpt":{"rendered":"<p>Triskele riipus. Muinainen kelttil\u00e4inen jatkuvuuden ja naiseuden symbooli symbooli.<\/p>","protected":false},"featured_media":717,"template":"","meta":[],"product_brand":[],"product_cat":[20],"product_tag":[80,47,50,79],"class_list":{"0":"post-716","1":"product","2":"type-product","3":"status-publish","4":"has-post-thumbnail","6":"product_cat-korut","7":"product_tag-keltti","8":"product_tag-koru","9":"product_tag-riipus","10":"product_tag-triskele","11":"product_shipping_class-kirje","13":"first","14":"instock","15":"taxable","16":"shipping-taxable","17":"purchasable","18":"product-type-simple"},"yoast_head":"<!-- This site is optimized with the Yoast SEO plugin v26.1.1 - https:\/\/yoast.com\/wordpress\/plugins\/seo\/ -->\n<title>Triskele - Riipus. - Takomo Alkutuli<\/title>\n<meta name=\"description\" content=\"Taottu Triskele-riipus \u2013 kelttil\u00e4inen symboli jatkuvuudesta, el\u00e4m\u00e4n kiertokulusta ja naiseuden kolmesta vaiheesta. Historiaa ja merkityst\u00e4 kantava koru.\" \/>\n<meta name=\"robots\" content=\"index, follow, max-snippet:-1, max-image-preview:large, max-video-preview:-1\" \/>\n<link rel=\"canonical\" href=\"https:\/\/takomoalkutuli.fi\/en\/product\/triskele-riipus\/\" \/>\n<meta property=\"og:locale\" content=\"en_US\" \/>\n<meta property=\"og:type\" content=\"article\" \/>\n<meta property=\"og:title\" content=\"Triskele - Riipus. - Takomo Alkutuli\" \/>\n<meta property=\"og:description\" content=\"Taottu Triskele-riipus \u2013 kelttil\u00e4inen symboli jatkuvuudesta, el\u00e4m\u00e4n kiertokulusta ja naiseuden kolmesta vaiheesta. Historiaa ja merkityst\u00e4 kantava koru.\" \/>\n<meta property=\"og:url\" content=\"https:\/\/takomoalkutuli.fi\/en\/product\/triskele-riipus\/\" \/>\n<meta property=\"og:site_name\" content=\"Takomo Alkutuli\" \/>\n<meta property=\"article:publisher\" content=\"https:\/\/www.facebook.com\/TakomoAlkutuli\/\" \/>\n<meta property=\"article:modified_time\" content=\"2025-10-17T11:23:14+00:00\" \/>\n<meta property=\"og:image\" content=\"https:\/\/takomoalkutuli.fi\/wp-content\/uploads\/2024\/10\/triskele-scaled.jpg\" \/>\n\t<meta property=\"og:image:width\" content=\"2560\" \/>\n\t<meta property=\"og:image:height\" content=\"1837\" \/>\n\t<meta property=\"og:image:type\" content=\"image\/jpeg\" \/>\n<meta name=\"twitter:card\" content=\"summary_large_image\" \/>\n<meta name=\"twitter:label1\" content=\"Est. reading time\" \/>\n\t<meta name=\"twitter:data1\" content=\"1 minute\" \/>\n<script type=\"application\/ld+json\" class=\"yoast-schema-graph\">{\"@context\":\"https:\/\/schema.org\",\"@graph\":[{\"@type\":\"WebPage\",\"@id\":\"https:\/\/takomoalkutuli.fi\/product\/triskele-riipus\/\",\"url\":\"https:\/\/takomoalkutuli.fi\/product\/triskele-riipus\/\",\"name\":\"Triskele - Riipus. - Takomo Alkutuli\",\"isPartOf\":{\"@id\":\"https:\/\/takomoalkutuli.fi\/#website\"},\"primaryImageOfPage\":{\"@id\":\"https:\/\/takomoalkutuli.fi\/product\/triskele-riipus\/#primaryimage\"},\"image\":{\"@id\":\"https:\/\/takomoalkutuli.fi\/product\/triskele-riipus\/#primaryimage\"},\"thumbnailUrl\":\"https:\/\/takomoalkutuli.fi\/wp-content\/uploads\/2024\/10\/triskele-scaled.jpg\",\"datePublished\":\"2024-10-09T11:08:31+00:00\",\"dateModified\":\"2025-10-17T11:23:14+00:00\",\"description\":\"Taottu Triskele-riipus \u2013 kelttil\u00e4inen symboli jatkuvuudesta, el\u00e4m\u00e4n kiertokulusta ja naiseuden kolmesta vaiheesta. Historiaa ja merkityst\u00e4 kantava koru.\",\"breadcrumb\":{\"@id\":\"https:\/\/takomoalkutuli.fi\/product\/triskele-riipus\/#breadcrumb\"},\"inLanguage\":\"en-US\",\"potentialAction\":[{\"@type\":\"ReadAction\",\"target\":[\"https:\/\/takomoalkutuli.fi\/product\/triskele-riipus\/\"]}]},{\"@type\":\"ImageObject\",\"inLanguage\":\"en-US\",\"@id\":\"https:\/\/takomoalkutuli.fi\/product\/triskele-riipus\/#primaryimage\",\"url\":\"https:\/\/takomoalkutuli.fi\/wp-content\/uploads\/2024\/10\/triskele-scaled.jpg\",\"contentUrl\":\"https:\/\/takomoalkutuli.fi\/wp-content\/uploads\/2024\/10\/triskele-scaled.jpg\",\"width\":2560,\"height\":1837,\"caption\":\"taottu Triskele riipus\"},{\"@type\":\"BreadcrumbList\",\"@id\":\"https:\/\/takomoalkutuli.fi\/product\/triskele-riipus\/#breadcrumb\",\"itemListElement\":[{\"@type\":\"ListItem\",\"position\":1,\"name\":\"Etusivu\",\"item\":\"https:\/\/takomoalkutuli.fi\/\"},{\"@type\":\"ListItem\",\"position\":2,\"name\":\"Kauppa\",\"item\":\"https:\/\/takomoalkutuli.fi\/shop\/\"},{\"@type\":\"ListItem\",\"position\":3,\"name\":\"Triskele &#8211; Riipus.\"}]},{\"@type\":\"WebSite\",\"@id\":\"https:\/\/takomoalkutuli.fi\/#website\",\"url\":\"https:\/\/takomoalkutuli.fi\/\",\"name\":\"Takomo Alkutuli\",\"description\":\"\",\"publisher\":{\"@id\":\"https:\/\/takomoalkutuli.fi\/#organization\"},\"potentialAction\":[{\"@type\":\"SearchAction\",\"target\":{\"@type\":\"EntryPoint\",\"urlTemplate\":\"https:\/\/takomoalkutuli.fi\/?s={search_term_string}\"},\"query-input\":{\"@type\":\"PropertyValueSpecification\",\"valueRequired\":true,\"valueName\":\"search_term_string\"}}],\"inLanguage\":\"en-US\"},{\"@type\":\"Organization\",\"@id\":\"https:\/\/takomoalkutuli.fi\/#organization\",\"name\":\"Takomo Alkutuli\",\"url\":\"https:\/\/takomoalkutuli.fi\/\",\"logo\":{\"@type\":\"ImageObject\",\"inLanguage\":\"en-US\",\"@id\":\"https:\/\/takomoalkutuli.fi\/#\/schema\/logo\/image\/\",\"url\":\"https:\/\/takomoalkutuli.fi\/wp-content\/uploads\/2024\/10\/icon.png\",\"contentUrl\":\"https:\/\/takomoalkutuli.fi\/wp-content\/uploads\/2024\/10\/icon.png\",\"width\":228,\"height\":228,\"caption\":\"Takomo Alkutuli\"},\"image\":{\"@id\":\"https:\/\/takomoalkutuli.fi\/#\/schema\/logo\/image\/\"},\"sameAs\":[\"https:\/\/www.facebook.com\/TakomoAlkutuli\/\",\"https:\/\/www.instagram.com\/alkutuli\/\"]}]}<\/script>\n<!-- \/ Yoast SEO plugin. -->","yoast_head_json":{"title":"Triskele - Riipus. - Takomo Alkutuli","description":"Taottu Triskele-riipus \u2013 kelttil\u00e4inen symboli jatkuvuudesta, el\u00e4m\u00e4n kiertokulusta ja naiseuden kolmesta vaiheesta. Historiaa ja merkityst\u00e4 kantava koru.","robots":{"index":"index","follow":"follow","max-snippet":"max-snippet:-1","max-image-preview":"max-image-preview:large","max-video-preview":"max-video-preview:-1"},"canonical":"https:\/\/takomoalkutuli.fi\/en\/product\/triskele-riipus\/","og_locale":"en_US","og_type":"article","og_title":"Triskele - Riipus. - Takomo Alkutuli","og_description":"Taottu Triskele-riipus \u2013 kelttil\u00e4inen symboli jatkuvuudesta, el\u00e4m\u00e4n kiertokulusta ja naiseuden kolmesta vaiheesta. Historiaa ja merkityst\u00e4 kantava koru.","og_url":"https:\/\/takomoalkutuli.fi\/en\/product\/triskele-riipus\/","og_site_name":"Takomo Alkutuli","article_publisher":"https:\/\/www.facebook.com\/TakomoAlkutuli\/","article_modified_time":"2025-10-17T11:23:14+00:00","og_image":[{"width":2560,"height":1837,"url":"https:\/\/takomoalkutuli.fi\/wp-content\/uploads\/2024\/10\/triskele-scaled.jpg","type":"image\/jpeg"}],"twitter_card":"summary_large_image","twitter_misc":{"Est. reading time":"1 minute"},"schema":{"@context":"https:\/\/schema.org","@graph":[{"@type":"WebPage","@id":"https:\/\/takomoalkutuli.fi\/product\/triskele-riipus\/","url":"https:\/\/takomoalkutuli.fi\/product\/triskele-riipus\/","name":"Triskele - Riipus. - Takomo Alkutuli","isPartOf":{"@id":"https:\/\/takomoalkutuli.fi\/#website"},"primaryImageOfPage":{"@id":"https:\/\/takomoalkutuli.fi\/product\/triskele-riipus\/#primaryimage"},"image":{"@id":"https:\/\/takomoalkutuli.fi\/product\/triskele-riipus\/#primaryimage"},"thumbnailUrl":"https:\/\/takomoalkutuli.fi\/wp-content\/uploads\/2024\/10\/triskele-scaled.jpg","datePublished":"2024-10-09T11:08:31+00:00","dateModified":"2025-10-17T11:23:14+00:00","description":"Taottu Triskele-riipus \u2013 kelttil\u00e4inen symboli jatkuvuudesta, el\u00e4m\u00e4n kiertokulusta ja naiseuden kolmesta vaiheesta. Historiaa ja merkityst\u00e4 kantava koru.","breadcrumb":{"@id":"https:\/\/takomoalkutuli.fi\/product\/triskele-riipus\/#breadcrumb"},"inLanguage":"en-US","potentialAction":[{"@type":"ReadAction","target":["https:\/\/takomoalkutuli.fi\/product\/triskele-riipus\/"]}]},{"@type":"ImageObject","inLanguage":"en-US","@id":"https:\/\/takomoalkutuli.fi\/product\/triskele-riipus\/#primaryimage","url":"https:\/\/takomoalkutuli.fi\/wp-content\/uploads\/2024\/10\/triskele-scaled.jpg","contentUrl":"https:\/\/takomoalkutuli.fi\/wp-content\/uploads\/2024\/10\/triskele-scaled.jpg","width":2560,"height":1837,"caption":"taottu Triskele riipus"},{"@type":"BreadcrumbList","@id":"https:\/\/takomoalkutuli.fi\/product\/triskele-riipus\/#breadcrumb","itemListElement":[{"@type":"ListItem","position":1,"name":"Etusivu","item":"https:\/\/takomoalkutuli.fi\/"},{"@type":"ListItem","position":2,"name":"Kauppa","item":"https:\/\/takomoalkutuli.fi\/shop\/"},{"@type":"ListItem","position":3,"name":"Triskele &#8211; Riipus."}]},{"@type":"WebSite","@id":"https:\/\/takomoalkutuli.fi\/#website","url":"https:\/\/takomoalkutuli.fi\/","name":"Primordial Fire forge","description":"","publisher":{"@id":"https:\/\/takomoalkutuli.fi\/#organization"},"potentialAction":[{"@type":"SearchAction","target":{"@type":"EntryPoint","urlTemplate":"https:\/\/takomoalkutuli.fi\/?s={search_term_string}"},"query-input":{"@type":"PropertyValueSpecification","valueRequired":true,"valueName":"search_term_string"}}],"inLanguage":"en-US"},{"@type":"Organization","@id":"https:\/\/takomoalkutuli.fi\/#organization","name":"Primordial Fire forge","url":"https:\/\/takomoalkutuli.fi\/","logo":{"@type":"ImageObject","inLanguage":"en-US","@id":"https:\/\/takomoalkutuli.fi\/#\/schema\/logo\/image\/","url":"https:\/\/takomoalkutuli.fi\/wp-content\/uploads\/2024\/10\/icon.png","contentUrl":"https:\/\/takomoalkutuli.fi\/wp-content\/uploads\/2024\/10\/icon.png","width":228,"height":228,"caption":"Takomo Alkutuli"},"image":{"@id":"https:\/\/takomoalkutuli.fi\/#\/schema\/logo\/image\/"},"sameAs":["https:\/\/www.facebook.com\/TakomoAlkutuli\/","https:\/\/www.instagram.com\/alkutuli\/"]}]}},"_links":{"self":[{"href":"https:\/\/takomoalkutuli.fi\/en\/wp-json\/wp\/v2\/product\/716","targetHints":{"allow":["GET"]}}],"collection":[{"href":"https:\/\/takomoalkutuli.fi\/en\/wp-json\/wp\/v2\/product"}],"about":[{"href":"https:\/\/takomoalkutuli.fi\/en\/wp-json\/wp\/v2\/types\/product"}],"wp:featuredmedia":[{"embeddable":true,"href":"https:\/\/takomoalkutuli.fi\/en\/wp-json\/wp\/v2\/media\/717"}],"wp:attachment":[{"href":"https:\/\/takomoalkutuli.fi\/en\/wp-json\/wp\/v2\/media?parent=716"}],"wp:term":[{"taxonomy":"product_brand","embeddable":true,"href":"https:\/\/takomoalkutuli.fi\/en\/wp-json\/wp\/v2\/product_brand?post=716"},{"taxonomy":"product_cat","embeddable":true,"href":"https:\/\/takomoalkutuli.fi\/en\/wp-json\/wp\/v2\/product_cat?post=716"},{"taxonomy":"product_tag","embeddable":true,"href":"https:\/\/takomoalkutuli.fi\/en\/wp-json\/wp\/v2\/product_tag?post=716"}],"curies":[{"name":"wp","href":"https:\/\/api.w.org\/{rel}","templated":true}]}}