{"id":713,"date":"2024-10-09T10:27:03","date_gmt":"2024-10-09T10:27:03","guid":{"rendered":"https:\/\/takomoalkutuli.fi\/?post_type=product&#038;p=713"},"modified":"2025-10-17T11:22:27","modified_gmt":"2025-10-17T11:22:27","slug":"sydan-syrjallaan-riipus","status":"publish","type":"product","link":"https:\/\/takomoalkutuli.fi\/en\/product\/sydan-syrjallaan-riipus\/","title":{"rendered":"Syd\u00e4n syrj\u00e4ll\u00e4\u00e4n &#8211; Riipus"},"content":{"rendered":"<h3 data-start=\"100\" data-end=\"177\">Taottu &#8221;Syd\u00e4n Syrj\u00e4ll\u00e4\u00e4n&#8221; &#8211; riipus \u2014 Rohkeuden ja Uskollisuuden Symboli<\/h3>\n<p data-start=\"179\" data-end=\"416\">T\u00e4m\u00e4 <strong data-start=\"184\" data-end=\"225\">k\u00e4sin taottu Syd\u00e4n Syrj\u00e4ll\u00e4\u00e4n -riipus<\/strong> ammentaa inspiraationsa <strong data-start=\"250\" data-end=\"286\">ep\u00e4symmetrisest\u00e4 syd\u00e4nsymbolista<\/strong>, joka oli yleinen ennen romantiikan aikakautta. Syd\u00e4men uskottiin olevan paikka, jossa asuu <strong data-start=\"379\" data-end=\"413\">ihmisen rohkeus ja uskollisuus<\/strong>.<\/p>\n<p data-start=\"418\" data-end=\"757\">El\u00e4m\u00e4n heitelless\u00e4 syd\u00e4n saattaa p\u00e4\u00e4ty\u00e4 <strong data-start=\"458\" data-end=\"472\">syrj\u00e4lleen<\/strong>, ja t\u00e4m\u00e4 riipus symboloi juuri sit\u00e4: <strong data-start=\"510\" data-end=\"573\">rohkeutta kohdata vaikeudet, kest\u00e4vyytt\u00e4 ja sis\u00e4ist\u00e4 voimaa<\/strong>. Historiallisesti \u00e4\u00e4riesimerkki t\u00e4st\u00e4 oli termi <strong data-start=\"622\" data-end=\"642\">&#8221;sotilaan syd\u00e4n&#8221;<\/strong>, jolloin uskottiin, ett\u00e4 sotilaan syd\u00e4n voi s\u00e4rky\u00e4 kaikesta taistelukent\u00e4ll\u00e4 koetusta k\u00e4rsimyksest\u00e4 ja kauhusta.<\/p>\n<p data-start=\"759\" data-end=\"914\">T\u00e4m\u00e4 koru yhdist\u00e4\u00e4 <strong data-start=\"778\" data-end=\"830\">historiallisen symboliikan ja k\u00e4sity\u00f6n kauneuden<\/strong>, tehden siit\u00e4 merkityksellisen ja n\u00e4ytt\u00e4v\u00e4n lis\u00e4n asusteisiin tai korukokoelmaan.<\/p>\n<p>Koru on poltettu hautatervaan, antaen t\u00e4lle erinomaisen ruostesuojauksen. Ny\u00f6ri on kotimaista hirvennahkaa ja siin\u00e4 on s\u00e4\u00e4dett\u00e4v\u00e4 solmu.<\/p>\n<p>Korkeus: 40mm<\/p>\n<p>Each piece is individually handcrafted, so slight variations in details and dimensions may occur.<\/p>\n<p>&nbsp;<\/p>\n<p><em>Tagit: <a href=\"https:\/\/takomoalkutuli.fi\/en\/product-category\/korut\/\">Jewelry<\/a><\/em><\/p>","protected":false},"excerpt":{"rendered":"<p>Syd\u00e4n syrj\u00e4ll\u00e4\u00e4n riipus. Edustaa rohkeutta ja syd\u00e4men kestoa el\u00e4m\u00e4n aallokossa.<\/p>","protected":false},"featured_media":715,"template":"","meta":[],"product_brand":[],"product_cat":[20],"product_tag":[47,50,78],"class_list":{"0":"post-713","1":"product","2":"type-product","3":"status-publish","4":"has-post-thumbnail","6":"product_cat-korut","7":"product_tag-koru","8":"product_tag-riipus","9":"product_tag-sydan","10":"product_shipping_class-kirje","12":"first","13":"instock","14":"taxable","15":"shipping-taxable","16":"purchasable","17":"product-type-simple"},"yoast_head":"<!-- This site is optimized with the Yoast SEO plugin v26.1.1 - https:\/\/yoast.com\/wordpress\/plugins\/seo\/ -->\n<title>Syd\u00e4n syrj\u00e4ll\u00e4\u00e4n - Riipus - Takomo Alkutuli<\/title>\n<meta name=\"description\" content=\"K\u00e4sin taottu &quot;Syd\u00e4n Syrj\u00e4ll\u00e4\u00e4n&quot; -koru symboloi rohkeutta ja uskollisuutta. Historiallinen ep\u00e4symmetrinen syd\u00e4n koru, merkityksellinen ja n\u00e4ytt\u00e4v\u00e4.\" \/>\n<meta name=\"robots\" content=\"index, follow, max-snippet:-1, max-image-preview:large, max-video-preview:-1\" \/>\n<link rel=\"canonical\" href=\"https:\/\/takomoalkutuli.fi\/en\/product\/sydan-syrjallaan-riipus\/\" \/>\n<meta property=\"og:locale\" content=\"en_US\" \/>\n<meta property=\"og:type\" content=\"article\" \/>\n<meta property=\"og:title\" content=\"Syd\u00e4n syrj\u00e4ll\u00e4\u00e4n - Riipus - Takomo Alkutuli\" \/>\n<meta property=\"og:description\" content=\"K\u00e4sin taottu &quot;Syd\u00e4n Syrj\u00e4ll\u00e4\u00e4n&quot; -koru symboloi rohkeutta ja uskollisuutta. Historiallinen ep\u00e4symmetrinen syd\u00e4n koru, merkityksellinen ja n\u00e4ytt\u00e4v\u00e4.\" \/>\n<meta property=\"og:url\" content=\"https:\/\/takomoalkutuli.fi\/en\/product\/sydan-syrjallaan-riipus\/\" \/>\n<meta property=\"og:site_name\" content=\"Takomo Alkutuli\" \/>\n<meta property=\"article:publisher\" content=\"https:\/\/www.facebook.com\/TakomoAlkutuli\/\" \/>\n<meta property=\"article:modified_time\" content=\"2025-10-17T11:22:27+00:00\" \/>\n<meta property=\"og:image\" content=\"https:\/\/takomoalkutuli.fi\/wp-content\/uploads\/2024\/10\/sydansyrjallaan-scaled.jpg\" \/>\n\t<meta property=\"og:image:width\" content=\"2560\" \/>\n\t<meta property=\"og:image:height\" content=\"1884\" \/>\n\t<meta property=\"og:image:type\" content=\"image\/jpeg\" \/>\n<meta name=\"twitter:card\" content=\"summary_large_image\" \/>\n<meta name=\"twitter:label1\" content=\"Est. reading time\" \/>\n\t<meta name=\"twitter:data1\" content=\"1 minute\" \/>\n<script type=\"application\/ld+json\" class=\"yoast-schema-graph\">{\"@context\":\"https:\/\/schema.org\",\"@graph\":[{\"@type\":\"WebPage\",\"@id\":\"https:\/\/takomoalkutuli.fi\/product\/sydan-syrjallaan-riipus\/\",\"url\":\"https:\/\/takomoalkutuli.fi\/product\/sydan-syrjallaan-riipus\/\",\"name\":\"Syd\u00e4n syrj\u00e4ll\u00e4\u00e4n - Riipus - Takomo Alkutuli\",\"isPartOf\":{\"@id\":\"https:\/\/takomoalkutuli.fi\/#website\"},\"primaryImageOfPage\":{\"@id\":\"https:\/\/takomoalkutuli.fi\/product\/sydan-syrjallaan-riipus\/#primaryimage\"},\"image\":{\"@id\":\"https:\/\/takomoalkutuli.fi\/product\/sydan-syrjallaan-riipus\/#primaryimage\"},\"thumbnailUrl\":\"https:\/\/takomoalkutuli.fi\/wp-content\/uploads\/2024\/10\/sydansyrjallaan-scaled.jpg\",\"datePublished\":\"2024-10-09T10:27:03+00:00\",\"dateModified\":\"2025-10-17T11:22:27+00:00\",\"description\":\"K\u00e4sin taottu \\\"Syd\u00e4n Syrj\u00e4ll\u00e4\u00e4n\\\" -koru symboloi rohkeutta ja uskollisuutta. Historiallinen ep\u00e4symmetrinen syd\u00e4n koru, merkityksellinen ja n\u00e4ytt\u00e4v\u00e4.\",\"breadcrumb\":{\"@id\":\"https:\/\/takomoalkutuli.fi\/product\/sydan-syrjallaan-riipus\/#breadcrumb\"},\"inLanguage\":\"en-US\",\"potentialAction\":[{\"@type\":\"ReadAction\",\"target\":[\"https:\/\/takomoalkutuli.fi\/product\/sydan-syrjallaan-riipus\/\"]}]},{\"@type\":\"ImageObject\",\"inLanguage\":\"en-US\",\"@id\":\"https:\/\/takomoalkutuli.fi\/product\/sydan-syrjallaan-riipus\/#primaryimage\",\"url\":\"https:\/\/takomoalkutuli.fi\/wp-content\/uploads\/2024\/10\/sydansyrjallaan-scaled.jpg\",\"contentUrl\":\"https:\/\/takomoalkutuli.fi\/wp-content\/uploads\/2024\/10\/sydansyrjallaan-scaled.jpg\",\"width\":2560,\"height\":1884,\"caption\":\"taottu syd\u00e4n syrj\u00e4ll\u00e4\u00e4n riipus\"},{\"@type\":\"BreadcrumbList\",\"@id\":\"https:\/\/takomoalkutuli.fi\/product\/sydan-syrjallaan-riipus\/#breadcrumb\",\"itemListElement\":[{\"@type\":\"ListItem\",\"position\":1,\"name\":\"Etusivu\",\"item\":\"https:\/\/takomoalkutuli.fi\/\"},{\"@type\":\"ListItem\",\"position\":2,\"name\":\"Kauppa\",\"item\":\"https:\/\/takomoalkutuli.fi\/shop\/\"},{\"@type\":\"ListItem\",\"position\":3,\"name\":\"Syd\u00e4n syrj\u00e4ll\u00e4\u00e4n &#8211; Riipus\"}]},{\"@type\":\"WebSite\",\"@id\":\"https:\/\/takomoalkutuli.fi\/#website\",\"url\":\"https:\/\/takomoalkutuli.fi\/\",\"name\":\"Takomo Alkutuli\",\"description\":\"\",\"publisher\":{\"@id\":\"https:\/\/takomoalkutuli.fi\/#organization\"},\"potentialAction\":[{\"@type\":\"SearchAction\",\"target\":{\"@type\":\"EntryPoint\",\"urlTemplate\":\"https:\/\/takomoalkutuli.fi\/?s={search_term_string}\"},\"query-input\":{\"@type\":\"PropertyValueSpecification\",\"valueRequired\":true,\"valueName\":\"search_term_string\"}}],\"inLanguage\":\"en-US\"},{\"@type\":\"Organization\",\"@id\":\"https:\/\/takomoalkutuli.fi\/#organization\",\"name\":\"Takomo Alkutuli\",\"url\":\"https:\/\/takomoalkutuli.fi\/\",\"logo\":{\"@type\":\"ImageObject\",\"inLanguage\":\"en-US\",\"@id\":\"https:\/\/takomoalkutuli.fi\/#\/schema\/logo\/image\/\",\"url\":\"https:\/\/takomoalkutuli.fi\/wp-content\/uploads\/2024\/10\/icon.png\",\"contentUrl\":\"https:\/\/takomoalkutuli.fi\/wp-content\/uploads\/2024\/10\/icon.png\",\"width\":228,\"height\":228,\"caption\":\"Takomo Alkutuli\"},\"image\":{\"@id\":\"https:\/\/takomoalkutuli.fi\/#\/schema\/logo\/image\/\"},\"sameAs\":[\"https:\/\/www.facebook.com\/TakomoAlkutuli\/\",\"https:\/\/www.instagram.com\/alkutuli\/\"]}]}<\/script>\n<!-- \/ Yoast SEO plugin. -->","yoast_head_json":{"title":"Syd\u00e4n syrj\u00e4ll\u00e4\u00e4n - Riipus - Takomo Alkutuli","description":"K\u00e4sin taottu \"Syd\u00e4n Syrj\u00e4ll\u00e4\u00e4n\" -koru symboloi rohkeutta ja uskollisuutta. Historiallinen ep\u00e4symmetrinen syd\u00e4n koru, merkityksellinen ja n\u00e4ytt\u00e4v\u00e4.","robots":{"index":"index","follow":"follow","max-snippet":"max-snippet:-1","max-image-preview":"max-image-preview:large","max-video-preview":"max-video-preview:-1"},"canonical":"https:\/\/takomoalkutuli.fi\/en\/product\/sydan-syrjallaan-riipus\/","og_locale":"en_US","og_type":"article","og_title":"Syd\u00e4n syrj\u00e4ll\u00e4\u00e4n - Riipus - Takomo Alkutuli","og_description":"K\u00e4sin taottu \"Syd\u00e4n Syrj\u00e4ll\u00e4\u00e4n\" -koru symboloi rohkeutta ja uskollisuutta. Historiallinen ep\u00e4symmetrinen syd\u00e4n koru, merkityksellinen ja n\u00e4ytt\u00e4v\u00e4.","og_url":"https:\/\/takomoalkutuli.fi\/en\/product\/sydan-syrjallaan-riipus\/","og_site_name":"Takomo Alkutuli","article_publisher":"https:\/\/www.facebook.com\/TakomoAlkutuli\/","article_modified_time":"2025-10-17T11:22:27+00:00","og_image":[{"width":2560,"height":1884,"url":"https:\/\/takomoalkutuli.fi\/wp-content\/uploads\/2024\/10\/sydansyrjallaan-scaled.jpg","type":"image\/jpeg"}],"twitter_card":"summary_large_image","twitter_misc":{"Est. reading time":"1 minute"},"schema":{"@context":"https:\/\/schema.org","@graph":[{"@type":"WebPage","@id":"https:\/\/takomoalkutuli.fi\/product\/sydan-syrjallaan-riipus\/","url":"https:\/\/takomoalkutuli.fi\/product\/sydan-syrjallaan-riipus\/","name":"Syd\u00e4n syrj\u00e4ll\u00e4\u00e4n - Riipus - Takomo Alkutuli","isPartOf":{"@id":"https:\/\/takomoalkutuli.fi\/#website"},"primaryImageOfPage":{"@id":"https:\/\/takomoalkutuli.fi\/product\/sydan-syrjallaan-riipus\/#primaryimage"},"image":{"@id":"https:\/\/takomoalkutuli.fi\/product\/sydan-syrjallaan-riipus\/#primaryimage"},"thumbnailUrl":"https:\/\/takomoalkutuli.fi\/wp-content\/uploads\/2024\/10\/sydansyrjallaan-scaled.jpg","datePublished":"2024-10-09T10:27:03+00:00","dateModified":"2025-10-17T11:22:27+00:00","description":"K\u00e4sin taottu \"Syd\u00e4n Syrj\u00e4ll\u00e4\u00e4n\" -koru symboloi rohkeutta ja uskollisuutta. Historiallinen ep\u00e4symmetrinen syd\u00e4n koru, merkityksellinen ja n\u00e4ytt\u00e4v\u00e4.","breadcrumb":{"@id":"https:\/\/takomoalkutuli.fi\/product\/sydan-syrjallaan-riipus\/#breadcrumb"},"inLanguage":"en-US","potentialAction":[{"@type":"ReadAction","target":["https:\/\/takomoalkutuli.fi\/product\/sydan-syrjallaan-riipus\/"]}]},{"@type":"ImageObject","inLanguage":"en-US","@id":"https:\/\/takomoalkutuli.fi\/product\/sydan-syrjallaan-riipus\/#primaryimage","url":"https:\/\/takomoalkutuli.fi\/wp-content\/uploads\/2024\/10\/sydansyrjallaan-scaled.jpg","contentUrl":"https:\/\/takomoalkutuli.fi\/wp-content\/uploads\/2024\/10\/sydansyrjallaan-scaled.jpg","width":2560,"height":1884,"caption":"taottu syd\u00e4n syrj\u00e4ll\u00e4\u00e4n riipus"},{"@type":"BreadcrumbList","@id":"https:\/\/takomoalkutuli.fi\/product\/sydan-syrjallaan-riipus\/#breadcrumb","itemListElement":[{"@type":"ListItem","position":1,"name":"Etusivu","item":"https:\/\/takomoalkutuli.fi\/"},{"@type":"ListItem","position":2,"name":"Kauppa","item":"https:\/\/takomoalkutuli.fi\/shop\/"},{"@type":"ListItem","position":3,"name":"Syd\u00e4n syrj\u00e4ll\u00e4\u00e4n &#8211; Riipus"}]},{"@type":"WebSite","@id":"https:\/\/takomoalkutuli.fi\/#website","url":"https:\/\/takomoalkutuli.fi\/","name":"Primordial Fire forge","description":"","publisher":{"@id":"https:\/\/takomoalkutuli.fi\/#organization"},"potentialAction":[{"@type":"SearchAction","target":{"@type":"EntryPoint","urlTemplate":"https:\/\/takomoalkutuli.fi\/?s={search_term_string}"},"query-input":{"@type":"PropertyValueSpecification","valueRequired":true,"valueName":"search_term_string"}}],"inLanguage":"en-US"},{"@type":"Organization","@id":"https:\/\/takomoalkutuli.fi\/#organization","name":"Primordial Fire forge","url":"https:\/\/takomoalkutuli.fi\/","logo":{"@type":"ImageObject","inLanguage":"en-US","@id":"https:\/\/takomoalkutuli.fi\/#\/schema\/logo\/image\/","url":"https:\/\/takomoalkutuli.fi\/wp-content\/uploads\/2024\/10\/icon.png","contentUrl":"https:\/\/takomoalkutuli.fi\/wp-content\/uploads\/2024\/10\/icon.png","width":228,"height":228,"caption":"Takomo Alkutuli"},"image":{"@id":"https:\/\/takomoalkutuli.fi\/#\/schema\/logo\/image\/"},"sameAs":["https:\/\/www.facebook.com\/TakomoAlkutuli\/","https:\/\/www.instagram.com\/alkutuli\/"]}]}},"_links":{"self":[{"href":"https:\/\/takomoalkutuli.fi\/en\/wp-json\/wp\/v2\/product\/713","targetHints":{"allow":["GET"]}}],"collection":[{"href":"https:\/\/takomoalkutuli.fi\/en\/wp-json\/wp\/v2\/product"}],"about":[{"href":"https:\/\/takomoalkutuli.fi\/en\/wp-json\/wp\/v2\/types\/product"}],"wp:featuredmedia":[{"embeddable":true,"href":"https:\/\/takomoalkutuli.fi\/en\/wp-json\/wp\/v2\/media\/715"}],"wp:attachment":[{"href":"https:\/\/takomoalkutuli.fi\/en\/wp-json\/wp\/v2\/media?parent=713"}],"wp:term":[{"taxonomy":"product_brand","embeddable":true,"href":"https:\/\/takomoalkutuli.fi\/en\/wp-json\/wp\/v2\/product_brand?post=713"},{"taxonomy":"product_cat","embeddable":true,"href":"https:\/\/takomoalkutuli.fi\/en\/wp-json\/wp\/v2\/product_cat?post=713"},{"taxonomy":"product_tag","embeddable":true,"href":"https:\/\/takomoalkutuli.fi\/en\/wp-json\/wp\/v2\/product_tag?post=713"}],"curies":[{"name":"wp","href":"https:\/\/api.w.org\/{rel}","templated":true}]}}