{"id":710,"date":"2024-10-09T09:49:14","date_gmt":"2024-10-09T09:49:14","guid":{"rendered":"https:\/\/takomoalkutuli.fi\/?post_type=product&#038;p=710"},"modified":"2025-10-17T11:21:48","modified_gmt":"2025-10-17T11:21:48","slug":"sydan-riipus","status":"publish","type":"product","link":"https:\/\/takomoalkutuli.fi\/en\/product\/sydan-riipus\/","title":{"rendered":"Syd\u00e4n &#8211; Riipus"},"content":{"rendered":"<h3 data-start=\"77\" data-end=\"138\">Taottu Syd\u00e4n-Riipus \u2014 Rakkauden ja Rohkeuden Symboli<\/h3>\n<p data-start=\"140\" data-end=\"524\">T\u00e4m\u00e4 <strong data-start=\"145\" data-end=\"168\">taottu Syd\u00e4n-riipus<\/strong> ammentaa inspiraationsa <strong data-start=\"193\" data-end=\"228\">klassisen syd\u00e4men symboliikasta<\/strong>, joka kautta historian on yhdistetty <strong data-start=\"266\" data-end=\"291\">rohkeuteen ja sieluun<\/strong>. Ennen romantiikan aikakautta syd\u00e4nt\u00e4 pidettiin paikkana, jossa asui <strong data-start=\"361\" data-end=\"380\">ihmisen rohkeus<\/strong>, ja vasta my\u00f6hemmin siit\u00e4 kehittyi <strong data-start=\"416\" data-end=\"453\">rakkauden ja kiintymyksen symboli<\/strong>, usein symmetrisen\u00e4 kahden vastakkaisen anatomisen syd\u00e4men muotona.<\/p>\n<p data-start=\"526\" data-end=\"676\">Koru yhdist\u00e4\u00e4 <strong data-start=\"540\" data-end=\"592\">historiallisen symboliikan ja k\u00e4sity\u00f6n kauneuden<\/strong>, tehden siit\u00e4 merkityksellisen ja ajattoman lis\u00e4n asusteisiin tai korukokoelmaan.<\/p>\n<p>Koru on poltettu hautatervaan, antaen t\u00e4lle erinomaisen ruostesuojauksen. Ny\u00f6ri on kotimaista hirvennahkaa ja siin\u00e4 on s\u00e4\u00e4dett\u00e4v\u00e4 solmu.<\/p>\n<p>Korkeus: 40mm<\/p>\n<p>Each piece is individually handcrafted, so slight variations in details and dimensions may occur.<\/p>\n<p>&nbsp;<\/p>\n<p><em>Tagit: <a href=\"https:\/\/takomoalkutuli.fi\/en\/product-category\/korut\/\">Jewelry<\/a><\/em><\/p>","protected":false},"excerpt":{"rendered":"<p>Syd\u00e4n riipus. Rakkauden ja rohkeuden symbooli.<\/p>","protected":false},"featured_media":711,"template":"","meta":[],"product_brand":[],"product_cat":[20],"product_tag":[],"class_list":{"0":"post-710","1":"product","2":"type-product","3":"status-publish","4":"has-post-thumbnail","6":"product_cat-korut","7":"product_shipping_class-kirje","9":"first","10":"instock","11":"taxable","12":"shipping-taxable","13":"purchasable","14":"product-type-simple"},"yoast_head":"<!-- This site is optimized with the Yoast SEO plugin v26.1.1 - https:\/\/yoast.com\/wordpress\/plugins\/seo\/ -->\n<title>Syd\u00e4n - Riipus - Takomo Alkutuli<\/title>\n<meta name=\"description\" content=\"Taottu syd\u00e4n-riipus \u2013 klassinen symboli rohkeudesta ja rakkaudesta. K\u00e4sity\u00f6n\u00e4 valmistettu koru, joka yhdist\u00e4\u00e4 historian, merkityksen ja ajattoman kauneuden.\" \/>\n<meta name=\"robots\" content=\"index, follow, max-snippet:-1, max-image-preview:large, max-video-preview:-1\" \/>\n<link rel=\"canonical\" href=\"https:\/\/takomoalkutuli.fi\/en\/product\/sydan-riipus\/\" \/>\n<meta property=\"og:locale\" content=\"en_US\" \/>\n<meta property=\"og:type\" content=\"article\" \/>\n<meta property=\"og:title\" content=\"Syd\u00e4n - Riipus - Takomo Alkutuli\" \/>\n<meta property=\"og:description\" content=\"Taottu syd\u00e4n-riipus \u2013 klassinen symboli rohkeudesta ja rakkaudesta. K\u00e4sity\u00f6n\u00e4 valmistettu koru, joka yhdist\u00e4\u00e4 historian, merkityksen ja ajattoman kauneuden.\" \/>\n<meta property=\"og:url\" content=\"https:\/\/takomoalkutuli.fi\/en\/product\/sydan-riipus\/\" \/>\n<meta property=\"og:site_name\" content=\"Takomo Alkutuli\" \/>\n<meta property=\"article:publisher\" content=\"https:\/\/www.facebook.com\/TakomoAlkutuli\/\" \/>\n<meta property=\"article:modified_time\" content=\"2025-10-17T11:21:48+00:00\" \/>\n<meta property=\"og:image\" content=\"https:\/\/takomoalkutuli.fi\/wp-content\/uploads\/2024\/10\/sydan-scaled.jpg\" \/>\n\t<meta property=\"og:image:width\" content=\"2560\" \/>\n\t<meta property=\"og:image:height\" content=\"1835\" \/>\n\t<meta property=\"og:image:type\" content=\"image\/jpeg\" \/>\n<meta name=\"twitter:card\" content=\"summary_large_image\" \/>\n<meta name=\"twitter:label1\" content=\"Est. reading time\" \/>\n\t<meta name=\"twitter:data1\" content=\"1 minute\" \/>\n<script type=\"application\/ld+json\" class=\"yoast-schema-graph\">{\"@context\":\"https:\/\/schema.org\",\"@graph\":[{\"@type\":\"WebPage\",\"@id\":\"https:\/\/takomoalkutuli.fi\/product\/sydan-riipus\/\",\"url\":\"https:\/\/takomoalkutuli.fi\/product\/sydan-riipus\/\",\"name\":\"Syd\u00e4n - Riipus - Takomo Alkutuli\",\"isPartOf\":{\"@id\":\"https:\/\/takomoalkutuli.fi\/#website\"},\"primaryImageOfPage\":{\"@id\":\"https:\/\/takomoalkutuli.fi\/product\/sydan-riipus\/#primaryimage\"},\"image\":{\"@id\":\"https:\/\/takomoalkutuli.fi\/product\/sydan-riipus\/#primaryimage\"},\"thumbnailUrl\":\"https:\/\/takomoalkutuli.fi\/wp-content\/uploads\/2024\/10\/sydan-scaled.jpg\",\"datePublished\":\"2024-10-09T09:49:14+00:00\",\"dateModified\":\"2025-10-17T11:21:48+00:00\",\"description\":\"Taottu syd\u00e4n-riipus \u2013 klassinen symboli rohkeudesta ja rakkaudesta. K\u00e4sity\u00f6n\u00e4 valmistettu koru, joka yhdist\u00e4\u00e4 historian, merkityksen ja ajattoman kauneuden.\",\"breadcrumb\":{\"@id\":\"https:\/\/takomoalkutuli.fi\/product\/sydan-riipus\/#breadcrumb\"},\"inLanguage\":\"en-US\",\"potentialAction\":[{\"@type\":\"ReadAction\",\"target\":[\"https:\/\/takomoalkutuli.fi\/product\/sydan-riipus\/\"]}]},{\"@type\":\"ImageObject\",\"inLanguage\":\"en-US\",\"@id\":\"https:\/\/takomoalkutuli.fi\/product\/sydan-riipus\/#primaryimage\",\"url\":\"https:\/\/takomoalkutuli.fi\/wp-content\/uploads\/2024\/10\/sydan-scaled.jpg\",\"contentUrl\":\"https:\/\/takomoalkutuli.fi\/wp-content\/uploads\/2024\/10\/sydan-scaled.jpg\",\"width\":2560,\"height\":1835,\"caption\":\"taottu syd\u00e4n riipus\"},{\"@type\":\"BreadcrumbList\",\"@id\":\"https:\/\/takomoalkutuli.fi\/product\/sydan-riipus\/#breadcrumb\",\"itemListElement\":[{\"@type\":\"ListItem\",\"position\":1,\"name\":\"Etusivu\",\"item\":\"https:\/\/takomoalkutuli.fi\/\"},{\"@type\":\"ListItem\",\"position\":2,\"name\":\"Kauppa\",\"item\":\"https:\/\/takomoalkutuli.fi\/shop\/\"},{\"@type\":\"ListItem\",\"position\":3,\"name\":\"Syd\u00e4n &#8211; Riipus\"}]},{\"@type\":\"WebSite\",\"@id\":\"https:\/\/takomoalkutuli.fi\/#website\",\"url\":\"https:\/\/takomoalkutuli.fi\/\",\"name\":\"Takomo Alkutuli\",\"description\":\"\",\"publisher\":{\"@id\":\"https:\/\/takomoalkutuli.fi\/#organization\"},\"potentialAction\":[{\"@type\":\"SearchAction\",\"target\":{\"@type\":\"EntryPoint\",\"urlTemplate\":\"https:\/\/takomoalkutuli.fi\/?s={search_term_string}\"},\"query-input\":{\"@type\":\"PropertyValueSpecification\",\"valueRequired\":true,\"valueName\":\"search_term_string\"}}],\"inLanguage\":\"en-US\"},{\"@type\":\"Organization\",\"@id\":\"https:\/\/takomoalkutuli.fi\/#organization\",\"name\":\"Takomo Alkutuli\",\"url\":\"https:\/\/takomoalkutuli.fi\/\",\"logo\":{\"@type\":\"ImageObject\",\"inLanguage\":\"en-US\",\"@id\":\"https:\/\/takomoalkutuli.fi\/#\/schema\/logo\/image\/\",\"url\":\"https:\/\/takomoalkutuli.fi\/wp-content\/uploads\/2024\/10\/icon.png\",\"contentUrl\":\"https:\/\/takomoalkutuli.fi\/wp-content\/uploads\/2024\/10\/icon.png\",\"width\":228,\"height\":228,\"caption\":\"Takomo Alkutuli\"},\"image\":{\"@id\":\"https:\/\/takomoalkutuli.fi\/#\/schema\/logo\/image\/\"},\"sameAs\":[\"https:\/\/www.facebook.com\/TakomoAlkutuli\/\",\"https:\/\/www.instagram.com\/alkutuli\/\"]}]}<\/script>\n<!-- \/ Yoast SEO plugin. -->","yoast_head_json":{"title":"Syd\u00e4n - Riipus - Takomo Alkutuli","description":"Taottu syd\u00e4n-riipus \u2013 klassinen symboli rohkeudesta ja rakkaudesta. K\u00e4sity\u00f6n\u00e4 valmistettu koru, joka yhdist\u00e4\u00e4 historian, merkityksen ja ajattoman kauneuden.","robots":{"index":"index","follow":"follow","max-snippet":"max-snippet:-1","max-image-preview":"max-image-preview:large","max-video-preview":"max-video-preview:-1"},"canonical":"https:\/\/takomoalkutuli.fi\/en\/product\/sydan-riipus\/","og_locale":"en_US","og_type":"article","og_title":"Syd\u00e4n - Riipus - Takomo Alkutuli","og_description":"Taottu syd\u00e4n-riipus \u2013 klassinen symboli rohkeudesta ja rakkaudesta. K\u00e4sity\u00f6n\u00e4 valmistettu koru, joka yhdist\u00e4\u00e4 historian, merkityksen ja ajattoman kauneuden.","og_url":"https:\/\/takomoalkutuli.fi\/en\/product\/sydan-riipus\/","og_site_name":"Takomo Alkutuli","article_publisher":"https:\/\/www.facebook.com\/TakomoAlkutuli\/","article_modified_time":"2025-10-17T11:21:48+00:00","og_image":[{"width":2560,"height":1835,"url":"https:\/\/takomoalkutuli.fi\/wp-content\/uploads\/2024\/10\/sydan-scaled.jpg","type":"image\/jpeg"}],"twitter_card":"summary_large_image","twitter_misc":{"Est. reading time":"1 minute"},"schema":{"@context":"https:\/\/schema.org","@graph":[{"@type":"WebPage","@id":"https:\/\/takomoalkutuli.fi\/product\/sydan-riipus\/","url":"https:\/\/takomoalkutuli.fi\/product\/sydan-riipus\/","name":"Syd\u00e4n - Riipus - Takomo Alkutuli","isPartOf":{"@id":"https:\/\/takomoalkutuli.fi\/#website"},"primaryImageOfPage":{"@id":"https:\/\/takomoalkutuli.fi\/product\/sydan-riipus\/#primaryimage"},"image":{"@id":"https:\/\/takomoalkutuli.fi\/product\/sydan-riipus\/#primaryimage"},"thumbnailUrl":"https:\/\/takomoalkutuli.fi\/wp-content\/uploads\/2024\/10\/sydan-scaled.jpg","datePublished":"2024-10-09T09:49:14+00:00","dateModified":"2025-10-17T11:21:48+00:00","description":"Taottu syd\u00e4n-riipus \u2013 klassinen symboli rohkeudesta ja rakkaudesta. K\u00e4sity\u00f6n\u00e4 valmistettu koru, joka yhdist\u00e4\u00e4 historian, merkityksen ja ajattoman kauneuden.","breadcrumb":{"@id":"https:\/\/takomoalkutuli.fi\/product\/sydan-riipus\/#breadcrumb"},"inLanguage":"en-US","potentialAction":[{"@type":"ReadAction","target":["https:\/\/takomoalkutuli.fi\/product\/sydan-riipus\/"]}]},{"@type":"ImageObject","inLanguage":"en-US","@id":"https:\/\/takomoalkutuli.fi\/product\/sydan-riipus\/#primaryimage","url":"https:\/\/takomoalkutuli.fi\/wp-content\/uploads\/2024\/10\/sydan-scaled.jpg","contentUrl":"https:\/\/takomoalkutuli.fi\/wp-content\/uploads\/2024\/10\/sydan-scaled.jpg","width":2560,"height":1835,"caption":"taottu syd\u00e4n riipus"},{"@type":"BreadcrumbList","@id":"https:\/\/takomoalkutuli.fi\/product\/sydan-riipus\/#breadcrumb","itemListElement":[{"@type":"ListItem","position":1,"name":"Etusivu","item":"https:\/\/takomoalkutuli.fi\/"},{"@type":"ListItem","position":2,"name":"Kauppa","item":"https:\/\/takomoalkutuli.fi\/shop\/"},{"@type":"ListItem","position":3,"name":"Syd\u00e4n &#8211; Riipus"}]},{"@type":"WebSite","@id":"https:\/\/takomoalkutuli.fi\/#website","url":"https:\/\/takomoalkutuli.fi\/","name":"Primordial Fire forge","description":"","publisher":{"@id":"https:\/\/takomoalkutuli.fi\/#organization"},"potentialAction":[{"@type":"SearchAction","target":{"@type":"EntryPoint","urlTemplate":"https:\/\/takomoalkutuli.fi\/?s={search_term_string}"},"query-input":{"@type":"PropertyValueSpecification","valueRequired":true,"valueName":"search_term_string"}}],"inLanguage":"en-US"},{"@type":"Organization","@id":"https:\/\/takomoalkutuli.fi\/#organization","name":"Primordial Fire forge","url":"https:\/\/takomoalkutuli.fi\/","logo":{"@type":"ImageObject","inLanguage":"en-US","@id":"https:\/\/takomoalkutuli.fi\/#\/schema\/logo\/image\/","url":"https:\/\/takomoalkutuli.fi\/wp-content\/uploads\/2024\/10\/icon.png","contentUrl":"https:\/\/takomoalkutuli.fi\/wp-content\/uploads\/2024\/10\/icon.png","width":228,"height":228,"caption":"Takomo Alkutuli"},"image":{"@id":"https:\/\/takomoalkutuli.fi\/#\/schema\/logo\/image\/"},"sameAs":["https:\/\/www.facebook.com\/TakomoAlkutuli\/","https:\/\/www.instagram.com\/alkutuli\/"]}]}},"_links":{"self":[{"href":"https:\/\/takomoalkutuli.fi\/en\/wp-json\/wp\/v2\/product\/710","targetHints":{"allow":["GET"]}}],"collection":[{"href":"https:\/\/takomoalkutuli.fi\/en\/wp-json\/wp\/v2\/product"}],"about":[{"href":"https:\/\/takomoalkutuli.fi\/en\/wp-json\/wp\/v2\/types\/product"}],"wp:featuredmedia":[{"embeddable":true,"href":"https:\/\/takomoalkutuli.fi\/en\/wp-json\/wp\/v2\/media\/711"}],"wp:attachment":[{"href":"https:\/\/takomoalkutuli.fi\/en\/wp-json\/wp\/v2\/media?parent=710"}],"wp:term":[{"taxonomy":"product_brand","embeddable":true,"href":"https:\/\/takomoalkutuli.fi\/en\/wp-json\/wp\/v2\/product_brand?post=710"},{"taxonomy":"product_cat","embeddable":true,"href":"https:\/\/takomoalkutuli.fi\/en\/wp-json\/wp\/v2\/product_cat?post=710"},{"taxonomy":"product_tag","embeddable":true,"href":"https:\/\/takomoalkutuli.fi\/en\/wp-json\/wp\/v2\/product_tag?post=710"}],"curies":[{"name":"wp","href":"https:\/\/api.w.org\/{rel}","templated":true}]}}