{"id":701,"date":"2024-10-09T09:26:52","date_gmt":"2024-10-09T09:26:52","guid":{"rendered":"https:\/\/takomoalkutuli.fi\/?post_type=product&#038;p=701"},"modified":"2025-10-17T11:15:04","modified_gmt":"2025-10-17T11:15:04","slug":"ouroboros-koru","status":"publish","type":"product","link":"https:\/\/takomoalkutuli.fi\/en\/product\/ouroboros-koru\/","title":{"rendered":"Ouroboros &#8211; Riipus"},"content":{"rendered":"<h3 data-start=\"86\" data-end=\"154\">Taottu Ouroboros-Koru \u2014 Jatkuvuuden ja Uusiutumisen Symboli<\/h3>\n<p data-start=\"156\" data-end=\"457\">T\u00e4m\u00e4 <strong data-start=\"161\" data-end=\"186\">taottu Ouroboros-koru<\/strong> ammentaa inspiraationsa ymp\u00e4ri maailman tunnetusta <strong data-start=\"238\" data-end=\"271\">h\u00e4nt\u00e4\u00e4ns\u00e4 sy\u00f6v\u00e4st\u00e4 k\u00e4\u00e4rmeest\u00e4<\/strong>, joka symboloi <strong data-start=\"287\" data-end=\"332\">jatkuvuutta, kiertokulkua ja uusiutumista<\/strong>. Legendan mukaan k\u00e4\u00e4rme <strong data-start=\"357\" data-end=\"413\">myrkytt\u00e4\u00e4 itsens\u00e4 illasta ja her\u00e4\u00e4 uudelleen aamusta<\/strong>, muistuttaen el\u00e4m\u00e4n ikuista kiertokulkua.<\/p>\n<p data-start=\"459\" data-end=\"750\">Viikinkien mytologiassa t\u00e4m\u00e4n symbolin edustaa <strong data-start=\"506\" data-end=\"521\">J\u00f6rmungandr<\/strong>, suuri maailmank\u00e4\u00e4rme, joka asuu maailman meriss\u00e4 ja hallitsee <strong data-start=\"585\" data-end=\"609\">nousu- ja laskuvesi\u00e4<\/strong>. J\u00f6rmungandr symboloi <strong data-start=\"632\" data-end=\"660\">luonnonvoimaa ja kaaosta<\/strong>, ja saagoissa se on <strong data-start=\"681\" data-end=\"708\">Thorille verivihollinen<\/strong>, jonka taistelu huipentuu Ragnarokissa.<\/p>\n<p data-start=\"752\" data-end=\"909\">T\u00e4m\u00e4 koru yhdist\u00e4\u00e4 <strong data-start=\"771\" data-end=\"816\">historiallisen ja mytologisen merkityksen<\/strong> sek\u00e4 taotun k\u00e4sity\u00f6n kauneuden, tehden siit\u00e4 <strong data-start=\"862\" data-end=\"906\">n\u00e4ytt\u00e4v\u00e4n ja voimakkaan symbolisen korun<\/strong>.<\/p>\n<p>Ouroboros on taottu rakenneter\u00e4ksest\u00e4. Koru on poltettu hautatervaan, antaen t\u00e4lle erinomaisen ruostesuojauksen. Ny\u00f6ri on kotimaista hirvennahkaa ja siin\u00e4 on s\u00e4\u00e4dett\u00e4v\u00e4 solmu.<\/p>\n<p>Korkeus: 40mm<\/p>\n<p>Each piece is individually handcrafted, so slight variations in details and dimensions may occur.<\/p>\n<p>&nbsp;<\/p>\n<p><em>Tagit: <a href=\"https:\/\/takomoalkutuli.fi\/en\/product-category\/korut\/\">Jewelry<\/a><\/em><\/p>\n<p>&nbsp;<\/p>","protected":false},"excerpt":{"rendered":"<p>Ouroboros riipus. T\u00e4m\u00e4 riipus symboloi uusiutumista. Viikinkien mytologioissa viel\u00e4 lis\u00e4ksi luonnonvoimia ja kaaosta.<\/p>","protected":false},"featured_media":678,"template":"","meta":[],"product_brand":[],"product_cat":[20],"product_tag":[74,75,47,73,50,59],"class_list":{"0":"post-701","1":"product","2":"type-product","3":"status-publish","4":"has-post-thumbnail","6":"product_cat-korut","7":"product_tag-jormungandr","8":"product_tag-kaarme","9":"product_tag-koru","10":"product_tag-ouroboros","11":"product_tag-riipus","12":"product_tag-viikinki","13":"product_shipping_class-kirje","15":"first","16":"instock","17":"taxable","18":"shipping-taxable","19":"purchasable","20":"product-type-simple"},"yoast_head":"<!-- This site is optimized with the Yoast SEO plugin v26.1.1 - https:\/\/yoast.com\/wordpress\/plugins\/seo\/ -->\n<title>Ouroboros - Riipus - Takomo Alkutuli<\/title>\n<meta name=\"description\" content=\"Taottu Ouroboros-koru \u2013 symboloi jatkuvuutta, uusiutumista ja voimaa. Inspiroiva koru viikinkimytologian maailmank\u00e4\u00e4rme J\u00f6rmungandista.\" \/>\n<meta name=\"robots\" content=\"index, follow, max-snippet:-1, max-image-preview:large, max-video-preview:-1\" \/>\n<link rel=\"canonical\" href=\"https:\/\/takomoalkutuli.fi\/en\/product\/ouroboros-koru\/\" \/>\n<meta property=\"og:locale\" content=\"en_US\" \/>\n<meta property=\"og:type\" content=\"article\" \/>\n<meta property=\"og:title\" content=\"Ouroboros - Riipus - Takomo Alkutuli\" \/>\n<meta property=\"og:description\" content=\"Taottu Ouroboros-koru \u2013 symboloi jatkuvuutta, uusiutumista ja voimaa. Inspiroiva koru viikinkimytologian maailmank\u00e4\u00e4rme J\u00f6rmungandista.\" \/>\n<meta property=\"og:url\" content=\"https:\/\/takomoalkutuli.fi\/en\/product\/ouroboros-koru\/\" \/>\n<meta property=\"og:site_name\" content=\"Takomo Alkutuli\" \/>\n<meta property=\"article:publisher\" content=\"https:\/\/www.facebook.com\/TakomoAlkutuli\/\" \/>\n<meta property=\"article:modified_time\" content=\"2025-10-17T11:15:04+00:00\" \/>\n<meta property=\"og:image\" content=\"https:\/\/takomoalkutuli.fi\/wp-content\/uploads\/2024\/10\/ouro-1-scaled.jpg\" \/>\n\t<meta property=\"og:image:width\" content=\"2560\" \/>\n\t<meta property=\"og:image:height\" content=\"1750\" \/>\n\t<meta property=\"og:image:type\" content=\"image\/jpeg\" \/>\n<meta name=\"twitter:card\" content=\"summary_large_image\" \/>\n<meta name=\"twitter:label1\" content=\"Est. reading time\" \/>\n\t<meta name=\"twitter:data1\" content=\"1 minute\" \/>\n<script type=\"application\/ld+json\" class=\"yoast-schema-graph\">{\"@context\":\"https:\/\/schema.org\",\"@graph\":[{\"@type\":\"WebPage\",\"@id\":\"https:\/\/takomoalkutuli.fi\/product\/ouroboros-koru\/\",\"url\":\"https:\/\/takomoalkutuli.fi\/product\/ouroboros-koru\/\",\"name\":\"Ouroboros - Riipus - Takomo Alkutuli\",\"isPartOf\":{\"@id\":\"https:\/\/takomoalkutuli.fi\/#website\"},\"primaryImageOfPage\":{\"@id\":\"https:\/\/takomoalkutuli.fi\/product\/ouroboros-koru\/#primaryimage\"},\"image\":{\"@id\":\"https:\/\/takomoalkutuli.fi\/product\/ouroboros-koru\/#primaryimage\"},\"thumbnailUrl\":\"https:\/\/takomoalkutuli.fi\/wp-content\/uploads\/2024\/10\/ouro-1-scaled.jpg\",\"datePublished\":\"2024-10-09T09:26:52+00:00\",\"dateModified\":\"2025-10-17T11:15:04+00:00\",\"description\":\"Taottu Ouroboros-koru \u2013 symboloi jatkuvuutta, uusiutumista ja voimaa. Inspiroiva koru viikinkimytologian maailmank\u00e4\u00e4rme J\u00f6rmungandista.\",\"breadcrumb\":{\"@id\":\"https:\/\/takomoalkutuli.fi\/product\/ouroboros-koru\/#breadcrumb\"},\"inLanguage\":\"en-US\",\"potentialAction\":[{\"@type\":\"ReadAction\",\"target\":[\"https:\/\/takomoalkutuli.fi\/product\/ouroboros-koru\/\"]}]},{\"@type\":\"ImageObject\",\"inLanguage\":\"en-US\",\"@id\":\"https:\/\/takomoalkutuli.fi\/product\/ouroboros-koru\/#primaryimage\",\"url\":\"https:\/\/takomoalkutuli.fi\/wp-content\/uploads\/2024\/10\/ouro-1-scaled.jpg\",\"contentUrl\":\"https:\/\/takomoalkutuli.fi\/wp-content\/uploads\/2024\/10\/ouro-1-scaled.jpg\",\"width\":2560,\"height\":1750,\"caption\":\"taottu Ouroboros koru\"},{\"@type\":\"BreadcrumbList\",\"@id\":\"https:\/\/takomoalkutuli.fi\/product\/ouroboros-koru\/#breadcrumb\",\"itemListElement\":[{\"@type\":\"ListItem\",\"position\":1,\"name\":\"Etusivu\",\"item\":\"https:\/\/takomoalkutuli.fi\/\"},{\"@type\":\"ListItem\",\"position\":2,\"name\":\"Kauppa\",\"item\":\"https:\/\/takomoalkutuli.fi\/shop\/\"},{\"@type\":\"ListItem\",\"position\":3,\"name\":\"Ouroboros &#8211; Riipus\"}]},{\"@type\":\"WebSite\",\"@id\":\"https:\/\/takomoalkutuli.fi\/#website\",\"url\":\"https:\/\/takomoalkutuli.fi\/\",\"name\":\"Takomo Alkutuli\",\"description\":\"\",\"publisher\":{\"@id\":\"https:\/\/takomoalkutuli.fi\/#organization\"},\"potentialAction\":[{\"@type\":\"SearchAction\",\"target\":{\"@type\":\"EntryPoint\",\"urlTemplate\":\"https:\/\/takomoalkutuli.fi\/?s={search_term_string}\"},\"query-input\":{\"@type\":\"PropertyValueSpecification\",\"valueRequired\":true,\"valueName\":\"search_term_string\"}}],\"inLanguage\":\"en-US\"},{\"@type\":\"Organization\",\"@id\":\"https:\/\/takomoalkutuli.fi\/#organization\",\"name\":\"Takomo Alkutuli\",\"url\":\"https:\/\/takomoalkutuli.fi\/\",\"logo\":{\"@type\":\"ImageObject\",\"inLanguage\":\"en-US\",\"@id\":\"https:\/\/takomoalkutuli.fi\/#\/schema\/logo\/image\/\",\"url\":\"https:\/\/takomoalkutuli.fi\/wp-content\/uploads\/2024\/10\/icon.png\",\"contentUrl\":\"https:\/\/takomoalkutuli.fi\/wp-content\/uploads\/2024\/10\/icon.png\",\"width\":228,\"height\":228,\"caption\":\"Takomo Alkutuli\"},\"image\":{\"@id\":\"https:\/\/takomoalkutuli.fi\/#\/schema\/logo\/image\/\"},\"sameAs\":[\"https:\/\/www.facebook.com\/TakomoAlkutuli\/\",\"https:\/\/www.instagram.com\/alkutuli\/\"]}]}<\/script>\n<!-- \/ Yoast SEO plugin. -->","yoast_head_json":{"title":"Ouroboros - Riipus - Takomo Alkutuli","description":"Taottu Ouroboros-koru \u2013 symboloi jatkuvuutta, uusiutumista ja voimaa. Inspiroiva koru viikinkimytologian maailmank\u00e4\u00e4rme J\u00f6rmungandista.","robots":{"index":"index","follow":"follow","max-snippet":"max-snippet:-1","max-image-preview":"max-image-preview:large","max-video-preview":"max-video-preview:-1"},"canonical":"https:\/\/takomoalkutuli.fi\/en\/product\/ouroboros-koru\/","og_locale":"en_US","og_type":"article","og_title":"Ouroboros - Riipus - Takomo Alkutuli","og_description":"Taottu Ouroboros-koru \u2013 symboloi jatkuvuutta, uusiutumista ja voimaa. Inspiroiva koru viikinkimytologian maailmank\u00e4\u00e4rme J\u00f6rmungandista.","og_url":"https:\/\/takomoalkutuli.fi\/en\/product\/ouroboros-koru\/","og_site_name":"Takomo Alkutuli","article_publisher":"https:\/\/www.facebook.com\/TakomoAlkutuli\/","article_modified_time":"2025-10-17T11:15:04+00:00","og_image":[{"width":2560,"height":1750,"url":"https:\/\/takomoalkutuli.fi\/wp-content\/uploads\/2024\/10\/ouro-1-scaled.jpg","type":"image\/jpeg"}],"twitter_card":"summary_large_image","twitter_misc":{"Est. reading time":"1 minute"},"schema":{"@context":"https:\/\/schema.org","@graph":[{"@type":"WebPage","@id":"https:\/\/takomoalkutuli.fi\/product\/ouroboros-koru\/","url":"https:\/\/takomoalkutuli.fi\/product\/ouroboros-koru\/","name":"Ouroboros - Riipus - Takomo Alkutuli","isPartOf":{"@id":"https:\/\/takomoalkutuli.fi\/#website"},"primaryImageOfPage":{"@id":"https:\/\/takomoalkutuli.fi\/product\/ouroboros-koru\/#primaryimage"},"image":{"@id":"https:\/\/takomoalkutuli.fi\/product\/ouroboros-koru\/#primaryimage"},"thumbnailUrl":"https:\/\/takomoalkutuli.fi\/wp-content\/uploads\/2024\/10\/ouro-1-scaled.jpg","datePublished":"2024-10-09T09:26:52+00:00","dateModified":"2025-10-17T11:15:04+00:00","description":"Taottu Ouroboros-koru \u2013 symboloi jatkuvuutta, uusiutumista ja voimaa. Inspiroiva koru viikinkimytologian maailmank\u00e4\u00e4rme J\u00f6rmungandista.","breadcrumb":{"@id":"https:\/\/takomoalkutuli.fi\/product\/ouroboros-koru\/#breadcrumb"},"inLanguage":"en-US","potentialAction":[{"@type":"ReadAction","target":["https:\/\/takomoalkutuli.fi\/product\/ouroboros-koru\/"]}]},{"@type":"ImageObject","inLanguage":"en-US","@id":"https:\/\/takomoalkutuli.fi\/product\/ouroboros-koru\/#primaryimage","url":"https:\/\/takomoalkutuli.fi\/wp-content\/uploads\/2024\/10\/ouro-1-scaled.jpg","contentUrl":"https:\/\/takomoalkutuli.fi\/wp-content\/uploads\/2024\/10\/ouro-1-scaled.jpg","width":2560,"height":1750,"caption":"taottu Ouroboros koru"},{"@type":"BreadcrumbList","@id":"https:\/\/takomoalkutuli.fi\/product\/ouroboros-koru\/#breadcrumb","itemListElement":[{"@type":"ListItem","position":1,"name":"Etusivu","item":"https:\/\/takomoalkutuli.fi\/"},{"@type":"ListItem","position":2,"name":"Kauppa","item":"https:\/\/takomoalkutuli.fi\/shop\/"},{"@type":"ListItem","position":3,"name":"Ouroboros &#8211; Riipus"}]},{"@type":"WebSite","@id":"https:\/\/takomoalkutuli.fi\/#website","url":"https:\/\/takomoalkutuli.fi\/","name":"Primordial Fire forge","description":"","publisher":{"@id":"https:\/\/takomoalkutuli.fi\/#organization"},"potentialAction":[{"@type":"SearchAction","target":{"@type":"EntryPoint","urlTemplate":"https:\/\/takomoalkutuli.fi\/?s={search_term_string}"},"query-input":{"@type":"PropertyValueSpecification","valueRequired":true,"valueName":"search_term_string"}}],"inLanguage":"en-US"},{"@type":"Organization","@id":"https:\/\/takomoalkutuli.fi\/#organization","name":"Primordial Fire forge","url":"https:\/\/takomoalkutuli.fi\/","logo":{"@type":"ImageObject","inLanguage":"en-US","@id":"https:\/\/takomoalkutuli.fi\/#\/schema\/logo\/image\/","url":"https:\/\/takomoalkutuli.fi\/wp-content\/uploads\/2024\/10\/icon.png","contentUrl":"https:\/\/takomoalkutuli.fi\/wp-content\/uploads\/2024\/10\/icon.png","width":228,"height":228,"caption":"Takomo Alkutuli"},"image":{"@id":"https:\/\/takomoalkutuli.fi\/#\/schema\/logo\/image\/"},"sameAs":["https:\/\/www.facebook.com\/TakomoAlkutuli\/","https:\/\/www.instagram.com\/alkutuli\/"]}]}},"_links":{"self":[{"href":"https:\/\/takomoalkutuli.fi\/en\/wp-json\/wp\/v2\/product\/701","targetHints":{"allow":["GET"]}}],"collection":[{"href":"https:\/\/takomoalkutuli.fi\/en\/wp-json\/wp\/v2\/product"}],"about":[{"href":"https:\/\/takomoalkutuli.fi\/en\/wp-json\/wp\/v2\/types\/product"}],"wp:featuredmedia":[{"embeddable":true,"href":"https:\/\/takomoalkutuli.fi\/en\/wp-json\/wp\/v2\/media\/678"}],"wp:attachment":[{"href":"https:\/\/takomoalkutuli.fi\/en\/wp-json\/wp\/v2\/media?parent=701"}],"wp:term":[{"taxonomy":"product_brand","embeddable":true,"href":"https:\/\/takomoalkutuli.fi\/en\/wp-json\/wp\/v2\/product_brand?post=701"},{"taxonomy":"product_cat","embeddable":true,"href":"https:\/\/takomoalkutuli.fi\/en\/wp-json\/wp\/v2\/product_cat?post=701"},{"taxonomy":"product_tag","embeddable":true,"href":"https:\/\/takomoalkutuli.fi\/en\/wp-json\/wp\/v2\/product_tag?post=701"}],"curies":[{"name":"wp","href":"https:\/\/api.w.org\/{rel}","templated":true}]}}