{"id":656,"date":"2024-10-07T15:17:01","date_gmt":"2024-10-07T15:17:01","guid":{"rendered":"https:\/\/takomoalkutuli.fi\/?post_type=product&#038;p=656"},"modified":"2025-10-17T11:15:17","modified_gmt":"2025-10-17T11:15:17","slug":"muutoksen-liekki-koru","status":"publish","type":"product","link":"https:\/\/takomoalkutuli.fi\/en\/product\/muutoksen-liekki-koru\/","title":{"rendered":"Muutoksen liekki &#8211; Riipus"},"content":{"rendered":"<h3 data-start=\"94\" data-end=\"167\">Taottu &#8221;Muutoksen Liekki&#8221; -Koru \u2014 Muutoksen ja Luovuuden Symboli<\/h3>\n<p data-start=\"169\" data-end=\"397\">T\u00e4m\u00e4 <strong data-start=\"174\" data-end=\"207\">taottu Muutoksen Liekki -koru<\/strong> symboloi <strong data-start=\"217\" data-end=\"264\">jatkuvaa muutosta ja muodonmuutoksen voimaa<\/strong>, joka ymp\u00e4r\u00f6i maailmaa. Liekki edustaa <strong data-start=\"304\" data-end=\"336\">tulen merkityst\u00e4 muutoksessa<\/strong>, olipa kyse luonnon ilmi\u00f6ist\u00e4 tai ihmisen luovasta ty\u00f6st\u00e4.<\/p>\n<p data-start=\"399\" data-end=\"606\">Koru ammentaa inspiraationsa <strong data-start=\"428\" data-end=\"441\">taonnasta<\/strong>, jossa tuli on olennainen osa prosessia. Sen avulla <strong data-start=\"494\" data-end=\"559\">kova ja kylm\u00e4 rauta muuttuu kauniiksi, orgaanisiksi muodoiksi<\/strong>, aivan kuten el\u00e4m\u00e4 muokkaa ja muuttaa meit\u00e4.<\/p>\n<p data-start=\"608\" data-end=\"778\">T\u00e4m\u00e4 koru toimii <strong data-start=\"625\" data-end=\"711\">symbolisena muistutuksena muutoksen voimasta, luovuudesta ja prosessin kauneudesta<\/strong>, tehden siit\u00e4 merkityksellisen lis\u00e4n tyyliin tai korukokoelmaan.<\/p>\n<p>Muutoksen liekki on taottu rakenneter\u00e4ksest\u00e4, ja sen syd\u00e4meen on niitattu kuparinen niitti edustamaan alku kipin\u00e4\u00e4. Koru on poltettu hautatervaan, antaen t\u00e4lle erinomaisen ruostesuojauksen. Ny\u00f6ri on kotimaista hirvennahkaa ja siin\u00e4 on s\u00e4\u00e4dett\u00e4v\u00e4 solmu.<\/p>\n<p>Korkeus: 50mm<\/p>\n<p>Each piece is individually handcrafted, so slight variations in details and dimensions may occur.<\/p>\n<p>&nbsp;<\/p>\n<p><em>Tagit: <a href=\"https:\/\/takomoalkutuli.fi\/en\/product-category\/korut\/\">Jewelry<\/a><\/em><\/p>","protected":false},"excerpt":{"rendered":"<p>Muutoksen liekki riipus. Edustaa jatkuvaa muutosta sek\u00e4 ennenkaikkea tulea elementtin\u00e4.<\/p>","protected":false},"featured_media":659,"template":"","meta":[],"product_brand":[],"product_cat":[20],"product_tag":[72,71,69,50,70],"class_list":{"0":"post-656","1":"product","2":"type-product","3":"status-publish","4":"has-post-thumbnail","6":"product_cat-korut","7":"product_tag-kaulakoru","8":"product_tag-kipina","9":"product_tag-muutoksen-liekki","10":"product_tag-riipus","11":"product_tag-tuli","12":"product_shipping_class-kirje","14":"first","15":"instock","16":"taxable","17":"shipping-taxable","18":"purchasable","19":"product-type-simple"},"yoast_head":"<!-- This site is optimized with the Yoast SEO plugin v26.1.1 - https:\/\/yoast.com\/wordpress\/plugins\/seo\/ -->\n<title>Muutoksen liekki - Riipus - Takomo Alkutuli<\/title>\n<meta name=\"description\" content=\"Taottu &quot;Muutoksen Liekki&quot; -koru symboloi muutosta, luovuutta ja prosessin kauneutta. Inspiroiva koru, joka tuo esiin tulen muodonmuutoksen voiman.\" \/>\n<meta name=\"robots\" content=\"index, follow, max-snippet:-1, max-image-preview:large, max-video-preview:-1\" \/>\n<link rel=\"canonical\" href=\"https:\/\/takomoalkutuli.fi\/en\/product\/muutoksen-liekki-koru\/\" \/>\n<meta property=\"og:locale\" content=\"en_US\" \/>\n<meta property=\"og:type\" content=\"article\" \/>\n<meta property=\"og:title\" content=\"Muutoksen liekki - Riipus - Takomo Alkutuli\" \/>\n<meta property=\"og:description\" content=\"Taottu &quot;Muutoksen Liekki&quot; -koru symboloi muutosta, luovuutta ja prosessin kauneutta. Inspiroiva koru, joka tuo esiin tulen muodonmuutoksen voiman.\" \/>\n<meta property=\"og:url\" content=\"https:\/\/takomoalkutuli.fi\/en\/product\/muutoksen-liekki-koru\/\" \/>\n<meta property=\"og:site_name\" content=\"Takomo Alkutuli\" \/>\n<meta property=\"article:publisher\" content=\"https:\/\/www.facebook.com\/TakomoAlkutuli\/\" \/>\n<meta property=\"article:modified_time\" content=\"2025-10-17T11:15:17+00:00\" \/>\n<meta property=\"og:image\" content=\"https:\/\/takomoalkutuli.fi\/wp-content\/uploads\/2024\/10\/change-1-scaled.jpg\" \/>\n\t<meta property=\"og:image:width\" content=\"2560\" \/>\n\t<meta property=\"og:image:height\" content=\"1828\" \/>\n\t<meta property=\"og:image:type\" content=\"image\/jpeg\" \/>\n<meta name=\"twitter:card\" content=\"summary_large_image\" \/>\n<meta name=\"twitter:label1\" content=\"Est. reading time\" \/>\n\t<meta name=\"twitter:data1\" content=\"2 minutes\" \/>\n<script type=\"application\/ld+json\" class=\"yoast-schema-graph\">{\"@context\":\"https:\/\/schema.org\",\"@graph\":[{\"@type\":\"WebPage\",\"@id\":\"https:\/\/takomoalkutuli.fi\/product\/muutoksen-liekki-koru\/\",\"url\":\"https:\/\/takomoalkutuli.fi\/product\/muutoksen-liekki-koru\/\",\"name\":\"Muutoksen liekki - Riipus - Takomo Alkutuli\",\"isPartOf\":{\"@id\":\"https:\/\/takomoalkutuli.fi\/#website\"},\"primaryImageOfPage\":{\"@id\":\"https:\/\/takomoalkutuli.fi\/product\/muutoksen-liekki-koru\/#primaryimage\"},\"image\":{\"@id\":\"https:\/\/takomoalkutuli.fi\/product\/muutoksen-liekki-koru\/#primaryimage\"},\"thumbnailUrl\":\"https:\/\/takomoalkutuli.fi\/wp-content\/uploads\/2024\/10\/change-1-scaled.jpg\",\"datePublished\":\"2024-10-07T15:17:01+00:00\",\"dateModified\":\"2025-10-17T11:15:17+00:00\",\"description\":\"Taottu \\\"Muutoksen Liekki\\\" -koru symboloi muutosta, luovuutta ja prosessin kauneutta. Inspiroiva koru, joka tuo esiin tulen muodonmuutoksen voiman.\",\"breadcrumb\":{\"@id\":\"https:\/\/takomoalkutuli.fi\/product\/muutoksen-liekki-koru\/#breadcrumb\"},\"inLanguage\":\"en-US\",\"potentialAction\":[{\"@type\":\"ReadAction\",\"target\":[\"https:\/\/takomoalkutuli.fi\/product\/muutoksen-liekki-koru\/\"]}]},{\"@type\":\"ImageObject\",\"inLanguage\":\"en-US\",\"@id\":\"https:\/\/takomoalkutuli.fi\/product\/muutoksen-liekki-koru\/#primaryimage\",\"url\":\"https:\/\/takomoalkutuli.fi\/wp-content\/uploads\/2024\/10\/change-1-scaled.jpg\",\"contentUrl\":\"https:\/\/takomoalkutuli.fi\/wp-content\/uploads\/2024\/10\/change-1-scaled.jpg\",\"width\":2560,\"height\":1828,\"caption\":\"taottu muutoksen liekki koru\"},{\"@type\":\"BreadcrumbList\",\"@id\":\"https:\/\/takomoalkutuli.fi\/product\/muutoksen-liekki-koru\/#breadcrumb\",\"itemListElement\":[{\"@type\":\"ListItem\",\"position\":1,\"name\":\"Etusivu\",\"item\":\"https:\/\/takomoalkutuli.fi\/\"},{\"@type\":\"ListItem\",\"position\":2,\"name\":\"Kauppa\",\"item\":\"https:\/\/takomoalkutuli.fi\/shop\/\"},{\"@type\":\"ListItem\",\"position\":3,\"name\":\"Muutoksen liekki &#8211; Riipus\"}]},{\"@type\":\"WebSite\",\"@id\":\"https:\/\/takomoalkutuli.fi\/#website\",\"url\":\"https:\/\/takomoalkutuli.fi\/\",\"name\":\"Takomo Alkutuli\",\"description\":\"\",\"publisher\":{\"@id\":\"https:\/\/takomoalkutuli.fi\/#organization\"},\"potentialAction\":[{\"@type\":\"SearchAction\",\"target\":{\"@type\":\"EntryPoint\",\"urlTemplate\":\"https:\/\/takomoalkutuli.fi\/?s={search_term_string}\"},\"query-input\":{\"@type\":\"PropertyValueSpecification\",\"valueRequired\":true,\"valueName\":\"search_term_string\"}}],\"inLanguage\":\"en-US\"},{\"@type\":\"Organization\",\"@id\":\"https:\/\/takomoalkutuli.fi\/#organization\",\"name\":\"Takomo Alkutuli\",\"url\":\"https:\/\/takomoalkutuli.fi\/\",\"logo\":{\"@type\":\"ImageObject\",\"inLanguage\":\"en-US\",\"@id\":\"https:\/\/takomoalkutuli.fi\/#\/schema\/logo\/image\/\",\"url\":\"https:\/\/takomoalkutuli.fi\/wp-content\/uploads\/2024\/10\/icon.png\",\"contentUrl\":\"https:\/\/takomoalkutuli.fi\/wp-content\/uploads\/2024\/10\/icon.png\",\"width\":228,\"height\":228,\"caption\":\"Takomo Alkutuli\"},\"image\":{\"@id\":\"https:\/\/takomoalkutuli.fi\/#\/schema\/logo\/image\/\"},\"sameAs\":[\"https:\/\/www.facebook.com\/TakomoAlkutuli\/\",\"https:\/\/www.instagram.com\/alkutuli\/\"]}]}<\/script>\n<!-- \/ Yoast SEO plugin. -->","yoast_head_json":{"title":"Muutoksen liekki - Riipus - Takomo Alkutuli","description":"Taottu \"Muutoksen Liekki\" -koru symboloi muutosta, luovuutta ja prosessin kauneutta. Inspiroiva koru, joka tuo esiin tulen muodonmuutoksen voiman.","robots":{"index":"index","follow":"follow","max-snippet":"max-snippet:-1","max-image-preview":"max-image-preview:large","max-video-preview":"max-video-preview:-1"},"canonical":"https:\/\/takomoalkutuli.fi\/en\/product\/muutoksen-liekki-koru\/","og_locale":"en_US","og_type":"article","og_title":"Muutoksen liekki - Riipus - Takomo Alkutuli","og_description":"Taottu \"Muutoksen Liekki\" -koru symboloi muutosta, luovuutta ja prosessin kauneutta. Inspiroiva koru, joka tuo esiin tulen muodonmuutoksen voiman.","og_url":"https:\/\/takomoalkutuli.fi\/en\/product\/muutoksen-liekki-koru\/","og_site_name":"Takomo Alkutuli","article_publisher":"https:\/\/www.facebook.com\/TakomoAlkutuli\/","article_modified_time":"2025-10-17T11:15:17+00:00","og_image":[{"width":2560,"height":1828,"url":"https:\/\/takomoalkutuli.fi\/wp-content\/uploads\/2024\/10\/change-1-scaled.jpg","type":"image\/jpeg"}],"twitter_card":"summary_large_image","twitter_misc":{"Est. reading time":"2 minutes"},"schema":{"@context":"https:\/\/schema.org","@graph":[{"@type":"WebPage","@id":"https:\/\/takomoalkutuli.fi\/product\/muutoksen-liekki-koru\/","url":"https:\/\/takomoalkutuli.fi\/product\/muutoksen-liekki-koru\/","name":"Muutoksen liekki - Riipus - Takomo Alkutuli","isPartOf":{"@id":"https:\/\/takomoalkutuli.fi\/#website"},"primaryImageOfPage":{"@id":"https:\/\/takomoalkutuli.fi\/product\/muutoksen-liekki-koru\/#primaryimage"},"image":{"@id":"https:\/\/takomoalkutuli.fi\/product\/muutoksen-liekki-koru\/#primaryimage"},"thumbnailUrl":"https:\/\/takomoalkutuli.fi\/wp-content\/uploads\/2024\/10\/change-1-scaled.jpg","datePublished":"2024-10-07T15:17:01+00:00","dateModified":"2025-10-17T11:15:17+00:00","description":"Taottu \"Muutoksen Liekki\" -koru symboloi muutosta, luovuutta ja prosessin kauneutta. Inspiroiva koru, joka tuo esiin tulen muodonmuutoksen voiman.","breadcrumb":{"@id":"https:\/\/takomoalkutuli.fi\/product\/muutoksen-liekki-koru\/#breadcrumb"},"inLanguage":"en-US","potentialAction":[{"@type":"ReadAction","target":["https:\/\/takomoalkutuli.fi\/product\/muutoksen-liekki-koru\/"]}]},{"@type":"ImageObject","inLanguage":"en-US","@id":"https:\/\/takomoalkutuli.fi\/product\/muutoksen-liekki-koru\/#primaryimage","url":"https:\/\/takomoalkutuli.fi\/wp-content\/uploads\/2024\/10\/change-1-scaled.jpg","contentUrl":"https:\/\/takomoalkutuli.fi\/wp-content\/uploads\/2024\/10\/change-1-scaled.jpg","width":2560,"height":1828,"caption":"taottu muutoksen liekki koru"},{"@type":"BreadcrumbList","@id":"https:\/\/takomoalkutuli.fi\/product\/muutoksen-liekki-koru\/#breadcrumb","itemListElement":[{"@type":"ListItem","position":1,"name":"Etusivu","item":"https:\/\/takomoalkutuli.fi\/"},{"@type":"ListItem","position":2,"name":"Kauppa","item":"https:\/\/takomoalkutuli.fi\/shop\/"},{"@type":"ListItem","position":3,"name":"Muutoksen liekki &#8211; Riipus"}]},{"@type":"WebSite","@id":"https:\/\/takomoalkutuli.fi\/#website","url":"https:\/\/takomoalkutuli.fi\/","name":"Primordial Fire forge","description":"","publisher":{"@id":"https:\/\/takomoalkutuli.fi\/#organization"},"potentialAction":[{"@type":"SearchAction","target":{"@type":"EntryPoint","urlTemplate":"https:\/\/takomoalkutuli.fi\/?s={search_term_string}"},"query-input":{"@type":"PropertyValueSpecification","valueRequired":true,"valueName":"search_term_string"}}],"inLanguage":"en-US"},{"@type":"Organization","@id":"https:\/\/takomoalkutuli.fi\/#organization","name":"Primordial Fire forge","url":"https:\/\/takomoalkutuli.fi\/","logo":{"@type":"ImageObject","inLanguage":"en-US","@id":"https:\/\/takomoalkutuli.fi\/#\/schema\/logo\/image\/","url":"https:\/\/takomoalkutuli.fi\/wp-content\/uploads\/2024\/10\/icon.png","contentUrl":"https:\/\/takomoalkutuli.fi\/wp-content\/uploads\/2024\/10\/icon.png","width":228,"height":228,"caption":"Takomo Alkutuli"},"image":{"@id":"https:\/\/takomoalkutuli.fi\/#\/schema\/logo\/image\/"},"sameAs":["https:\/\/www.facebook.com\/TakomoAlkutuli\/","https:\/\/www.instagram.com\/alkutuli\/"]}]}},"_links":{"self":[{"href":"https:\/\/takomoalkutuli.fi\/en\/wp-json\/wp\/v2\/product\/656","targetHints":{"allow":["GET"]}}],"collection":[{"href":"https:\/\/takomoalkutuli.fi\/en\/wp-json\/wp\/v2\/product"}],"about":[{"href":"https:\/\/takomoalkutuli.fi\/en\/wp-json\/wp\/v2\/types\/product"}],"wp:featuredmedia":[{"embeddable":true,"href":"https:\/\/takomoalkutuli.fi\/en\/wp-json\/wp\/v2\/media\/659"}],"wp:attachment":[{"href":"https:\/\/takomoalkutuli.fi\/en\/wp-json\/wp\/v2\/media?parent=656"}],"wp:term":[{"taxonomy":"product_brand","embeddable":true,"href":"https:\/\/takomoalkutuli.fi\/en\/wp-json\/wp\/v2\/product_brand?post=656"},{"taxonomy":"product_cat","embeddable":true,"href":"https:\/\/takomoalkutuli.fi\/en\/wp-json\/wp\/v2\/product_cat?post=656"},{"taxonomy":"product_tag","embeddable":true,"href":"https:\/\/takomoalkutuli.fi\/en\/wp-json\/wp\/v2\/product_tag?post=656"}],"curies":[{"name":"wp","href":"https:\/\/api.w.org\/{rel}","templated":true}]}}