{"id":655,"date":"2024-10-07T14:59:26","date_gmt":"2024-10-07T14:59:26","guid":{"rendered":"https:\/\/takomoalkutuli.fi\/?post_type=product&#038;p=655"},"modified":"2025-10-17T11:15:39","modified_gmt":"2025-10-17T11:15:39","slug":"miekka-koru","status":"publish","type":"product","link":"https:\/\/takomoalkutuli.fi\/en\/product\/miekka-koru\/","title":{"rendered":"Miekka &#8211; Riipus"},"content":{"rendered":"<h3 data-start=\"83\" data-end=\"146\">Taottu Miekka-Koru \u2014 Auktoriteetin ja Urheuden Symboli<\/h3>\n<p data-start=\"148\" data-end=\"396\">T\u00e4m\u00e4 <strong data-start=\"153\" data-end=\"175\">taottu miekka-koru<\/strong> tuo esiin <strong data-start=\"186\" data-end=\"244\">miekan pitk\u00e4n historiallisen ja symbolisen merkityksen<\/strong>. Miekka on kautta historian ollut <strong data-start=\"279\" data-end=\"329\">auktoriteetin, urheuden ja lojaaliuden symboli<\/strong>, jota viikinkiajalla kantoi vain ruhtinaat ja urheimmat soturit.<\/p>\n<p data-start=\"398\" data-end=\"725\">Ristiretkill\u00e4 miekan symboliikka yhdistettiin <strong data-start=\"444\" data-end=\"492\">uskollisuuteen, rohkeuteen ja palveluhenkeen<\/strong>. Maailman tarustoissa monet sankarit kantavat kuuluisia miekkoja, kuten <strong data-start=\"565\" data-end=\"596\">kuningas Arthurin Excalibur<\/strong> ja <strong data-start=\"600\" data-end=\"622\">Beowulfin Hrunting<\/strong>, ja niihin on liitetty <strong data-start=\"646\" data-end=\"681\">maagisia ominaisuuksia ja nimi\u00e4<\/strong>, jotka erottavat ne tavallisista aseista.<\/p>\n<p data-start=\"727\" data-end=\"1060\">T\u00e4n\u00e4 p\u00e4iv\u00e4n\u00e4 miekan symboliikka ei ole muuttunut: se edelleen edustaa <strong data-start=\"797\" data-end=\"833\">voimaa, arvovaltaa ja perinteit\u00e4<\/strong>, ja miekkoja k\u00e4ytet\u00e4\u00e4n esimerkiksi upseeriston aseina ja symboleina. T\u00e4m\u00e4 koru yhdist\u00e4\u00e4 <strong data-start=\"922\" data-end=\"984\">historiallisen arvon, symboliikan ja hienostuneen k\u00e4sity\u00f6n<\/strong>, tehden siit\u00e4 n\u00e4ytt\u00e4v\u00e4n ja merkityksellisen lis\u00e4n tyyliin tai kokoelmaan.<\/p>\n<p>T\u00e4m\u00e4 miekka on taottu rakenneter\u00e4ksest\u00e4. Koru on poltettu hautatervaan, antaen t\u00e4lle erinomaisen ruostesuojauksen. Ny\u00f6ri on kotimaista hirvennahkaa ja siin\u00e4 on s\u00e4\u00e4dett\u00e4v\u00e4 solmu.<\/p>\n<p>Korkeus: 65mm<\/p>\n<p>Each piece is individually handcrafted, so slight variations in details and dimensions may occur.<\/p>\n<p>&nbsp;<\/p>\n<p><em>Tagit: <a href=\"https:\/\/takomoalkutuli.fi\/en\/product-category\/korut\/\">Jewelry<\/a><\/em><\/p>","protected":false},"excerpt":{"rendered":"<p>Kuninkaan miekka. Auktoriteetin, lojaalisuuden sek\u00e4 kunnian symbooli.<\/p>","protected":false},"featured_media":660,"template":"","meta":[],"product_brand":[],"product_cat":[20],"product_tag":[68,59],"class_list":{"0":"post-655","1":"product","2":"type-product","3":"status-publish","4":"has-post-thumbnail","6":"product_cat-korut","7":"product_tag-miekka","8":"product_tag-viikinki","9":"product_shipping_class-kirje","11":"first","12":"instock","13":"taxable","14":"shipping-taxable","15":"purchasable","16":"product-type-simple"},"yoast_head":"<!-- This site is optimized with the Yoast SEO plugin v26.1.1 - https:\/\/yoast.com\/wordpress\/plugins\/seo\/ -->\n<title>Miekka - Riipus - Takomo Alkutuli<\/title>\n<meta name=\"description\" content=\"Taottu miekka-koru \u2013 auktoriteetin, urheuden ja lojaaliuden symboli. Viikinkien ja ritareiden arvokas ase, joka kantaa tarinansa nykyp\u00e4iv\u00e4\u00e4n.\" \/>\n<meta name=\"robots\" content=\"index, follow, max-snippet:-1, max-image-preview:large, max-video-preview:-1\" \/>\n<link rel=\"canonical\" href=\"https:\/\/takomoalkutuli.fi\/en\/product\/miekka-koru\/\" \/>\n<meta property=\"og:locale\" content=\"en_US\" \/>\n<meta property=\"og:type\" content=\"article\" \/>\n<meta property=\"og:title\" content=\"Miekka - Riipus - Takomo Alkutuli\" \/>\n<meta property=\"og:description\" content=\"Taottu miekka-koru \u2013 auktoriteetin, urheuden ja lojaaliuden symboli. Viikinkien ja ritareiden arvokas ase, joka kantaa tarinansa nykyp\u00e4iv\u00e4\u00e4n.\" \/>\n<meta property=\"og:url\" content=\"https:\/\/takomoalkutuli.fi\/en\/product\/miekka-koru\/\" \/>\n<meta property=\"og:site_name\" content=\"Takomo Alkutuli\" \/>\n<meta property=\"article:publisher\" content=\"https:\/\/www.facebook.com\/TakomoAlkutuli\/\" \/>\n<meta property=\"article:modified_time\" content=\"2025-10-17T11:15:39+00:00\" \/>\n<meta property=\"og:image\" content=\"https:\/\/takomoalkutuli.fi\/wp-content\/uploads\/2024\/10\/miekka-scaled.jpg\" \/>\n\t<meta property=\"og:image:width\" content=\"2560\" \/>\n\t<meta property=\"og:image:height\" content=\"1797\" \/>\n\t<meta property=\"og:image:type\" content=\"image\/jpeg\" \/>\n<meta name=\"twitter:card\" content=\"summary_large_image\" \/>\n<meta name=\"twitter:label1\" content=\"Est. reading time\" \/>\n\t<meta name=\"twitter:data1\" content=\"2 minutes\" \/>\n<script type=\"application\/ld+json\" class=\"yoast-schema-graph\">{\"@context\":\"https:\/\/schema.org\",\"@graph\":[{\"@type\":\"WebPage\",\"@id\":\"https:\/\/takomoalkutuli.fi\/product\/miekka-koru\/\",\"url\":\"https:\/\/takomoalkutuli.fi\/product\/miekka-koru\/\",\"name\":\"Miekka - Riipus - Takomo Alkutuli\",\"isPartOf\":{\"@id\":\"https:\/\/takomoalkutuli.fi\/#website\"},\"primaryImageOfPage\":{\"@id\":\"https:\/\/takomoalkutuli.fi\/product\/miekka-koru\/#primaryimage\"},\"image\":{\"@id\":\"https:\/\/takomoalkutuli.fi\/product\/miekka-koru\/#primaryimage\"},\"thumbnailUrl\":\"https:\/\/takomoalkutuli.fi\/wp-content\/uploads\/2024\/10\/miekka-scaled.jpg\",\"datePublished\":\"2024-10-07T14:59:26+00:00\",\"dateModified\":\"2025-10-17T11:15:39+00:00\",\"description\":\"Taottu miekka-koru \u2013 auktoriteetin, urheuden ja lojaaliuden symboli. Viikinkien ja ritareiden arvokas ase, joka kantaa tarinansa nykyp\u00e4iv\u00e4\u00e4n.\",\"breadcrumb\":{\"@id\":\"https:\/\/takomoalkutuli.fi\/product\/miekka-koru\/#breadcrumb\"},\"inLanguage\":\"en-US\",\"potentialAction\":[{\"@type\":\"ReadAction\",\"target\":[\"https:\/\/takomoalkutuli.fi\/product\/miekka-koru\/\"]}]},{\"@type\":\"ImageObject\",\"inLanguage\":\"en-US\",\"@id\":\"https:\/\/takomoalkutuli.fi\/product\/miekka-koru\/#primaryimage\",\"url\":\"https:\/\/takomoalkutuli.fi\/wp-content\/uploads\/2024\/10\/miekka-scaled.jpg\",\"contentUrl\":\"https:\/\/takomoalkutuli.fi\/wp-content\/uploads\/2024\/10\/miekka-scaled.jpg\",\"width\":2560,\"height\":1797,\"caption\":\"taottu miekka koru\"},{\"@type\":\"BreadcrumbList\",\"@id\":\"https:\/\/takomoalkutuli.fi\/product\/miekka-koru\/#breadcrumb\",\"itemListElement\":[{\"@type\":\"ListItem\",\"position\":1,\"name\":\"Etusivu\",\"item\":\"https:\/\/takomoalkutuli.fi\/\"},{\"@type\":\"ListItem\",\"position\":2,\"name\":\"Kauppa\",\"item\":\"https:\/\/takomoalkutuli.fi\/shop\/\"},{\"@type\":\"ListItem\",\"position\":3,\"name\":\"Miekka &#8211; Riipus\"}]},{\"@type\":\"WebSite\",\"@id\":\"https:\/\/takomoalkutuli.fi\/#website\",\"url\":\"https:\/\/takomoalkutuli.fi\/\",\"name\":\"Takomo Alkutuli\",\"description\":\"\",\"publisher\":{\"@id\":\"https:\/\/takomoalkutuli.fi\/#organization\"},\"potentialAction\":[{\"@type\":\"SearchAction\",\"target\":{\"@type\":\"EntryPoint\",\"urlTemplate\":\"https:\/\/takomoalkutuli.fi\/?s={search_term_string}\"},\"query-input\":{\"@type\":\"PropertyValueSpecification\",\"valueRequired\":true,\"valueName\":\"search_term_string\"}}],\"inLanguage\":\"en-US\"},{\"@type\":\"Organization\",\"@id\":\"https:\/\/takomoalkutuli.fi\/#organization\",\"name\":\"Takomo Alkutuli\",\"url\":\"https:\/\/takomoalkutuli.fi\/\",\"logo\":{\"@type\":\"ImageObject\",\"inLanguage\":\"en-US\",\"@id\":\"https:\/\/takomoalkutuli.fi\/#\/schema\/logo\/image\/\",\"url\":\"https:\/\/takomoalkutuli.fi\/wp-content\/uploads\/2024\/10\/icon.png\",\"contentUrl\":\"https:\/\/takomoalkutuli.fi\/wp-content\/uploads\/2024\/10\/icon.png\",\"width\":228,\"height\":228,\"caption\":\"Takomo Alkutuli\"},\"image\":{\"@id\":\"https:\/\/takomoalkutuli.fi\/#\/schema\/logo\/image\/\"},\"sameAs\":[\"https:\/\/www.facebook.com\/TakomoAlkutuli\/\",\"https:\/\/www.instagram.com\/alkutuli\/\"]}]}<\/script>\n<!-- \/ Yoast SEO plugin. -->","yoast_head_json":{"title":"Miekka - Riipus - Takomo Alkutuli","description":"Taottu miekka-koru \u2013 auktoriteetin, urheuden ja lojaaliuden symboli. Viikinkien ja ritareiden arvokas ase, joka kantaa tarinansa nykyp\u00e4iv\u00e4\u00e4n.","robots":{"index":"index","follow":"follow","max-snippet":"max-snippet:-1","max-image-preview":"max-image-preview:large","max-video-preview":"max-video-preview:-1"},"canonical":"https:\/\/takomoalkutuli.fi\/en\/product\/miekka-koru\/","og_locale":"en_US","og_type":"article","og_title":"Miekka - Riipus - Takomo Alkutuli","og_description":"Taottu miekka-koru \u2013 auktoriteetin, urheuden ja lojaaliuden symboli. Viikinkien ja ritareiden arvokas ase, joka kantaa tarinansa nykyp\u00e4iv\u00e4\u00e4n.","og_url":"https:\/\/takomoalkutuli.fi\/en\/product\/miekka-koru\/","og_site_name":"Takomo Alkutuli","article_publisher":"https:\/\/www.facebook.com\/TakomoAlkutuli\/","article_modified_time":"2025-10-17T11:15:39+00:00","og_image":[{"width":2560,"height":1797,"url":"https:\/\/takomoalkutuli.fi\/wp-content\/uploads\/2024\/10\/miekka-scaled.jpg","type":"image\/jpeg"}],"twitter_card":"summary_large_image","twitter_misc":{"Est. reading time":"2 minutes"},"schema":{"@context":"https:\/\/schema.org","@graph":[{"@type":"WebPage","@id":"https:\/\/takomoalkutuli.fi\/product\/miekka-koru\/","url":"https:\/\/takomoalkutuli.fi\/product\/miekka-koru\/","name":"Miekka - Riipus - Takomo Alkutuli","isPartOf":{"@id":"https:\/\/takomoalkutuli.fi\/#website"},"primaryImageOfPage":{"@id":"https:\/\/takomoalkutuli.fi\/product\/miekka-koru\/#primaryimage"},"image":{"@id":"https:\/\/takomoalkutuli.fi\/product\/miekka-koru\/#primaryimage"},"thumbnailUrl":"https:\/\/takomoalkutuli.fi\/wp-content\/uploads\/2024\/10\/miekka-scaled.jpg","datePublished":"2024-10-07T14:59:26+00:00","dateModified":"2025-10-17T11:15:39+00:00","description":"Taottu miekka-koru \u2013 auktoriteetin, urheuden ja lojaaliuden symboli. Viikinkien ja ritareiden arvokas ase, joka kantaa tarinansa nykyp\u00e4iv\u00e4\u00e4n.","breadcrumb":{"@id":"https:\/\/takomoalkutuli.fi\/product\/miekka-koru\/#breadcrumb"},"inLanguage":"en-US","potentialAction":[{"@type":"ReadAction","target":["https:\/\/takomoalkutuli.fi\/product\/miekka-koru\/"]}]},{"@type":"ImageObject","inLanguage":"en-US","@id":"https:\/\/takomoalkutuli.fi\/product\/miekka-koru\/#primaryimage","url":"https:\/\/takomoalkutuli.fi\/wp-content\/uploads\/2024\/10\/miekka-scaled.jpg","contentUrl":"https:\/\/takomoalkutuli.fi\/wp-content\/uploads\/2024\/10\/miekka-scaled.jpg","width":2560,"height":1797,"caption":"taottu miekka koru"},{"@type":"BreadcrumbList","@id":"https:\/\/takomoalkutuli.fi\/product\/miekka-koru\/#breadcrumb","itemListElement":[{"@type":"ListItem","position":1,"name":"Etusivu","item":"https:\/\/takomoalkutuli.fi\/"},{"@type":"ListItem","position":2,"name":"Kauppa","item":"https:\/\/takomoalkutuli.fi\/shop\/"},{"@type":"ListItem","position":3,"name":"Miekka &#8211; Riipus"}]},{"@type":"WebSite","@id":"https:\/\/takomoalkutuli.fi\/#website","url":"https:\/\/takomoalkutuli.fi\/","name":"Primordial Fire forge","description":"","publisher":{"@id":"https:\/\/takomoalkutuli.fi\/#organization"},"potentialAction":[{"@type":"SearchAction","target":{"@type":"EntryPoint","urlTemplate":"https:\/\/takomoalkutuli.fi\/?s={search_term_string}"},"query-input":{"@type":"PropertyValueSpecification","valueRequired":true,"valueName":"search_term_string"}}],"inLanguage":"en-US"},{"@type":"Organization","@id":"https:\/\/takomoalkutuli.fi\/#organization","name":"Primordial Fire forge","url":"https:\/\/takomoalkutuli.fi\/","logo":{"@type":"ImageObject","inLanguage":"en-US","@id":"https:\/\/takomoalkutuli.fi\/#\/schema\/logo\/image\/","url":"https:\/\/takomoalkutuli.fi\/wp-content\/uploads\/2024\/10\/icon.png","contentUrl":"https:\/\/takomoalkutuli.fi\/wp-content\/uploads\/2024\/10\/icon.png","width":228,"height":228,"caption":"Takomo Alkutuli"},"image":{"@id":"https:\/\/takomoalkutuli.fi\/#\/schema\/logo\/image\/"},"sameAs":["https:\/\/www.facebook.com\/TakomoAlkutuli\/","https:\/\/www.instagram.com\/alkutuli\/"]}]}},"_links":{"self":[{"href":"https:\/\/takomoalkutuli.fi\/en\/wp-json\/wp\/v2\/product\/655","targetHints":{"allow":["GET"]}}],"collection":[{"href":"https:\/\/takomoalkutuli.fi\/en\/wp-json\/wp\/v2\/product"}],"about":[{"href":"https:\/\/takomoalkutuli.fi\/en\/wp-json\/wp\/v2\/types\/product"}],"wp:featuredmedia":[{"embeddable":true,"href":"https:\/\/takomoalkutuli.fi\/en\/wp-json\/wp\/v2\/media\/660"}],"wp:attachment":[{"href":"https:\/\/takomoalkutuli.fi\/en\/wp-json\/wp\/v2\/media?parent=655"}],"wp:term":[{"taxonomy":"product_brand","embeddable":true,"href":"https:\/\/takomoalkutuli.fi\/en\/wp-json\/wp\/v2\/product_brand?post=655"},{"taxonomy":"product_cat","embeddable":true,"href":"https:\/\/takomoalkutuli.fi\/en\/wp-json\/wp\/v2\/product_cat?post=655"},{"taxonomy":"product_tag","embeddable":true,"href":"https:\/\/takomoalkutuli.fi\/en\/wp-json\/wp\/v2\/product_tag?post=655"}],"curies":[{"name":"wp","href":"https:\/\/api.w.org\/{rel}","templated":true}]}}