{"id":643,"date":"2024-10-07T14:47:58","date_gmt":"2024-10-07T14:47:58","guid":{"rendered":"https:\/\/takomoalkutuli.fi\/?post_type=product&#038;p=643"},"modified":"2025-10-17T11:15:50","modified_gmt":"2025-10-17T11:15:50","slug":"maltanristi-koru","status":"publish","type":"product","link":"https:\/\/takomoalkutuli.fi\/en\/product\/maltanristi-koru\/","title":{"rendered":"Maltanristi &#8211; Riipus"},"content":{"rendered":"<h3 data-start=\"84\" data-end=\"139\">Taottu Maltanristi Koru\u2014 Kunnian ja Suojan Symboli<\/h3>\n<p data-start=\"141\" data-end=\"392\">T\u00e4m\u00e4 <strong data-start=\"146\" data-end=\"169\">taottu Maltanristi<\/strong> ammentaa inspiraationsa yli tuhat vuotta vanhasta ristimallista, jota ovat historiansa aikana k\u00e4ytt\u00e4neet useat <strong data-start=\"281\" data-end=\"309\">ritarikunnat ja armeijat<\/strong> tunnuksenaan. Maltan risti on my\u00f6s toiminut mallina monissa <strong data-start=\"370\" data-end=\"389\">kunniamerkeiss\u00e4<\/strong>.<\/p>\n<p data-start=\"394\" data-end=\"651\">Risti symboloi <strong data-start=\"409\" data-end=\"434\">kunniaa ja suojelusta<\/strong>, ja sen uskottiin tuovan <strong data-start=\"460\" data-end=\"498\">kantajalleen turvaa ja hyv\u00e4\u00e4 onnea<\/strong>. T\u00e4m\u00e4 koru yhdist\u00e4\u00e4 <strong data-start=\"519\" data-end=\"571\">historiallisen merkityksen ja k\u00e4sity\u00f6n kauneuden<\/strong>, tehden siit\u00e4 n\u00e4ytt\u00e4v\u00e4n ja merkityksellisen lis\u00e4n arkityyliin tai kokoelmaan.<\/p>\n<p>Risti on valmistettu ter\u00e4ksest\u00e4 ja siihen on keskelle niitattu kuparinen niitti. T\u00e4m\u00e4 koru on poltettu hautatervaan, antaen t\u00e4lle erinomaisen ruostesuojauksen. Ny\u00f6ri on kotimaista hirvennahkaa ja siin\u00e4 on s\u00e4\u00e4dett\u00e4v\u00e4 solmu.<\/p>\n<p>Halkaisija: 40mm.<\/p>\n<p>Each piece is individually handcrafted, so slight variations in details and dimensions may occur.<\/p>\n<p>&nbsp;<\/p>\n<p><em>Tagit: <a href=\"https:\/\/takomoalkutuli.fi\/en\/product-category\/korut\/\">Jewelry<\/a><\/em><\/p>","protected":false},"excerpt":{"rendered":"<p>Maltan risti riipus. Uskollisuuden ja rohkeuden symbooli.<\/p>","protected":false},"featured_media":675,"template":"","meta":[],"product_brand":[],"product_cat":[20],"product_tag":[47,67,50,66],"class_list":{"0":"post-643","1":"product","2":"type-product","3":"status-publish","4":"has-post-thumbnail","6":"product_cat-korut","7":"product_tag-koru","8":"product_tag-maltanristi","9":"product_tag-riipus","10":"product_tag-risti","11":"product_shipping_class-kirje","13":"first","14":"instock","15":"taxable","16":"shipping-taxable","17":"purchasable","18":"product-type-simple"},"yoast_head":"<!-- This site is optimized with the Yoast SEO plugin v26.1.1 - https:\/\/yoast.com\/wordpress\/plugins\/seo\/ -->\n<title>Maltanristi - Riipus - Takomo Alkutuli<\/title>\n<meta name=\"description\" content=\"Taottu Maltanristi -koru symboloi kunniaa ja suojaa. K\u00e4sintehty historiallinen riipus tuo tyylikk\u00e4\u00e4n ja merkityksellisen lis\u00e4n arkik\u00e4ytt\u00f6\u00f6n tai kokoelmaan.\" \/>\n<meta name=\"robots\" content=\"index, follow, max-snippet:-1, max-image-preview:large, max-video-preview:-1\" \/>\n<link rel=\"canonical\" href=\"https:\/\/takomoalkutuli.fi\/en\/product\/maltanristi-koru\/\" \/>\n<meta property=\"og:locale\" content=\"en_US\" \/>\n<meta property=\"og:type\" content=\"article\" \/>\n<meta property=\"og:title\" content=\"Maltanristi - Riipus - Takomo Alkutuli\" \/>\n<meta property=\"og:description\" content=\"Taottu Maltanristi -koru symboloi kunniaa ja suojaa. K\u00e4sintehty historiallinen riipus tuo tyylikk\u00e4\u00e4n ja merkityksellisen lis\u00e4n arkik\u00e4ytt\u00f6\u00f6n tai kokoelmaan.\" \/>\n<meta property=\"og:url\" content=\"https:\/\/takomoalkutuli.fi\/en\/product\/maltanristi-koru\/\" \/>\n<meta property=\"og:site_name\" content=\"Takomo Alkutuli\" \/>\n<meta property=\"article:publisher\" content=\"https:\/\/www.facebook.com\/TakomoAlkutuli\/\" \/>\n<meta property=\"article:modified_time\" content=\"2025-10-17T11:15:50+00:00\" \/>\n<meta property=\"og:image\" content=\"https:\/\/takomoalkutuli.fi\/wp-content\/uploads\/2024\/10\/malta-scaled.jpg\" \/>\n\t<meta property=\"og:image:width\" content=\"2560\" \/>\n\t<meta property=\"og:image:height\" content=\"1735\" \/>\n\t<meta property=\"og:image:type\" content=\"image\/jpeg\" \/>\n<meta name=\"twitter:card\" content=\"summary_large_image\" \/>\n<meta name=\"twitter:label1\" content=\"Est. reading time\" \/>\n\t<meta name=\"twitter:data1\" content=\"1 minute\" \/>\n<script type=\"application\/ld+json\" class=\"yoast-schema-graph\">{\"@context\":\"https:\/\/schema.org\",\"@graph\":[{\"@type\":\"WebPage\",\"@id\":\"https:\/\/takomoalkutuli.fi\/product\/maltanristi-koru\/\",\"url\":\"https:\/\/takomoalkutuli.fi\/product\/maltanristi-koru\/\",\"name\":\"Maltanristi - Riipus - Takomo Alkutuli\",\"isPartOf\":{\"@id\":\"https:\/\/takomoalkutuli.fi\/#website\"},\"primaryImageOfPage\":{\"@id\":\"https:\/\/takomoalkutuli.fi\/product\/maltanristi-koru\/#primaryimage\"},\"image\":{\"@id\":\"https:\/\/takomoalkutuli.fi\/product\/maltanristi-koru\/#primaryimage\"},\"thumbnailUrl\":\"https:\/\/takomoalkutuli.fi\/wp-content\/uploads\/2024\/10\/malta-scaled.jpg\",\"datePublished\":\"2024-10-07T14:47:58+00:00\",\"dateModified\":\"2025-10-17T11:15:50+00:00\",\"description\":\"Taottu Maltanristi -koru symboloi kunniaa ja suojaa. K\u00e4sintehty historiallinen riipus tuo tyylikk\u00e4\u00e4n ja merkityksellisen lis\u00e4n arkik\u00e4ytt\u00f6\u00f6n tai kokoelmaan.\",\"breadcrumb\":{\"@id\":\"https:\/\/takomoalkutuli.fi\/product\/maltanristi-koru\/#breadcrumb\"},\"inLanguage\":\"en-US\",\"potentialAction\":[{\"@type\":\"ReadAction\",\"target\":[\"https:\/\/takomoalkutuli.fi\/product\/maltanristi-koru\/\"]}]},{\"@type\":\"ImageObject\",\"inLanguage\":\"en-US\",\"@id\":\"https:\/\/takomoalkutuli.fi\/product\/maltanristi-koru\/#primaryimage\",\"url\":\"https:\/\/takomoalkutuli.fi\/wp-content\/uploads\/2024\/10\/malta-scaled.jpg\",\"contentUrl\":\"https:\/\/takomoalkutuli.fi\/wp-content\/uploads\/2024\/10\/malta-scaled.jpg\",\"width\":2560,\"height\":1735,\"caption\":\"taottu Maltan risti koru\"},{\"@type\":\"BreadcrumbList\",\"@id\":\"https:\/\/takomoalkutuli.fi\/product\/maltanristi-koru\/#breadcrumb\",\"itemListElement\":[{\"@type\":\"ListItem\",\"position\":1,\"name\":\"Etusivu\",\"item\":\"https:\/\/takomoalkutuli.fi\/\"},{\"@type\":\"ListItem\",\"position\":2,\"name\":\"Kauppa\",\"item\":\"https:\/\/takomoalkutuli.fi\/shop\/\"},{\"@type\":\"ListItem\",\"position\":3,\"name\":\"Maltanristi &#8211; Riipus\"}]},{\"@type\":\"WebSite\",\"@id\":\"https:\/\/takomoalkutuli.fi\/#website\",\"url\":\"https:\/\/takomoalkutuli.fi\/\",\"name\":\"Takomo Alkutuli\",\"description\":\"\",\"publisher\":{\"@id\":\"https:\/\/takomoalkutuli.fi\/#organization\"},\"potentialAction\":[{\"@type\":\"SearchAction\",\"target\":{\"@type\":\"EntryPoint\",\"urlTemplate\":\"https:\/\/takomoalkutuli.fi\/?s={search_term_string}\"},\"query-input\":{\"@type\":\"PropertyValueSpecification\",\"valueRequired\":true,\"valueName\":\"search_term_string\"}}],\"inLanguage\":\"en-US\"},{\"@type\":\"Organization\",\"@id\":\"https:\/\/takomoalkutuli.fi\/#organization\",\"name\":\"Takomo Alkutuli\",\"url\":\"https:\/\/takomoalkutuli.fi\/\",\"logo\":{\"@type\":\"ImageObject\",\"inLanguage\":\"en-US\",\"@id\":\"https:\/\/takomoalkutuli.fi\/#\/schema\/logo\/image\/\",\"url\":\"https:\/\/takomoalkutuli.fi\/wp-content\/uploads\/2024\/10\/icon.png\",\"contentUrl\":\"https:\/\/takomoalkutuli.fi\/wp-content\/uploads\/2024\/10\/icon.png\",\"width\":228,\"height\":228,\"caption\":\"Takomo Alkutuli\"},\"image\":{\"@id\":\"https:\/\/takomoalkutuli.fi\/#\/schema\/logo\/image\/\"},\"sameAs\":[\"https:\/\/www.facebook.com\/TakomoAlkutuli\/\",\"https:\/\/www.instagram.com\/alkutuli\/\"]}]}<\/script>\n<!-- \/ Yoast SEO plugin. -->","yoast_head_json":{"title":"Maltanristi - Riipus - Takomo Alkutuli","description":"Taottu Maltanristi -koru symboloi kunniaa ja suojaa. K\u00e4sintehty historiallinen riipus tuo tyylikk\u00e4\u00e4n ja merkityksellisen lis\u00e4n arkik\u00e4ytt\u00f6\u00f6n tai kokoelmaan.","robots":{"index":"index","follow":"follow","max-snippet":"max-snippet:-1","max-image-preview":"max-image-preview:large","max-video-preview":"max-video-preview:-1"},"canonical":"https:\/\/takomoalkutuli.fi\/en\/product\/maltanristi-koru\/","og_locale":"en_US","og_type":"article","og_title":"Maltanristi - Riipus - Takomo Alkutuli","og_description":"Taottu Maltanristi -koru symboloi kunniaa ja suojaa. K\u00e4sintehty historiallinen riipus tuo tyylikk\u00e4\u00e4n ja merkityksellisen lis\u00e4n arkik\u00e4ytt\u00f6\u00f6n tai kokoelmaan.","og_url":"https:\/\/takomoalkutuli.fi\/en\/product\/maltanristi-koru\/","og_site_name":"Takomo Alkutuli","article_publisher":"https:\/\/www.facebook.com\/TakomoAlkutuli\/","article_modified_time":"2025-10-17T11:15:50+00:00","og_image":[{"width":2560,"height":1735,"url":"https:\/\/takomoalkutuli.fi\/wp-content\/uploads\/2024\/10\/malta-scaled.jpg","type":"image\/jpeg"}],"twitter_card":"summary_large_image","twitter_misc":{"Est. reading time":"1 minute"},"schema":{"@context":"https:\/\/schema.org","@graph":[{"@type":"WebPage","@id":"https:\/\/takomoalkutuli.fi\/product\/maltanristi-koru\/","url":"https:\/\/takomoalkutuli.fi\/product\/maltanristi-koru\/","name":"Maltanristi - Riipus - Takomo Alkutuli","isPartOf":{"@id":"https:\/\/takomoalkutuli.fi\/#website"},"primaryImageOfPage":{"@id":"https:\/\/takomoalkutuli.fi\/product\/maltanristi-koru\/#primaryimage"},"image":{"@id":"https:\/\/takomoalkutuli.fi\/product\/maltanristi-koru\/#primaryimage"},"thumbnailUrl":"https:\/\/takomoalkutuli.fi\/wp-content\/uploads\/2024\/10\/malta-scaled.jpg","datePublished":"2024-10-07T14:47:58+00:00","dateModified":"2025-10-17T11:15:50+00:00","description":"Taottu Maltanristi -koru symboloi kunniaa ja suojaa. K\u00e4sintehty historiallinen riipus tuo tyylikk\u00e4\u00e4n ja merkityksellisen lis\u00e4n arkik\u00e4ytt\u00f6\u00f6n tai kokoelmaan.","breadcrumb":{"@id":"https:\/\/takomoalkutuli.fi\/product\/maltanristi-koru\/#breadcrumb"},"inLanguage":"en-US","potentialAction":[{"@type":"ReadAction","target":["https:\/\/takomoalkutuli.fi\/product\/maltanristi-koru\/"]}]},{"@type":"ImageObject","inLanguage":"en-US","@id":"https:\/\/takomoalkutuli.fi\/product\/maltanristi-koru\/#primaryimage","url":"https:\/\/takomoalkutuli.fi\/wp-content\/uploads\/2024\/10\/malta-scaled.jpg","contentUrl":"https:\/\/takomoalkutuli.fi\/wp-content\/uploads\/2024\/10\/malta-scaled.jpg","width":2560,"height":1735,"caption":"taottu Maltan risti koru"},{"@type":"BreadcrumbList","@id":"https:\/\/takomoalkutuli.fi\/product\/maltanristi-koru\/#breadcrumb","itemListElement":[{"@type":"ListItem","position":1,"name":"Etusivu","item":"https:\/\/takomoalkutuli.fi\/"},{"@type":"ListItem","position":2,"name":"Kauppa","item":"https:\/\/takomoalkutuli.fi\/shop\/"},{"@type":"ListItem","position":3,"name":"Maltanristi &#8211; Riipus"}]},{"@type":"WebSite","@id":"https:\/\/takomoalkutuli.fi\/#website","url":"https:\/\/takomoalkutuli.fi\/","name":"Primordial Fire forge","description":"","publisher":{"@id":"https:\/\/takomoalkutuli.fi\/#organization"},"potentialAction":[{"@type":"SearchAction","target":{"@type":"EntryPoint","urlTemplate":"https:\/\/takomoalkutuli.fi\/?s={search_term_string}"},"query-input":{"@type":"PropertyValueSpecification","valueRequired":true,"valueName":"search_term_string"}}],"inLanguage":"en-US"},{"@type":"Organization","@id":"https:\/\/takomoalkutuli.fi\/#organization","name":"Primordial Fire forge","url":"https:\/\/takomoalkutuli.fi\/","logo":{"@type":"ImageObject","inLanguage":"en-US","@id":"https:\/\/takomoalkutuli.fi\/#\/schema\/logo\/image\/","url":"https:\/\/takomoalkutuli.fi\/wp-content\/uploads\/2024\/10\/icon.png","contentUrl":"https:\/\/takomoalkutuli.fi\/wp-content\/uploads\/2024\/10\/icon.png","width":228,"height":228,"caption":"Takomo Alkutuli"},"image":{"@id":"https:\/\/takomoalkutuli.fi\/#\/schema\/logo\/image\/"},"sameAs":["https:\/\/www.facebook.com\/TakomoAlkutuli\/","https:\/\/www.instagram.com\/alkutuli\/"]}]}},"_links":{"self":[{"href":"https:\/\/takomoalkutuli.fi\/en\/wp-json\/wp\/v2\/product\/643","targetHints":{"allow":["GET"]}}],"collection":[{"href":"https:\/\/takomoalkutuli.fi\/en\/wp-json\/wp\/v2\/product"}],"about":[{"href":"https:\/\/takomoalkutuli.fi\/en\/wp-json\/wp\/v2\/types\/product"}],"wp:featuredmedia":[{"embeddable":true,"href":"https:\/\/takomoalkutuli.fi\/en\/wp-json\/wp\/v2\/media\/675"}],"wp:attachment":[{"href":"https:\/\/takomoalkutuli.fi\/en\/wp-json\/wp\/v2\/media?parent=643"}],"wp:term":[{"taxonomy":"product_brand","embeddable":true,"href":"https:\/\/takomoalkutuli.fi\/en\/wp-json\/wp\/v2\/product_brand?post=643"},{"taxonomy":"product_cat","embeddable":true,"href":"https:\/\/takomoalkutuli.fi\/en\/wp-json\/wp\/v2\/product_cat?post=643"},{"taxonomy":"product_tag","embeddable":true,"href":"https:\/\/takomoalkutuli.fi\/en\/wp-json\/wp\/v2\/product_tag?post=643"}],"curies":[{"name":"wp","href":"https:\/\/api.w.org\/{rel}","templated":true}]}}