{"id":640,"date":"2024-10-07T14:38:13","date_gmt":"2024-10-07T14:38:13","guid":{"rendered":"https:\/\/takomoalkutuli.fi\/?post_type=product&#038;p=640"},"modified":"2025-10-17T11:16:16","modified_gmt":"2025-10-17T11:16:16","slug":"partakirves-riipus","status":"publish","type":"product","link":"https:\/\/takomoalkutuli.fi\/en\/product\/partakirves-riipus\/","title":{"rendered":"Partakirves &#8211; Riipus"},"content":{"rendered":"<h3 data-start=\"141\" data-end=\"197\">Taottu Partakirves-Koru \u2014 Viikinkien Soturin Symboli<\/h3>\n<p data-start=\"199\" data-end=\"534\"><strong data-start=\"199\" data-end=\"226\">Taottu partakirves-koru<\/strong> ammentaa inspiraationsa rautakauden perinteisest\u00e4 kirvesmallista, joka oli yleinen Pohjois-Euroopassa ja erityisesti viikinkien suosiossa. T\u00e4m\u00e4 kirves ei ollut pelkk\u00e4 ase, vaan monik\u00e4ytt\u00f6inen ty\u00f6kalu, joka toimi pilkkomiseen, veist\u00e4miseen ja taistelussa kilpien murtamiseen sek\u00e4 vastustajien haastamiseen.<\/p>\n<p data-start=\"536\" data-end=\"927\">Viikinkien ry\u00f6st\u00f6retkille l\u00e4htiess\u00e4 miekat olivat harvinaisia ja arvokkaita, joten monet soturit valitsivat mukaansa kirveen tai keih\u00e4\u00e4n. T\u00e4ss\u00e4 korussa <strong data-start=\"688\" data-end=\"710\">taottu partakirves<\/strong> symboloi soturihenke\u00e4, rohkeutta ja voimaa, ja se tuo esiin historian el\u00e4v\u00e4n perinteen. Koru yhdist\u00e4\u00e4 muinaisen rautakauden estetiikan ja modernin tyylin, tehden siit\u00e4 sek\u00e4 merkityksellisen ett\u00e4 n\u00e4ytt\u00e4v\u00e4n asusteen.<\/p>\n<p data-start=\"929\" data-end=\"1232\"><strong data-start=\"929\" data-end=\"956\">Taottu partakirves-koru<\/strong> sopii erinomaisesti arkeen, juhlaan tai lahjaksi, sill\u00e4 se kantaa mukanaan <strong data-start=\"1032\" data-end=\"1097\">viikinkien perinteit\u00e4, k\u00e4sity\u00f6taitoa ja symbolista merkityst\u00e4<\/strong>. Se muistuttaa kantajaansa rohkeudesta, voimasta ja menneiden sukupolvien perinn\u00f6st\u00e4, ja tuo ripauksen historiaa nykyp\u00e4iv\u00e4n tyyliin.<\/p>\n<p data-start=\"1234\" data-end=\"1422\">T\u00e4m\u00e4 koru on t\u00e4ydellinen valinta kaikille, jotka arvostavat <strong data-start=\"1294\" data-end=\"1369\">historiallisia symboleja, k\u00e4sintehty\u00e4 laatua ja viikinkien soturihenke\u00e4<\/strong>, tehden siit\u00e4 ainutlaatuisen lis\u00e4n korukokoelmaan.<\/p>\n<p>T\u00e4m\u00e4 koru on poltettu hautatervaan, antaen t\u00e4lle erinomaisen ruostesuojauksen. Ny\u00f6ri on kotimaista hirvennahkaa ja siin\u00e4 on s\u00e4\u00e4dett\u00e4v\u00e4 solmu.<\/p>\n<p>Korun korkeus on 45mm.<\/p>\n<p>Each piece is individually handcrafted, so slight variations in details and dimensions may occur.<\/p>\n<p>&nbsp;<\/p>\n<p><em>Tagit: <a href=\"https:\/\/takomoalkutuli.fi\/en\/product-category\/korut\/\">Jewelry<\/a><\/em><\/p>","protected":false},"excerpt":{"rendered":"<p>Partakirves riipus. Klassinen rautakauden mallinen kirves. Toimi pitk\u00e4\u00e4n t\u00e4rke\u00e4n\u00e4 ty\u00f6kaluna ja aseena.<\/p>","protected":false},"featured_media":673,"template":"","meta":[],"product_brand":[],"product_cat":[20],"product_tag":[63,65,59],"class_list":{"0":"post-640","1":"product","2":"type-product","3":"status-publish","4":"has-post-thumbnail","6":"product_cat-korut","7":"product_tag-kirves","8":"product_tag-partakirves","9":"product_tag-viikinki","10":"product_shipping_class-kirje","12":"first","13":"instock","14":"taxable","15":"shipping-taxable","16":"purchasable","17":"product-type-simple"},"yoast_head":"<!-- This site is optimized with the Yoast SEO plugin v26.1.1 - https:\/\/yoast.com\/wordpress\/plugins\/seo\/ -->\n<title>Partakirves - Riipus - Takomo Alkutuli<\/title>\n<meta name=\"description\" content=\"Taottu partakirves-koru symboloi viikinkien soturihenke\u00e4, voimaa ja rautakauden perinteit\u00e4. K\u00e4sintehty koru tuo historiaa ja merkityst\u00e4 tyyliin.\" \/>\n<meta name=\"robots\" content=\"index, follow, max-snippet:-1, max-image-preview:large, max-video-preview:-1\" \/>\n<link rel=\"canonical\" href=\"https:\/\/takomoalkutuli.fi\/en\/product\/partakirves-riipus\/\" \/>\n<meta property=\"og:locale\" content=\"en_US\" \/>\n<meta property=\"og:type\" content=\"article\" \/>\n<meta property=\"og:title\" content=\"Partakirves - Riipus - Takomo Alkutuli\" \/>\n<meta property=\"og:description\" content=\"Taottu partakirves-koru symboloi viikinkien soturihenke\u00e4, voimaa ja rautakauden perinteit\u00e4. K\u00e4sintehty koru tuo historiaa ja merkityst\u00e4 tyyliin.\" \/>\n<meta property=\"og:url\" content=\"https:\/\/takomoalkutuli.fi\/en\/product\/partakirves-riipus\/\" \/>\n<meta property=\"og:site_name\" content=\"Takomo Alkutuli\" \/>\n<meta property=\"article:publisher\" content=\"https:\/\/www.facebook.com\/TakomoAlkutuli\/\" \/>\n<meta property=\"article:modified_time\" content=\"2025-10-17T11:16:16+00:00\" \/>\n<meta property=\"og:image\" content=\"https:\/\/takomoalkutuli.fi\/wp-content\/uploads\/2024\/10\/kirves-1-scaled.jpg\" \/>\n\t<meta property=\"og:image:width\" content=\"2560\" \/>\n\t<meta property=\"og:image:height\" content=\"1835\" \/>\n\t<meta property=\"og:image:type\" content=\"image\/jpeg\" \/>\n<meta name=\"twitter:card\" content=\"summary_large_image\" \/>\n<meta name=\"twitter:label1\" content=\"Est. reading time\" \/>\n\t<meta name=\"twitter:data1\" content=\"2 minutes\" \/>\n<script type=\"application\/ld+json\" class=\"yoast-schema-graph\">{\"@context\":\"https:\/\/schema.org\",\"@graph\":[{\"@type\":\"WebPage\",\"@id\":\"https:\/\/takomoalkutuli.fi\/product\/partakirves-riipus\/\",\"url\":\"https:\/\/takomoalkutuli.fi\/product\/partakirves-riipus\/\",\"name\":\"Partakirves - Riipus - Takomo Alkutuli\",\"isPartOf\":{\"@id\":\"https:\/\/takomoalkutuli.fi\/#website\"},\"primaryImageOfPage\":{\"@id\":\"https:\/\/takomoalkutuli.fi\/product\/partakirves-riipus\/#primaryimage\"},\"image\":{\"@id\":\"https:\/\/takomoalkutuli.fi\/product\/partakirves-riipus\/#primaryimage\"},\"thumbnailUrl\":\"https:\/\/takomoalkutuli.fi\/wp-content\/uploads\/2024\/10\/kirves-1-scaled.jpg\",\"datePublished\":\"2024-10-07T14:38:13+00:00\",\"dateModified\":\"2025-10-17T11:16:16+00:00\",\"description\":\"Taottu partakirves-koru symboloi viikinkien soturihenke\u00e4, voimaa ja rautakauden perinteit\u00e4. K\u00e4sintehty koru tuo historiaa ja merkityst\u00e4 tyyliin.\",\"breadcrumb\":{\"@id\":\"https:\/\/takomoalkutuli.fi\/product\/partakirves-riipus\/#breadcrumb\"},\"inLanguage\":\"en-US\",\"potentialAction\":[{\"@type\":\"ReadAction\",\"target\":[\"https:\/\/takomoalkutuli.fi\/product\/partakirves-riipus\/\"]}]},{\"@type\":\"ImageObject\",\"inLanguage\":\"en-US\",\"@id\":\"https:\/\/takomoalkutuli.fi\/product\/partakirves-riipus\/#primaryimage\",\"url\":\"https:\/\/takomoalkutuli.fi\/wp-content\/uploads\/2024\/10\/kirves-1-scaled.jpg\",\"contentUrl\":\"https:\/\/takomoalkutuli.fi\/wp-content\/uploads\/2024\/10\/kirves-1-scaled.jpg\",\"width\":2560,\"height\":1835},{\"@type\":\"BreadcrumbList\",\"@id\":\"https:\/\/takomoalkutuli.fi\/product\/partakirves-riipus\/#breadcrumb\",\"itemListElement\":[{\"@type\":\"ListItem\",\"position\":1,\"name\":\"Etusivu\",\"item\":\"https:\/\/takomoalkutuli.fi\/\"},{\"@type\":\"ListItem\",\"position\":2,\"name\":\"Kauppa\",\"item\":\"https:\/\/takomoalkutuli.fi\/shop\/\"},{\"@type\":\"ListItem\",\"position\":3,\"name\":\"Partakirves &#8211; Riipus\"}]},{\"@type\":\"WebSite\",\"@id\":\"https:\/\/takomoalkutuli.fi\/#website\",\"url\":\"https:\/\/takomoalkutuli.fi\/\",\"name\":\"Takomo Alkutuli\",\"description\":\"\",\"publisher\":{\"@id\":\"https:\/\/takomoalkutuli.fi\/#organization\"},\"potentialAction\":[{\"@type\":\"SearchAction\",\"target\":{\"@type\":\"EntryPoint\",\"urlTemplate\":\"https:\/\/takomoalkutuli.fi\/?s={search_term_string}\"},\"query-input\":{\"@type\":\"PropertyValueSpecification\",\"valueRequired\":true,\"valueName\":\"search_term_string\"}}],\"inLanguage\":\"en-US\"},{\"@type\":\"Organization\",\"@id\":\"https:\/\/takomoalkutuli.fi\/#organization\",\"name\":\"Takomo Alkutuli\",\"url\":\"https:\/\/takomoalkutuli.fi\/\",\"logo\":{\"@type\":\"ImageObject\",\"inLanguage\":\"en-US\",\"@id\":\"https:\/\/takomoalkutuli.fi\/#\/schema\/logo\/image\/\",\"url\":\"https:\/\/takomoalkutuli.fi\/wp-content\/uploads\/2024\/10\/icon.png\",\"contentUrl\":\"https:\/\/takomoalkutuli.fi\/wp-content\/uploads\/2024\/10\/icon.png\",\"width\":228,\"height\":228,\"caption\":\"Takomo Alkutuli\"},\"image\":{\"@id\":\"https:\/\/takomoalkutuli.fi\/#\/schema\/logo\/image\/\"},\"sameAs\":[\"https:\/\/www.facebook.com\/TakomoAlkutuli\/\",\"https:\/\/www.instagram.com\/alkutuli\/\"]}]}<\/script>\n<!-- \/ Yoast SEO plugin. -->","yoast_head_json":{"title":"Partakirves - Riipus - Takomo Alkutuli","description":"Taottu partakirves-koru symboloi viikinkien soturihenke\u00e4, voimaa ja rautakauden perinteit\u00e4. K\u00e4sintehty koru tuo historiaa ja merkityst\u00e4 tyyliin.","robots":{"index":"index","follow":"follow","max-snippet":"max-snippet:-1","max-image-preview":"max-image-preview:large","max-video-preview":"max-video-preview:-1"},"canonical":"https:\/\/takomoalkutuli.fi\/en\/product\/partakirves-riipus\/","og_locale":"en_US","og_type":"article","og_title":"Partakirves - Riipus - Takomo Alkutuli","og_description":"Taottu partakirves-koru symboloi viikinkien soturihenke\u00e4, voimaa ja rautakauden perinteit\u00e4. K\u00e4sintehty koru tuo historiaa ja merkityst\u00e4 tyyliin.","og_url":"https:\/\/takomoalkutuli.fi\/en\/product\/partakirves-riipus\/","og_site_name":"Takomo Alkutuli","article_publisher":"https:\/\/www.facebook.com\/TakomoAlkutuli\/","article_modified_time":"2025-10-17T11:16:16+00:00","og_image":[{"width":2560,"height":1835,"url":"https:\/\/takomoalkutuli.fi\/wp-content\/uploads\/2024\/10\/kirves-1-scaled.jpg","type":"image\/jpeg"}],"twitter_card":"summary_large_image","twitter_misc":{"Est. reading time":"2 minutes"},"schema":{"@context":"https:\/\/schema.org","@graph":[{"@type":"WebPage","@id":"https:\/\/takomoalkutuli.fi\/product\/partakirves-riipus\/","url":"https:\/\/takomoalkutuli.fi\/product\/partakirves-riipus\/","name":"Partakirves - Riipus - Takomo Alkutuli","isPartOf":{"@id":"https:\/\/takomoalkutuli.fi\/#website"},"primaryImageOfPage":{"@id":"https:\/\/takomoalkutuli.fi\/product\/partakirves-riipus\/#primaryimage"},"image":{"@id":"https:\/\/takomoalkutuli.fi\/product\/partakirves-riipus\/#primaryimage"},"thumbnailUrl":"https:\/\/takomoalkutuli.fi\/wp-content\/uploads\/2024\/10\/kirves-1-scaled.jpg","datePublished":"2024-10-07T14:38:13+00:00","dateModified":"2025-10-17T11:16:16+00:00","description":"Taottu partakirves-koru symboloi viikinkien soturihenke\u00e4, voimaa ja rautakauden perinteit\u00e4. K\u00e4sintehty koru tuo historiaa ja merkityst\u00e4 tyyliin.","breadcrumb":{"@id":"https:\/\/takomoalkutuli.fi\/product\/partakirves-riipus\/#breadcrumb"},"inLanguage":"en-US","potentialAction":[{"@type":"ReadAction","target":["https:\/\/takomoalkutuli.fi\/product\/partakirves-riipus\/"]}]},{"@type":"ImageObject","inLanguage":"en-US","@id":"https:\/\/takomoalkutuli.fi\/product\/partakirves-riipus\/#primaryimage","url":"https:\/\/takomoalkutuli.fi\/wp-content\/uploads\/2024\/10\/kirves-1-scaled.jpg","contentUrl":"https:\/\/takomoalkutuli.fi\/wp-content\/uploads\/2024\/10\/kirves-1-scaled.jpg","width":2560,"height":1835},{"@type":"BreadcrumbList","@id":"https:\/\/takomoalkutuli.fi\/product\/partakirves-riipus\/#breadcrumb","itemListElement":[{"@type":"ListItem","position":1,"name":"Etusivu","item":"https:\/\/takomoalkutuli.fi\/"},{"@type":"ListItem","position":2,"name":"Kauppa","item":"https:\/\/takomoalkutuli.fi\/shop\/"},{"@type":"ListItem","position":3,"name":"Partakirves &#8211; Riipus"}]},{"@type":"WebSite","@id":"https:\/\/takomoalkutuli.fi\/#website","url":"https:\/\/takomoalkutuli.fi\/","name":"Primordial Fire forge","description":"","publisher":{"@id":"https:\/\/takomoalkutuli.fi\/#organization"},"potentialAction":[{"@type":"SearchAction","target":{"@type":"EntryPoint","urlTemplate":"https:\/\/takomoalkutuli.fi\/?s={search_term_string}"},"query-input":{"@type":"PropertyValueSpecification","valueRequired":true,"valueName":"search_term_string"}}],"inLanguage":"en-US"},{"@type":"Organization","@id":"https:\/\/takomoalkutuli.fi\/#organization","name":"Primordial Fire forge","url":"https:\/\/takomoalkutuli.fi\/","logo":{"@type":"ImageObject","inLanguage":"en-US","@id":"https:\/\/takomoalkutuli.fi\/#\/schema\/logo\/image\/","url":"https:\/\/takomoalkutuli.fi\/wp-content\/uploads\/2024\/10\/icon.png","contentUrl":"https:\/\/takomoalkutuli.fi\/wp-content\/uploads\/2024\/10\/icon.png","width":228,"height":228,"caption":"Takomo Alkutuli"},"image":{"@id":"https:\/\/takomoalkutuli.fi\/#\/schema\/logo\/image\/"},"sameAs":["https:\/\/www.facebook.com\/TakomoAlkutuli\/","https:\/\/www.instagram.com\/alkutuli\/"]}]}},"_links":{"self":[{"href":"https:\/\/takomoalkutuli.fi\/en\/wp-json\/wp\/v2\/product\/640","targetHints":{"allow":["GET"]}}],"collection":[{"href":"https:\/\/takomoalkutuli.fi\/en\/wp-json\/wp\/v2\/product"}],"about":[{"href":"https:\/\/takomoalkutuli.fi\/en\/wp-json\/wp\/v2\/types\/product"}],"wp:featuredmedia":[{"embeddable":true,"href":"https:\/\/takomoalkutuli.fi\/en\/wp-json\/wp\/v2\/media\/673"}],"wp:attachment":[{"href":"https:\/\/takomoalkutuli.fi\/en\/wp-json\/wp\/v2\/media?parent=640"}],"wp:term":[{"taxonomy":"product_brand","embeddable":true,"href":"https:\/\/takomoalkutuli.fi\/en\/wp-json\/wp\/v2\/product_brand?post=640"},{"taxonomy":"product_cat","embeddable":true,"href":"https:\/\/takomoalkutuli.fi\/en\/wp-json\/wp\/v2\/product_cat?post=640"},{"taxonomy":"product_tag","embeddable":true,"href":"https:\/\/takomoalkutuli.fi\/en\/wp-json\/wp\/v2\/product_tag?post=640"}],"curies":[{"name":"wp","href":"https:\/\/api.w.org\/{rel}","templated":true}]}}