{"id":636,"date":"2024-10-07T14:27:42","date_gmt":"2024-10-07T14:27:42","guid":{"rendered":"https:\/\/takomoalkutuli.fi\/?post_type=product&#038;p=636"},"modified":"2025-10-17T11:16:23","modified_gmt":"2025-10-17T11:16:23","slug":"kasin-taottu-partakirves","status":"publish","type":"product","link":"https:\/\/takomoalkutuli.fi\/en\/product\/kasin-taottu-partakirves\/","title":{"rendered":"Partakirveenter\u00e4 &#8211; Riipus."},"content":{"rendered":"<h3 data-start=\"151\" data-end=\"241\">K\u00e4sin taottu partakirves \u2014 Monik\u00e4ytt\u00f6inen ty\u00f6kalu ja rautakauden historiaa huokuva ase<\/h3>\n<p data-start=\"243\" data-end=\"646\"><strong data-start=\"243\" data-end=\"271\">K\u00e4sin taottu partakirves<\/strong> on tarkasti valmistettu ter\u00e4ksest\u00e4 ja perustuu rautakaudelta per\u00e4isin olevaan klassiseen kirvesmalliin, jota k\u00e4ytettiin laajalti Pohjois-Euroopassa. T\u00e4m\u00e4 kirves ei ollut pelk\u00e4st\u00e4\u00e4n ase, vaan my\u00f6s monik\u00e4ytt\u00f6inen ty\u00f6kalu, jota k\u00e4ytettiin arjen askareissa ja taisteluissa. Sen ainutlaatuinen muotoilu ja taottu rakenne tekev\u00e4t siit\u00e4 sek\u00e4 kest\u00e4v\u00e4n ett\u00e4 k\u00e4yt\u00e4nn\u00f6llisen esineen.<\/p>\n<p data-start=\"648\" data-end=\"949\">Soturit k\u00e4yttiv\u00e4t kirveen \u201cpartaa\u201d taistelussa kilpien sivuun vet\u00e4miseen, jolloin toverit p\u00e4\u00e4siv\u00e4t iskem\u00e4\u00e4n vastustajaa vapaammin. Pidempi ter\u00e4 mahdollisti tehokkaan pilkkomisen, veistoty\u00f6t ja muun arkisen ty\u00f6skentelyn. T\u00e4st\u00e4 syyst\u00e4 partakirves oli rautakauden arjessa ja sodassa korvaamaton v\u00e4line.<\/p>\n<p data-start=\"951\" data-end=\"1241\">Riipuksena tai koristeena <strong data-start=\"977\" data-end=\"1005\">k\u00e4sin taottu partakirves<\/strong> tuo historian el\u00e4v\u00e4ksi ja kertoo tarinaa muinaisten pohjoiseurooppalaisten soturien ja k\u00e4sity\u00f6l\u00e4isten el\u00e4m\u00e4st\u00e4. Se on erinomainen valinta kaikille, jotka arvostavat <strong data-start=\"1171\" data-end=\"1238\">historiallista symboliikkaa, k\u00e4sity\u00f6taitoa ja monik\u00e4ytt\u00f6isyytt\u00e4<\/strong>.<\/p>\n<p data-start=\"1243\" data-end=\"1414\">T\u00e4m\u00e4 partakirves yhdist\u00e4\u00e4 <strong data-start=\"1269\" data-end=\"1316\">kauneuden, kest\u00e4vyyden ja k\u00e4yt\u00e4nn\u00f6llisyyden<\/strong>, ja se toimii upeana lahjana tai koruna, joka kantaa mukanaan rautakauden henke\u00e4 ja perinteit\u00e4.<\/p>\n<p>T\u00e4m\u00e4 koru on poltettu hautatervaan, antaen t\u00e4lle erinomaisen ruostesuojauksen. Ny\u00f6ri on kotimaista hirvennahkaa ja siin\u00e4 on s\u00e4\u00e4dett\u00e4v\u00e4 solmu.<\/p>\n<p>Korun korkeus on 40mm.<\/p>\n<p>Each piece is individually handcrafted, so slight variations in details and dimensions may occur.<\/p>\n<p>&nbsp;<\/p>\n<p><em>Tagit: <a href=\"https:\/\/takomoalkutuli.fi\/en\/product-category\/korut\/\">Jewelry<\/a><\/em><\/p>","protected":false},"excerpt":{"rendered":"<p>Kirveenter\u00e4 -Riipus. Klassinen kirvesmuoto joka oli varsin laajassa k\u00e4yt\u00f6ss\u00e4 pohjois-euroopassa.<\/p>","protected":false},"featured_media":671,"template":"","meta":[],"product_brand":[],"product_cat":[20],"product_tag":[64,63,47,50],"class_list":{"0":"post-636","1":"product","2":"type-product","3":"status-publish","4":"has-post-thumbnail","6":"product_cat-korut","7":"product_tag-kirveen-tera","8":"product_tag-kirves","9":"product_tag-koru","10":"product_tag-riipus","11":"product_shipping_class-kirje","13":"first","14":"instock","15":"taxable","16":"shipping-taxable","17":"purchasable","18":"product-type-simple"},"yoast_head":"<!-- This site is optimized with the Yoast SEO plugin v26.1.1 - https:\/\/yoast.com\/wordpress\/plugins\/seo\/ -->\n<title>Partakirveenter\u00e4 - Riipus. - Takomo Alkutuli<\/title>\n<meta name=\"description\" content=\"K\u00e4sin taottu partakirveenter\u00e4 - riipus \u2013 monik\u00e4ytt\u00f6inen ty\u00f6kalu ja ase, joka tuo historian el\u00e4v\u00e4ksi. Klassinen rautakauden kirves mallina ja muotoiluna.\" \/>\n<meta name=\"robots\" content=\"index, follow, max-snippet:-1, max-image-preview:large, max-video-preview:-1\" \/>\n<link rel=\"canonical\" href=\"https:\/\/takomoalkutuli.fi\/en\/product\/kasin-taottu-partakirves\/\" \/>\n<meta property=\"og:locale\" content=\"en_US\" \/>\n<meta property=\"og:type\" content=\"article\" \/>\n<meta property=\"og:title\" content=\"Partakirveenter\u00e4 - Riipus. - Takomo Alkutuli\" \/>\n<meta property=\"og:description\" content=\"K\u00e4sin taottu partakirveenter\u00e4 - riipus \u2013 monik\u00e4ytt\u00f6inen ty\u00f6kalu ja ase, joka tuo historian el\u00e4v\u00e4ksi. Klassinen rautakauden kirves mallina ja muotoiluna.\" \/>\n<meta property=\"og:url\" content=\"https:\/\/takomoalkutuli.fi\/en\/product\/kasin-taottu-partakirves\/\" \/>\n<meta property=\"og:site_name\" content=\"Takomo Alkutuli\" \/>\n<meta property=\"article:publisher\" content=\"https:\/\/www.facebook.com\/TakomoAlkutuli\/\" \/>\n<meta property=\"article:modified_time\" content=\"2025-10-17T11:16:23+00:00\" \/>\n<meta property=\"og:image\" content=\"https:\/\/takomoalkutuli.fi\/wp-content\/uploads\/2024\/10\/kirveentera-scaled.jpg\" \/>\n\t<meta property=\"og:image:width\" content=\"2560\" \/>\n\t<meta property=\"og:image:height\" content=\"1766\" \/>\n\t<meta property=\"og:image:type\" content=\"image\/jpeg\" \/>\n<meta name=\"twitter:card\" content=\"summary_large_image\" \/>\n<meta name=\"twitter:label1\" content=\"Est. reading time\" \/>\n\t<meta name=\"twitter:data1\" content=\"2 minutes\" \/>\n<script type=\"application\/ld+json\" class=\"yoast-schema-graph\">{\"@context\":\"https:\/\/schema.org\",\"@graph\":[{\"@type\":\"WebPage\",\"@id\":\"https:\/\/takomoalkutuli.fi\/product\/kasin-taottu-partakirves\/\",\"url\":\"https:\/\/takomoalkutuli.fi\/product\/kasin-taottu-partakirves\/\",\"name\":\"Partakirveenter\u00e4 - Riipus. - Takomo Alkutuli\",\"isPartOf\":{\"@id\":\"https:\/\/takomoalkutuli.fi\/#website\"},\"primaryImageOfPage\":{\"@id\":\"https:\/\/takomoalkutuli.fi\/product\/kasin-taottu-partakirves\/#primaryimage\"},\"image\":{\"@id\":\"https:\/\/takomoalkutuli.fi\/product\/kasin-taottu-partakirves\/#primaryimage\"},\"thumbnailUrl\":\"https:\/\/takomoalkutuli.fi\/wp-content\/uploads\/2024\/10\/kirveentera-scaled.jpg\",\"datePublished\":\"2024-10-07T14:27:42+00:00\",\"dateModified\":\"2025-10-17T11:16:23+00:00\",\"description\":\"K\u00e4sin taottu partakirveenter\u00e4 - riipus \u2013 monik\u00e4ytt\u00f6inen ty\u00f6kalu ja ase, joka tuo historian el\u00e4v\u00e4ksi. Klassinen rautakauden kirves mallina ja muotoiluna.\",\"breadcrumb\":{\"@id\":\"https:\/\/takomoalkutuli.fi\/product\/kasin-taottu-partakirves\/#breadcrumb\"},\"inLanguage\":\"en-US\",\"potentialAction\":[{\"@type\":\"ReadAction\",\"target\":[\"https:\/\/takomoalkutuli.fi\/product\/kasin-taottu-partakirves\/\"]}]},{\"@type\":\"ImageObject\",\"inLanguage\":\"en-US\",\"@id\":\"https:\/\/takomoalkutuli.fi\/product\/kasin-taottu-partakirves\/#primaryimage\",\"url\":\"https:\/\/takomoalkutuli.fi\/wp-content\/uploads\/2024\/10\/kirveentera-scaled.jpg\",\"contentUrl\":\"https:\/\/takomoalkutuli.fi\/wp-content\/uploads\/2024\/10\/kirveentera-scaled.jpg\",\"width\":2560,\"height\":1766,\"caption\":\"k\u00e4sin taottu partakirves\"},{\"@type\":\"BreadcrumbList\",\"@id\":\"https:\/\/takomoalkutuli.fi\/product\/kasin-taottu-partakirves\/#breadcrumb\",\"itemListElement\":[{\"@type\":\"ListItem\",\"position\":1,\"name\":\"Etusivu\",\"item\":\"https:\/\/takomoalkutuli.fi\/\"},{\"@type\":\"ListItem\",\"position\":2,\"name\":\"Kauppa\",\"item\":\"https:\/\/takomoalkutuli.fi\/shop\/\"},{\"@type\":\"ListItem\",\"position\":3,\"name\":\"Partakirveenter\u00e4 &#8211; Riipus.\"}]},{\"@type\":\"WebSite\",\"@id\":\"https:\/\/takomoalkutuli.fi\/#website\",\"url\":\"https:\/\/takomoalkutuli.fi\/\",\"name\":\"Takomo Alkutuli\",\"description\":\"\",\"publisher\":{\"@id\":\"https:\/\/takomoalkutuli.fi\/#organization\"},\"potentialAction\":[{\"@type\":\"SearchAction\",\"target\":{\"@type\":\"EntryPoint\",\"urlTemplate\":\"https:\/\/takomoalkutuli.fi\/?s={search_term_string}\"},\"query-input\":{\"@type\":\"PropertyValueSpecification\",\"valueRequired\":true,\"valueName\":\"search_term_string\"}}],\"inLanguage\":\"en-US\"},{\"@type\":\"Organization\",\"@id\":\"https:\/\/takomoalkutuli.fi\/#organization\",\"name\":\"Takomo Alkutuli\",\"url\":\"https:\/\/takomoalkutuli.fi\/\",\"logo\":{\"@type\":\"ImageObject\",\"inLanguage\":\"en-US\",\"@id\":\"https:\/\/takomoalkutuli.fi\/#\/schema\/logo\/image\/\",\"url\":\"https:\/\/takomoalkutuli.fi\/wp-content\/uploads\/2024\/10\/icon.png\",\"contentUrl\":\"https:\/\/takomoalkutuli.fi\/wp-content\/uploads\/2024\/10\/icon.png\",\"width\":228,\"height\":228,\"caption\":\"Takomo Alkutuli\"},\"image\":{\"@id\":\"https:\/\/takomoalkutuli.fi\/#\/schema\/logo\/image\/\"},\"sameAs\":[\"https:\/\/www.facebook.com\/TakomoAlkutuli\/\",\"https:\/\/www.instagram.com\/alkutuli\/\"]}]}<\/script>\n<!-- \/ Yoast SEO plugin. -->","yoast_head_json":{"title":"Partakirveenter\u00e4 - Riipus. - Takomo Alkutuli","description":"K\u00e4sin taottu partakirveenter\u00e4 - riipus \u2013 monik\u00e4ytt\u00f6inen ty\u00f6kalu ja ase, joka tuo historian el\u00e4v\u00e4ksi. Klassinen rautakauden kirves mallina ja muotoiluna.","robots":{"index":"index","follow":"follow","max-snippet":"max-snippet:-1","max-image-preview":"max-image-preview:large","max-video-preview":"max-video-preview:-1"},"canonical":"https:\/\/takomoalkutuli.fi\/en\/product\/kasin-taottu-partakirves\/","og_locale":"en_US","og_type":"article","og_title":"Partakirveenter\u00e4 - Riipus. - Takomo Alkutuli","og_description":"K\u00e4sin taottu partakirveenter\u00e4 - riipus \u2013 monik\u00e4ytt\u00f6inen ty\u00f6kalu ja ase, joka tuo historian el\u00e4v\u00e4ksi. Klassinen rautakauden kirves mallina ja muotoiluna.","og_url":"https:\/\/takomoalkutuli.fi\/en\/product\/kasin-taottu-partakirves\/","og_site_name":"Takomo Alkutuli","article_publisher":"https:\/\/www.facebook.com\/TakomoAlkutuli\/","article_modified_time":"2025-10-17T11:16:23+00:00","og_image":[{"width":2560,"height":1766,"url":"https:\/\/takomoalkutuli.fi\/wp-content\/uploads\/2024\/10\/kirveentera-scaled.jpg","type":"image\/jpeg"}],"twitter_card":"summary_large_image","twitter_misc":{"Est. reading time":"2 minutes"},"schema":{"@context":"https:\/\/schema.org","@graph":[{"@type":"WebPage","@id":"https:\/\/takomoalkutuli.fi\/product\/kasin-taottu-partakirves\/","url":"https:\/\/takomoalkutuli.fi\/product\/kasin-taottu-partakirves\/","name":"Partakirveenter\u00e4 - Riipus. - Takomo Alkutuli","isPartOf":{"@id":"https:\/\/takomoalkutuli.fi\/#website"},"primaryImageOfPage":{"@id":"https:\/\/takomoalkutuli.fi\/product\/kasin-taottu-partakirves\/#primaryimage"},"image":{"@id":"https:\/\/takomoalkutuli.fi\/product\/kasin-taottu-partakirves\/#primaryimage"},"thumbnailUrl":"https:\/\/takomoalkutuli.fi\/wp-content\/uploads\/2024\/10\/kirveentera-scaled.jpg","datePublished":"2024-10-07T14:27:42+00:00","dateModified":"2025-10-17T11:16:23+00:00","description":"K\u00e4sin taottu partakirveenter\u00e4 - riipus \u2013 monik\u00e4ytt\u00f6inen ty\u00f6kalu ja ase, joka tuo historian el\u00e4v\u00e4ksi. Klassinen rautakauden kirves mallina ja muotoiluna.","breadcrumb":{"@id":"https:\/\/takomoalkutuli.fi\/product\/kasin-taottu-partakirves\/#breadcrumb"},"inLanguage":"en-US","potentialAction":[{"@type":"ReadAction","target":["https:\/\/takomoalkutuli.fi\/product\/kasin-taottu-partakirves\/"]}]},{"@type":"ImageObject","inLanguage":"en-US","@id":"https:\/\/takomoalkutuli.fi\/product\/kasin-taottu-partakirves\/#primaryimage","url":"https:\/\/takomoalkutuli.fi\/wp-content\/uploads\/2024\/10\/kirveentera-scaled.jpg","contentUrl":"https:\/\/takomoalkutuli.fi\/wp-content\/uploads\/2024\/10\/kirveentera-scaled.jpg","width":2560,"height":1766,"caption":"k\u00e4sin taottu partakirves"},{"@type":"BreadcrumbList","@id":"https:\/\/takomoalkutuli.fi\/product\/kasin-taottu-partakirves\/#breadcrumb","itemListElement":[{"@type":"ListItem","position":1,"name":"Etusivu","item":"https:\/\/takomoalkutuli.fi\/"},{"@type":"ListItem","position":2,"name":"Kauppa","item":"https:\/\/takomoalkutuli.fi\/shop\/"},{"@type":"ListItem","position":3,"name":"Partakirveenter\u00e4 &#8211; Riipus."}]},{"@type":"WebSite","@id":"https:\/\/takomoalkutuli.fi\/#website","url":"https:\/\/takomoalkutuli.fi\/","name":"Primordial Fire forge","description":"","publisher":{"@id":"https:\/\/takomoalkutuli.fi\/#organization"},"potentialAction":[{"@type":"SearchAction","target":{"@type":"EntryPoint","urlTemplate":"https:\/\/takomoalkutuli.fi\/?s={search_term_string}"},"query-input":{"@type":"PropertyValueSpecification","valueRequired":true,"valueName":"search_term_string"}}],"inLanguage":"en-US"},{"@type":"Organization","@id":"https:\/\/takomoalkutuli.fi\/#organization","name":"Primordial Fire forge","url":"https:\/\/takomoalkutuli.fi\/","logo":{"@type":"ImageObject","inLanguage":"en-US","@id":"https:\/\/takomoalkutuli.fi\/#\/schema\/logo\/image\/","url":"https:\/\/takomoalkutuli.fi\/wp-content\/uploads\/2024\/10\/icon.png","contentUrl":"https:\/\/takomoalkutuli.fi\/wp-content\/uploads\/2024\/10\/icon.png","width":228,"height":228,"caption":"Takomo Alkutuli"},"image":{"@id":"https:\/\/takomoalkutuli.fi\/#\/schema\/logo\/image\/"},"sameAs":["https:\/\/www.facebook.com\/TakomoAlkutuli\/","https:\/\/www.instagram.com\/alkutuli\/"]}]}},"_links":{"self":[{"href":"https:\/\/takomoalkutuli.fi\/en\/wp-json\/wp\/v2\/product\/636","targetHints":{"allow":["GET"]}}],"collection":[{"href":"https:\/\/takomoalkutuli.fi\/en\/wp-json\/wp\/v2\/product"}],"about":[{"href":"https:\/\/takomoalkutuli.fi\/en\/wp-json\/wp\/v2\/types\/product"}],"wp:featuredmedia":[{"embeddable":true,"href":"https:\/\/takomoalkutuli.fi\/en\/wp-json\/wp\/v2\/media\/671"}],"wp:attachment":[{"href":"https:\/\/takomoalkutuli.fi\/en\/wp-json\/wp\/v2\/media?parent=636"}],"wp:term":[{"taxonomy":"product_brand","embeddable":true,"href":"https:\/\/takomoalkutuli.fi\/en\/wp-json\/wp\/v2\/product_brand?post=636"},{"taxonomy":"product_cat","embeddable":true,"href":"https:\/\/takomoalkutuli.fi\/en\/wp-json\/wp\/v2\/product_cat?post=636"},{"taxonomy":"product_tag","embeddable":true,"href":"https:\/\/takomoalkutuli.fi\/en\/wp-json\/wp\/v2\/product_tag?post=636"}],"curies":[{"name":"wp","href":"https:\/\/api.w.org\/{rel}","templated":true}]}}