{"id":627,"date":"2024-10-07T12:16:24","date_gmt":"2024-10-07T12:16:24","guid":{"rendered":"http:\/\/takomoalkutuli.fi\/?post_type=product&#038;p=627"},"modified":"2025-10-17T11:16:49","modified_gmt":"2025-10-17T11:16:49","slug":"thori-vasara","status":"publish","type":"product","link":"https:\/\/takomoalkutuli.fi\/en\/product\/thori-vasara\/","title":{"rendered":"Thor &#8211; Vasarariipus."},"content":{"rendered":"<h3 data-start=\"86\" data-end=\"163\">Moderni Thorin Vasara (Mj\u00f6lnir) \u2014 Viikinkien Symboliikk\u00e4 Uudistettuna<\/h3>\n<p data-start=\"165\" data-end=\"321\">T\u00e4m\u00e4 <strong data-start=\"170\" data-end=\"197\">Thorin vasara (Mj\u00f6lnir)<\/strong> on <strong data-start=\"201\" data-end=\"257\">modernisoitu versio klassisesta viikinkien vasarasta<\/strong>, yhdist\u00e4en perinteisen symboliikan ja nykyaikaisen muotoilun.<\/p>\n<p data-start=\"323\" data-end=\"694\">Viikinkien ukkosenjumalan vasara edustaa <strong data-start=\"364\" data-end=\"397\">voimaa, j\u00e4rjestyst\u00e4 ja suojaa<\/strong>. Legendan mukaan Thor ajoi <strong data-start=\"425\" data-end=\"473\">p\u00e4ssien vet\u00e4mill\u00e4 vaunuillaan taivaan kantta<\/strong>, takoen vasaraansa ja aiheuttaen <strong data-start=\"507\" data-end=\"541\">ukkosen jyrin\u00e4n ja salamoinnin<\/strong>. Merimatkoillaan viikingit kantoivat Mj\u00f6lniri\u00e4 <strong data-start=\"589\" data-end=\"616\">onnea ja suojaa tuomaan<\/strong>, mutta my\u00f6s osoittaakseen <strong data-start=\"643\" data-end=\"691\">urheutensa ja kunnioituksensa Thoria kohtaan<\/strong>.<\/p>\n<p data-start=\"696\" data-end=\"847\">T\u00e4m\u00e4 moderni malli tuo <strong data-start=\"719\" data-end=\"770\">perinteisen symboliikan nykyaikaisella tyylill\u00e4<\/strong>, tehden siit\u00e4 n\u00e4ytt\u00e4v\u00e4n ja merkityksellisen korun jokap\u00e4iv\u00e4iseen k\u00e4ytt\u00f6\u00f6n.<\/p>\n<p>T\u00e4m\u00e4 koru on poltettu hautatervaan, antaen t\u00e4lle erinomaisen ruostesuojauksen. Ny\u00f6ri on kotimaista hirvennahkaa ja siin\u00e4 on s\u00e4\u00e4dett\u00e4v\u00e4 solmu.<\/p>\n<p>Korun korkeus on 45mm.<\/p>\n<p>Each piece is individually handcrafted, so slight variations in details and dimensions may occur.<\/p>\n<p><em>Tagit: <a href=\"https:\/\/takomoalkutuli.fi\/en\/product-category\/korut\/\">Jewelry<\/a><\/em><\/p>","protected":false},"excerpt":{"rendered":"<p>Modernisoitu versio klassisesta Thorin vasarasta. Thorin vasara edustaa j\u00e4rjestyst\u00e4 ja urheutta.<\/p>","protected":false},"featured_media":667,"template":"","meta":[],"product_brand":[],"product_cat":[20],"product_tag":[47,54,50,56,55],"class_list":{"0":"post-627","1":"product","2":"type-product","3":"status-publish","4":"has-post-thumbnail","6":"product_cat-korut","7":"product_tag-koru","8":"product_tag-mjolnir","9":"product_tag-riipus","10":"product_tag-thor","11":"product_tag-thorin-vasara","12":"product_shipping_class-kirje","14":"first","15":"instock","16":"taxable","17":"shipping-taxable","18":"purchasable","19":"product-type-simple"},"yoast_head":"<!-- This site is optimized with the Yoast SEO plugin v26.1.1 - https:\/\/yoast.com\/wordpress\/plugins\/seo\/ -->\n<title>Thor - Vasarariipus. - Takomo Alkutuli<\/title>\n<meta name=\"description\" content=\"Moderni Thorin vasara \u2013 viikinkien ukkosenjumalan talismani. Symboloi voimaa, j\u00e4rjestyst\u00e4, onnea ja suojaa. Perinteinen tarina nykyaikaisella muotoilulla.\" \/>\n<meta name=\"robots\" content=\"index, follow, max-snippet:-1, max-image-preview:large, max-video-preview:-1\" \/>\n<link rel=\"canonical\" href=\"https:\/\/takomoalkutuli.fi\/en\/product\/thori-vasara\/\" \/>\n<meta property=\"og:locale\" content=\"en_US\" \/>\n<meta property=\"og:type\" content=\"article\" \/>\n<meta property=\"og:title\" content=\"Thor - Vasarariipus. - Takomo Alkutuli\" \/>\n<meta property=\"og:description\" content=\"Moderni Thorin vasara \u2013 viikinkien ukkosenjumalan talismani. Symboloi voimaa, j\u00e4rjestyst\u00e4, onnea ja suojaa. Perinteinen tarina nykyaikaisella muotoilulla.\" \/>\n<meta property=\"og:url\" content=\"https:\/\/takomoalkutuli.fi\/en\/product\/thori-vasara\/\" \/>\n<meta property=\"og:site_name\" content=\"Takomo Alkutuli\" \/>\n<meta property=\"article:publisher\" content=\"https:\/\/www.facebook.com\/TakomoAlkutuli\/\" \/>\n<meta property=\"article:modified_time\" content=\"2025-10-17T11:16:49+00:00\" \/>\n<meta property=\"og:image\" content=\"https:\/\/takomoalkutuli.fi\/wp-content\/uploads\/2024\/10\/thor-mjol-scaled.jpg\" \/>\n\t<meta property=\"og:image:width\" content=\"2560\" \/>\n\t<meta property=\"og:image:height\" content=\"1804\" \/>\n\t<meta property=\"og:image:type\" content=\"image\/jpeg\" \/>\n<meta name=\"twitter:card\" content=\"summary_large_image\" \/>\n<meta name=\"twitter:label1\" content=\"Est. reading time\" \/>\n\t<meta name=\"twitter:data1\" content=\"1 minute\" \/>\n<script type=\"application\/ld+json\" class=\"yoast-schema-graph\">{\"@context\":\"https:\/\/schema.org\",\"@graph\":[{\"@type\":\"WebPage\",\"@id\":\"https:\/\/takomoalkutuli.fi\/product\/thori-vasara\/\",\"url\":\"https:\/\/takomoalkutuli.fi\/product\/thori-vasara\/\",\"name\":\"Thor - Vasarariipus. - Takomo Alkutuli\",\"isPartOf\":{\"@id\":\"https:\/\/takomoalkutuli.fi\/#website\"},\"primaryImageOfPage\":{\"@id\":\"https:\/\/takomoalkutuli.fi\/product\/thori-vasara\/#primaryimage\"},\"image\":{\"@id\":\"https:\/\/takomoalkutuli.fi\/product\/thori-vasara\/#primaryimage\"},\"thumbnailUrl\":\"https:\/\/takomoalkutuli.fi\/wp-content\/uploads\/2024\/10\/thor-mjol-scaled.jpg\",\"datePublished\":\"2024-10-07T12:16:24+00:00\",\"dateModified\":\"2025-10-17T11:16:49+00:00\",\"description\":\"Moderni Thorin vasara \u2013 viikinkien ukkosenjumalan talismani. Symboloi voimaa, j\u00e4rjestyst\u00e4, onnea ja suojaa. Perinteinen tarina nykyaikaisella muotoilulla.\",\"breadcrumb\":{\"@id\":\"https:\/\/takomoalkutuli.fi\/product\/thori-vasara\/#breadcrumb\"},\"inLanguage\":\"en-US\",\"potentialAction\":[{\"@type\":\"ReadAction\",\"target\":[\"https:\/\/takomoalkutuli.fi\/product\/thori-vasara\/\"]}]},{\"@type\":\"ImageObject\",\"inLanguage\":\"en-US\",\"@id\":\"https:\/\/takomoalkutuli.fi\/product\/thori-vasara\/#primaryimage\",\"url\":\"https:\/\/takomoalkutuli.fi\/wp-content\/uploads\/2024\/10\/thor-mjol-scaled.jpg\",\"contentUrl\":\"https:\/\/takomoalkutuli.fi\/wp-content\/uploads\/2024\/10\/thor-mjol-scaled.jpg\",\"width\":2560,\"height\":1804,\"caption\":\"moderni thorin vasara\"},{\"@type\":\"BreadcrumbList\",\"@id\":\"https:\/\/takomoalkutuli.fi\/product\/thori-vasara\/#breadcrumb\",\"itemListElement\":[{\"@type\":\"ListItem\",\"position\":1,\"name\":\"Etusivu\",\"item\":\"https:\/\/takomoalkutuli.fi\/\"},{\"@type\":\"ListItem\",\"position\":2,\"name\":\"Kauppa\",\"item\":\"https:\/\/takomoalkutuli.fi\/shop\/\"},{\"@type\":\"ListItem\",\"position\":3,\"name\":\"Thor &#8211; Vasarariipus.\"}]},{\"@type\":\"WebSite\",\"@id\":\"https:\/\/takomoalkutuli.fi\/#website\",\"url\":\"https:\/\/takomoalkutuli.fi\/\",\"name\":\"Takomo Alkutuli\",\"description\":\"\",\"publisher\":{\"@id\":\"https:\/\/takomoalkutuli.fi\/#organization\"},\"potentialAction\":[{\"@type\":\"SearchAction\",\"target\":{\"@type\":\"EntryPoint\",\"urlTemplate\":\"https:\/\/takomoalkutuli.fi\/?s={search_term_string}\"},\"query-input\":{\"@type\":\"PropertyValueSpecification\",\"valueRequired\":true,\"valueName\":\"search_term_string\"}}],\"inLanguage\":\"en-US\"},{\"@type\":\"Organization\",\"@id\":\"https:\/\/takomoalkutuli.fi\/#organization\",\"name\":\"Takomo Alkutuli\",\"url\":\"https:\/\/takomoalkutuli.fi\/\",\"logo\":{\"@type\":\"ImageObject\",\"inLanguage\":\"en-US\",\"@id\":\"https:\/\/takomoalkutuli.fi\/#\/schema\/logo\/image\/\",\"url\":\"https:\/\/takomoalkutuli.fi\/wp-content\/uploads\/2024\/10\/icon.png\",\"contentUrl\":\"https:\/\/takomoalkutuli.fi\/wp-content\/uploads\/2024\/10\/icon.png\",\"width\":228,\"height\":228,\"caption\":\"Takomo Alkutuli\"},\"image\":{\"@id\":\"https:\/\/takomoalkutuli.fi\/#\/schema\/logo\/image\/\"},\"sameAs\":[\"https:\/\/www.facebook.com\/TakomoAlkutuli\/\",\"https:\/\/www.instagram.com\/alkutuli\/\"]}]}<\/script>\n<!-- \/ Yoast SEO plugin. -->","yoast_head_json":{"title":"Thor - Vasarariipus. - Takomo Alkutuli","description":"Moderni Thorin vasara \u2013 viikinkien ukkosenjumalan talismani. Symboloi voimaa, j\u00e4rjestyst\u00e4, onnea ja suojaa. Perinteinen tarina nykyaikaisella muotoilulla.","robots":{"index":"index","follow":"follow","max-snippet":"max-snippet:-1","max-image-preview":"max-image-preview:large","max-video-preview":"max-video-preview:-1"},"canonical":"https:\/\/takomoalkutuli.fi\/en\/product\/thori-vasara\/","og_locale":"en_US","og_type":"article","og_title":"Thor - Vasarariipus. - Takomo Alkutuli","og_description":"Moderni Thorin vasara \u2013 viikinkien ukkosenjumalan talismani. Symboloi voimaa, j\u00e4rjestyst\u00e4, onnea ja suojaa. Perinteinen tarina nykyaikaisella muotoilulla.","og_url":"https:\/\/takomoalkutuli.fi\/en\/product\/thori-vasara\/","og_site_name":"Takomo Alkutuli","article_publisher":"https:\/\/www.facebook.com\/TakomoAlkutuli\/","article_modified_time":"2025-10-17T11:16:49+00:00","og_image":[{"width":2560,"height":1804,"url":"https:\/\/takomoalkutuli.fi\/wp-content\/uploads\/2024\/10\/thor-mjol-scaled.jpg","type":"image\/jpeg"}],"twitter_card":"summary_large_image","twitter_misc":{"Est. reading time":"1 minute"},"schema":{"@context":"https:\/\/schema.org","@graph":[{"@type":"WebPage","@id":"https:\/\/takomoalkutuli.fi\/product\/thori-vasara\/","url":"https:\/\/takomoalkutuli.fi\/product\/thori-vasara\/","name":"Thor - Vasarariipus. - Takomo Alkutuli","isPartOf":{"@id":"https:\/\/takomoalkutuli.fi\/#website"},"primaryImageOfPage":{"@id":"https:\/\/takomoalkutuli.fi\/product\/thori-vasara\/#primaryimage"},"image":{"@id":"https:\/\/takomoalkutuli.fi\/product\/thori-vasara\/#primaryimage"},"thumbnailUrl":"https:\/\/takomoalkutuli.fi\/wp-content\/uploads\/2024\/10\/thor-mjol-scaled.jpg","datePublished":"2024-10-07T12:16:24+00:00","dateModified":"2025-10-17T11:16:49+00:00","description":"Moderni Thorin vasara \u2013 viikinkien ukkosenjumalan talismani. Symboloi voimaa, j\u00e4rjestyst\u00e4, onnea ja suojaa. Perinteinen tarina nykyaikaisella muotoilulla.","breadcrumb":{"@id":"https:\/\/takomoalkutuli.fi\/product\/thori-vasara\/#breadcrumb"},"inLanguage":"en-US","potentialAction":[{"@type":"ReadAction","target":["https:\/\/takomoalkutuli.fi\/product\/thori-vasara\/"]}]},{"@type":"ImageObject","inLanguage":"en-US","@id":"https:\/\/takomoalkutuli.fi\/product\/thori-vasara\/#primaryimage","url":"https:\/\/takomoalkutuli.fi\/wp-content\/uploads\/2024\/10\/thor-mjol-scaled.jpg","contentUrl":"https:\/\/takomoalkutuli.fi\/wp-content\/uploads\/2024\/10\/thor-mjol-scaled.jpg","width":2560,"height":1804,"caption":"moderni thorin vasara"},{"@type":"BreadcrumbList","@id":"https:\/\/takomoalkutuli.fi\/product\/thori-vasara\/#breadcrumb","itemListElement":[{"@type":"ListItem","position":1,"name":"Etusivu","item":"https:\/\/takomoalkutuli.fi\/"},{"@type":"ListItem","position":2,"name":"Kauppa","item":"https:\/\/takomoalkutuli.fi\/shop\/"},{"@type":"ListItem","position":3,"name":"Thor &#8211; Vasarariipus."}]},{"@type":"WebSite","@id":"https:\/\/takomoalkutuli.fi\/#website","url":"https:\/\/takomoalkutuli.fi\/","name":"Primordial Fire forge","description":"","publisher":{"@id":"https:\/\/takomoalkutuli.fi\/#organization"},"potentialAction":[{"@type":"SearchAction","target":{"@type":"EntryPoint","urlTemplate":"https:\/\/takomoalkutuli.fi\/?s={search_term_string}"},"query-input":{"@type":"PropertyValueSpecification","valueRequired":true,"valueName":"search_term_string"}}],"inLanguage":"en-US"},{"@type":"Organization","@id":"https:\/\/takomoalkutuli.fi\/#organization","name":"Primordial Fire forge","url":"https:\/\/takomoalkutuli.fi\/","logo":{"@type":"ImageObject","inLanguage":"en-US","@id":"https:\/\/takomoalkutuli.fi\/#\/schema\/logo\/image\/","url":"https:\/\/takomoalkutuli.fi\/wp-content\/uploads\/2024\/10\/icon.png","contentUrl":"https:\/\/takomoalkutuli.fi\/wp-content\/uploads\/2024\/10\/icon.png","width":228,"height":228,"caption":"Takomo Alkutuli"},"image":{"@id":"https:\/\/takomoalkutuli.fi\/#\/schema\/logo\/image\/"},"sameAs":["https:\/\/www.facebook.com\/TakomoAlkutuli\/","https:\/\/www.instagram.com\/alkutuli\/"]}]}},"_links":{"self":[{"href":"https:\/\/takomoalkutuli.fi\/en\/wp-json\/wp\/v2\/product\/627","targetHints":{"allow":["GET"]}}],"collection":[{"href":"https:\/\/takomoalkutuli.fi\/en\/wp-json\/wp\/v2\/product"}],"about":[{"href":"https:\/\/takomoalkutuli.fi\/en\/wp-json\/wp\/v2\/types\/product"}],"wp:featuredmedia":[{"embeddable":true,"href":"https:\/\/takomoalkutuli.fi\/en\/wp-json\/wp\/v2\/media\/667"}],"wp:attachment":[{"href":"https:\/\/takomoalkutuli.fi\/en\/wp-json\/wp\/v2\/media?parent=627"}],"wp:term":[{"taxonomy":"product_brand","embeddable":true,"href":"https:\/\/takomoalkutuli.fi\/en\/wp-json\/wp\/v2\/product_brand?post=627"},{"taxonomy":"product_cat","embeddable":true,"href":"https:\/\/takomoalkutuli.fi\/en\/wp-json\/wp\/v2\/product_cat?post=627"},{"taxonomy":"product_tag","embeddable":true,"href":"https:\/\/takomoalkutuli.fi\/en\/wp-json\/wp\/v2\/product_tag?post=627"}],"curies":[{"name":"wp","href":"https:\/\/api.w.org\/{rel}","templated":true}]}}