{"id":621,"date":"2024-10-07T12:10:09","date_gmt":"2024-10-07T12:10:09","guid":{"rendered":"http:\/\/takomoalkutuli.fi\/?post_type=product&#038;p=621"},"modified":"2025-10-17T11:16:59","modified_gmt":"2025-10-17T11:16:59","slug":"mjolnir-thorin-vasara","status":"publish","type":"product","link":"https:\/\/takomoalkutuli.fi\/en\/product\/mjolnir-thorin-vasara\/","title":{"rendered":"Mj\u00f6lnir &#8211; Thorin vasara."},"content":{"rendered":"<h3 data-start=\"92\" data-end=\"155\">Thorin Vasara (Mj\u00f6lnir) koru \u2014 Viikinkien Suojaava Talismani<\/h3>\n<p data-start=\"157\" data-end=\"489\">T\u00e4m\u00e4 <strong data-start=\"162\" data-end=\"189\">Thorin vasara (Mj\u00f6lnir) koru<\/strong> tuo esiin <strong data-start=\"200\" data-end=\"251\">viikinkien mytologian ja voimakkaan symboliikan<\/strong>. Ukkosenjumala Thorin vasara oli Pohjolassa merkki <strong data-start=\"303\" data-end=\"340\">luonnonvoimista ja j\u00e4rjestyksest\u00e4<\/strong>. Legendan mukaan Thor ajoi <strong data-start=\"368\" data-end=\"417\">p\u00e4ssien vet\u00e4mill\u00e4 vaunuillaan pitkin taivasta<\/strong>, takoen vasaraansa ja aiheuttaen <strong data-start=\"451\" data-end=\"486\">ukkosen jyrin\u00e4n ja salamaniskut<\/strong>.<\/p>\n<p data-start=\"491\" data-end=\"780\">Viikingit kantoivat Mj\u00f6lniri\u00e4 matkoillaan <strong data-start=\"533\" data-end=\"565\">suojeluksen ja onnen tuojana<\/strong>, mutta my\u00f6s osoittaakseen <strong data-start=\"592\" data-end=\"641\">urheutensa ja kunnioituksensa jumalaa kohtaan<\/strong>. T\u00e4m\u00e4 koru toimii niin <strong data-start=\"665\" data-end=\"725\">merkityksellisen\u00e4 symbolina kuin n\u00e4ytt\u00e4v\u00e4n\u00e4 talismaanina<\/strong>, yhdist\u00e4en historian, mytologian ja k\u00e4sity\u00f6n taidon.<\/p>\n<p data-start=\"491\" data-end=\"780\"><strong data-start=\"1040\" data-end=\"1063\">T\u00e4ydellinen valinta<\/strong> viikinkimyytologian yst\u00e4ville, historioitsijoille tai kaikille, jotka arvostavat <strong data-start=\"1145\" data-end=\"1185\">voimakasta symboliikkaa ja k\u00e4sity\u00f6t\u00e4<\/strong>.<\/p>\n<p>T\u00e4m\u00e4 koru on poltettu hautatervaan, antaen t\u00e4lle erinomaisen ruostesuojauksen. Ny\u00f6ri on kotimaista hirvennahkaa ja siin\u00e4 on s\u00e4\u00e4dett\u00e4v\u00e4 solmu.<\/p>\n<p>Korun korkeus on 55mm.<\/p>\n<p>Each piece is individually handcrafted, so slight variations in details and dimensions may occur.<\/p>\n<p>&nbsp;<\/p>\n<p><em>Tagit: <a href=\"https:\/\/takomoalkutuli.fi\/en\/product-category\/korut\/\">Jewelry<\/a><\/em><\/p>","protected":false},"excerpt":{"rendered":"<p>Ukkosenjumala Thorin vasara Mj\u00f6lnir. Symboloi urheutta ja j\u00e4rjestyst\u00e4.<\/p>","protected":false},"featured_media":666,"template":"","meta":[],"product_brand":[],"product_cat":[20],"product_tag":[47,54,50,56,55],"class_list":{"0":"post-621","1":"product","2":"type-product","3":"status-publish","4":"has-post-thumbnail","6":"product_cat-korut","7":"product_tag-koru","8":"product_tag-mjolnir","9":"product_tag-riipus","10":"product_tag-thor","11":"product_tag-thorin-vasara","12":"product_shipping_class-kirje","14":"first","15":"instock","16":"taxable","17":"shipping-taxable","18":"purchasable","19":"product-type-simple"},"yoast_head":"<!-- This site is optimized with the Yoast SEO plugin v26.1.1 - https:\/\/yoast.com\/wordpress\/plugins\/seo\/ -->\n<title>Mj\u00f6lnir - Thorin vasara. - Takomo Alkutuli<\/title>\n<meta name=\"description\" content=\"Thorin vasara koru (Mj\u00f6lnir) tuo viikinkien mytologian el\u00e4v\u00e4ksi. K\u00e4sintehty talismani symboloi voimaa, suojaa ja historiaa tyylikk\u00e4\u00e4sti.\" \/>\n<meta name=\"robots\" content=\"index, follow, max-snippet:-1, max-image-preview:large, max-video-preview:-1\" \/>\n<link rel=\"canonical\" href=\"https:\/\/takomoalkutuli.fi\/en\/product\/mjolnir-thorin-vasara\/\" \/>\n<meta property=\"og:locale\" content=\"en_US\" \/>\n<meta property=\"og:type\" content=\"article\" \/>\n<meta property=\"og:title\" content=\"Mj\u00f6lnir - Thorin vasara. - Takomo Alkutuli\" \/>\n<meta property=\"og:description\" content=\"Thorin vasara koru (Mj\u00f6lnir) tuo viikinkien mytologian el\u00e4v\u00e4ksi. K\u00e4sintehty talismani symboloi voimaa, suojaa ja historiaa tyylikk\u00e4\u00e4sti.\" \/>\n<meta property=\"og:url\" content=\"https:\/\/takomoalkutuli.fi\/en\/product\/mjolnir-thorin-vasara\/\" \/>\n<meta property=\"og:site_name\" content=\"Takomo Alkutuli\" \/>\n<meta property=\"article:publisher\" content=\"https:\/\/www.facebook.com\/TakomoAlkutuli\/\" \/>\n<meta property=\"article:modified_time\" content=\"2025-10-17T11:16:59+00:00\" \/>\n<meta property=\"og:image\" content=\"https:\/\/takomoalkutuli.fi\/wp-content\/uploads\/2024\/10\/iso-mjol-scaled.jpg\" \/>\n\t<meta property=\"og:image:width\" content=\"2560\" \/>\n\t<meta property=\"og:image:height\" content=\"1735\" \/>\n\t<meta property=\"og:image:type\" content=\"image\/jpeg\" \/>\n<meta name=\"twitter:card\" content=\"summary_large_image\" \/>\n<meta name=\"twitter:label1\" content=\"Est. reading time\" \/>\n\t<meta name=\"twitter:data1\" content=\"1 minute\" \/>\n<script type=\"application\/ld+json\" class=\"yoast-schema-graph\">{\"@context\":\"https:\/\/schema.org\",\"@graph\":[{\"@type\":\"WebPage\",\"@id\":\"https:\/\/takomoalkutuli.fi\/product\/mjolnir-thorin-vasara\/\",\"url\":\"https:\/\/takomoalkutuli.fi\/product\/mjolnir-thorin-vasara\/\",\"name\":\"Mj\u00f6lnir - Thorin vasara. - Takomo Alkutuli\",\"isPartOf\":{\"@id\":\"https:\/\/takomoalkutuli.fi\/#website\"},\"primaryImageOfPage\":{\"@id\":\"https:\/\/takomoalkutuli.fi\/product\/mjolnir-thorin-vasara\/#primaryimage\"},\"image\":{\"@id\":\"https:\/\/takomoalkutuli.fi\/product\/mjolnir-thorin-vasara\/#primaryimage\"},\"thumbnailUrl\":\"https:\/\/takomoalkutuli.fi\/wp-content\/uploads\/2024\/10\/iso-mjol-scaled.jpg\",\"datePublished\":\"2024-10-07T12:10:09+00:00\",\"dateModified\":\"2025-10-17T11:16:59+00:00\",\"description\":\"Thorin vasara koru (Mj\u00f6lnir) tuo viikinkien mytologian el\u00e4v\u00e4ksi. K\u00e4sintehty talismani symboloi voimaa, suojaa ja historiaa tyylikk\u00e4\u00e4sti.\",\"breadcrumb\":{\"@id\":\"https:\/\/takomoalkutuli.fi\/product\/mjolnir-thorin-vasara\/#breadcrumb\"},\"inLanguage\":\"en-US\",\"potentialAction\":[{\"@type\":\"ReadAction\",\"target\":[\"https:\/\/takomoalkutuli.fi\/product\/mjolnir-thorin-vasara\/\"]}]},{\"@type\":\"ImageObject\",\"inLanguage\":\"en-US\",\"@id\":\"https:\/\/takomoalkutuli.fi\/product\/mjolnir-thorin-vasara\/#primaryimage\",\"url\":\"https:\/\/takomoalkutuli.fi\/wp-content\/uploads\/2024\/10\/iso-mjol-scaled.jpg\",\"contentUrl\":\"https:\/\/takomoalkutuli.fi\/wp-content\/uploads\/2024\/10\/iso-mjol-scaled.jpg\",\"width\":2560,\"height\":1735,\"caption\":\"Thorin vasara koru\"},{\"@type\":\"BreadcrumbList\",\"@id\":\"https:\/\/takomoalkutuli.fi\/product\/mjolnir-thorin-vasara\/#breadcrumb\",\"itemListElement\":[{\"@type\":\"ListItem\",\"position\":1,\"name\":\"Etusivu\",\"item\":\"https:\/\/takomoalkutuli.fi\/\"},{\"@type\":\"ListItem\",\"position\":2,\"name\":\"Kauppa\",\"item\":\"https:\/\/takomoalkutuli.fi\/shop\/\"},{\"@type\":\"ListItem\",\"position\":3,\"name\":\"Mj\u00f6lnir &#8211; Thorin vasara.\"}]},{\"@type\":\"WebSite\",\"@id\":\"https:\/\/takomoalkutuli.fi\/#website\",\"url\":\"https:\/\/takomoalkutuli.fi\/\",\"name\":\"Takomo Alkutuli\",\"description\":\"\",\"publisher\":{\"@id\":\"https:\/\/takomoalkutuli.fi\/#organization\"},\"potentialAction\":[{\"@type\":\"SearchAction\",\"target\":{\"@type\":\"EntryPoint\",\"urlTemplate\":\"https:\/\/takomoalkutuli.fi\/?s={search_term_string}\"},\"query-input\":{\"@type\":\"PropertyValueSpecification\",\"valueRequired\":true,\"valueName\":\"search_term_string\"}}],\"inLanguage\":\"en-US\"},{\"@type\":\"Organization\",\"@id\":\"https:\/\/takomoalkutuli.fi\/#organization\",\"name\":\"Takomo Alkutuli\",\"url\":\"https:\/\/takomoalkutuli.fi\/\",\"logo\":{\"@type\":\"ImageObject\",\"inLanguage\":\"en-US\",\"@id\":\"https:\/\/takomoalkutuli.fi\/#\/schema\/logo\/image\/\",\"url\":\"https:\/\/takomoalkutuli.fi\/wp-content\/uploads\/2024\/10\/icon.png\",\"contentUrl\":\"https:\/\/takomoalkutuli.fi\/wp-content\/uploads\/2024\/10\/icon.png\",\"width\":228,\"height\":228,\"caption\":\"Takomo Alkutuli\"},\"image\":{\"@id\":\"https:\/\/takomoalkutuli.fi\/#\/schema\/logo\/image\/\"},\"sameAs\":[\"https:\/\/www.facebook.com\/TakomoAlkutuli\/\",\"https:\/\/www.instagram.com\/alkutuli\/\"]}]}<\/script>\n<!-- \/ Yoast SEO plugin. -->","yoast_head_json":{"title":"Mj\u00f6lnir - Thorin vasara. - Takomo Alkutuli","description":"Thorin vasara koru (Mj\u00f6lnir) tuo viikinkien mytologian el\u00e4v\u00e4ksi. K\u00e4sintehty talismani symboloi voimaa, suojaa ja historiaa tyylikk\u00e4\u00e4sti.","robots":{"index":"index","follow":"follow","max-snippet":"max-snippet:-1","max-image-preview":"max-image-preview:large","max-video-preview":"max-video-preview:-1"},"canonical":"https:\/\/takomoalkutuli.fi\/en\/product\/mjolnir-thorin-vasara\/","og_locale":"en_US","og_type":"article","og_title":"Mj\u00f6lnir - Thorin vasara. - Takomo Alkutuli","og_description":"Thorin vasara koru (Mj\u00f6lnir) tuo viikinkien mytologian el\u00e4v\u00e4ksi. K\u00e4sintehty talismani symboloi voimaa, suojaa ja historiaa tyylikk\u00e4\u00e4sti.","og_url":"https:\/\/takomoalkutuli.fi\/en\/product\/mjolnir-thorin-vasara\/","og_site_name":"Takomo Alkutuli","article_publisher":"https:\/\/www.facebook.com\/TakomoAlkutuli\/","article_modified_time":"2025-10-17T11:16:59+00:00","og_image":[{"width":2560,"height":1735,"url":"https:\/\/takomoalkutuli.fi\/wp-content\/uploads\/2024\/10\/iso-mjol-scaled.jpg","type":"image\/jpeg"}],"twitter_card":"summary_large_image","twitter_misc":{"Est. reading time":"1 minute"},"schema":{"@context":"https:\/\/schema.org","@graph":[{"@type":"WebPage","@id":"https:\/\/takomoalkutuli.fi\/product\/mjolnir-thorin-vasara\/","url":"https:\/\/takomoalkutuli.fi\/product\/mjolnir-thorin-vasara\/","name":"Mj\u00f6lnir - Thorin vasara. - Takomo Alkutuli","isPartOf":{"@id":"https:\/\/takomoalkutuli.fi\/#website"},"primaryImageOfPage":{"@id":"https:\/\/takomoalkutuli.fi\/product\/mjolnir-thorin-vasara\/#primaryimage"},"image":{"@id":"https:\/\/takomoalkutuli.fi\/product\/mjolnir-thorin-vasara\/#primaryimage"},"thumbnailUrl":"https:\/\/takomoalkutuli.fi\/wp-content\/uploads\/2024\/10\/iso-mjol-scaled.jpg","datePublished":"2024-10-07T12:10:09+00:00","dateModified":"2025-10-17T11:16:59+00:00","description":"Thorin vasara koru (Mj\u00f6lnir) tuo viikinkien mytologian el\u00e4v\u00e4ksi. K\u00e4sintehty talismani symboloi voimaa, suojaa ja historiaa tyylikk\u00e4\u00e4sti.","breadcrumb":{"@id":"https:\/\/takomoalkutuli.fi\/product\/mjolnir-thorin-vasara\/#breadcrumb"},"inLanguage":"en-US","potentialAction":[{"@type":"ReadAction","target":["https:\/\/takomoalkutuli.fi\/product\/mjolnir-thorin-vasara\/"]}]},{"@type":"ImageObject","inLanguage":"en-US","@id":"https:\/\/takomoalkutuli.fi\/product\/mjolnir-thorin-vasara\/#primaryimage","url":"https:\/\/takomoalkutuli.fi\/wp-content\/uploads\/2024\/10\/iso-mjol-scaled.jpg","contentUrl":"https:\/\/takomoalkutuli.fi\/wp-content\/uploads\/2024\/10\/iso-mjol-scaled.jpg","width":2560,"height":1735,"caption":"Thorin vasara koru"},{"@type":"BreadcrumbList","@id":"https:\/\/takomoalkutuli.fi\/product\/mjolnir-thorin-vasara\/#breadcrumb","itemListElement":[{"@type":"ListItem","position":1,"name":"Etusivu","item":"https:\/\/takomoalkutuli.fi\/"},{"@type":"ListItem","position":2,"name":"Kauppa","item":"https:\/\/takomoalkutuli.fi\/shop\/"},{"@type":"ListItem","position":3,"name":"Mj\u00f6lnir &#8211; Thorin vasara."}]},{"@type":"WebSite","@id":"https:\/\/takomoalkutuli.fi\/#website","url":"https:\/\/takomoalkutuli.fi\/","name":"Primordial Fire forge","description":"","publisher":{"@id":"https:\/\/takomoalkutuli.fi\/#organization"},"potentialAction":[{"@type":"SearchAction","target":{"@type":"EntryPoint","urlTemplate":"https:\/\/takomoalkutuli.fi\/?s={search_term_string}"},"query-input":{"@type":"PropertyValueSpecification","valueRequired":true,"valueName":"search_term_string"}}],"inLanguage":"en-US"},{"@type":"Organization","@id":"https:\/\/takomoalkutuli.fi\/#organization","name":"Primordial Fire forge","url":"https:\/\/takomoalkutuli.fi\/","logo":{"@type":"ImageObject","inLanguage":"en-US","@id":"https:\/\/takomoalkutuli.fi\/#\/schema\/logo\/image\/","url":"https:\/\/takomoalkutuli.fi\/wp-content\/uploads\/2024\/10\/icon.png","contentUrl":"https:\/\/takomoalkutuli.fi\/wp-content\/uploads\/2024\/10\/icon.png","width":228,"height":228,"caption":"Takomo Alkutuli"},"image":{"@id":"https:\/\/takomoalkutuli.fi\/#\/schema\/logo\/image\/"},"sameAs":["https:\/\/www.facebook.com\/TakomoAlkutuli\/","https:\/\/www.instagram.com\/alkutuli\/"]}]}},"_links":{"self":[{"href":"https:\/\/takomoalkutuli.fi\/en\/wp-json\/wp\/v2\/product\/621","targetHints":{"allow":["GET"]}}],"collection":[{"href":"https:\/\/takomoalkutuli.fi\/en\/wp-json\/wp\/v2\/product"}],"about":[{"href":"https:\/\/takomoalkutuli.fi\/en\/wp-json\/wp\/v2\/types\/product"}],"wp:featuredmedia":[{"embeddable":true,"href":"https:\/\/takomoalkutuli.fi\/en\/wp-json\/wp\/v2\/media\/666"}],"wp:attachment":[{"href":"https:\/\/takomoalkutuli.fi\/en\/wp-json\/wp\/v2\/media?parent=621"}],"wp:term":[{"taxonomy":"product_brand","embeddable":true,"href":"https:\/\/takomoalkutuli.fi\/en\/wp-json\/wp\/v2\/product_brand?post=621"},{"taxonomy":"product_cat","embeddable":true,"href":"https:\/\/takomoalkutuli.fi\/en\/wp-json\/wp\/v2\/product_cat?post=621"},{"taxonomy":"product_tag","embeddable":true,"href":"https:\/\/takomoalkutuli.fi\/en\/wp-json\/wp\/v2\/product_tag?post=621"}],"curies":[{"name":"wp","href":"https:\/\/api.w.org\/{rel}","templated":true}]}}