{"id":617,"date":"2024-10-07T11:57:05","date_gmt":"2024-10-07T11:57:05","guid":{"rendered":"http:\/\/takomoalkutuli.fi\/?post_type=product&#038;p=617"},"modified":"2025-10-17T11:27:50","modified_gmt":"2025-10-17T11:27:50","slug":"perinteinen-kokkiveitsi","status":"publish","type":"product","link":"https:\/\/takomoalkutuli.fi\/en\/product\/perinteinen-kokkiveitsi\/","title":{"rendered":"Kokkiveitsi"},"content":{"rendered":"<h3 data-start=\"88\" data-end=\"140\">Perinteinen Kokkiveitsi \u2014 Kest\u00e4v\u00e4 ja Tarkka<\/h3>\n<p data-start=\"142\" data-end=\"395\">T\u00e4m\u00e4 <strong data-start=\"147\" data-end=\"174\">perinteinen kokkiveitsi<\/strong> on monipuolinen apuv\u00e4line kaikenlaiseen ruoanlaittoon. Ter\u00e4n k\u00e4rjess\u00e4 kapeneva muoto mahdollistaa tarkemmat leikkaukset, kun taas leve\u00e4mpi juuriosa ja kaareva ter\u00e4 helpottavat my\u00f6s paksumpien raaka-aineiden k\u00e4sittely\u00e4.<\/p>\n<p data-start=\"397\" data-end=\"593\">Veitsen ter\u00e4 on <strong data-start=\"413\" data-end=\"452\">taottu hiiliter\u00e4ksest\u00e4 ja karkaistu<\/strong>, mik\u00e4 tekee siit\u00e4 <strong data-start=\"471\" data-end=\"497\">kovemman ja ter\u00e4v\u00e4mm\u00e4n<\/strong> kuin tavalliset veitset. Ter\u00e4 pysyy ter\u00e4v\u00e4n\u00e4 pidemp\u00e4\u00e4n ja kest\u00e4\u00e4 vaativaa k\u00e4ytt\u00f6\u00e4 keitti\u00f6ss\u00e4.<\/p>\n<p data-start=\"595\" data-end=\"839\">Kahva on valmistettu <strong data-start=\"616\" data-end=\"644\">wengest\u00e4 ja visakoivusta<\/strong> ja sen kulmikas muoto tarjoaa <strong data-start=\"675\" data-end=\"708\">tukevan ja ergonomisen otteen<\/strong>, my\u00f6s liukkaammissa leikkuutilanteissa. T\u00e4m\u00e4 veitsi yhdist\u00e4\u00e4 <strong data-start=\"770\" data-end=\"836\">perinteisen k\u00e4sity\u00f6n, kest\u00e4vyyden ja modernin k\u00e4ytt\u00f6mukavuuden<\/strong>.<\/p>\n<p>Koko veitsen pituus: 32cm.<\/p>\n<p>Ter\u00e4n pituus: 20cm.<\/p>\n<p>Ter\u00e4n leveys juuresta: 40mm.<\/p>\n<p>Hoito ohje: Hiiliter\u00e4s on erinomainen ter\u00e4vyytens\u00e4 ja ter\u00e4n pit\u00e4vyytens\u00e4 suhteen. K\u00e4yt\u00f6n j\u00e4lkeen ter\u00e4 kannattaa puhdistaa ja kuivata huolellisesti ettei ruostetta p\u00e4\u00e4se syntym\u00e4\u00e4n. My\u00f6s pieni kerros ruoka\u00f6ljy\u00e4 ter\u00e4n pintaan suojaa sit\u00e4 kun ei k\u00e4yt\u00f6ss\u00e4 ole.<\/p>\n<p>Jokainen veitsi on yksitt\u00e4isen\u00e4 k\u00e4sity\u00f6ll\u00e4 valmistettu ja niiss\u00e4 saattaa olla pieni\u00e4 yksityiskohta ja kokoeroja. Veitsien kohdalla toimitusaika on 3-14 p\u00e4iv\u00e4\u00e4 riippuen siit\u00e4 onko veitsi\u00e4 valmiina varastossa. Mik\u00e4li ei, se valmistetaan ja postitetaan heti kuin mahdollista.<\/p>\n<p>&nbsp;<\/p>\n<p>Tagit: <a href=\"https:\/\/takomoalkutuli.fi\/en\/product-category\/keittioon\/\">For the Kitchen<\/a>, <a href=\"https:\/\/takomoalkutuli.fi\/en\/product-category\/keittioveitsi\/\">Keitti\u00f6veitset<\/a>, <a href=\"https:\/\/takomoalkutuli.fi\/en\/product-category\/puukot-ja-veitset\/\">Veitset<\/a><\/p>","protected":false},"excerpt":{"rendered":"<p>Kokkiveitsi &#8211; Monenlaiseen ruuanlaittoon.<\/p>","protected":false},"featured_media":619,"template":"","meta":[],"product_brand":[],"product_cat":[21,153],"product_tag":[51,52,53],"class_list":{"0":"post-617","1":"product","2":"type-product","3":"status-publish","4":"has-post-thumbnail","6":"product_cat-keittioon","7":"product_cat-keittioveitsi","8":"product_tag-keittio","9":"product_tag-keittioveitsi","10":"product_tag-kokkiveitsi","11":"product_shipping_class-pikkupaketti","13":"first","14":"instock","15":"taxable","16":"shipping-taxable","17":"purchasable","18":"product-type-simple"},"yoast_head":"<!-- This site is optimized with the Yoast SEO plugin v26.1.1 - https:\/\/yoast.com\/wordpress\/plugins\/seo\/ -->\n<title>Kokkiveitsi - Takomo Alkutuli<\/title>\n<meta name=\"description\" content=\"Perinteinen kokkiveitsi hiiliter\u00e4ksest\u00e4, karkaistu ter\u00e4 kest\u00e4\u00e4 pidemp\u00e4\u00e4n. Kahva wenge\u00e4 ja visakoivua, ergonominen, tarkka ja monipuolinen keitti\u00f6veitsi.\" \/>\n<meta name=\"robots\" content=\"index, follow, max-snippet:-1, max-image-preview:large, max-video-preview:-1\" \/>\n<link rel=\"canonical\" href=\"https:\/\/takomoalkutuli.fi\/en\/product\/perinteinen-kokkiveitsi\/\" \/>\n<meta property=\"og:locale\" content=\"en_US\" \/>\n<meta property=\"og:type\" content=\"article\" \/>\n<meta property=\"og:title\" content=\"Kokkiveitsi - Takomo Alkutuli\" \/>\n<meta property=\"og:description\" content=\"Perinteinen kokkiveitsi hiiliter\u00e4ksest\u00e4, karkaistu ter\u00e4 kest\u00e4\u00e4 pidemp\u00e4\u00e4n. Kahva wenge\u00e4 ja visakoivua, ergonominen, tarkka ja monipuolinen keitti\u00f6veitsi.\" \/>\n<meta property=\"og:url\" content=\"https:\/\/takomoalkutuli.fi\/en\/product\/perinteinen-kokkiveitsi\/\" \/>\n<meta property=\"og:site_name\" content=\"Takomo Alkutuli\" \/>\n<meta property=\"article:publisher\" content=\"https:\/\/www.facebook.com\/TakomoAlkutuli\/\" \/>\n<meta property=\"article:modified_time\" content=\"2025-10-17T11:27:50+00:00\" \/>\n<meta property=\"og:image\" content=\"https:\/\/takomoalkutuli.fi\/wp-content\/uploads\/2024\/10\/iso-keittioveitsi2-scaled.jpg\" \/>\n\t<meta property=\"og:image:width\" content=\"2560\" \/>\n\t<meta property=\"og:image:height\" content=\"1863\" \/>\n\t<meta property=\"og:image:type\" content=\"image\/jpeg\" \/>\n<meta name=\"twitter:card\" content=\"summary_large_image\" \/>\n<meta name=\"twitter:label1\" content=\"Est. reading time\" \/>\n\t<meta name=\"twitter:data1\" content=\"2 minutes\" \/>\n<script type=\"application\/ld+json\" class=\"yoast-schema-graph\">{\"@context\":\"https:\/\/schema.org\",\"@graph\":[{\"@type\":\"WebPage\",\"@id\":\"https:\/\/takomoalkutuli.fi\/product\/perinteinen-kokkiveitsi\/\",\"url\":\"https:\/\/takomoalkutuli.fi\/product\/perinteinen-kokkiveitsi\/\",\"name\":\"Kokkiveitsi - Takomo Alkutuli\",\"isPartOf\":{\"@id\":\"https:\/\/takomoalkutuli.fi\/#website\"},\"primaryImageOfPage\":{\"@id\":\"https:\/\/takomoalkutuli.fi\/product\/perinteinen-kokkiveitsi\/#primaryimage\"},\"image\":{\"@id\":\"https:\/\/takomoalkutuli.fi\/product\/perinteinen-kokkiveitsi\/#primaryimage\"},\"thumbnailUrl\":\"https:\/\/takomoalkutuli.fi\/wp-content\/uploads\/2024\/10\/iso-keittioveitsi2-scaled.jpg\",\"datePublished\":\"2024-10-07T11:57:05+00:00\",\"dateModified\":\"2025-10-17T11:27:50+00:00\",\"description\":\"Perinteinen kokkiveitsi hiiliter\u00e4ksest\u00e4, karkaistu ter\u00e4 kest\u00e4\u00e4 pidemp\u00e4\u00e4n. Kahva wenge\u00e4 ja visakoivua, ergonominen, tarkka ja monipuolinen keitti\u00f6veitsi.\",\"breadcrumb\":{\"@id\":\"https:\/\/takomoalkutuli.fi\/product\/perinteinen-kokkiveitsi\/#breadcrumb\"},\"inLanguage\":\"en-US\",\"potentialAction\":[{\"@type\":\"ReadAction\",\"target\":[\"https:\/\/takomoalkutuli.fi\/product\/perinteinen-kokkiveitsi\/\"]}]},{\"@type\":\"ImageObject\",\"inLanguage\":\"en-US\",\"@id\":\"https:\/\/takomoalkutuli.fi\/product\/perinteinen-kokkiveitsi\/#primaryimage\",\"url\":\"https:\/\/takomoalkutuli.fi\/wp-content\/uploads\/2024\/10\/iso-keittioveitsi2-scaled.jpg\",\"contentUrl\":\"https:\/\/takomoalkutuli.fi\/wp-content\/uploads\/2024\/10\/iso-keittioveitsi2-scaled.jpg\",\"width\":2560,\"height\":1863,\"caption\":\"Perinteinen kokkiveitsi hiiliter\u00e4ksest\u00e4\"},{\"@type\":\"BreadcrumbList\",\"@id\":\"https:\/\/takomoalkutuli.fi\/product\/perinteinen-kokkiveitsi\/#breadcrumb\",\"itemListElement\":[{\"@type\":\"ListItem\",\"position\":1,\"name\":\"Etusivu\",\"item\":\"https:\/\/takomoalkutuli.fi\/\"},{\"@type\":\"ListItem\",\"position\":2,\"name\":\"Kauppa\",\"item\":\"https:\/\/takomoalkutuli.fi\/shop\/\"},{\"@type\":\"ListItem\",\"position\":3,\"name\":\"Kokkiveitsi\"}]},{\"@type\":\"WebSite\",\"@id\":\"https:\/\/takomoalkutuli.fi\/#website\",\"url\":\"https:\/\/takomoalkutuli.fi\/\",\"name\":\"Takomo Alkutuli\",\"description\":\"\",\"publisher\":{\"@id\":\"https:\/\/takomoalkutuli.fi\/#organization\"},\"potentialAction\":[{\"@type\":\"SearchAction\",\"target\":{\"@type\":\"EntryPoint\",\"urlTemplate\":\"https:\/\/takomoalkutuli.fi\/?s={search_term_string}\"},\"query-input\":{\"@type\":\"PropertyValueSpecification\",\"valueRequired\":true,\"valueName\":\"search_term_string\"}}],\"inLanguage\":\"en-US\"},{\"@type\":\"Organization\",\"@id\":\"https:\/\/takomoalkutuli.fi\/#organization\",\"name\":\"Takomo Alkutuli\",\"url\":\"https:\/\/takomoalkutuli.fi\/\",\"logo\":{\"@type\":\"ImageObject\",\"inLanguage\":\"en-US\",\"@id\":\"https:\/\/takomoalkutuli.fi\/#\/schema\/logo\/image\/\",\"url\":\"https:\/\/takomoalkutuli.fi\/wp-content\/uploads\/2024\/10\/icon.png\",\"contentUrl\":\"https:\/\/takomoalkutuli.fi\/wp-content\/uploads\/2024\/10\/icon.png\",\"width\":228,\"height\":228,\"caption\":\"Takomo Alkutuli\"},\"image\":{\"@id\":\"https:\/\/takomoalkutuli.fi\/#\/schema\/logo\/image\/\"},\"sameAs\":[\"https:\/\/www.facebook.com\/TakomoAlkutuli\/\",\"https:\/\/www.instagram.com\/alkutuli\/\"]}]}<\/script>\n<!-- \/ Yoast SEO plugin. -->","yoast_head_json":{"title":"Kokkiveitsi - Takomo Alkutuli","description":"Perinteinen kokkiveitsi hiiliter\u00e4ksest\u00e4, karkaistu ter\u00e4 kest\u00e4\u00e4 pidemp\u00e4\u00e4n. Kahva wenge\u00e4 ja visakoivua, ergonominen, tarkka ja monipuolinen keitti\u00f6veitsi.","robots":{"index":"index","follow":"follow","max-snippet":"max-snippet:-1","max-image-preview":"max-image-preview:large","max-video-preview":"max-video-preview:-1"},"canonical":"https:\/\/takomoalkutuli.fi\/en\/product\/perinteinen-kokkiveitsi\/","og_locale":"en_US","og_type":"article","og_title":"Kokkiveitsi - Takomo Alkutuli","og_description":"Perinteinen kokkiveitsi hiiliter\u00e4ksest\u00e4, karkaistu ter\u00e4 kest\u00e4\u00e4 pidemp\u00e4\u00e4n. Kahva wenge\u00e4 ja visakoivua, ergonominen, tarkka ja monipuolinen keitti\u00f6veitsi.","og_url":"https:\/\/takomoalkutuli.fi\/en\/product\/perinteinen-kokkiveitsi\/","og_site_name":"Takomo Alkutuli","article_publisher":"https:\/\/www.facebook.com\/TakomoAlkutuli\/","article_modified_time":"2025-10-17T11:27:50+00:00","og_image":[{"width":2560,"height":1863,"url":"https:\/\/takomoalkutuli.fi\/wp-content\/uploads\/2024\/10\/iso-keittioveitsi2-scaled.jpg","type":"image\/jpeg"}],"twitter_card":"summary_large_image","twitter_misc":{"Est. reading time":"2 minutes"},"schema":{"@context":"https:\/\/schema.org","@graph":[{"@type":"WebPage","@id":"https:\/\/takomoalkutuli.fi\/product\/perinteinen-kokkiveitsi\/","url":"https:\/\/takomoalkutuli.fi\/product\/perinteinen-kokkiveitsi\/","name":"Kokkiveitsi - Takomo Alkutuli","isPartOf":{"@id":"https:\/\/takomoalkutuli.fi\/#website"},"primaryImageOfPage":{"@id":"https:\/\/takomoalkutuli.fi\/product\/perinteinen-kokkiveitsi\/#primaryimage"},"image":{"@id":"https:\/\/takomoalkutuli.fi\/product\/perinteinen-kokkiveitsi\/#primaryimage"},"thumbnailUrl":"https:\/\/takomoalkutuli.fi\/wp-content\/uploads\/2024\/10\/iso-keittioveitsi2-scaled.jpg","datePublished":"2024-10-07T11:57:05+00:00","dateModified":"2025-10-17T11:27:50+00:00","description":"Perinteinen kokkiveitsi hiiliter\u00e4ksest\u00e4, karkaistu ter\u00e4 kest\u00e4\u00e4 pidemp\u00e4\u00e4n. Kahva wenge\u00e4 ja visakoivua, ergonominen, tarkka ja monipuolinen keitti\u00f6veitsi.","breadcrumb":{"@id":"https:\/\/takomoalkutuli.fi\/product\/perinteinen-kokkiveitsi\/#breadcrumb"},"inLanguage":"en-US","potentialAction":[{"@type":"ReadAction","target":["https:\/\/takomoalkutuli.fi\/product\/perinteinen-kokkiveitsi\/"]}]},{"@type":"ImageObject","inLanguage":"en-US","@id":"https:\/\/takomoalkutuli.fi\/product\/perinteinen-kokkiveitsi\/#primaryimage","url":"https:\/\/takomoalkutuli.fi\/wp-content\/uploads\/2024\/10\/iso-keittioveitsi2-scaled.jpg","contentUrl":"https:\/\/takomoalkutuli.fi\/wp-content\/uploads\/2024\/10\/iso-keittioveitsi2-scaled.jpg","width":2560,"height":1863,"caption":"Perinteinen kokkiveitsi hiiliter\u00e4ksest\u00e4"},{"@type":"BreadcrumbList","@id":"https:\/\/takomoalkutuli.fi\/product\/perinteinen-kokkiveitsi\/#breadcrumb","itemListElement":[{"@type":"ListItem","position":1,"name":"Etusivu","item":"https:\/\/takomoalkutuli.fi\/"},{"@type":"ListItem","position":2,"name":"Kauppa","item":"https:\/\/takomoalkutuli.fi\/shop\/"},{"@type":"ListItem","position":3,"name":"Kokkiveitsi"}]},{"@type":"WebSite","@id":"https:\/\/takomoalkutuli.fi\/#website","url":"https:\/\/takomoalkutuli.fi\/","name":"Primordial Fire forge","description":"","publisher":{"@id":"https:\/\/takomoalkutuli.fi\/#organization"},"potentialAction":[{"@type":"SearchAction","target":{"@type":"EntryPoint","urlTemplate":"https:\/\/takomoalkutuli.fi\/?s={search_term_string}"},"query-input":{"@type":"PropertyValueSpecification","valueRequired":true,"valueName":"search_term_string"}}],"inLanguage":"en-US"},{"@type":"Organization","@id":"https:\/\/takomoalkutuli.fi\/#organization","name":"Primordial Fire forge","url":"https:\/\/takomoalkutuli.fi\/","logo":{"@type":"ImageObject","inLanguage":"en-US","@id":"https:\/\/takomoalkutuli.fi\/#\/schema\/logo\/image\/","url":"https:\/\/takomoalkutuli.fi\/wp-content\/uploads\/2024\/10\/icon.png","contentUrl":"https:\/\/takomoalkutuli.fi\/wp-content\/uploads\/2024\/10\/icon.png","width":228,"height":228,"caption":"Takomo Alkutuli"},"image":{"@id":"https:\/\/takomoalkutuli.fi\/#\/schema\/logo\/image\/"},"sameAs":["https:\/\/www.facebook.com\/TakomoAlkutuli\/","https:\/\/www.instagram.com\/alkutuli\/"]}]}},"_links":{"self":[{"href":"https:\/\/takomoalkutuli.fi\/en\/wp-json\/wp\/v2\/product\/617","targetHints":{"allow":["GET"]}}],"collection":[{"href":"https:\/\/takomoalkutuli.fi\/en\/wp-json\/wp\/v2\/product"}],"about":[{"href":"https:\/\/takomoalkutuli.fi\/en\/wp-json\/wp\/v2\/types\/product"}],"wp:featuredmedia":[{"embeddable":true,"href":"https:\/\/takomoalkutuli.fi\/en\/wp-json\/wp\/v2\/media\/619"}],"wp:attachment":[{"href":"https:\/\/takomoalkutuli.fi\/en\/wp-json\/wp\/v2\/media?parent=617"}],"wp:term":[{"taxonomy":"product_brand","embeddable":true,"href":"https:\/\/takomoalkutuli.fi\/en\/wp-json\/wp\/v2\/product_brand?post=617"},{"taxonomy":"product_cat","embeddable":true,"href":"https:\/\/takomoalkutuli.fi\/en\/wp-json\/wp\/v2\/product_cat?post=617"},{"taxonomy":"product_tag","embeddable":true,"href":"https:\/\/takomoalkutuli.fi\/en\/wp-json\/wp\/v2\/product_tag?post=617"}],"curies":[{"name":"wp","href":"https:\/\/api.w.org\/{rel}","templated":true}]}}