{"id":1421,"date":"2025-11-25T11:56:29","date_gmt":"2025-11-25T11:56:29","guid":{"rendered":"https:\/\/takomoalkutuli.fi\/?post_type=product&#038;p=1421"},"modified":"2025-11-25T11:59:31","modified_gmt":"2025-11-25T11:59:31","slug":"1421","status":"publish","type":"product","link":"https:\/\/takomoalkutuli.fi\/en\/product\/1421\/","title":{"rendered":"Taottu Santoku-veitsi"},"content":{"rendered":"<p data-start=\"81\" data-end=\"161\"><strong data-start=\"81\" data-end=\"161\">K\u00e4sin taottu Santoku-veitsi hiiliter\u00e4ksest\u00e4 \u2013 tarkkuutta ja voimaa keitti\u00f6\u00f6n<\/strong><\/p>\n<p data-start=\"163\" data-end=\"474\">T\u00e4m\u00e4 k\u00e4sin taottu Santoku-veitsi on valmistettu laadukkaasta hiiliter\u00e4ksest\u00e4, joka tunnetaan erinomaisesta ter\u00e4vyydest\u00e4\u00e4n ja helppohoitoisesta teroitettavuudestaan. Hiiliter\u00e4s pysyy pitk\u00e4\u00e4n eritt\u00e4in ter\u00e4v\u00e4n\u00e4, mik\u00e4 tekee veitsest\u00e4 erinomaisen valinnan p\u00e4ivitt\u00e4iseen viipalointiin, pilkkomiseen ja hienontamiseen.<\/p>\n<p data-start=\"476\" data-end=\"752\">Taotun ter\u00e4n kauniit vasaroinnit v\u00e4hent\u00e4v\u00e4t ruoan tarttumista ter\u00e4\u00e4n ja tuovat veitselle uniikin, rustiikkisen ilmeen. Santokun tasapainoinen muotoilu ja k\u00e4teen miellytt\u00e4v\u00e4 kahva tarjoavat varman otteen ja tarkan hallinnan, oli kyse sitten vihanneksista, lihasta tai yrteist\u00e4.<\/p>\n<p data-start=\"754\" data-end=\"920\">K\u00e4sity\u00f6n\u00e4 valmistettu hiiliter\u00e4ksinen Santoku-veitsi yhdist\u00e4\u00e4 perinteisen sep\u00e4nty\u00f6n ja keitti\u00f6n tehokkuuden \u2013 veitsi, joka ik\u00e4\u00e4ntyy kauniisti ja paranee k\u00e4yt\u00f6n my\u00f6t\u00e4.<\/p>\n<p data-start=\"754\" data-end=\"920\">Kahva on valmistettu <strong data-start=\"616\" data-end=\"644\">wengest\u00e4 ja padaukista<\/strong> ja sen muoto tarjoaa <strong data-start=\"675\" data-end=\"708\">tukevan ja ergonomisen otteen<\/strong>, my\u00f6s liukkaammissa leikkuutilanteissa. T\u00e4m\u00e4 veitsi yhdist\u00e4\u00e4 <strong data-start=\"770\" data-end=\"836\">perinteisen k\u00e4sity\u00f6n, kest\u00e4vyyden ja modernin k\u00e4ytt\u00f6mukavuuden<\/strong>.<\/p>\n<p data-start=\"754\" data-end=\"920\"><strong>Veitsen mitat:<\/strong><\/p>\n<p data-start=\"754\" data-end=\"920\">Veitsen pituus: 29cm<\/p>\n<p data-start=\"754\" data-end=\"920\">Ter\u00e4n pituus: 18cm<\/p>\n<p data-start=\"754\" data-end=\"920\">Ter\u00e4n leveys: 4.5cm<\/p>\n<p>Hoito ohje: Hiiliter\u00e4s on erinomainen ter\u00e4vyytens\u00e4 ja ter\u00e4n pit\u00e4vyytens\u00e4 suhteen. K\u00e4yt\u00f6n j\u00e4lkeen ter\u00e4 kannattaa puhdistaa ja kuivata huolellisesti ettei ruostetta p\u00e4\u00e4se syntym\u00e4\u00e4n. My\u00f6s pieni kerros ruoka\u00f6ljy\u00e4 ter\u00e4n pintaan suojaa sit\u00e4 kun ei k\u00e4yt\u00f6ss\u00e4 ole.<\/p>\n<p>Jokainen veitsi on yksitt\u00e4isen\u00e4 k\u00e4sity\u00f6ll\u00e4 valmistettu ja niiss\u00e4 saattaa olla pieni\u00e4 yksityiskohta ja kokoeroja. Veitsien kohdalla toimitusaika on 3-14 p\u00e4iv\u00e4\u00e4 riippuen siit\u00e4 onko veitsi\u00e4 valmiina varastossa. Mik\u00e4li ei, se valmistetaan ja postitetaan heti kuin mahdollista.<\/p>\n<p>&nbsp;<\/p>\n<p>Tagit: <a href=\"https:\/\/takomoalkutuli.fi\/en\/product-category\/keittioon\/\">For the Kitchen<\/a>, <a href=\"https:\/\/takomoalkutuli.fi\/en\/product-category\/keittioveitsi\/\">Keitti\u00f6veitset<\/a>, <a href=\"https:\/\/takomoalkutuli.fi\/en\/product-category\/puukot-ja-veitset\/\">Veitset<\/a><\/p>","protected":false},"excerpt":{"rendered":"<p><strong data-start=\"615\" data-end=\"656\">Taottu Santoku-veitsi hiiliter\u00e4ksest\u00e4<\/strong><br data-start=\"656\" data-end=\"659\" \/>Eritt\u00e4in ter\u00e4v\u00e4 ja tasapainoinen Santoku-veitsi p\u00e4ivitt\u00e4iseen pilkkomiseen ja viipalointiin. Taottu hiiliter\u00e4s tarjoaa huipputer\u00e4vyyden ja uniikin ilmeen.<\/p>","protected":false},"featured_media":1422,"template":"","meta":[],"product_brand":[],"product_cat":[21,153],"product_tag":[],"class_list":{"0":"post-1421","1":"product","2":"type-product","3":"status-publish","4":"has-post-thumbnail","6":"product_cat-keittioon","7":"product_cat-keittioveitsi","8":"product_shipping_class-pikkupaketti","10":"first","11":"instock","12":"taxable","13":"shipping-taxable","14":"purchasable","15":"product-type-simple"},"yoast_head":"<!-- This site is optimized with the Yoast SEO plugin v26.1.1 - https:\/\/yoast.com\/wordpress\/plugins\/seo\/ -->\n<title>Taottu Santoku-veitsi - Takomo Alkutuli<\/title>\n<meta name=\"description\" content=\"K\u00e4sin taottu Santoku-veitsi hiiliter\u00e4ksest\u00e4. Eritt\u00e4in ter\u00e4v\u00e4, tasapainoinen ja monipuolinen keitti\u00f6veitsi viipalointiin ja tarkkaan ty\u00f6skentelyyn.\" \/>\n<meta name=\"robots\" content=\"index, follow, max-snippet:-1, max-image-preview:large, max-video-preview:-1\" \/>\n<link rel=\"canonical\" href=\"https:\/\/takomoalkutuli.fi\/en\/product\/1421\/\" \/>\n<meta property=\"og:locale\" content=\"en_US\" \/>\n<meta property=\"og:type\" content=\"article\" \/>\n<meta property=\"og:title\" content=\"Taottu Santoku-veitsi - Takomo Alkutuli\" \/>\n<meta property=\"og:description\" content=\"K\u00e4sin taottu Santoku-veitsi hiiliter\u00e4ksest\u00e4. Eritt\u00e4in ter\u00e4v\u00e4, tasapainoinen ja monipuolinen keitti\u00f6veitsi viipalointiin ja tarkkaan ty\u00f6skentelyyn.\" \/>\n<meta property=\"og:url\" content=\"https:\/\/takomoalkutuli.fi\/en\/product\/1421\/\" \/>\n<meta property=\"og:site_name\" content=\"Takomo Alkutuli\" \/>\n<meta property=\"article:publisher\" content=\"https:\/\/www.facebook.com\/TakomoAlkutuli\/\" \/>\n<meta property=\"article:modified_time\" content=\"2025-11-25T11:59:31+00:00\" \/>\n<meta property=\"og:image\" content=\"https:\/\/takomoalkutuli.fi\/wp-content\/uploads\/2025\/11\/santoku-scaled.jpg\" \/>\n\t<meta property=\"og:image:width\" content=\"2560\" \/>\n\t<meta property=\"og:image:height\" content=\"1613\" \/>\n\t<meta property=\"og:image:type\" content=\"image\/jpeg\" \/>\n<meta name=\"twitter:card\" content=\"summary_large_image\" \/>\n<meta name=\"twitter:label1\" content=\"Est. reading time\" \/>\n\t<meta name=\"twitter:data1\" content=\"2 minutes\" \/>\n<script type=\"application\/ld+json\" class=\"yoast-schema-graph\">{\"@context\":\"https:\/\/schema.org\",\"@graph\":[{\"@type\":\"WebPage\",\"@id\":\"https:\/\/takomoalkutuli.fi\/product\/1421\/\",\"url\":\"https:\/\/takomoalkutuli.fi\/product\/1421\/\",\"name\":\"Taottu Santoku-veitsi - Takomo Alkutuli\",\"isPartOf\":{\"@id\":\"https:\/\/takomoalkutuli.fi\/#website\"},\"primaryImageOfPage\":{\"@id\":\"https:\/\/takomoalkutuli.fi\/product\/1421\/#primaryimage\"},\"image\":{\"@id\":\"https:\/\/takomoalkutuli.fi\/product\/1421\/#primaryimage\"},\"thumbnailUrl\":\"https:\/\/takomoalkutuli.fi\/wp-content\/uploads\/2025\/11\/santoku-scaled.jpg\",\"datePublished\":\"2025-11-25T11:56:29+00:00\",\"dateModified\":\"2025-11-25T11:59:31+00:00\",\"description\":\"K\u00e4sin taottu Santoku-veitsi hiiliter\u00e4ksest\u00e4. Eritt\u00e4in ter\u00e4v\u00e4, tasapainoinen ja monipuolinen keitti\u00f6veitsi viipalointiin ja tarkkaan ty\u00f6skentelyyn.\",\"breadcrumb\":{\"@id\":\"https:\/\/takomoalkutuli.fi\/product\/1421\/#breadcrumb\"},\"inLanguage\":\"en-US\",\"potentialAction\":[{\"@type\":\"ReadAction\",\"target\":[\"https:\/\/takomoalkutuli.fi\/product\/1421\/\"]}]},{\"@type\":\"ImageObject\",\"inLanguage\":\"en-US\",\"@id\":\"https:\/\/takomoalkutuli.fi\/product\/1421\/#primaryimage\",\"url\":\"https:\/\/takomoalkutuli.fi\/wp-content\/uploads\/2025\/11\/santoku-scaled.jpg\",\"contentUrl\":\"https:\/\/takomoalkutuli.fi\/wp-content\/uploads\/2025\/11\/santoku-scaled.jpg\",\"width\":2560,\"height\":1613,\"caption\":\"Taottu santoku-veitsi\"},{\"@type\":\"BreadcrumbList\",\"@id\":\"https:\/\/takomoalkutuli.fi\/product\/1421\/#breadcrumb\",\"itemListElement\":[{\"@type\":\"ListItem\",\"position\":1,\"name\":\"Etusivu\",\"item\":\"https:\/\/takomoalkutuli.fi\/\"},{\"@type\":\"ListItem\",\"position\":2,\"name\":\"Kauppa\",\"item\":\"https:\/\/takomoalkutuli.fi\/shop\/\"},{\"@type\":\"ListItem\",\"position\":3,\"name\":\"Taottu Santoku-veitsi\"}]},{\"@type\":\"WebSite\",\"@id\":\"https:\/\/takomoalkutuli.fi\/#website\",\"url\":\"https:\/\/takomoalkutuli.fi\/\",\"name\":\"Takomo Alkutuli\",\"description\":\"\",\"publisher\":{\"@id\":\"https:\/\/takomoalkutuli.fi\/#organization\"},\"potentialAction\":[{\"@type\":\"SearchAction\",\"target\":{\"@type\":\"EntryPoint\",\"urlTemplate\":\"https:\/\/takomoalkutuli.fi\/?s={search_term_string}\"},\"query-input\":{\"@type\":\"PropertyValueSpecification\",\"valueRequired\":true,\"valueName\":\"search_term_string\"}}],\"inLanguage\":\"en-US\"},{\"@type\":\"Organization\",\"@id\":\"https:\/\/takomoalkutuli.fi\/#organization\",\"name\":\"Takomo Alkutuli\",\"url\":\"https:\/\/takomoalkutuli.fi\/\",\"logo\":{\"@type\":\"ImageObject\",\"inLanguage\":\"en-US\",\"@id\":\"https:\/\/takomoalkutuli.fi\/#\/schema\/logo\/image\/\",\"url\":\"https:\/\/takomoalkutuli.fi\/wp-content\/uploads\/2024\/10\/icon.png\",\"contentUrl\":\"https:\/\/takomoalkutuli.fi\/wp-content\/uploads\/2024\/10\/icon.png\",\"width\":228,\"height\":228,\"caption\":\"Takomo Alkutuli\"},\"image\":{\"@id\":\"https:\/\/takomoalkutuli.fi\/#\/schema\/logo\/image\/\"},\"sameAs\":[\"https:\/\/www.facebook.com\/TakomoAlkutuli\/\",\"https:\/\/www.instagram.com\/alkutuli\/\"]}]}<\/script>\n<!-- \/ Yoast SEO plugin. -->","yoast_head_json":{"title":"Taottu Santoku-veitsi - Takomo Alkutuli","description":"K\u00e4sin taottu Santoku-veitsi hiiliter\u00e4ksest\u00e4. Eritt\u00e4in ter\u00e4v\u00e4, tasapainoinen ja monipuolinen keitti\u00f6veitsi viipalointiin ja tarkkaan ty\u00f6skentelyyn.","robots":{"index":"index","follow":"follow","max-snippet":"max-snippet:-1","max-image-preview":"max-image-preview:large","max-video-preview":"max-video-preview:-1"},"canonical":"https:\/\/takomoalkutuli.fi\/en\/product\/1421\/","og_locale":"en_US","og_type":"article","og_title":"Taottu Santoku-veitsi - Takomo Alkutuli","og_description":"K\u00e4sin taottu Santoku-veitsi hiiliter\u00e4ksest\u00e4. Eritt\u00e4in ter\u00e4v\u00e4, tasapainoinen ja monipuolinen keitti\u00f6veitsi viipalointiin ja tarkkaan ty\u00f6skentelyyn.","og_url":"https:\/\/takomoalkutuli.fi\/en\/product\/1421\/","og_site_name":"Takomo Alkutuli","article_publisher":"https:\/\/www.facebook.com\/TakomoAlkutuli\/","article_modified_time":"2025-11-25T11:59:31+00:00","og_image":[{"width":2560,"height":1613,"url":"https:\/\/takomoalkutuli.fi\/wp-content\/uploads\/2025\/11\/santoku-scaled.jpg","type":"image\/jpeg"}],"twitter_card":"summary_large_image","twitter_misc":{"Est. reading time":"2 minutes"},"schema":{"@context":"https:\/\/schema.org","@graph":[{"@type":"WebPage","@id":"https:\/\/takomoalkutuli.fi\/product\/1421\/","url":"https:\/\/takomoalkutuli.fi\/product\/1421\/","name":"Taottu Santoku-veitsi - Takomo Alkutuli","isPartOf":{"@id":"https:\/\/takomoalkutuli.fi\/#website"},"primaryImageOfPage":{"@id":"https:\/\/takomoalkutuli.fi\/product\/1421\/#primaryimage"},"image":{"@id":"https:\/\/takomoalkutuli.fi\/product\/1421\/#primaryimage"},"thumbnailUrl":"https:\/\/takomoalkutuli.fi\/wp-content\/uploads\/2025\/11\/santoku-scaled.jpg","datePublished":"2025-11-25T11:56:29+00:00","dateModified":"2025-11-25T11:59:31+00:00","description":"K\u00e4sin taottu Santoku-veitsi hiiliter\u00e4ksest\u00e4. Eritt\u00e4in ter\u00e4v\u00e4, tasapainoinen ja monipuolinen keitti\u00f6veitsi viipalointiin ja tarkkaan ty\u00f6skentelyyn.","breadcrumb":{"@id":"https:\/\/takomoalkutuli.fi\/product\/1421\/#breadcrumb"},"inLanguage":"en-US","potentialAction":[{"@type":"ReadAction","target":["https:\/\/takomoalkutuli.fi\/product\/1421\/"]}]},{"@type":"ImageObject","inLanguage":"en-US","@id":"https:\/\/takomoalkutuli.fi\/product\/1421\/#primaryimage","url":"https:\/\/takomoalkutuli.fi\/wp-content\/uploads\/2025\/11\/santoku-scaled.jpg","contentUrl":"https:\/\/takomoalkutuli.fi\/wp-content\/uploads\/2025\/11\/santoku-scaled.jpg","width":2560,"height":1613,"caption":"Taottu santoku-veitsi"},{"@type":"BreadcrumbList","@id":"https:\/\/takomoalkutuli.fi\/product\/1421\/#breadcrumb","itemListElement":[{"@type":"ListItem","position":1,"name":"Etusivu","item":"https:\/\/takomoalkutuli.fi\/"},{"@type":"ListItem","position":2,"name":"Kauppa","item":"https:\/\/takomoalkutuli.fi\/shop\/"},{"@type":"ListItem","position":3,"name":"Taottu Santoku-veitsi"}]},{"@type":"WebSite","@id":"https:\/\/takomoalkutuli.fi\/#website","url":"https:\/\/takomoalkutuli.fi\/","name":"Primordial Fire forge","description":"","publisher":{"@id":"https:\/\/takomoalkutuli.fi\/#organization"},"potentialAction":[{"@type":"SearchAction","target":{"@type":"EntryPoint","urlTemplate":"https:\/\/takomoalkutuli.fi\/?s={search_term_string}"},"query-input":{"@type":"PropertyValueSpecification","valueRequired":true,"valueName":"search_term_string"}}],"inLanguage":"en-US"},{"@type":"Organization","@id":"https:\/\/takomoalkutuli.fi\/#organization","name":"Primordial Fire forge","url":"https:\/\/takomoalkutuli.fi\/","logo":{"@type":"ImageObject","inLanguage":"en-US","@id":"https:\/\/takomoalkutuli.fi\/#\/schema\/logo\/image\/","url":"https:\/\/takomoalkutuli.fi\/wp-content\/uploads\/2024\/10\/icon.png","contentUrl":"https:\/\/takomoalkutuli.fi\/wp-content\/uploads\/2024\/10\/icon.png","width":228,"height":228,"caption":"Takomo Alkutuli"},"image":{"@id":"https:\/\/takomoalkutuli.fi\/#\/schema\/logo\/image\/"},"sameAs":["https:\/\/www.facebook.com\/TakomoAlkutuli\/","https:\/\/www.instagram.com\/alkutuli\/"]}]}},"_links":{"self":[{"href":"https:\/\/takomoalkutuli.fi\/en\/wp-json\/wp\/v2\/product\/1421","targetHints":{"allow":["GET"]}}],"collection":[{"href":"https:\/\/takomoalkutuli.fi\/en\/wp-json\/wp\/v2\/product"}],"about":[{"href":"https:\/\/takomoalkutuli.fi\/en\/wp-json\/wp\/v2\/types\/product"}],"wp:featuredmedia":[{"embeddable":true,"href":"https:\/\/takomoalkutuli.fi\/en\/wp-json\/wp\/v2\/media\/1422"}],"wp:attachment":[{"href":"https:\/\/takomoalkutuli.fi\/en\/wp-json\/wp\/v2\/media?parent=1421"}],"wp:term":[{"taxonomy":"product_brand","embeddable":true,"href":"https:\/\/takomoalkutuli.fi\/en\/wp-json\/wp\/v2\/product_brand?post=1421"},{"taxonomy":"product_cat","embeddable":true,"href":"https:\/\/takomoalkutuli.fi\/en\/wp-json\/wp\/v2\/product_cat?post=1421"},{"taxonomy":"product_tag","embeddable":true,"href":"https:\/\/takomoalkutuli.fi\/en\/wp-json\/wp\/v2\/product_tag?post=1421"}],"curies":[{"name":"wp","href":"https:\/\/api.w.org\/{rel}","templated":true}]}}