{"id":1418,"date":"2025-11-25T11:51:59","date_gmt":"2025-11-25T11:51:59","guid":{"rendered":"https:\/\/takomoalkutuli.fi\/?post_type=product&#038;p=1418"},"modified":"2025-11-25T11:59:57","modified_gmt":"2025-11-25T11:59:57","slug":"kasin-taottu-lihakirves","status":"publish","type":"product","link":"https:\/\/takomoalkutuli.fi\/en\/product\/kasin-taottu-lihakirves\/","title":{"rendered":"K\u00e4sin taottu lihakirves"},"content":{"rendered":"<p data-start=\"103\" data-end=\"392\"><strong>Monipuolinen lihakirves kulmikkaalla kahvalla<\/strong><\/p>\n<p data-start=\"103\" data-end=\"392\">T\u00e4m\u00e4 huolella viimeistelty lihakirves on suunniteltu monipuoliseen keitti\u00f6k\u00e4ytt\u00f6\u00f6n \u2013 niin lihan paloitteluun, vihannesten pilkkomiseen kuin kalan k\u00e4sittelyyn. Ter\u00e4n j\u00e4m\u00e4kk\u00e4 muoto ja painotus tekev\u00e4t ty\u00f6skentelyst\u00e4 vaivatonta, ja kirves leikkaa tarkasti sek\u00e4 hallitusti ilman turhaa voimaa.<\/p>\n<p data-start=\"394\" data-end=\"720\">Erikoisuutena kirveess\u00e4 on kulmikas, ergonomisesti muotoiltu kahva. Se tarjoaa erinomaisen pidon erityisesti silloin, kun k\u00e4sitell\u00e4\u00e4n liukkaampia raaka-aineita, kuten kalaa. Reilu ote lis\u00e4\u00e4 turvallisuutta ja tarkkuutta, mik\u00e4 tekee kirveest\u00e4 miellytt\u00e4v\u00e4n ja luotettavan ty\u00f6kalun niin kotikokille kuin ruoanlaiton harrastajalle.<\/p>\n<p data-start=\"722\" data-end=\"924\">Kest\u00e4v\u00e4 rakenne, laadukkaat materiaalit ja harkittu muotoilu tekev\u00e4t t\u00e4st\u00e4 lihakirveest\u00e4 keitti\u00f6si monik\u00e4ytt\u00f6isen luottoty\u00f6kalun \u2013 voimakas, tasapainoinen ja valmis kaikkeen, mit\u00e4 ruoanvalmistus vaatii.<\/p>\n<p data-start=\"722\" data-end=\"924\">Kahva on valmistettu <strong data-start=\"616\" data-end=\"644\">wengest\u00e4 ja visakoivusta. <\/strong>T\u00e4m\u00e4 veitsi yhdist\u00e4\u00e4 <strong data-start=\"770\" data-end=\"836\">perinteisen k\u00e4sity\u00f6n, kest\u00e4vyyden ja modernin k\u00e4ytt\u00f6mukavuuden<\/strong>. Ter\u00e4 on valmistettu hiiliter\u00e4ksest\u00e4, karkaistu, p\u00e4\u00e4stetty ja teroitettu.<\/p>\n<p><strong>Mitat:<\/strong><\/p>\n<p>Veitsen pituus: 24cm.<\/p>\n<p>Ter\u00e4n pituus: 12cm<\/p>\n<p>Ter\u00e4n leveys: 6.5cm<\/p>\n<p>Hoito ohje: Hiiliter\u00e4s on erinomainen ter\u00e4vyytens\u00e4 ja ter\u00e4n pit\u00e4vyytens\u00e4 suhteen. K\u00e4yt\u00f6n j\u00e4lkeen ter\u00e4 kannattaa puhdistaa ja kuivata huolellisesti ettei ruostetta p\u00e4\u00e4se syntym\u00e4\u00e4n. My\u00f6s pieni kerros ruoka\u00f6ljy\u00e4 ter\u00e4n pintaan suojaa sit\u00e4 kun ei k\u00e4yt\u00f6ss\u00e4 ole.<\/p>\n<p>Jokainen veitsi on yksitt\u00e4isen\u00e4 k\u00e4sity\u00f6ll\u00e4 valmistettu ja niiss\u00e4 saattaa olla pieni\u00e4 yksityiskohta ja kokoeroja. Veitsien kohdalla toimitusaika on 3-14 p\u00e4iv\u00e4\u00e4 riippuen siit\u00e4 onko veitsi\u00e4 valmiina varastossa. Mik\u00e4li ei, se valmistetaan ja postitetaan heti kuin mahdollista.<\/p>\n<p>&nbsp;<\/p>\n<p>Tagit: <a href=\"https:\/\/takomoalkutuli.fi\/en\/product-category\/keittioon\/\">For the Kitchen<\/a>, <a href=\"https:\/\/takomoalkutuli.fi\/en\/product-category\/keittioveitsi\/\">Keitti\u00f6veitset<\/a>, <a href=\"https:\/\/takomoalkutuli.fi\/en\/product-category\/puukot-ja-veitset\/\">Veitset<\/a><\/p>","protected":false},"excerpt":{"rendered":"<p><strong data-start=\"43\" data-end=\"80\">Monipuolinen lihakirves keitti\u00f6\u00f6n<\/strong><br data-start=\"80\" data-end=\"83\" \/>J\u00e4m\u00e4kk\u00e4 ja tasapainoinen lihakirves, jossa kulmikas ergonominen kahva tarjoaa tukevan otteen my\u00f6s liukkaita raaka-aineita k\u00e4sitelt\u00e4ess\u00e4. Tehokas ja varma ty\u00f6kalu p\u00e4ivitt\u00e4iseen ruoanlaittoon.<\/p>","protected":false},"featured_media":1420,"template":"","meta":[],"product_brand":[],"product_cat":[21,153],"product_tag":[],"class_list":{"0":"post-1418","1":"product","2":"type-product","3":"status-publish","4":"has-post-thumbnail","6":"product_cat-keittioon","7":"product_cat-keittioveitsi","8":"product_shipping_class-pikkupaketti","10":"first","11":"instock","12":"taxable","13":"shipping-taxable","14":"purchasable","15":"product-type-simple"},"yoast_head":"<!-- This site is optimized with the Yoast SEO plugin v26.1.1 - https:\/\/yoast.com\/wordpress\/plugins\/seo\/ -->\n<title>K\u00e4sin taottu lihakirves - Takomo Alkutuli<\/title>\n<meta name=\"description\" content=\"Monipuolinen lihakirves keitti\u00f6\u00f6n. Kulmikas, ergonominen kahva tarjoaa erinomaisen pidon my\u00f6s liukkaiden raaka-aineiden, kuten kalan, k\u00e4sittelyss\u00e4.\" \/>\n<meta name=\"robots\" content=\"index, follow, max-snippet:-1, max-image-preview:large, max-video-preview:-1\" \/>\n<link rel=\"canonical\" href=\"https:\/\/takomoalkutuli.fi\/en\/product\/kasin-taottu-lihakirves\/\" \/>\n<meta property=\"og:locale\" content=\"en_US\" \/>\n<meta property=\"og:type\" content=\"article\" \/>\n<meta property=\"og:title\" content=\"K\u00e4sin taottu lihakirves - Takomo Alkutuli\" \/>\n<meta property=\"og:description\" content=\"Monipuolinen lihakirves keitti\u00f6\u00f6n. Kulmikas, ergonominen kahva tarjoaa erinomaisen pidon my\u00f6s liukkaiden raaka-aineiden, kuten kalan, k\u00e4sittelyss\u00e4.\" \/>\n<meta property=\"og:url\" content=\"https:\/\/takomoalkutuli.fi\/en\/product\/kasin-taottu-lihakirves\/\" \/>\n<meta property=\"og:site_name\" content=\"Takomo Alkutuli\" \/>\n<meta property=\"article:publisher\" content=\"https:\/\/www.facebook.com\/TakomoAlkutuli\/\" \/>\n<meta property=\"article:modified_time\" content=\"2025-11-25T11:59:57+00:00\" \/>\n<meta property=\"og:image\" content=\"https:\/\/takomoalkutuli.fi\/wp-content\/uploads\/2025\/11\/lihis-scaled.jpg\" \/>\n\t<meta property=\"og:image:width\" content=\"2560\" \/>\n\t<meta property=\"og:image:height\" content=\"1690\" \/>\n\t<meta property=\"og:image:type\" content=\"image\/jpeg\" \/>\n<meta name=\"twitter:card\" content=\"summary_large_image\" \/>\n<meta name=\"twitter:label1\" content=\"Est. reading time\" \/>\n\t<meta name=\"twitter:data1\" content=\"2 minutes\" \/>\n<script type=\"application\/ld+json\" class=\"yoast-schema-graph\">{\"@context\":\"https:\/\/schema.org\",\"@graph\":[{\"@type\":\"WebPage\",\"@id\":\"https:\/\/takomoalkutuli.fi\/product\/kasin-taottu-lihakirves\/\",\"url\":\"https:\/\/takomoalkutuli.fi\/product\/kasin-taottu-lihakirves\/\",\"name\":\"K\u00e4sin taottu lihakirves - Takomo Alkutuli\",\"isPartOf\":{\"@id\":\"https:\/\/takomoalkutuli.fi\/#website\"},\"primaryImageOfPage\":{\"@id\":\"https:\/\/takomoalkutuli.fi\/product\/kasin-taottu-lihakirves\/#primaryimage\"},\"image\":{\"@id\":\"https:\/\/takomoalkutuli.fi\/product\/kasin-taottu-lihakirves\/#primaryimage\"},\"thumbnailUrl\":\"https:\/\/takomoalkutuli.fi\/wp-content\/uploads\/2025\/11\/lihis-scaled.jpg\",\"datePublished\":\"2025-11-25T11:51:59+00:00\",\"dateModified\":\"2025-11-25T11:59:57+00:00\",\"description\":\"Monipuolinen lihakirves keitti\u00f6\u00f6n. Kulmikas, ergonominen kahva tarjoaa erinomaisen pidon my\u00f6s liukkaiden raaka-aineiden, kuten kalan, k\u00e4sittelyss\u00e4.\",\"breadcrumb\":{\"@id\":\"https:\/\/takomoalkutuli.fi\/product\/kasin-taottu-lihakirves\/#breadcrumb\"},\"inLanguage\":\"en-US\",\"potentialAction\":[{\"@type\":\"ReadAction\",\"target\":[\"https:\/\/takomoalkutuli.fi\/product\/kasin-taottu-lihakirves\/\"]}]},{\"@type\":\"ImageObject\",\"inLanguage\":\"en-US\",\"@id\":\"https:\/\/takomoalkutuli.fi\/product\/kasin-taottu-lihakirves\/#primaryimage\",\"url\":\"https:\/\/takomoalkutuli.fi\/wp-content\/uploads\/2025\/11\/lihis-scaled.jpg\",\"contentUrl\":\"https:\/\/takomoalkutuli.fi\/wp-content\/uploads\/2025\/11\/lihis-scaled.jpg\",\"width\":2560,\"height\":1690,\"caption\":\"K\u00e4sin taottu lihakirves\"},{\"@type\":\"BreadcrumbList\",\"@id\":\"https:\/\/takomoalkutuli.fi\/product\/kasin-taottu-lihakirves\/#breadcrumb\",\"itemListElement\":[{\"@type\":\"ListItem\",\"position\":1,\"name\":\"Etusivu\",\"item\":\"https:\/\/takomoalkutuli.fi\/\"},{\"@type\":\"ListItem\",\"position\":2,\"name\":\"Kauppa\",\"item\":\"https:\/\/takomoalkutuli.fi\/shop\/\"},{\"@type\":\"ListItem\",\"position\":3,\"name\":\"K\u00e4sin taottu lihakirves\"}]},{\"@type\":\"WebSite\",\"@id\":\"https:\/\/takomoalkutuli.fi\/#website\",\"url\":\"https:\/\/takomoalkutuli.fi\/\",\"name\":\"Takomo Alkutuli\",\"description\":\"\",\"publisher\":{\"@id\":\"https:\/\/takomoalkutuli.fi\/#organization\"},\"potentialAction\":[{\"@type\":\"SearchAction\",\"target\":{\"@type\":\"EntryPoint\",\"urlTemplate\":\"https:\/\/takomoalkutuli.fi\/?s={search_term_string}\"},\"query-input\":{\"@type\":\"PropertyValueSpecification\",\"valueRequired\":true,\"valueName\":\"search_term_string\"}}],\"inLanguage\":\"en-US\"},{\"@type\":\"Organization\",\"@id\":\"https:\/\/takomoalkutuli.fi\/#organization\",\"name\":\"Takomo Alkutuli\",\"url\":\"https:\/\/takomoalkutuli.fi\/\",\"logo\":{\"@type\":\"ImageObject\",\"inLanguage\":\"en-US\",\"@id\":\"https:\/\/takomoalkutuli.fi\/#\/schema\/logo\/image\/\",\"url\":\"https:\/\/takomoalkutuli.fi\/wp-content\/uploads\/2024\/10\/icon.png\",\"contentUrl\":\"https:\/\/takomoalkutuli.fi\/wp-content\/uploads\/2024\/10\/icon.png\",\"width\":228,\"height\":228,\"caption\":\"Takomo Alkutuli\"},\"image\":{\"@id\":\"https:\/\/takomoalkutuli.fi\/#\/schema\/logo\/image\/\"},\"sameAs\":[\"https:\/\/www.facebook.com\/TakomoAlkutuli\/\",\"https:\/\/www.instagram.com\/alkutuli\/\"]}]}<\/script>\n<!-- \/ Yoast SEO plugin. -->","yoast_head_json":{"title":"K\u00e4sin taottu lihakirves - Takomo Alkutuli","description":"Monipuolinen lihakirves keitti\u00f6\u00f6n. Kulmikas, ergonominen kahva tarjoaa erinomaisen pidon my\u00f6s liukkaiden raaka-aineiden, kuten kalan, k\u00e4sittelyss\u00e4.","robots":{"index":"index","follow":"follow","max-snippet":"max-snippet:-1","max-image-preview":"max-image-preview:large","max-video-preview":"max-video-preview:-1"},"canonical":"https:\/\/takomoalkutuli.fi\/en\/product\/kasin-taottu-lihakirves\/","og_locale":"en_US","og_type":"article","og_title":"K\u00e4sin taottu lihakirves - Takomo Alkutuli","og_description":"Monipuolinen lihakirves keitti\u00f6\u00f6n. Kulmikas, ergonominen kahva tarjoaa erinomaisen pidon my\u00f6s liukkaiden raaka-aineiden, kuten kalan, k\u00e4sittelyss\u00e4.","og_url":"https:\/\/takomoalkutuli.fi\/en\/product\/kasin-taottu-lihakirves\/","og_site_name":"Takomo Alkutuli","article_publisher":"https:\/\/www.facebook.com\/TakomoAlkutuli\/","article_modified_time":"2025-11-25T11:59:57+00:00","og_image":[{"width":2560,"height":1690,"url":"https:\/\/takomoalkutuli.fi\/wp-content\/uploads\/2025\/11\/lihis-scaled.jpg","type":"image\/jpeg"}],"twitter_card":"summary_large_image","twitter_misc":{"Est. reading time":"2 minutes"},"schema":{"@context":"https:\/\/schema.org","@graph":[{"@type":"WebPage","@id":"https:\/\/takomoalkutuli.fi\/product\/kasin-taottu-lihakirves\/","url":"https:\/\/takomoalkutuli.fi\/product\/kasin-taottu-lihakirves\/","name":"K\u00e4sin taottu lihakirves - Takomo Alkutuli","isPartOf":{"@id":"https:\/\/takomoalkutuli.fi\/#website"},"primaryImageOfPage":{"@id":"https:\/\/takomoalkutuli.fi\/product\/kasin-taottu-lihakirves\/#primaryimage"},"image":{"@id":"https:\/\/takomoalkutuli.fi\/product\/kasin-taottu-lihakirves\/#primaryimage"},"thumbnailUrl":"https:\/\/takomoalkutuli.fi\/wp-content\/uploads\/2025\/11\/lihis-scaled.jpg","datePublished":"2025-11-25T11:51:59+00:00","dateModified":"2025-11-25T11:59:57+00:00","description":"Monipuolinen lihakirves keitti\u00f6\u00f6n. Kulmikas, ergonominen kahva tarjoaa erinomaisen pidon my\u00f6s liukkaiden raaka-aineiden, kuten kalan, k\u00e4sittelyss\u00e4.","breadcrumb":{"@id":"https:\/\/takomoalkutuli.fi\/product\/kasin-taottu-lihakirves\/#breadcrumb"},"inLanguage":"en-US","potentialAction":[{"@type":"ReadAction","target":["https:\/\/takomoalkutuli.fi\/product\/kasin-taottu-lihakirves\/"]}]},{"@type":"ImageObject","inLanguage":"en-US","@id":"https:\/\/takomoalkutuli.fi\/product\/kasin-taottu-lihakirves\/#primaryimage","url":"https:\/\/takomoalkutuli.fi\/wp-content\/uploads\/2025\/11\/lihis-scaled.jpg","contentUrl":"https:\/\/takomoalkutuli.fi\/wp-content\/uploads\/2025\/11\/lihis-scaled.jpg","width":2560,"height":1690,"caption":"K\u00e4sin taottu lihakirves"},{"@type":"BreadcrumbList","@id":"https:\/\/takomoalkutuli.fi\/product\/kasin-taottu-lihakirves\/#breadcrumb","itemListElement":[{"@type":"ListItem","position":1,"name":"Etusivu","item":"https:\/\/takomoalkutuli.fi\/"},{"@type":"ListItem","position":2,"name":"Kauppa","item":"https:\/\/takomoalkutuli.fi\/shop\/"},{"@type":"ListItem","position":3,"name":"K\u00e4sin taottu lihakirves"}]},{"@type":"WebSite","@id":"https:\/\/takomoalkutuli.fi\/#website","url":"https:\/\/takomoalkutuli.fi\/","name":"Primordial Fire forge","description":"","publisher":{"@id":"https:\/\/takomoalkutuli.fi\/#organization"},"potentialAction":[{"@type":"SearchAction","target":{"@type":"EntryPoint","urlTemplate":"https:\/\/takomoalkutuli.fi\/?s={search_term_string}"},"query-input":{"@type":"PropertyValueSpecification","valueRequired":true,"valueName":"search_term_string"}}],"inLanguage":"en-US"},{"@type":"Organization","@id":"https:\/\/takomoalkutuli.fi\/#organization","name":"Primordial Fire forge","url":"https:\/\/takomoalkutuli.fi\/","logo":{"@type":"ImageObject","inLanguage":"en-US","@id":"https:\/\/takomoalkutuli.fi\/#\/schema\/logo\/image\/","url":"https:\/\/takomoalkutuli.fi\/wp-content\/uploads\/2024\/10\/icon.png","contentUrl":"https:\/\/takomoalkutuli.fi\/wp-content\/uploads\/2024\/10\/icon.png","width":228,"height":228,"caption":"Takomo Alkutuli"},"image":{"@id":"https:\/\/takomoalkutuli.fi\/#\/schema\/logo\/image\/"},"sameAs":["https:\/\/www.facebook.com\/TakomoAlkutuli\/","https:\/\/www.instagram.com\/alkutuli\/"]}]}},"_links":{"self":[{"href":"https:\/\/takomoalkutuli.fi\/en\/wp-json\/wp\/v2\/product\/1418","targetHints":{"allow":["GET"]}}],"collection":[{"href":"https:\/\/takomoalkutuli.fi\/en\/wp-json\/wp\/v2\/product"}],"about":[{"href":"https:\/\/takomoalkutuli.fi\/en\/wp-json\/wp\/v2\/types\/product"}],"wp:featuredmedia":[{"embeddable":true,"href":"https:\/\/takomoalkutuli.fi\/en\/wp-json\/wp\/v2\/media\/1420"}],"wp:attachment":[{"href":"https:\/\/takomoalkutuli.fi\/en\/wp-json\/wp\/v2\/media?parent=1418"}],"wp:term":[{"taxonomy":"product_brand","embeddable":true,"href":"https:\/\/takomoalkutuli.fi\/en\/wp-json\/wp\/v2\/product_brand?post=1418"},{"taxonomy":"product_cat","embeddable":true,"href":"https:\/\/takomoalkutuli.fi\/en\/wp-json\/wp\/v2\/product_cat?post=1418"},{"taxonomy":"product_tag","embeddable":true,"href":"https:\/\/takomoalkutuli.fi\/en\/wp-json\/wp\/v2\/product_tag?post=1418"}],"curies":[{"name":"wp","href":"https:\/\/api.w.org\/{rel}","templated":true}]}}