{"id":1298,"date":"2025-09-25T12:40:12","date_gmt":"2025-09-25T12:40:12","guid":{"rendered":"https:\/\/takomoalkutuli.fi\/?post_type=product&#038;p=1298"},"modified":"2025-10-17T15:49:23","modified_gmt":"2025-10-17T15:49:23","slug":"taottu-eraveitsi","status":"publish","type":"product","link":"https:\/\/takomoalkutuli.fi\/en\/product\/taottu-eraveitsi\/","title":{"rendered":"Taottu er\u00e4veitsi"},"content":{"rendered":"<h3 data-start=\"76\" data-end=\"136\"><strong data-start=\"80\" data-end=\"136\">Taottu er\u00e4veitsi tuppeineen \u2013 Kest\u00e4v\u00e4 ja Ergonominen<\/strong><\/h3>\n<p data-start=\"138\" data-end=\"618\">T\u00e4m\u00e4 <strong data-start=\"143\" data-end=\"163\">taottu er\u00e4veitsi<\/strong> on t\u00e4ydellinen yhdistelm\u00e4 perinteist\u00e4 k\u00e4sity\u00f6t\u00e4 ja modernia ergonomiaa. Verrattuna perinteiseen puukkoon, t\u00e4m\u00e4 veitsi on mukavampi k\u00e4ytt\u00e4\u00e4, ja sen <strong data-start=\"311\" data-end=\"331\">fulltang-rakenne<\/strong> tekee siit\u00e4 tukevamman ja kest\u00e4v\u00e4n kovempaan k\u00e4ytt\u00f6\u00f6n. Kahva on valmistettu samasta ter\u00e4ksest\u00e4 kuin ter\u00e4 itse, ja siihen on kiinnitetty puiset poskipalat messinkiniitein. Kahva istuu erinomaisesti erikokoisiin k\u00e4siin, olitpa sitten kalastamassa, mets\u00e4st\u00e4m\u00e4ss\u00e4 tai yleisell\u00e4 er\u00e4retkell\u00e4.<\/p>\n<p data-start=\"620\" data-end=\"1021\">Ter\u00e4 on muotoiltu yleisk\u00e4ytt\u00f6\u00f6n ja taottu 0,8 % hiiliter\u00e4ksest\u00e4, karkaistu, p\u00e4\u00e4stetty ja teroitettu k\u00e4ytt\u00f6valmiiksi. Taontaprosessi tuo esiin ter\u00e4ksen luonnollisen kauneuden ja kest\u00e4vyyden, sek\u00e4 parantaa sen leikkuuter\u00e4vyytt\u00e4. Hiiliter\u00e4s on helppo huoltaa: k\u00e4yt\u00f6n j\u00e4lkeen ter\u00e4 tulee kuivata ja tarvittaessa \u00f6ljyt\u00e4, jotta ruostetta ei p\u00e4\u00e4se muodostumaan. Ter\u00e4n voi my\u00f6s helposti teroittaa hiomakivell\u00e4.<\/p>\n<p data-start=\"1023\" data-end=\"1420\">Kahva on saatavilla useilla eri puumateriaaleilla, kuten zebrawood, p\u00e4hkin\u00e4puu, padauk tai visakoivu. Putkiniitti kahvan perimm\u00e4isess\u00e4 kohdassa mahdollistaa esimerkiksi paracordin kiinnityksen. Veitsen mukana toimitetaan k\u00e4sintehty tuppi aidosta kotimaisesta naudannahasta, v\u00e4rilt\u00e4\u00e4n punertavan ruskea ja \u00f6ljytty kest\u00e4vyyden lis\u00e4\u00e4miseksi. Tuppi voidaan valmistaa my\u00f6s vasenk\u00e4tiselle k\u00e4ytt\u00e4j\u00e4lle.<\/p>\n<p data-start=\"1422\" data-end=\"1578\">T\u00e4m\u00e4 <strong data-start=\"1427\" data-end=\"1447\">taottu er\u00e4veitsi<\/strong> yhdist\u00e4\u00e4 kest\u00e4v\u00e4n rakenteen, ergonomian ja perinteisen k\u00e4sity\u00f6n, tarjoten luotettavan ja tyylikk\u00e4\u00e4n kumppanin kaikkiin er\u00e4retkiin.<\/p>\n<p><strong>Er\u00e4veitsen mitat:<\/strong><\/p>\n<p>-Kokonaispituus: 250 mm<\/p>\n<p>-Ter\u00e4n pituus: 130 mm<\/p>\n<p>-Ter\u00e4n leveys leveimm\u00e4st\u00e4 kohtaan: 30mm<\/p>\n<p>-Ter\u00e4n paksuus, paksuimmasta kohtaa: 4mm<\/p>\n<p>Jokainen veitsi on yksitt\u00e4isen\u00e4 k\u00e4sity\u00f6ll\u00e4 valmistettu ja niiss\u00e4 saattaa olla pieni\u00e4 yksityiskohta ja kokoeroja. Veitsien kohdalla toimitusaika on 3-14 p\u00e4iv\u00e4\u00e4 riippuen siit\u00e4 onko veitsi\u00e4 valmiina varastossa. Mik\u00e4li ei, se valmistetaan ja postitetaan heti kuin mahdollista.<\/p>\n<p>&nbsp;<\/p>\n<p>Tags: <a href=\"https:\/\/takomoalkutuli.fi\/en\/product-category\/puukot-ja-veitset\/\">Puukot ja Veitset<\/a><\/p>","protected":false},"excerpt":{"rendered":"<p>Taottu Er\u00e4veitsi tupella &#8211; Er\u00e4k\u00e4vij\u00e4lle, kalastajalle, mets\u00e4st\u00e4j\u00e4lle.<\/p>","protected":false},"featured_media":1299,"template":"","meta":[],"product_brand":[],"product_cat":[22],"product_tag":[149,152,151,146,150,97],"class_list":{"0":"post-1298","1":"product","2":"type-product","3":"status-publish","4":"has-post-thumbnail","6":"product_cat-puukot-ja-veitset","7":"product_tag-eraveitsi","8":"product_tag-kalastus","9":"product_tag-metsastys","10":"product_tag-puukko","11":"product_tag-retkeily","12":"product_tag-veitsi","13":"product_shipping_class-pikkupaketti","15":"first","16":"instock","17":"taxable","18":"shipping-taxable","19":"purchasable","20":"product-type-variable"},"yoast_head":"<!-- This site is optimized with the Yoast SEO plugin v26.1.1 - https:\/\/yoast.com\/wordpress\/plugins\/seo\/ -->\n<title>Taottu er\u00e4veitsi - Takomo Alkutuli<\/title>\n<meta name=\"description\" content=\"K\u00e4sin taottu er\u00e4veitsi hiiliter\u00e4ksest\u00e4, fulltang-rakenne ja nahkatuppi. Ergonominen, kest\u00e4v\u00e4 ja monik\u00e4ytt\u00f6inen veitsi kalastukseen, mets\u00e4stykseen ja retkeilyyn.\" \/>\n<meta name=\"robots\" content=\"index, follow, max-snippet:-1, max-image-preview:large, max-video-preview:-1\" \/>\n<link rel=\"canonical\" href=\"https:\/\/takomoalkutuli.fi\/en\/product\/taottu-eraveitsi\/\" \/>\n<meta property=\"og:locale\" content=\"en_US\" \/>\n<meta property=\"og:type\" content=\"article\" \/>\n<meta property=\"og:title\" content=\"Taottu er\u00e4veitsi - Takomo Alkutuli\" \/>\n<meta property=\"og:description\" content=\"K\u00e4sin taottu er\u00e4veitsi hiiliter\u00e4ksest\u00e4, fulltang-rakenne ja nahkatuppi. Ergonominen, kest\u00e4v\u00e4 ja monik\u00e4ytt\u00f6inen veitsi kalastukseen, mets\u00e4stykseen ja retkeilyyn.\" \/>\n<meta property=\"og:url\" content=\"https:\/\/takomoalkutuli.fi\/en\/product\/taottu-eraveitsi\/\" \/>\n<meta property=\"og:site_name\" content=\"Takomo Alkutuli\" \/>\n<meta property=\"article:publisher\" content=\"https:\/\/www.facebook.com\/TakomoAlkutuli\/\" \/>\n<meta property=\"article:modified_time\" content=\"2025-10-17T15:49:23+00:00\" \/>\n<meta property=\"og:image\" content=\"https:\/\/takomoalkutuli.fi\/wp-content\/uploads\/2025\/09\/eraveitsi6-scaled.jpg\" \/>\n\t<meta property=\"og:image:width\" content=\"2560\" \/>\n\t<meta property=\"og:image:height\" content=\"1996\" \/>\n\t<meta property=\"og:image:type\" content=\"image\/jpeg\" \/>\n<meta name=\"twitter:card\" content=\"summary_large_image\" \/>\n<meta name=\"twitter:label1\" content=\"Est. reading time\" \/>\n\t<meta name=\"twitter:data1\" content=\"2 minutes\" \/>\n<script type=\"application\/ld+json\" class=\"yoast-schema-graph\">{\"@context\":\"https:\/\/schema.org\",\"@graph\":[{\"@type\":\"WebPage\",\"@id\":\"https:\/\/takomoalkutuli.fi\/product\/taottu-eraveitsi\/\",\"url\":\"https:\/\/takomoalkutuli.fi\/product\/taottu-eraveitsi\/\",\"name\":\"Taottu er\u00e4veitsi - Takomo Alkutuli\",\"isPartOf\":{\"@id\":\"https:\/\/takomoalkutuli.fi\/#website\"},\"primaryImageOfPage\":{\"@id\":\"https:\/\/takomoalkutuli.fi\/product\/taottu-eraveitsi\/#primaryimage\"},\"image\":{\"@id\":\"https:\/\/takomoalkutuli.fi\/product\/taottu-eraveitsi\/#primaryimage\"},\"thumbnailUrl\":\"https:\/\/takomoalkutuli.fi\/wp-content\/uploads\/2025\/09\/eraveitsi6-scaled.jpg\",\"datePublished\":\"2025-09-25T12:40:12+00:00\",\"dateModified\":\"2025-10-17T15:49:23+00:00\",\"description\":\"K\u00e4sin taottu er\u00e4veitsi hiiliter\u00e4ksest\u00e4, fulltang-rakenne ja nahkatuppi. Ergonominen, kest\u00e4v\u00e4 ja monik\u00e4ytt\u00f6inen veitsi kalastukseen, mets\u00e4stykseen ja retkeilyyn.\",\"breadcrumb\":{\"@id\":\"https:\/\/takomoalkutuli.fi\/product\/taottu-eraveitsi\/#breadcrumb\"},\"inLanguage\":\"en-US\",\"potentialAction\":[{\"@type\":\"ReadAction\",\"target\":[\"https:\/\/takomoalkutuli.fi\/product\/taottu-eraveitsi\/\"]}]},{\"@type\":\"ImageObject\",\"inLanguage\":\"en-US\",\"@id\":\"https:\/\/takomoalkutuli.fi\/product\/taottu-eraveitsi\/#primaryimage\",\"url\":\"https:\/\/takomoalkutuli.fi\/wp-content\/uploads\/2025\/09\/eraveitsi6-scaled.jpg\",\"contentUrl\":\"https:\/\/takomoalkutuli.fi\/wp-content\/uploads\/2025\/09\/eraveitsi6-scaled.jpg\",\"width\":2560,\"height\":1996,\"caption\":\"taottu er\u00e4veitsi\"},{\"@type\":\"BreadcrumbList\",\"@id\":\"https:\/\/takomoalkutuli.fi\/product\/taottu-eraveitsi\/#breadcrumb\",\"itemListElement\":[{\"@type\":\"ListItem\",\"position\":1,\"name\":\"Etusivu\",\"item\":\"https:\/\/takomoalkutuli.fi\/\"},{\"@type\":\"ListItem\",\"position\":2,\"name\":\"Kauppa\",\"item\":\"https:\/\/takomoalkutuli.fi\/shop\/\"},{\"@type\":\"ListItem\",\"position\":3,\"name\":\"Taottu er\u00e4veitsi\"}]},{\"@type\":\"WebSite\",\"@id\":\"https:\/\/takomoalkutuli.fi\/#website\",\"url\":\"https:\/\/takomoalkutuli.fi\/\",\"name\":\"Takomo Alkutuli\",\"description\":\"\",\"publisher\":{\"@id\":\"https:\/\/takomoalkutuli.fi\/#organization\"},\"potentialAction\":[{\"@type\":\"SearchAction\",\"target\":{\"@type\":\"EntryPoint\",\"urlTemplate\":\"https:\/\/takomoalkutuli.fi\/?s={search_term_string}\"},\"query-input\":{\"@type\":\"PropertyValueSpecification\",\"valueRequired\":true,\"valueName\":\"search_term_string\"}}],\"inLanguage\":\"en-US\"},{\"@type\":\"Organization\",\"@id\":\"https:\/\/takomoalkutuli.fi\/#organization\",\"name\":\"Takomo Alkutuli\",\"url\":\"https:\/\/takomoalkutuli.fi\/\",\"logo\":{\"@type\":\"ImageObject\",\"inLanguage\":\"en-US\",\"@id\":\"https:\/\/takomoalkutuli.fi\/#\/schema\/logo\/image\/\",\"url\":\"https:\/\/takomoalkutuli.fi\/wp-content\/uploads\/2024\/10\/icon.png\",\"contentUrl\":\"https:\/\/takomoalkutuli.fi\/wp-content\/uploads\/2024\/10\/icon.png\",\"width\":228,\"height\":228,\"caption\":\"Takomo Alkutuli\"},\"image\":{\"@id\":\"https:\/\/takomoalkutuli.fi\/#\/schema\/logo\/image\/\"},\"sameAs\":[\"https:\/\/www.facebook.com\/TakomoAlkutuli\/\",\"https:\/\/www.instagram.com\/alkutuli\/\"]}]}<\/script>\n<!-- \/ Yoast SEO plugin. -->","yoast_head_json":{"title":"Taottu er\u00e4veitsi - Takomo Alkutuli","description":"K\u00e4sin taottu er\u00e4veitsi hiiliter\u00e4ksest\u00e4, fulltang-rakenne ja nahkatuppi. Ergonominen, kest\u00e4v\u00e4 ja monik\u00e4ytt\u00f6inen veitsi kalastukseen, mets\u00e4stykseen ja retkeilyyn.","robots":{"index":"index","follow":"follow","max-snippet":"max-snippet:-1","max-image-preview":"max-image-preview:large","max-video-preview":"max-video-preview:-1"},"canonical":"https:\/\/takomoalkutuli.fi\/en\/product\/taottu-eraveitsi\/","og_locale":"en_US","og_type":"article","og_title":"Taottu er\u00e4veitsi - Takomo Alkutuli","og_description":"K\u00e4sin taottu er\u00e4veitsi hiiliter\u00e4ksest\u00e4, fulltang-rakenne ja nahkatuppi. Ergonominen, kest\u00e4v\u00e4 ja monik\u00e4ytt\u00f6inen veitsi kalastukseen, mets\u00e4stykseen ja retkeilyyn.","og_url":"https:\/\/takomoalkutuli.fi\/en\/product\/taottu-eraveitsi\/","og_site_name":"Takomo Alkutuli","article_publisher":"https:\/\/www.facebook.com\/TakomoAlkutuli\/","article_modified_time":"2025-10-17T15:49:23+00:00","og_image":[{"width":2560,"height":1996,"url":"https:\/\/takomoalkutuli.fi\/wp-content\/uploads\/2025\/09\/eraveitsi6-scaled.jpg","type":"image\/jpeg"}],"twitter_card":"summary_large_image","twitter_misc":{"Est. reading time":"2 minutes"},"schema":{"@context":"https:\/\/schema.org","@graph":[{"@type":"WebPage","@id":"https:\/\/takomoalkutuli.fi\/product\/taottu-eraveitsi\/","url":"https:\/\/takomoalkutuli.fi\/product\/taottu-eraveitsi\/","name":"Taottu er\u00e4veitsi - Takomo Alkutuli","isPartOf":{"@id":"https:\/\/takomoalkutuli.fi\/#website"},"primaryImageOfPage":{"@id":"https:\/\/takomoalkutuli.fi\/product\/taottu-eraveitsi\/#primaryimage"},"image":{"@id":"https:\/\/takomoalkutuli.fi\/product\/taottu-eraveitsi\/#primaryimage"},"thumbnailUrl":"https:\/\/takomoalkutuli.fi\/wp-content\/uploads\/2025\/09\/eraveitsi6-scaled.jpg","datePublished":"2025-09-25T12:40:12+00:00","dateModified":"2025-10-17T15:49:23+00:00","description":"K\u00e4sin taottu er\u00e4veitsi hiiliter\u00e4ksest\u00e4, fulltang-rakenne ja nahkatuppi. Ergonominen, kest\u00e4v\u00e4 ja monik\u00e4ytt\u00f6inen veitsi kalastukseen, mets\u00e4stykseen ja retkeilyyn.","breadcrumb":{"@id":"https:\/\/takomoalkutuli.fi\/product\/taottu-eraveitsi\/#breadcrumb"},"inLanguage":"en-US","potentialAction":[{"@type":"ReadAction","target":["https:\/\/takomoalkutuli.fi\/product\/taottu-eraveitsi\/"]}]},{"@type":"ImageObject","inLanguage":"en-US","@id":"https:\/\/takomoalkutuli.fi\/product\/taottu-eraveitsi\/#primaryimage","url":"https:\/\/takomoalkutuli.fi\/wp-content\/uploads\/2025\/09\/eraveitsi6-scaled.jpg","contentUrl":"https:\/\/takomoalkutuli.fi\/wp-content\/uploads\/2025\/09\/eraveitsi6-scaled.jpg","width":2560,"height":1996,"caption":"taottu er\u00e4veitsi"},{"@type":"BreadcrumbList","@id":"https:\/\/takomoalkutuli.fi\/product\/taottu-eraveitsi\/#breadcrumb","itemListElement":[{"@type":"ListItem","position":1,"name":"Etusivu","item":"https:\/\/takomoalkutuli.fi\/"},{"@type":"ListItem","position":2,"name":"Kauppa","item":"https:\/\/takomoalkutuli.fi\/shop\/"},{"@type":"ListItem","position":3,"name":"Taottu er\u00e4veitsi"}]},{"@type":"WebSite","@id":"https:\/\/takomoalkutuli.fi\/#website","url":"https:\/\/takomoalkutuli.fi\/","name":"Primordial Fire forge","description":"","publisher":{"@id":"https:\/\/takomoalkutuli.fi\/#organization"},"potentialAction":[{"@type":"SearchAction","target":{"@type":"EntryPoint","urlTemplate":"https:\/\/takomoalkutuli.fi\/?s={search_term_string}"},"query-input":{"@type":"PropertyValueSpecification","valueRequired":true,"valueName":"search_term_string"}}],"inLanguage":"en-US"},{"@type":"Organization","@id":"https:\/\/takomoalkutuli.fi\/#organization","name":"Primordial Fire forge","url":"https:\/\/takomoalkutuli.fi\/","logo":{"@type":"ImageObject","inLanguage":"en-US","@id":"https:\/\/takomoalkutuli.fi\/#\/schema\/logo\/image\/","url":"https:\/\/takomoalkutuli.fi\/wp-content\/uploads\/2024\/10\/icon.png","contentUrl":"https:\/\/takomoalkutuli.fi\/wp-content\/uploads\/2024\/10\/icon.png","width":228,"height":228,"caption":"Takomo Alkutuli"},"image":{"@id":"https:\/\/takomoalkutuli.fi\/#\/schema\/logo\/image\/"},"sameAs":["https:\/\/www.facebook.com\/TakomoAlkutuli\/","https:\/\/www.instagram.com\/alkutuli\/"]}]}},"_links":{"self":[{"href":"https:\/\/takomoalkutuli.fi\/en\/wp-json\/wp\/v2\/product\/1298","targetHints":{"allow":["GET"]}}],"collection":[{"href":"https:\/\/takomoalkutuli.fi\/en\/wp-json\/wp\/v2\/product"}],"about":[{"href":"https:\/\/takomoalkutuli.fi\/en\/wp-json\/wp\/v2\/types\/product"}],"wp:featuredmedia":[{"embeddable":true,"href":"https:\/\/takomoalkutuli.fi\/en\/wp-json\/wp\/v2\/media\/1299"}],"wp:attachment":[{"href":"https:\/\/takomoalkutuli.fi\/en\/wp-json\/wp\/v2\/media?parent=1298"}],"wp:term":[{"taxonomy":"product_brand","embeddable":true,"href":"https:\/\/takomoalkutuli.fi\/en\/wp-json\/wp\/v2\/product_brand?post=1298"},{"taxonomy":"product_cat","embeddable":true,"href":"https:\/\/takomoalkutuli.fi\/en\/wp-json\/wp\/v2\/product_cat?post=1298"},{"taxonomy":"product_tag","embeddable":true,"href":"https:\/\/takomoalkutuli.fi\/en\/wp-json\/wp\/v2\/product_tag?post=1298"}],"curies":[{"name":"wp","href":"https:\/\/api.w.org\/{rel}","templated":true}]}}