{"id":1202,"date":"2025-05-25T16:52:08","date_gmt":"2025-05-25T16:52:08","guid":{"rendered":"https:\/\/takomoalkutuli.fi\/?post_type=product&#038;p=1202"},"modified":"2025-10-17T15:47:42","modified_gmt":"2025-10-17T15:47:42","slug":"taottu-puukon-tera","status":"publish","type":"product","link":"https:\/\/takomoalkutuli.fi\/en\/product\/taottu-puukon-tera\/","title":{"rendered":"Taottu puukon ter\u00e4."},"content":{"rendered":"<h3 data-start=\"59\" data-end=\"130\"><strong data-start=\"63\" data-end=\"130\">K\u00e4sin taottu perinteinen puukonter\u00e4 \u2013 Monik\u00e4ytt\u00f6inen ja Kest\u00e4v\u00e4<\/strong><\/h3>\n<p data-start=\"132\" data-end=\"511\">T\u00e4m\u00e4 <strong data-start=\"137\" data-end=\"164\">k\u00e4sin taottu puukonter\u00e4<\/strong> ammentaa inspiraationsa vanhemmista rautakautisista malleista, ja sen suunnittelussa on huomioitu monik\u00e4ytt\u00f6isyys. Ter\u00e4 tarjoaa riitt\u00e4v\u00e4sti leveytt\u00e4 ja j\u00e4m\u00e4kkyytt\u00e4 vaativaan veist\u00e4miseen, samalla kun k\u00e4rkeen kapeneva <strong data-start=\"382\" data-end=\"396\">drop point<\/strong> mahdollistaa tarkan ty\u00f6skentelyn, kuten kaiverruksen, kalan perkaamisen tai pienten yksityiskohtien ty\u00f6st\u00e4misen.<\/p>\n<p data-start=\"513\" data-end=\"680\">Ruoto on j\u00e4tetty pitk\u00e4n\u00e4, jotta k\u00e4ytt\u00e4j\u00e4 voi itse valmistaa siihen sopivan mittaisen kahvan. Ruotoa ei ole karkaistu, joten se on helppo muokata esimerkiksi sahalla.<\/p>\n<p data-start=\"682\" data-end=\"985\">Ter\u00e4 on valmistettu korkealaatuisesta <strong data-start=\"720\" data-end=\"739\">hiiliter\u00e4ksest\u00e4<\/strong>, joka on huolellisesti taottu, karkaistu, p\u00e4\u00e4stetty ja teroitettu k\u00e4ytt\u00f6valmiiksi. Hiiliter\u00e4ksen ansiosta ter\u00e4 on helppo teroittaa uudelleen, ja oikea hoito \u2013 puhdistus, kuivaus ja kevyt \u00f6ljy\u00e4minen \u2013 takaa pitk\u00e4ik\u00e4isen ja luotettavan ty\u00f6kalun.<\/p>\n<p data-start=\"987\" data-end=\"1134\">T\u00e4m\u00e4 perinteinen puukonter\u00e4 yhdist\u00e4\u00e4 <strong data-start=\"1024\" data-end=\"1070\">k\u00e4sity\u00f6n, kest\u00e4vyyden ja monik\u00e4ytt\u00f6isyyden<\/strong>, ollen t\u00e4ydellinen valinta retkeilyyn, k\u00e4sit\u00f6ihin tai arkeen.<\/p>\n<p><strong>Ter\u00e4n mitat:<\/strong><\/p>\n<p>-Kokonaispituus: 200mm<\/p>\n<p>-Ter\u00e4n pituus: 90mm<\/p>\n<p>-Ter\u00e4n leveys: 25mm<\/p>\n<p>-Ter\u00e4n paksuus juuresta: 4mm<\/p>\n<p>-Ruodon pituus 110mm<\/p>\n<p>Each piece is individually handcrafted, so slight variations in details and dimensions may occur.<\/p>\n<p>&nbsp;<\/p>\n<p><em>Tags: <a href=\"https:\/\/takomoalkutuli.fi\/en\/product-category\/puukot-ja-veitset\/\">Knives and Blades<\/a><\/em><\/p>","protected":false},"excerpt":{"rendered":"<p>K\u00e4sin taottu puukon ter\u00e4 &#8211; monik\u00e4ytt\u00f6isyys, perinteinen, ikuinen.<\/p>","protected":false},"featured_media":1203,"template":"","meta":[],"product_brand":[],"product_cat":[22],"product_tag":[146,147,148,97,59],"class_list":{"0":"post-1202","1":"product","2":"type-product","3":"status-publish","4":"has-post-thumbnail","6":"product_cat-puukot-ja-veitset","7":"product_tag-puukko","8":"product_tag-puukon-tera","9":"product_tag-rautakausi","10":"product_tag-veitsi","11":"product_tag-viikinki","12":"product_shipping_class-pikkupaketti","14":"first","15":"instock","16":"taxable","17":"shipping-taxable","18":"purchasable","19":"product-type-simple"},"yoast_head":"<!-- This site is optimized with the Yoast SEO plugin v26.1.1 - https:\/\/yoast.com\/wordpress\/plugins\/seo\/ -->\n<title>Taottu puukon ter\u00e4. - Takomo Alkutuli<\/title>\n<meta name=\"description\" content=\"K\u00e4sin taottu puukonter\u00e4 hiiliter\u00e4ksest\u00e4, drop point -k\u00e4rjell\u00e4 ja muokattavalla ruodolla. Kest\u00e4v\u00e4, monik\u00e4ytt\u00f6inen ja tarkka retkeilyyn ja arkeen.\" \/>\n<meta name=\"robots\" content=\"index, follow, max-snippet:-1, max-image-preview:large, max-video-preview:-1\" \/>\n<link rel=\"canonical\" href=\"https:\/\/takomoalkutuli.fi\/en\/product\/taottu-puukon-tera\/\" \/>\n<meta property=\"og:locale\" content=\"en_US\" \/>\n<meta property=\"og:type\" content=\"article\" \/>\n<meta property=\"og:title\" content=\"Taottu puukon ter\u00e4. - Takomo Alkutuli\" \/>\n<meta property=\"og:description\" content=\"K\u00e4sin taottu puukonter\u00e4 hiiliter\u00e4ksest\u00e4, drop point -k\u00e4rjell\u00e4 ja muokattavalla ruodolla. Kest\u00e4v\u00e4, monik\u00e4ytt\u00f6inen ja tarkka retkeilyyn ja arkeen.\" \/>\n<meta property=\"og:url\" content=\"https:\/\/takomoalkutuli.fi\/en\/product\/taottu-puukon-tera\/\" \/>\n<meta property=\"og:site_name\" content=\"Takomo Alkutuli\" \/>\n<meta property=\"article:publisher\" content=\"https:\/\/www.facebook.com\/TakomoAlkutuli\/\" \/>\n<meta property=\"article:modified_time\" content=\"2025-10-17T15:47:42+00:00\" \/>\n<meta property=\"og:image\" content=\"https:\/\/takomoalkutuli.fi\/wp-content\/uploads\/2025\/05\/puko1-scaled.jpg\" \/>\n\t<meta property=\"og:image:width\" content=\"2560\" \/>\n\t<meta property=\"og:image:height\" content=\"1702\" \/>\n\t<meta property=\"og:image:type\" content=\"image\/jpeg\" \/>\n<meta name=\"twitter:card\" content=\"summary_large_image\" \/>\n<meta name=\"twitter:label1\" content=\"Est. reading time\" \/>\n\t<meta name=\"twitter:data1\" content=\"2 minutes\" \/>\n<script type=\"application\/ld+json\" class=\"yoast-schema-graph\">{\"@context\":\"https:\/\/schema.org\",\"@graph\":[{\"@type\":\"WebPage\",\"@id\":\"https:\/\/takomoalkutuli.fi\/product\/taottu-puukon-tera\/\",\"url\":\"https:\/\/takomoalkutuli.fi\/product\/taottu-puukon-tera\/\",\"name\":\"Taottu puukon ter\u00e4. - Takomo Alkutuli\",\"isPartOf\":{\"@id\":\"https:\/\/takomoalkutuli.fi\/#website\"},\"primaryImageOfPage\":{\"@id\":\"https:\/\/takomoalkutuli.fi\/product\/taottu-puukon-tera\/#primaryimage\"},\"image\":{\"@id\":\"https:\/\/takomoalkutuli.fi\/product\/taottu-puukon-tera\/#primaryimage\"},\"thumbnailUrl\":\"https:\/\/takomoalkutuli.fi\/wp-content\/uploads\/2025\/05\/puko1-scaled.jpg\",\"datePublished\":\"2025-05-25T16:52:08+00:00\",\"dateModified\":\"2025-10-17T15:47:42+00:00\",\"description\":\"K\u00e4sin taottu puukonter\u00e4 hiiliter\u00e4ksest\u00e4, drop point -k\u00e4rjell\u00e4 ja muokattavalla ruodolla. Kest\u00e4v\u00e4, monik\u00e4ytt\u00f6inen ja tarkka retkeilyyn ja arkeen.\",\"breadcrumb\":{\"@id\":\"https:\/\/takomoalkutuli.fi\/product\/taottu-puukon-tera\/#breadcrumb\"},\"inLanguage\":\"en-US\",\"potentialAction\":[{\"@type\":\"ReadAction\",\"target\":[\"https:\/\/takomoalkutuli.fi\/product\/taottu-puukon-tera\/\"]}]},{\"@type\":\"ImageObject\",\"inLanguage\":\"en-US\",\"@id\":\"https:\/\/takomoalkutuli.fi\/product\/taottu-puukon-tera\/#primaryimage\",\"url\":\"https:\/\/takomoalkutuli.fi\/wp-content\/uploads\/2025\/05\/puko1-scaled.jpg\",\"contentUrl\":\"https:\/\/takomoalkutuli.fi\/wp-content\/uploads\/2025\/05\/puko1-scaled.jpg\",\"width\":2560,\"height\":1702,\"caption\":\"Taottu puukon ter\u00e4\"},{\"@type\":\"BreadcrumbList\",\"@id\":\"https:\/\/takomoalkutuli.fi\/product\/taottu-puukon-tera\/#breadcrumb\",\"itemListElement\":[{\"@type\":\"ListItem\",\"position\":1,\"name\":\"Etusivu\",\"item\":\"https:\/\/takomoalkutuli.fi\/\"},{\"@type\":\"ListItem\",\"position\":2,\"name\":\"Kauppa\",\"item\":\"https:\/\/takomoalkutuli.fi\/shop\/\"},{\"@type\":\"ListItem\",\"position\":3,\"name\":\"Taottu puukon ter\u00e4.\"}]},{\"@type\":\"WebSite\",\"@id\":\"https:\/\/takomoalkutuli.fi\/#website\",\"url\":\"https:\/\/takomoalkutuli.fi\/\",\"name\":\"Takomo Alkutuli\",\"description\":\"\",\"publisher\":{\"@id\":\"https:\/\/takomoalkutuli.fi\/#organization\"},\"potentialAction\":[{\"@type\":\"SearchAction\",\"target\":{\"@type\":\"EntryPoint\",\"urlTemplate\":\"https:\/\/takomoalkutuli.fi\/?s={search_term_string}\"},\"query-input\":{\"@type\":\"PropertyValueSpecification\",\"valueRequired\":true,\"valueName\":\"search_term_string\"}}],\"inLanguage\":\"en-US\"},{\"@type\":\"Organization\",\"@id\":\"https:\/\/takomoalkutuli.fi\/#organization\",\"name\":\"Takomo Alkutuli\",\"url\":\"https:\/\/takomoalkutuli.fi\/\",\"logo\":{\"@type\":\"ImageObject\",\"inLanguage\":\"en-US\",\"@id\":\"https:\/\/takomoalkutuli.fi\/#\/schema\/logo\/image\/\",\"url\":\"https:\/\/takomoalkutuli.fi\/wp-content\/uploads\/2024\/10\/icon.png\",\"contentUrl\":\"https:\/\/takomoalkutuli.fi\/wp-content\/uploads\/2024\/10\/icon.png\",\"width\":228,\"height\":228,\"caption\":\"Takomo Alkutuli\"},\"image\":{\"@id\":\"https:\/\/takomoalkutuli.fi\/#\/schema\/logo\/image\/\"},\"sameAs\":[\"https:\/\/www.facebook.com\/TakomoAlkutuli\/\",\"https:\/\/www.instagram.com\/alkutuli\/\"]}]}<\/script>\n<!-- \/ Yoast SEO plugin. -->","yoast_head_json":{"title":"Taottu puukon ter\u00e4. - Takomo Alkutuli","description":"K\u00e4sin taottu puukonter\u00e4 hiiliter\u00e4ksest\u00e4, drop point -k\u00e4rjell\u00e4 ja muokattavalla ruodolla. Kest\u00e4v\u00e4, monik\u00e4ytt\u00f6inen ja tarkka retkeilyyn ja arkeen.","robots":{"index":"index","follow":"follow","max-snippet":"max-snippet:-1","max-image-preview":"max-image-preview:large","max-video-preview":"max-video-preview:-1"},"canonical":"https:\/\/takomoalkutuli.fi\/en\/product\/taottu-puukon-tera\/","og_locale":"en_US","og_type":"article","og_title":"Taottu puukon ter\u00e4. - Takomo Alkutuli","og_description":"K\u00e4sin taottu puukonter\u00e4 hiiliter\u00e4ksest\u00e4, drop point -k\u00e4rjell\u00e4 ja muokattavalla ruodolla. Kest\u00e4v\u00e4, monik\u00e4ytt\u00f6inen ja tarkka retkeilyyn ja arkeen.","og_url":"https:\/\/takomoalkutuli.fi\/en\/product\/taottu-puukon-tera\/","og_site_name":"Takomo Alkutuli","article_publisher":"https:\/\/www.facebook.com\/TakomoAlkutuli\/","article_modified_time":"2025-10-17T15:47:42+00:00","og_image":[{"width":2560,"height":1702,"url":"https:\/\/takomoalkutuli.fi\/wp-content\/uploads\/2025\/05\/puko1-scaled.jpg","type":"image\/jpeg"}],"twitter_card":"summary_large_image","twitter_misc":{"Est. reading time":"2 minutes"},"schema":{"@context":"https:\/\/schema.org","@graph":[{"@type":"WebPage","@id":"https:\/\/takomoalkutuli.fi\/product\/taottu-puukon-tera\/","url":"https:\/\/takomoalkutuli.fi\/product\/taottu-puukon-tera\/","name":"Taottu puukon ter\u00e4. - Takomo Alkutuli","isPartOf":{"@id":"https:\/\/takomoalkutuli.fi\/#website"},"primaryImageOfPage":{"@id":"https:\/\/takomoalkutuli.fi\/product\/taottu-puukon-tera\/#primaryimage"},"image":{"@id":"https:\/\/takomoalkutuli.fi\/product\/taottu-puukon-tera\/#primaryimage"},"thumbnailUrl":"https:\/\/takomoalkutuli.fi\/wp-content\/uploads\/2025\/05\/puko1-scaled.jpg","datePublished":"2025-05-25T16:52:08+00:00","dateModified":"2025-10-17T15:47:42+00:00","description":"K\u00e4sin taottu puukonter\u00e4 hiiliter\u00e4ksest\u00e4, drop point -k\u00e4rjell\u00e4 ja muokattavalla ruodolla. Kest\u00e4v\u00e4, monik\u00e4ytt\u00f6inen ja tarkka retkeilyyn ja arkeen.","breadcrumb":{"@id":"https:\/\/takomoalkutuli.fi\/product\/taottu-puukon-tera\/#breadcrumb"},"inLanguage":"en-US","potentialAction":[{"@type":"ReadAction","target":["https:\/\/takomoalkutuli.fi\/product\/taottu-puukon-tera\/"]}]},{"@type":"ImageObject","inLanguage":"en-US","@id":"https:\/\/takomoalkutuli.fi\/product\/taottu-puukon-tera\/#primaryimage","url":"https:\/\/takomoalkutuli.fi\/wp-content\/uploads\/2025\/05\/puko1-scaled.jpg","contentUrl":"https:\/\/takomoalkutuli.fi\/wp-content\/uploads\/2025\/05\/puko1-scaled.jpg","width":2560,"height":1702,"caption":"Taottu puukon ter\u00e4"},{"@type":"BreadcrumbList","@id":"https:\/\/takomoalkutuli.fi\/product\/taottu-puukon-tera\/#breadcrumb","itemListElement":[{"@type":"ListItem","position":1,"name":"Etusivu","item":"https:\/\/takomoalkutuli.fi\/"},{"@type":"ListItem","position":2,"name":"Kauppa","item":"https:\/\/takomoalkutuli.fi\/shop\/"},{"@type":"ListItem","position":3,"name":"Taottu puukon ter\u00e4."}]},{"@type":"WebSite","@id":"https:\/\/takomoalkutuli.fi\/#website","url":"https:\/\/takomoalkutuli.fi\/","name":"Primordial Fire forge","description":"","publisher":{"@id":"https:\/\/takomoalkutuli.fi\/#organization"},"potentialAction":[{"@type":"SearchAction","target":{"@type":"EntryPoint","urlTemplate":"https:\/\/takomoalkutuli.fi\/?s={search_term_string}"},"query-input":{"@type":"PropertyValueSpecification","valueRequired":true,"valueName":"search_term_string"}}],"inLanguage":"en-US"},{"@type":"Organization","@id":"https:\/\/takomoalkutuli.fi\/#organization","name":"Primordial Fire forge","url":"https:\/\/takomoalkutuli.fi\/","logo":{"@type":"ImageObject","inLanguage":"en-US","@id":"https:\/\/takomoalkutuli.fi\/#\/schema\/logo\/image\/","url":"https:\/\/takomoalkutuli.fi\/wp-content\/uploads\/2024\/10\/icon.png","contentUrl":"https:\/\/takomoalkutuli.fi\/wp-content\/uploads\/2024\/10\/icon.png","width":228,"height":228,"caption":"Takomo Alkutuli"},"image":{"@id":"https:\/\/takomoalkutuli.fi\/#\/schema\/logo\/image\/"},"sameAs":["https:\/\/www.facebook.com\/TakomoAlkutuli\/","https:\/\/www.instagram.com\/alkutuli\/"]}]}},"_links":{"self":[{"href":"https:\/\/takomoalkutuli.fi\/en\/wp-json\/wp\/v2\/product\/1202","targetHints":{"allow":["GET"]}}],"collection":[{"href":"https:\/\/takomoalkutuli.fi\/en\/wp-json\/wp\/v2\/product"}],"about":[{"href":"https:\/\/takomoalkutuli.fi\/en\/wp-json\/wp\/v2\/types\/product"}],"wp:featuredmedia":[{"embeddable":true,"href":"https:\/\/takomoalkutuli.fi\/en\/wp-json\/wp\/v2\/media\/1203"}],"wp:attachment":[{"href":"https:\/\/takomoalkutuli.fi\/en\/wp-json\/wp\/v2\/media?parent=1202"}],"wp:term":[{"taxonomy":"product_brand","embeddable":true,"href":"https:\/\/takomoalkutuli.fi\/en\/wp-json\/wp\/v2\/product_brand?post=1202"},{"taxonomy":"product_cat","embeddable":true,"href":"https:\/\/takomoalkutuli.fi\/en\/wp-json\/wp\/v2\/product_cat?post=1202"},{"taxonomy":"product_tag","embeddable":true,"href":"https:\/\/takomoalkutuli.fi\/en\/wp-json\/wp\/v2\/product_tag?post=1202"}],"curies":[{"name":"wp","href":"https:\/\/api.w.org\/{rel}","templated":true}]}}