{"id":1194,"date":"2025-05-25T16:42:33","date_gmt":"2025-05-25T16:42:33","guid":{"rendered":"https:\/\/takomoalkutuli.fi\/?post_type=product&#038;p=1194"},"modified":"2025-10-17T15:56:53","modified_gmt":"2025-10-17T15:56:53","slug":"algiz-riimu-koru","status":"publish","type":"product","link":"https:\/\/takomoalkutuli.fi\/en\/product\/algiz-riimu-koru\/","title":{"rendered":"Algiz riimu &#8211; Koru"},"content":{"rendered":"<h3 data-start=\"59\" data-end=\"147\"><strong data-start=\"63\" data-end=\"145\">K\u00e4sin Taottu <\/strong><strong data-start=\"63\" data-end=\"145\">Algiz Riimu Koru \u2013\u00a0 Suojeluksen ja Hengellisen Yhteyden Symbolilla<\/strong><\/h3>\n<h3 data-start=\"59\" data-end=\"147\"><strong data-start=\"149\" data-end=\"169\">Algiz riimu koru<\/strong> tuo esiin vanhan pohjoiseurooppalaisen Futhark-riimun merkityksen ja symboliikan modernissa muodossa. Algiz tunnetaan suojeluksen, puolustautumisen ja hengellisen yhteyden vahvistamisen symbolina. Riimun muoto muistuttaa k\u00e4mment\u00e4, joka on asetettu uhkaa vastaan, sek\u00e4 hirven sarvikruunua \u2013 el\u00e4inten sarvia on perinteisesti yhdistetty jumalalliseen voimaan ja hedelm\u00e4llisyyteen.<\/h3>\n<p data-start=\"551\" data-end=\"982\">Historiallisesti Algiz-riimuja on k\u00e4ytetty koruina ja tatuointeina, ja niiden uskottiin suojelevan kantajaansa ja tuovan vahvan yhteyden jumalallisiin voimiin. T\u00e4m\u00e4 <strong data-start=\"716\" data-end=\"736\">Algiz-riimu-koru<\/strong> on k\u00e4sin taottu ter\u00e4ksest\u00e4, ja se yhdist\u00e4\u00e4 muinaisen symboliikan tyylikk\u00e4\u00e4seen ja nykyaikaiseen korumuotoiluun. Koru sopii t\u00e4ydellisesti niin arkeen kuin merkitykselliseen lahjaksi, tuoden kantajalleen symbolisen suojan ja yhteyden historiaan.<\/p>\n<p>Korkeus: 50mm<\/p>\n<p>Each piece is individually handcrafted, so slight variations in details and dimensions may occur.<\/p>\n<p>&nbsp;<\/p>\n<p><em>Tagit: <a href=\"https:\/\/takomoalkutuli.fi\/en\/product-category\/korut\/\">Jewelry<\/a><\/em><\/p>","protected":false},"excerpt":{"rendered":"<p>Algiz riimu &#8211; riipus. Suojelus, puolustus, hirvi.<\/p>","protected":false},"featured_media":1199,"template":"","meta":[],"product_brand":[],"product_cat":[20],"product_tag":[143,144,50,145,59],"class_list":{"0":"post-1194","1":"product","2":"type-product","3":"status-publish","4":"has-post-thumbnail","6":"product_cat-korut","7":"product_tag-algiz","8":"product_tag-riimu","9":"product_tag-riipus","10":"product_tag-suojelus","11":"product_tag-viikinki","12":"product_shipping_class-kirje","14":"first","15":"instock","16":"taxable","17":"shipping-taxable","18":"purchasable","19":"product-type-simple"},"yoast_head":"<!-- This site is optimized with the Yoast SEO plugin v26.1.1 - https:\/\/yoast.com\/wordpress\/plugins\/seo\/ -->\n<title>Algiz riimu - Koru - Takomo Alkutuli<\/title>\n<meta name=\"description\" content=\"K\u00e4sin taottu Algiz riimu koru tuo suojeluksen, hengellisen yhteyden ja pohjoiseurooppalaisen riimuperinteen moderniin korumuotoon.\" \/>\n<meta name=\"robots\" content=\"index, follow, max-snippet:-1, max-image-preview:large, max-video-preview:-1\" \/>\n<link rel=\"canonical\" href=\"https:\/\/takomoalkutuli.fi\/en\/product\/algiz-riimu-koru\/\" \/>\n<meta property=\"og:locale\" content=\"en_US\" \/>\n<meta property=\"og:type\" content=\"article\" \/>\n<meta property=\"og:title\" content=\"Algiz riimu - Koru - Takomo Alkutuli\" \/>\n<meta property=\"og:description\" content=\"K\u00e4sin taottu Algiz riimu koru tuo suojeluksen, hengellisen yhteyden ja pohjoiseurooppalaisen riimuperinteen moderniin korumuotoon.\" \/>\n<meta property=\"og:url\" content=\"https:\/\/takomoalkutuli.fi\/en\/product\/algiz-riimu-koru\/\" \/>\n<meta property=\"og:site_name\" content=\"Takomo Alkutuli\" \/>\n<meta property=\"article:publisher\" content=\"https:\/\/www.facebook.com\/TakomoAlkutuli\/\" \/>\n<meta property=\"article:modified_time\" content=\"2025-10-17T15:56:53+00:00\" \/>\n<meta property=\"og:image\" content=\"https:\/\/takomoalkutuli.fi\/wp-content\/uploads\/2025\/05\/algiz1-scaled.jpg\" \/>\n\t<meta property=\"og:image:width\" content=\"2560\" \/>\n\t<meta property=\"og:image:height\" content=\"1976\" \/>\n\t<meta property=\"og:image:type\" content=\"image\/jpeg\" \/>\n<meta name=\"twitter:card\" content=\"summary_large_image\" \/>\n<meta name=\"twitter:label1\" content=\"Est. reading time\" \/>\n\t<meta name=\"twitter:data1\" content=\"1 minute\" \/>\n<script type=\"application\/ld+json\" class=\"yoast-schema-graph\">{\"@context\":\"https:\/\/schema.org\",\"@graph\":[{\"@type\":\"WebPage\",\"@id\":\"https:\/\/takomoalkutuli.fi\/product\/algiz-riimu-koru\/\",\"url\":\"https:\/\/takomoalkutuli.fi\/product\/algiz-riimu-koru\/\",\"name\":\"Algiz riimu - Koru - Takomo Alkutuli\",\"isPartOf\":{\"@id\":\"https:\/\/takomoalkutuli.fi\/#website\"},\"primaryImageOfPage\":{\"@id\":\"https:\/\/takomoalkutuli.fi\/product\/algiz-riimu-koru\/#primaryimage\"},\"image\":{\"@id\":\"https:\/\/takomoalkutuli.fi\/product\/algiz-riimu-koru\/#primaryimage\"},\"thumbnailUrl\":\"https:\/\/takomoalkutuli.fi\/wp-content\/uploads\/2025\/05\/algiz1-scaled.jpg\",\"datePublished\":\"2025-05-25T16:42:33+00:00\",\"dateModified\":\"2025-10-17T15:56:53+00:00\",\"description\":\"K\u00e4sin taottu Algiz riimu koru tuo suojeluksen, hengellisen yhteyden ja pohjoiseurooppalaisen riimuperinteen moderniin korumuotoon.\",\"breadcrumb\":{\"@id\":\"https:\/\/takomoalkutuli.fi\/product\/algiz-riimu-koru\/#breadcrumb\"},\"inLanguage\":\"en-US\",\"potentialAction\":[{\"@type\":\"ReadAction\",\"target\":[\"https:\/\/takomoalkutuli.fi\/product\/algiz-riimu-koru\/\"]}]},{\"@type\":\"ImageObject\",\"inLanguage\":\"en-US\",\"@id\":\"https:\/\/takomoalkutuli.fi\/product\/algiz-riimu-koru\/#primaryimage\",\"url\":\"https:\/\/takomoalkutuli.fi\/wp-content\/uploads\/2025\/05\/algiz1-scaled.jpg\",\"contentUrl\":\"https:\/\/takomoalkutuli.fi\/wp-content\/uploads\/2025\/05\/algiz1-scaled.jpg\",\"width\":2560,\"height\":1976,\"caption\":\"Algiz riimu riipus\"},{\"@type\":\"BreadcrumbList\",\"@id\":\"https:\/\/takomoalkutuli.fi\/product\/algiz-riimu-koru\/#breadcrumb\",\"itemListElement\":[{\"@type\":\"ListItem\",\"position\":1,\"name\":\"Etusivu\",\"item\":\"https:\/\/takomoalkutuli.fi\/\"},{\"@type\":\"ListItem\",\"position\":2,\"name\":\"Kauppa\",\"item\":\"https:\/\/takomoalkutuli.fi\/shop\/\"},{\"@type\":\"ListItem\",\"position\":3,\"name\":\"Algiz riimu &#8211; Koru\"}]},{\"@type\":\"WebSite\",\"@id\":\"https:\/\/takomoalkutuli.fi\/#website\",\"url\":\"https:\/\/takomoalkutuli.fi\/\",\"name\":\"Takomo Alkutuli\",\"description\":\"\",\"publisher\":{\"@id\":\"https:\/\/takomoalkutuli.fi\/#organization\"},\"potentialAction\":[{\"@type\":\"SearchAction\",\"target\":{\"@type\":\"EntryPoint\",\"urlTemplate\":\"https:\/\/takomoalkutuli.fi\/?s={search_term_string}\"},\"query-input\":{\"@type\":\"PropertyValueSpecification\",\"valueRequired\":true,\"valueName\":\"search_term_string\"}}],\"inLanguage\":\"en-US\"},{\"@type\":\"Organization\",\"@id\":\"https:\/\/takomoalkutuli.fi\/#organization\",\"name\":\"Takomo Alkutuli\",\"url\":\"https:\/\/takomoalkutuli.fi\/\",\"logo\":{\"@type\":\"ImageObject\",\"inLanguage\":\"en-US\",\"@id\":\"https:\/\/takomoalkutuli.fi\/#\/schema\/logo\/image\/\",\"url\":\"https:\/\/takomoalkutuli.fi\/wp-content\/uploads\/2024\/10\/icon.png\",\"contentUrl\":\"https:\/\/takomoalkutuli.fi\/wp-content\/uploads\/2024\/10\/icon.png\",\"width\":228,\"height\":228,\"caption\":\"Takomo Alkutuli\"},\"image\":{\"@id\":\"https:\/\/takomoalkutuli.fi\/#\/schema\/logo\/image\/\"},\"sameAs\":[\"https:\/\/www.facebook.com\/TakomoAlkutuli\/\",\"https:\/\/www.instagram.com\/alkutuli\/\"]}]}<\/script>\n<!-- \/ Yoast SEO plugin. -->","yoast_head_json":{"title":"Algiz riimu - Koru - Takomo Alkutuli","description":"K\u00e4sin taottu Algiz riimu koru tuo suojeluksen, hengellisen yhteyden ja pohjoiseurooppalaisen riimuperinteen moderniin korumuotoon.","robots":{"index":"index","follow":"follow","max-snippet":"max-snippet:-1","max-image-preview":"max-image-preview:large","max-video-preview":"max-video-preview:-1"},"canonical":"https:\/\/takomoalkutuli.fi\/en\/product\/algiz-riimu-koru\/","og_locale":"en_US","og_type":"article","og_title":"Algiz riimu - Koru - Takomo Alkutuli","og_description":"K\u00e4sin taottu Algiz riimu koru tuo suojeluksen, hengellisen yhteyden ja pohjoiseurooppalaisen riimuperinteen moderniin korumuotoon.","og_url":"https:\/\/takomoalkutuli.fi\/en\/product\/algiz-riimu-koru\/","og_site_name":"Takomo Alkutuli","article_publisher":"https:\/\/www.facebook.com\/TakomoAlkutuli\/","article_modified_time":"2025-10-17T15:56:53+00:00","og_image":[{"width":2560,"height":1976,"url":"https:\/\/takomoalkutuli.fi\/wp-content\/uploads\/2025\/05\/algiz1-scaled.jpg","type":"image\/jpeg"}],"twitter_card":"summary_large_image","twitter_misc":{"Est. reading time":"1 minute"},"schema":{"@context":"https:\/\/schema.org","@graph":[{"@type":"WebPage","@id":"https:\/\/takomoalkutuli.fi\/product\/algiz-riimu-koru\/","url":"https:\/\/takomoalkutuli.fi\/product\/algiz-riimu-koru\/","name":"Algiz riimu - Koru - Takomo Alkutuli","isPartOf":{"@id":"https:\/\/takomoalkutuli.fi\/#website"},"primaryImageOfPage":{"@id":"https:\/\/takomoalkutuli.fi\/product\/algiz-riimu-koru\/#primaryimage"},"image":{"@id":"https:\/\/takomoalkutuli.fi\/product\/algiz-riimu-koru\/#primaryimage"},"thumbnailUrl":"https:\/\/takomoalkutuli.fi\/wp-content\/uploads\/2025\/05\/algiz1-scaled.jpg","datePublished":"2025-05-25T16:42:33+00:00","dateModified":"2025-10-17T15:56:53+00:00","description":"K\u00e4sin taottu Algiz riimu koru tuo suojeluksen, hengellisen yhteyden ja pohjoiseurooppalaisen riimuperinteen moderniin korumuotoon.","breadcrumb":{"@id":"https:\/\/takomoalkutuli.fi\/product\/algiz-riimu-koru\/#breadcrumb"},"inLanguage":"en-US","potentialAction":[{"@type":"ReadAction","target":["https:\/\/takomoalkutuli.fi\/product\/algiz-riimu-koru\/"]}]},{"@type":"ImageObject","inLanguage":"en-US","@id":"https:\/\/takomoalkutuli.fi\/product\/algiz-riimu-koru\/#primaryimage","url":"https:\/\/takomoalkutuli.fi\/wp-content\/uploads\/2025\/05\/algiz1-scaled.jpg","contentUrl":"https:\/\/takomoalkutuli.fi\/wp-content\/uploads\/2025\/05\/algiz1-scaled.jpg","width":2560,"height":1976,"caption":"Algiz riimu riipus"},{"@type":"BreadcrumbList","@id":"https:\/\/takomoalkutuli.fi\/product\/algiz-riimu-koru\/#breadcrumb","itemListElement":[{"@type":"ListItem","position":1,"name":"Etusivu","item":"https:\/\/takomoalkutuli.fi\/"},{"@type":"ListItem","position":2,"name":"Kauppa","item":"https:\/\/takomoalkutuli.fi\/shop\/"},{"@type":"ListItem","position":3,"name":"Algiz riimu &#8211; Koru"}]},{"@type":"WebSite","@id":"https:\/\/takomoalkutuli.fi\/#website","url":"https:\/\/takomoalkutuli.fi\/","name":"Primordial Fire forge","description":"","publisher":{"@id":"https:\/\/takomoalkutuli.fi\/#organization"},"potentialAction":[{"@type":"SearchAction","target":{"@type":"EntryPoint","urlTemplate":"https:\/\/takomoalkutuli.fi\/?s={search_term_string}"},"query-input":{"@type":"PropertyValueSpecification","valueRequired":true,"valueName":"search_term_string"}}],"inLanguage":"en-US"},{"@type":"Organization","@id":"https:\/\/takomoalkutuli.fi\/#organization","name":"Primordial Fire forge","url":"https:\/\/takomoalkutuli.fi\/","logo":{"@type":"ImageObject","inLanguage":"en-US","@id":"https:\/\/takomoalkutuli.fi\/#\/schema\/logo\/image\/","url":"https:\/\/takomoalkutuli.fi\/wp-content\/uploads\/2024\/10\/icon.png","contentUrl":"https:\/\/takomoalkutuli.fi\/wp-content\/uploads\/2024\/10\/icon.png","width":228,"height":228,"caption":"Takomo Alkutuli"},"image":{"@id":"https:\/\/takomoalkutuli.fi\/#\/schema\/logo\/image\/"},"sameAs":["https:\/\/www.facebook.com\/TakomoAlkutuli\/","https:\/\/www.instagram.com\/alkutuli\/"]}]}},"_links":{"self":[{"href":"https:\/\/takomoalkutuli.fi\/en\/wp-json\/wp\/v2\/product\/1194","targetHints":{"allow":["GET"]}}],"collection":[{"href":"https:\/\/takomoalkutuli.fi\/en\/wp-json\/wp\/v2\/product"}],"about":[{"href":"https:\/\/takomoalkutuli.fi\/en\/wp-json\/wp\/v2\/types\/product"}],"wp:featuredmedia":[{"embeddable":true,"href":"https:\/\/takomoalkutuli.fi\/en\/wp-json\/wp\/v2\/media\/1199"}],"wp:attachment":[{"href":"https:\/\/takomoalkutuli.fi\/en\/wp-json\/wp\/v2\/media?parent=1194"}],"wp:term":[{"taxonomy":"product_brand","embeddable":true,"href":"https:\/\/takomoalkutuli.fi\/en\/wp-json\/wp\/v2\/product_brand?post=1194"},{"taxonomy":"product_cat","embeddable":true,"href":"https:\/\/takomoalkutuli.fi\/en\/wp-json\/wp\/v2\/product_cat?post=1194"},{"taxonomy":"product_tag","embeddable":true,"href":"https:\/\/takomoalkutuli.fi\/en\/wp-json\/wp\/v2\/product_tag?post=1194"}],"curies":[{"name":"wp","href":"https:\/\/api.w.org\/{rel}","templated":true}]}}