{"id":1168,"date":"2025-04-03T13:49:02","date_gmt":"2025-04-03T13:49:02","guid":{"rendered":"https:\/\/takomoalkutuli.fi\/?post_type=product&#038;p=1168"},"modified":"2025-10-17T15:42:47","modified_gmt":"2025-10-17T15:42:47","slug":"sirppi-riipus","status":"publish","type":"product","link":"https:\/\/takomoalkutuli.fi\/en\/product\/sirppi-riipus\/","title":{"rendered":"Sirppi &#8211; Riipus"},"content":{"rendered":"<h3 data-start=\"82\" data-end=\"141\"><strong data-start=\"86\" data-end=\"141\">K\u00e4sin Taottu Sirppi-Riipus \u2014 El\u00e4m\u00e4n ja Kuun Symboli<\/strong><\/h3>\n<p data-start=\"143\" data-end=\"418\">T\u00e4m\u00e4 <strong data-start=\"148\" data-end=\"178\">k\u00e4sin taottu sirppi-riipus<\/strong> yhdist\u00e4\u00e4 perinteisen maatalousty\u00f6kalun historiallisen merkityksen ja symboliikan. Sirppi on ollut kautta aikojen merkitt\u00e4v\u00e4 v\u00e4line sadonkorjuussa, mutta se on my\u00f6s kantanut syv\u00e4\u00e4 symbolista arvoa, erityisesti kelttil\u00e4isess\u00e4 mytologiassa.<\/p>\n<p data-start=\"420\" data-end=\"716\">Riipus symboloi <strong data-start=\"436\" data-end=\"479\">el\u00e4m\u00e4n kiertokulkua, kasvua ja kuolemaa<\/strong>, muistuttaen ihmist\u00e4 luonnon jatkuvasta muutoksesta. Lis\u00e4ksi sirppi muistuttaa <strong data-start=\"559\" data-end=\"575\">kuun sirppi\u00e4<\/strong>, sill\u00e4 kuun vaiheet vaikuttavat el\u00e4m\u00e4n rytmiin maan p\u00e4\u00e4ll\u00e4. T\u00e4m\u00e4 koru tuo kantajalleen yhteyden luontoon, ajan kiertoon ja el\u00e4m\u00e4n voimiin.<\/p>\n<p data-start=\"718\" data-end=\"951\">K\u00e4sity\u00f6n\u00e4 taottu sirppi-riipus on kaunis ja merkityksellinen lis\u00e4 korukokoelmaan. Se sopii lahjaksi mytologian yst\u00e4ville, luonnonvoimista kiinnostuneille ja kaikille, jotka arvostavat yksil\u00f6llist\u00e4 k\u00e4sity\u00f6t\u00e4 ja symboliikkaa arjessa.<\/p>\n<p>Sirppi on valmistettu rakenneter\u00e4ksest\u00e4. Koru on poltettu hautatervaan, antaen t\u00e4lle erinomaisen ruostesuojauksen. Ny\u00f6ri on kotimaista hirvennahkaa ja siin\u00e4 on s\u00e4\u00e4dett\u00e4v\u00e4 solmu.<\/p>\n<p>Korkeus: 55mm<\/p>\n<p>Each piece is individually handcrafted, so slight variations in details and dimensions may occur.<\/p>\n<p>&nbsp;<\/p>\n<p><em>Tagit: <a href=\"https:\/\/takomoalkutuli.fi\/en\/product-category\/korut\/\">Jewelry<\/a><\/em><\/p>","protected":false},"excerpt":{"rendered":"<p>Taottu sirppi &#8211; Edustaa luonnon kiertokulkua, el\u00e4m\u00e4\u00e4 ja kuolemaa.<\/p>","protected":false},"featured_media":1169,"template":"","meta":[],"product_brand":[],"product_cat":[20],"product_tag":[80,47,142],"class_list":{"0":"post-1168","1":"product","2":"type-product","3":"status-publish","4":"has-post-thumbnail","6":"product_cat-korut","7":"product_tag-keltti","8":"product_tag-koru","9":"product_tag-sirppi","10":"product_shipping_class-kirje","12":"first","13":"instock","14":"taxable","15":"shipping-taxable","16":"purchasable","17":"product-type-simple"},"yoast_head":"<!-- This site is optimized with the Yoast SEO plugin v26.1.1 - https:\/\/yoast.com\/wordpress\/plugins\/seo\/ -->\n<title>Sirppi - Riipus - Takomo Alkutuli<\/title>\n<meta name=\"description\" content=\"K\u00e4sin taottu sirppi-riipus symboloi el\u00e4m\u00e4n kiertokulkua, kasvua ja kuolemaa. Tyylik\u00e4s ja merkityksellinen koru arkik\u00e4ytt\u00f6\u00f6n tai lahjaksi.\" \/>\n<meta name=\"robots\" content=\"index, follow, max-snippet:-1, max-image-preview:large, max-video-preview:-1\" \/>\n<link rel=\"canonical\" href=\"https:\/\/takomoalkutuli.fi\/en\/product\/sirppi-riipus\/\" \/>\n<meta property=\"og:locale\" content=\"en_US\" \/>\n<meta property=\"og:type\" content=\"article\" \/>\n<meta property=\"og:title\" content=\"Sirppi - Riipus - Takomo Alkutuli\" \/>\n<meta property=\"og:description\" content=\"K\u00e4sin taottu sirppi-riipus symboloi el\u00e4m\u00e4n kiertokulkua, kasvua ja kuolemaa. Tyylik\u00e4s ja merkityksellinen koru arkik\u00e4ytt\u00f6\u00f6n tai lahjaksi.\" \/>\n<meta property=\"og:url\" content=\"https:\/\/takomoalkutuli.fi\/en\/product\/sirppi-riipus\/\" \/>\n<meta property=\"og:site_name\" content=\"Takomo Alkutuli\" \/>\n<meta property=\"article:publisher\" content=\"https:\/\/www.facebook.com\/TakomoAlkutuli\/\" \/>\n<meta property=\"article:modified_time\" content=\"2025-10-17T15:42:47+00:00\" \/>\n<meta property=\"og:image\" content=\"https:\/\/takomoalkutuli.fi\/wp-content\/uploads\/2025\/04\/sirppi.jpg\" \/>\n\t<meta property=\"og:image:width\" content=\"1\" \/>\n\t<meta property=\"og:image:height\" content=\"1\" \/>\n\t<meta property=\"og:image:type\" content=\"image\/jpeg\" \/>\n<meta name=\"twitter:card\" content=\"summary_large_image\" \/>\n<meta name=\"twitter:label1\" content=\"Est. reading time\" \/>\n\t<meta name=\"twitter:data1\" content=\"2 minutes\" \/>\n<script type=\"application\/ld+json\" class=\"yoast-schema-graph\">{\"@context\":\"https:\/\/schema.org\",\"@graph\":[{\"@type\":\"WebPage\",\"@id\":\"https:\/\/takomoalkutuli.fi\/product\/sirppi-riipus\/\",\"url\":\"https:\/\/takomoalkutuli.fi\/product\/sirppi-riipus\/\",\"name\":\"Sirppi - Riipus - Takomo Alkutuli\",\"isPartOf\":{\"@id\":\"https:\/\/takomoalkutuli.fi\/#website\"},\"primaryImageOfPage\":{\"@id\":\"https:\/\/takomoalkutuli.fi\/product\/sirppi-riipus\/#primaryimage\"},\"image\":{\"@id\":\"https:\/\/takomoalkutuli.fi\/product\/sirppi-riipus\/#primaryimage\"},\"thumbnailUrl\":\"https:\/\/takomoalkutuli.fi\/wp-content\/uploads\/2025\/04\/sirppi.jpg\",\"datePublished\":\"2025-04-03T13:49:02+00:00\",\"dateModified\":\"2025-10-17T15:42:47+00:00\",\"description\":\"K\u00e4sin taottu sirppi-riipus symboloi el\u00e4m\u00e4n kiertokulkua, kasvua ja kuolemaa. Tyylik\u00e4s ja merkityksellinen koru arkik\u00e4ytt\u00f6\u00f6n tai lahjaksi.\",\"breadcrumb\":{\"@id\":\"https:\/\/takomoalkutuli.fi\/product\/sirppi-riipus\/#breadcrumb\"},\"inLanguage\":\"en-US\",\"potentialAction\":[{\"@type\":\"ReadAction\",\"target\":[\"https:\/\/takomoalkutuli.fi\/product\/sirppi-riipus\/\"]}]},{\"@type\":\"ImageObject\",\"inLanguage\":\"en-US\",\"@id\":\"https:\/\/takomoalkutuli.fi\/product\/sirppi-riipus\/#primaryimage\",\"url\":\"https:\/\/takomoalkutuli.fi\/wp-content\/uploads\/2025\/04\/sirppi.jpg\",\"contentUrl\":\"https:\/\/takomoalkutuli.fi\/wp-content\/uploads\/2025\/04\/sirppi.jpg\",\"caption\":\"Taottu sirppu riipus\"},{\"@type\":\"BreadcrumbList\",\"@id\":\"https:\/\/takomoalkutuli.fi\/product\/sirppi-riipus\/#breadcrumb\",\"itemListElement\":[{\"@type\":\"ListItem\",\"position\":1,\"name\":\"Etusivu\",\"item\":\"https:\/\/takomoalkutuli.fi\/\"},{\"@type\":\"ListItem\",\"position\":2,\"name\":\"Kauppa\",\"item\":\"https:\/\/takomoalkutuli.fi\/shop\/\"},{\"@type\":\"ListItem\",\"position\":3,\"name\":\"Sirppi &#8211; Riipus\"}]},{\"@type\":\"WebSite\",\"@id\":\"https:\/\/takomoalkutuli.fi\/#website\",\"url\":\"https:\/\/takomoalkutuli.fi\/\",\"name\":\"Takomo Alkutuli\",\"description\":\"\",\"publisher\":{\"@id\":\"https:\/\/takomoalkutuli.fi\/#organization\"},\"potentialAction\":[{\"@type\":\"SearchAction\",\"target\":{\"@type\":\"EntryPoint\",\"urlTemplate\":\"https:\/\/takomoalkutuli.fi\/?s={search_term_string}\"},\"query-input\":{\"@type\":\"PropertyValueSpecification\",\"valueRequired\":true,\"valueName\":\"search_term_string\"}}],\"inLanguage\":\"en-US\"},{\"@type\":\"Organization\",\"@id\":\"https:\/\/takomoalkutuli.fi\/#organization\",\"name\":\"Takomo Alkutuli\",\"url\":\"https:\/\/takomoalkutuli.fi\/\",\"logo\":{\"@type\":\"ImageObject\",\"inLanguage\":\"en-US\",\"@id\":\"https:\/\/takomoalkutuli.fi\/#\/schema\/logo\/image\/\",\"url\":\"https:\/\/takomoalkutuli.fi\/wp-content\/uploads\/2024\/10\/icon.png\",\"contentUrl\":\"https:\/\/takomoalkutuli.fi\/wp-content\/uploads\/2024\/10\/icon.png\",\"width\":228,\"height\":228,\"caption\":\"Takomo Alkutuli\"},\"image\":{\"@id\":\"https:\/\/takomoalkutuli.fi\/#\/schema\/logo\/image\/\"},\"sameAs\":[\"https:\/\/www.facebook.com\/TakomoAlkutuli\/\",\"https:\/\/www.instagram.com\/alkutuli\/\"]}]}<\/script>\n<!-- \/ Yoast SEO plugin. -->","yoast_head_json":{"title":"Sirppi - Riipus - Takomo Alkutuli","description":"K\u00e4sin taottu sirppi-riipus symboloi el\u00e4m\u00e4n kiertokulkua, kasvua ja kuolemaa. Tyylik\u00e4s ja merkityksellinen koru arkik\u00e4ytt\u00f6\u00f6n tai lahjaksi.","robots":{"index":"index","follow":"follow","max-snippet":"max-snippet:-1","max-image-preview":"max-image-preview:large","max-video-preview":"max-video-preview:-1"},"canonical":"https:\/\/takomoalkutuli.fi\/en\/product\/sirppi-riipus\/","og_locale":"en_US","og_type":"article","og_title":"Sirppi - Riipus - Takomo Alkutuli","og_description":"K\u00e4sin taottu sirppi-riipus symboloi el\u00e4m\u00e4n kiertokulkua, kasvua ja kuolemaa. Tyylik\u00e4s ja merkityksellinen koru arkik\u00e4ytt\u00f6\u00f6n tai lahjaksi.","og_url":"https:\/\/takomoalkutuli.fi\/en\/product\/sirppi-riipus\/","og_site_name":"Takomo Alkutuli","article_publisher":"https:\/\/www.facebook.com\/TakomoAlkutuli\/","article_modified_time":"2025-10-17T15:42:47+00:00","og_image":[{"url":"https:\/\/takomoalkutuli.fi\/wp-content\/uploads\/2025\/04\/sirppi.jpg","width":1,"height":1,"type":"image\/jpeg"}],"twitter_card":"summary_large_image","twitter_misc":{"Est. reading time":"2 minutes"},"schema":{"@context":"https:\/\/schema.org","@graph":[{"@type":"WebPage","@id":"https:\/\/takomoalkutuli.fi\/product\/sirppi-riipus\/","url":"https:\/\/takomoalkutuli.fi\/product\/sirppi-riipus\/","name":"Sirppi - Riipus - Takomo Alkutuli","isPartOf":{"@id":"https:\/\/takomoalkutuli.fi\/#website"},"primaryImageOfPage":{"@id":"https:\/\/takomoalkutuli.fi\/product\/sirppi-riipus\/#primaryimage"},"image":{"@id":"https:\/\/takomoalkutuli.fi\/product\/sirppi-riipus\/#primaryimage"},"thumbnailUrl":"https:\/\/takomoalkutuli.fi\/wp-content\/uploads\/2025\/04\/sirppi.jpg","datePublished":"2025-04-03T13:49:02+00:00","dateModified":"2025-10-17T15:42:47+00:00","description":"K\u00e4sin taottu sirppi-riipus symboloi el\u00e4m\u00e4n kiertokulkua, kasvua ja kuolemaa. Tyylik\u00e4s ja merkityksellinen koru arkik\u00e4ytt\u00f6\u00f6n tai lahjaksi.","breadcrumb":{"@id":"https:\/\/takomoalkutuli.fi\/product\/sirppi-riipus\/#breadcrumb"},"inLanguage":"en-US","potentialAction":[{"@type":"ReadAction","target":["https:\/\/takomoalkutuli.fi\/product\/sirppi-riipus\/"]}]},{"@type":"ImageObject","inLanguage":"en-US","@id":"https:\/\/takomoalkutuli.fi\/product\/sirppi-riipus\/#primaryimage","url":"https:\/\/takomoalkutuli.fi\/wp-content\/uploads\/2025\/04\/sirppi.jpg","contentUrl":"https:\/\/takomoalkutuli.fi\/wp-content\/uploads\/2025\/04\/sirppi.jpg","caption":"Taottu sirppu riipus"},{"@type":"BreadcrumbList","@id":"https:\/\/takomoalkutuli.fi\/product\/sirppi-riipus\/#breadcrumb","itemListElement":[{"@type":"ListItem","position":1,"name":"Etusivu","item":"https:\/\/takomoalkutuli.fi\/"},{"@type":"ListItem","position":2,"name":"Kauppa","item":"https:\/\/takomoalkutuli.fi\/shop\/"},{"@type":"ListItem","position":3,"name":"Sirppi &#8211; Riipus"}]},{"@type":"WebSite","@id":"https:\/\/takomoalkutuli.fi\/#website","url":"https:\/\/takomoalkutuli.fi\/","name":"Primordial Fire forge","description":"","publisher":{"@id":"https:\/\/takomoalkutuli.fi\/#organization"},"potentialAction":[{"@type":"SearchAction","target":{"@type":"EntryPoint","urlTemplate":"https:\/\/takomoalkutuli.fi\/?s={search_term_string}"},"query-input":{"@type":"PropertyValueSpecification","valueRequired":true,"valueName":"search_term_string"}}],"inLanguage":"en-US"},{"@type":"Organization","@id":"https:\/\/takomoalkutuli.fi\/#organization","name":"Primordial Fire forge","url":"https:\/\/takomoalkutuli.fi\/","logo":{"@type":"ImageObject","inLanguage":"en-US","@id":"https:\/\/takomoalkutuli.fi\/#\/schema\/logo\/image\/","url":"https:\/\/takomoalkutuli.fi\/wp-content\/uploads\/2024\/10\/icon.png","contentUrl":"https:\/\/takomoalkutuli.fi\/wp-content\/uploads\/2024\/10\/icon.png","width":228,"height":228,"caption":"Takomo Alkutuli"},"image":{"@id":"https:\/\/takomoalkutuli.fi\/#\/schema\/logo\/image\/"},"sameAs":["https:\/\/www.facebook.com\/TakomoAlkutuli\/","https:\/\/www.instagram.com\/alkutuli\/"]}]}},"_links":{"self":[{"href":"https:\/\/takomoalkutuli.fi\/en\/wp-json\/wp\/v2\/product\/1168","targetHints":{"allow":["GET"]}}],"collection":[{"href":"https:\/\/takomoalkutuli.fi\/en\/wp-json\/wp\/v2\/product"}],"about":[{"href":"https:\/\/takomoalkutuli.fi\/en\/wp-json\/wp\/v2\/types\/product"}],"wp:featuredmedia":[{"embeddable":true,"href":"https:\/\/takomoalkutuli.fi\/en\/wp-json\/wp\/v2\/media\/1169"}],"wp:attachment":[{"href":"https:\/\/takomoalkutuli.fi\/en\/wp-json\/wp\/v2\/media?parent=1168"}],"wp:term":[{"taxonomy":"product_brand","embeddable":true,"href":"https:\/\/takomoalkutuli.fi\/en\/wp-json\/wp\/v2\/product_brand?post=1168"},{"taxonomy":"product_cat","embeddable":true,"href":"https:\/\/takomoalkutuli.fi\/en\/wp-json\/wp\/v2\/product_cat?post=1168"},{"taxonomy":"product_tag","embeddable":true,"href":"https:\/\/takomoalkutuli.fi\/en\/wp-json\/wp\/v2\/product_tag?post=1168"}],"curies":[{"name":"wp","href":"https:\/\/api.w.org\/{rel}","templated":true}]}}