{"id":1165,"date":"2025-02-14T14:01:57","date_gmt":"2025-02-14T14:01:57","guid":{"rendered":"https:\/\/takomoalkutuli.fi\/?post_type=product&#038;p=1165"},"modified":"2025-12-10T14:12:58","modified_gmt":"2025-12-10T14:12:58","slug":"juomasarvi-koristeellisella-vyolenkilla","status":"publish","type":"product","link":"https:\/\/takomoalkutuli.fi\/en\/product\/juomasarvi-koristeellisella-vyolenkilla\/","title":{"rendered":"Juomasarvi, koristeellisella vy\u00f6lenkill\u00e4."},"content":{"rendered":"<h3 data-start=\"116\" data-end=\"201\">Juomasarvi yl\u00e4maankarjan sarvesta \u2013 Nahkainen vy\u00f6pidike Jormungandr-koristeella<\/h3>\n<p data-start=\"203\" data-end=\"532\">Astetta perinteisempi tapa nauttia juomista! T\u00e4m\u00e4 juomasarvi on valmistettu yl\u00e4maankarjan sarvesta, joka on huolellisesti keitetty, puhdistettu ja venytetty muotoonsa. Sarvi on p\u00e4\u00e4llystetty elintarvike-epoksilla sek\u00e4 sis\u00e4lt\u00e4 ett\u00e4 ulkoa, mik\u00e4 tekee siit\u00e4 kest\u00e4v\u00e4n, hygieenisen ja valmiin nautittavaksi miss\u00e4 tahansa tilanteessa.<\/p>\n<p data-start=\"534\" data-end=\"911\">Sarven mukana tulee k\u00e4yt\u00e4nn\u00f6llinen nahkainen vy\u00f6pidike, joka on koristeltu taotulla viikinkien maailmank\u00e4\u00e4rme Jormungandrin kuvalla. T\u00e4m\u00e4 symboloi luonnonvoimia ja kaaosta, ja tuo tarinallisen lis\u00e4ulottuvuuden jokaiseen juomanautintoon. Pidike kiinnittyy helposti vy\u00f6lle ja pit\u00e4\u00e4 sarven turvallisesti mukana, mutta sen saa my\u00f6s vaivattomasti irrotettua ja asetettua takaisin.<\/p>\n<p data-start=\"913\" data-end=\"1076\">T\u00e4ydellinen valinta niin historiallisista juomaperinteist\u00e4 kiinnostuneille kuin seikkailunhaluisille retkeilij\u00f6ille \u2013 juo kuin viikinki miss\u00e4 ja milloin tahansa!<\/p>\n<p>Sarven tilavuus on n. 500ml. Koko, malli ja v\u00e4ri vaihtelee hieman kun luonnollisesta materiaalista on kyse. Voit kysell\u00e4 tarkemmin varastoista l\u00f6ytyvi\u00e4 vaihtoehtoja joista valita.<\/p>\n<p>Sarven hoito on yksinkertaista. K\u00e4yt\u00f6n j\u00e4lkeen se kannattaa huuhtoa haalealla vedell\u00e4 reilusti ettei j\u00e4\u00e4 makuja tai pinttymi\u00e4. Ei suositella ett\u00e4 sarveen laitetaan viinej\u00e4 vahvempaa alkoholia, kuumia juomia tai sitrusjuomia, koska ne saattavat vahingoittaa sit\u00e4.<\/p>\n<p>&nbsp;<\/p>","protected":false},"excerpt":{"rendered":"<p>Juomasarvi vy\u00f6lenkill\u00e4 &#8211; Viikinkihenkiseen illanviettoon!<\/p>","protected":false},"featured_media":1163,"template":"","meta":[],"product_brand":[],"product_cat":[19,21],"product_tag":[140,141,139,59],"class_list":{"0":"post-1165","1":"product","2":"type-product","3":"status-publish","4":"has-post-thumbnail","6":"product_cat-kayttoesineet","7":"product_cat-keittioon","8":"product_tag-juomasarvi","9":"product_tag-maailmankaarme","10":"product_tag-sarvi","11":"product_tag-viikinki","12":"product_shipping_class-iso-paketti","14":"first","15":"outofstock","16":"taxable","17":"shipping-taxable","18":"purchasable","19":"product-type-simple"},"yoast_head":"<!-- This site is optimized with the Yoast SEO plugin v26.1.1 - https:\/\/yoast.com\/wordpress\/plugins\/seo\/ -->\n<title>Juomasarvi, koristeellisella vy\u00f6lenkill\u00e4. - Takomo Alkutuli<\/title>\n<meta name=\"description\" content=\"Perinteinen juomasarvi, nahkaisella vy\u00f6pidikkeell\u00e4 ja taotulla Jormungandr-koristeella. Kest\u00e4v\u00e4 ja n\u00e4pp\u00e4r\u00e4sti vy\u00f6lle kiinnitett\u00e4v\u00e4 \u2013 t\u00e4ydellinen viikinkityyliseen nautintoon.\" \/>\n<meta name=\"robots\" content=\"index, follow, max-snippet:-1, max-image-preview:large, max-video-preview:-1\" \/>\n<link rel=\"canonical\" href=\"https:\/\/takomoalkutuli.fi\/en\/product\/juomasarvi-koristeellisella-vyolenkilla\/\" \/>\n<meta property=\"og:locale\" content=\"en_US\" \/>\n<meta property=\"og:type\" content=\"article\" \/>\n<meta property=\"og:title\" content=\"Juomasarvi, koristeellisella vy\u00f6lenkill\u00e4. - Takomo Alkutuli\" \/>\n<meta property=\"og:description\" content=\"Perinteinen juomasarvi, nahkaisella vy\u00f6pidikkeell\u00e4 ja taotulla Jormungandr-koristeella. Kest\u00e4v\u00e4 ja n\u00e4pp\u00e4r\u00e4sti vy\u00f6lle kiinnitett\u00e4v\u00e4 \u2013 t\u00e4ydellinen viikinkityyliseen nautintoon.\" \/>\n<meta property=\"og:url\" content=\"https:\/\/takomoalkutuli.fi\/en\/product\/juomasarvi-koristeellisella-vyolenkilla\/\" \/>\n<meta property=\"og:site_name\" content=\"Takomo Alkutuli\" \/>\n<meta property=\"article:publisher\" content=\"https:\/\/www.facebook.com\/TakomoAlkutuli\/\" \/>\n<meta property=\"article:modified_time\" content=\"2025-12-10T14:12:58+00:00\" \/>\n<meta property=\"og:image\" content=\"https:\/\/takomoalkutuli.fi\/wp-content\/uploads\/2025\/02\/sarvi2-scaled.jpg\" \/>\n\t<meta property=\"og:image:width\" content=\"2560\" \/>\n\t<meta property=\"og:image:height\" content=\"1964\" \/>\n\t<meta property=\"og:image:type\" content=\"image\/jpeg\" \/>\n<meta name=\"twitter:card\" content=\"summary_large_image\" \/>\n<meta name=\"twitter:label1\" content=\"Est. reading time\" \/>\n\t<meta name=\"twitter:data1\" content=\"2 minutes\" \/>\n<script type=\"application\/ld+json\" class=\"yoast-schema-graph\">{\"@context\":\"https:\/\/schema.org\",\"@graph\":[{\"@type\":\"WebPage\",\"@id\":\"https:\/\/takomoalkutuli.fi\/product\/juomasarvi-koristeellisella-vyolenkilla\/\",\"url\":\"https:\/\/takomoalkutuli.fi\/product\/juomasarvi-koristeellisella-vyolenkilla\/\",\"name\":\"Juomasarvi, koristeellisella vy\u00f6lenkill\u00e4. - Takomo Alkutuli\",\"isPartOf\":{\"@id\":\"https:\/\/takomoalkutuli.fi\/#website\"},\"primaryImageOfPage\":{\"@id\":\"https:\/\/takomoalkutuli.fi\/product\/juomasarvi-koristeellisella-vyolenkilla\/#primaryimage\"},\"image\":{\"@id\":\"https:\/\/takomoalkutuli.fi\/product\/juomasarvi-koristeellisella-vyolenkilla\/#primaryimage\"},\"thumbnailUrl\":\"https:\/\/takomoalkutuli.fi\/wp-content\/uploads\/2025\/02\/sarvi2-scaled.jpg\",\"datePublished\":\"2025-02-14T14:01:57+00:00\",\"dateModified\":\"2025-12-10T14:12:58+00:00\",\"description\":\"Perinteinen juomasarvi, nahkaisella vy\u00f6pidikkeell\u00e4 ja taotulla Jormungandr-koristeella. Kest\u00e4v\u00e4 ja n\u00e4pp\u00e4r\u00e4sti vy\u00f6lle kiinnitett\u00e4v\u00e4 \u2013 t\u00e4ydellinen viikinkityyliseen nautintoon.\",\"breadcrumb\":{\"@id\":\"https:\/\/takomoalkutuli.fi\/product\/juomasarvi-koristeellisella-vyolenkilla\/#breadcrumb\"},\"inLanguage\":\"en-US\",\"potentialAction\":[{\"@type\":\"ReadAction\",\"target\":[\"https:\/\/takomoalkutuli.fi\/product\/juomasarvi-koristeellisella-vyolenkilla\/\"]}]},{\"@type\":\"ImageObject\",\"inLanguage\":\"en-US\",\"@id\":\"https:\/\/takomoalkutuli.fi\/product\/juomasarvi-koristeellisella-vyolenkilla\/#primaryimage\",\"url\":\"https:\/\/takomoalkutuli.fi\/wp-content\/uploads\/2025\/02\/sarvi2-scaled.jpg\",\"contentUrl\":\"https:\/\/takomoalkutuli.fi\/wp-content\/uploads\/2025\/02\/sarvi2-scaled.jpg\",\"width\":2560,\"height\":1964,\"caption\":\"Juomasarvi vy\u00f6pidikkeell\u00e4\"},{\"@type\":\"BreadcrumbList\",\"@id\":\"https:\/\/takomoalkutuli.fi\/product\/juomasarvi-koristeellisella-vyolenkilla\/#breadcrumb\",\"itemListElement\":[{\"@type\":\"ListItem\",\"position\":1,\"name\":\"Etusivu\",\"item\":\"https:\/\/takomoalkutuli.fi\/\"},{\"@type\":\"ListItem\",\"position\":2,\"name\":\"Kauppa\",\"item\":\"https:\/\/takomoalkutuli.fi\/shop\/\"},{\"@type\":\"ListItem\",\"position\":3,\"name\":\"Juomasarvi, koristeellisella vy\u00f6lenkill\u00e4.\"}]},{\"@type\":\"WebSite\",\"@id\":\"https:\/\/takomoalkutuli.fi\/#website\",\"url\":\"https:\/\/takomoalkutuli.fi\/\",\"name\":\"Takomo Alkutuli\",\"description\":\"\",\"publisher\":{\"@id\":\"https:\/\/takomoalkutuli.fi\/#organization\"},\"potentialAction\":[{\"@type\":\"SearchAction\",\"target\":{\"@type\":\"EntryPoint\",\"urlTemplate\":\"https:\/\/takomoalkutuli.fi\/?s={search_term_string}\"},\"query-input\":{\"@type\":\"PropertyValueSpecification\",\"valueRequired\":true,\"valueName\":\"search_term_string\"}}],\"inLanguage\":\"en-US\"},{\"@type\":\"Organization\",\"@id\":\"https:\/\/takomoalkutuli.fi\/#organization\",\"name\":\"Takomo Alkutuli\",\"url\":\"https:\/\/takomoalkutuli.fi\/\",\"logo\":{\"@type\":\"ImageObject\",\"inLanguage\":\"en-US\",\"@id\":\"https:\/\/takomoalkutuli.fi\/#\/schema\/logo\/image\/\",\"url\":\"https:\/\/takomoalkutuli.fi\/wp-content\/uploads\/2024\/10\/icon.png\",\"contentUrl\":\"https:\/\/takomoalkutuli.fi\/wp-content\/uploads\/2024\/10\/icon.png\",\"width\":228,\"height\":228,\"caption\":\"Takomo Alkutuli\"},\"image\":{\"@id\":\"https:\/\/takomoalkutuli.fi\/#\/schema\/logo\/image\/\"},\"sameAs\":[\"https:\/\/www.facebook.com\/TakomoAlkutuli\/\",\"https:\/\/www.instagram.com\/alkutuli\/\"]}]}<\/script>\n<!-- \/ Yoast SEO plugin. -->","yoast_head_json":{"title":"Juomasarvi, koristeellisella vy\u00f6lenkill\u00e4. - Takomo Alkutuli","description":"Perinteinen juomasarvi, nahkaisella vy\u00f6pidikkeell\u00e4 ja taotulla Jormungandr-koristeella. Kest\u00e4v\u00e4 ja n\u00e4pp\u00e4r\u00e4sti vy\u00f6lle kiinnitett\u00e4v\u00e4 \u2013 t\u00e4ydellinen viikinkityyliseen nautintoon.","robots":{"index":"index","follow":"follow","max-snippet":"max-snippet:-1","max-image-preview":"max-image-preview:large","max-video-preview":"max-video-preview:-1"},"canonical":"https:\/\/takomoalkutuli.fi\/en\/product\/juomasarvi-koristeellisella-vyolenkilla\/","og_locale":"en_US","og_type":"article","og_title":"Juomasarvi, koristeellisella vy\u00f6lenkill\u00e4. - Takomo Alkutuli","og_description":"Perinteinen juomasarvi, nahkaisella vy\u00f6pidikkeell\u00e4 ja taotulla Jormungandr-koristeella. Kest\u00e4v\u00e4 ja n\u00e4pp\u00e4r\u00e4sti vy\u00f6lle kiinnitett\u00e4v\u00e4 \u2013 t\u00e4ydellinen viikinkityyliseen nautintoon.","og_url":"https:\/\/takomoalkutuli.fi\/en\/product\/juomasarvi-koristeellisella-vyolenkilla\/","og_site_name":"Takomo Alkutuli","article_publisher":"https:\/\/www.facebook.com\/TakomoAlkutuli\/","article_modified_time":"2025-12-10T14:12:58+00:00","og_image":[{"width":2560,"height":1964,"url":"https:\/\/takomoalkutuli.fi\/wp-content\/uploads\/2025\/02\/sarvi2-scaled.jpg","type":"image\/jpeg"}],"twitter_card":"summary_large_image","twitter_misc":{"Est. reading time":"2 minutes"},"schema":{"@context":"https:\/\/schema.org","@graph":[{"@type":"WebPage","@id":"https:\/\/takomoalkutuli.fi\/product\/juomasarvi-koristeellisella-vyolenkilla\/","url":"https:\/\/takomoalkutuli.fi\/product\/juomasarvi-koristeellisella-vyolenkilla\/","name":"Juomasarvi, koristeellisella vy\u00f6lenkill\u00e4. - Takomo Alkutuli","isPartOf":{"@id":"https:\/\/takomoalkutuli.fi\/#website"},"primaryImageOfPage":{"@id":"https:\/\/takomoalkutuli.fi\/product\/juomasarvi-koristeellisella-vyolenkilla\/#primaryimage"},"image":{"@id":"https:\/\/takomoalkutuli.fi\/product\/juomasarvi-koristeellisella-vyolenkilla\/#primaryimage"},"thumbnailUrl":"https:\/\/takomoalkutuli.fi\/wp-content\/uploads\/2025\/02\/sarvi2-scaled.jpg","datePublished":"2025-02-14T14:01:57+00:00","dateModified":"2025-12-10T14:12:58+00:00","description":"Perinteinen juomasarvi, nahkaisella vy\u00f6pidikkeell\u00e4 ja taotulla Jormungandr-koristeella. Kest\u00e4v\u00e4 ja n\u00e4pp\u00e4r\u00e4sti vy\u00f6lle kiinnitett\u00e4v\u00e4 \u2013 t\u00e4ydellinen viikinkityyliseen nautintoon.","breadcrumb":{"@id":"https:\/\/takomoalkutuli.fi\/product\/juomasarvi-koristeellisella-vyolenkilla\/#breadcrumb"},"inLanguage":"en-US","potentialAction":[{"@type":"ReadAction","target":["https:\/\/takomoalkutuli.fi\/product\/juomasarvi-koristeellisella-vyolenkilla\/"]}]},{"@type":"ImageObject","inLanguage":"en-US","@id":"https:\/\/takomoalkutuli.fi\/product\/juomasarvi-koristeellisella-vyolenkilla\/#primaryimage","url":"https:\/\/takomoalkutuli.fi\/wp-content\/uploads\/2025\/02\/sarvi2-scaled.jpg","contentUrl":"https:\/\/takomoalkutuli.fi\/wp-content\/uploads\/2025\/02\/sarvi2-scaled.jpg","width":2560,"height":1964,"caption":"Juomasarvi vy\u00f6pidikkeell\u00e4"},{"@type":"BreadcrumbList","@id":"https:\/\/takomoalkutuli.fi\/product\/juomasarvi-koristeellisella-vyolenkilla\/#breadcrumb","itemListElement":[{"@type":"ListItem","position":1,"name":"Etusivu","item":"https:\/\/takomoalkutuli.fi\/"},{"@type":"ListItem","position":2,"name":"Kauppa","item":"https:\/\/takomoalkutuli.fi\/shop\/"},{"@type":"ListItem","position":3,"name":"Juomasarvi, koristeellisella vy\u00f6lenkill\u00e4."}]},{"@type":"WebSite","@id":"https:\/\/takomoalkutuli.fi\/#website","url":"https:\/\/takomoalkutuli.fi\/","name":"Primordial Fire forge","description":"","publisher":{"@id":"https:\/\/takomoalkutuli.fi\/#organization"},"potentialAction":[{"@type":"SearchAction","target":{"@type":"EntryPoint","urlTemplate":"https:\/\/takomoalkutuli.fi\/?s={search_term_string}"},"query-input":{"@type":"PropertyValueSpecification","valueRequired":true,"valueName":"search_term_string"}}],"inLanguage":"en-US"},{"@type":"Organization","@id":"https:\/\/takomoalkutuli.fi\/#organization","name":"Primordial Fire forge","url":"https:\/\/takomoalkutuli.fi\/","logo":{"@type":"ImageObject","inLanguage":"en-US","@id":"https:\/\/takomoalkutuli.fi\/#\/schema\/logo\/image\/","url":"https:\/\/takomoalkutuli.fi\/wp-content\/uploads\/2024\/10\/icon.png","contentUrl":"https:\/\/takomoalkutuli.fi\/wp-content\/uploads\/2024\/10\/icon.png","width":228,"height":228,"caption":"Takomo Alkutuli"},"image":{"@id":"https:\/\/takomoalkutuli.fi\/#\/schema\/logo\/image\/"},"sameAs":["https:\/\/www.facebook.com\/TakomoAlkutuli\/","https:\/\/www.instagram.com\/alkutuli\/"]}]}},"_links":{"self":[{"href":"https:\/\/takomoalkutuli.fi\/en\/wp-json\/wp\/v2\/product\/1165","targetHints":{"allow":["GET"]}}],"collection":[{"href":"https:\/\/takomoalkutuli.fi\/en\/wp-json\/wp\/v2\/product"}],"about":[{"href":"https:\/\/takomoalkutuli.fi\/en\/wp-json\/wp\/v2\/types\/product"}],"wp:featuredmedia":[{"embeddable":true,"href":"https:\/\/takomoalkutuli.fi\/en\/wp-json\/wp\/v2\/media\/1163"}],"wp:attachment":[{"href":"https:\/\/takomoalkutuli.fi\/en\/wp-json\/wp\/v2\/media?parent=1165"}],"wp:term":[{"taxonomy":"product_brand","embeddable":true,"href":"https:\/\/takomoalkutuli.fi\/en\/wp-json\/wp\/v2\/product_brand?post=1165"},{"taxonomy":"product_cat","embeddable":true,"href":"https:\/\/takomoalkutuli.fi\/en\/wp-json\/wp\/v2\/product_cat?post=1165"},{"taxonomy":"product_tag","embeddable":true,"href":"https:\/\/takomoalkutuli.fi\/en\/wp-json\/wp\/v2\/product_tag?post=1165"}],"curies":[{"name":"wp","href":"https:\/\/api.w.org\/{rel}","templated":true}]}}