{"id":1077,"date":"2024-10-28T14:10:22","date_gmt":"2024-10-28T14:10:22","guid":{"rendered":"https:\/\/takomoalkutuli.fi\/?post_type=product&#038;p=1077"},"modified":"2025-10-17T16:03:48","modified_gmt":"2025-10-17T16:03:48","slug":"sormiveitsi","status":"publish","type":"product","link":"https:\/\/takomoalkutuli.fi\/en\/product\/sormiveitsi\/","title":{"rendered":"Sormiveitsi."},"content":{"rendered":"<p data-start=\"35\" data-end=\"121\"><strong data-start=\"35\" data-end=\"119\">K\u00e4sin taottu sormiveitsi kaulaan nahkatupella \u2013 Monik\u00e4ytt\u00f6inen ja K\u00e4tev\u00e4 Ty\u00f6kalu<\/strong><\/p>\n<p data-start=\"123\" data-end=\"551\">T\u00e4m\u00e4 sormiveitsi on perinteinen variantti em\u00e4nn\u00e4nveitsest\u00e4 tai sep\u00e4n pienest\u00e4 veitsest\u00e4. Kompaktin kokonsa ansiosta se kulkee helposti mukana kaulassa nahkaisessa tupessa, tehden siit\u00e4 k\u00e4tev\u00e4n ty\u00f6kalun arkeen, harrastuksiin tai retkeilyyn. Veitsi sopii erinomaisesti pieniin nikkarointeihin, ompeluhommiin ja ruuanlaittoon, ja se on my\u00f6s suosittu kalastajien keskuudessa esimerkiksi kalan suolestukseen ja siimojen katkaisuun.<\/p>\n<p data-start=\"553\" data-end=\"690\">Sormiveitsen k\u00e4ytt\u00f6 on intuitiivista: sormi asetetaan veitsen lenkin sis\u00e4\u00e4n, jolloin veist\u00e4 on helppo ohjata tarkasti ja turvallisesti.<\/p>\n<p data-start=\"692\" data-end=\"1022\">Veitsi on k\u00e4sin taottu korkealaatuisesta hiiliter\u00e4ksest\u00e4, karkaistu ja p\u00e4\u00e4stetty, ja sen ter\u00e4 on huolellisesti teroitettu. T\u00e4m\u00e4 takaa pitk\u00e4\u00e4n kest\u00e4v\u00e4n ter\u00e4vyyden ja erinomaisen leikkaustarkkuuden. Tuppi on valmistettu aidosta kotimaisesta naudannahasta, joka suojaa ter\u00e4\u00e4 ja mahdollistaa veitsen turvallisen kantamisen kaulassa.<\/p>\n<p data-start=\"1024\" data-end=\"1150\">Kompakti, k\u00e4tev\u00e4 ja kest\u00e4v\u00e4 \u2013 t\u00e4m\u00e4 sormiveitsi yhdist\u00e4\u00e4 perinteisen k\u00e4sity\u00f6n, toimivuuden ja k\u00e4yt\u00e4nn\u00f6llisyyden tyylikk\u00e4\u00e4sti.<\/p>\n<p><strong>Veitsen mitat:<\/strong><\/p>\n<p>-Lenkin sis\u00e4halkaisija: 20mm<\/p>\n<p>-Veitsen pituus: 10cm<\/p>\n<p>-Ter\u00e4n pituus: 6cm.<\/p>\n<p>Hoito ohje: Hiiliter\u00e4s on erinomainen ter\u00e4vyytens\u00e4 ja ter\u00e4n pit\u00e4vyytens\u00e4 suhteen. K\u00e4yt\u00f6n j\u00e4lkeen ter\u00e4 kannattaa puhdistaa ja kuivata huolellisesti ettei ruostetta p\u00e4\u00e4se syntym\u00e4\u00e4n. My\u00f6s pieni kerros ruoka\u00f6ljy\u00e4 ter\u00e4n pintaan suojaa sit\u00e4 kun ei k\u00e4yt\u00f6ss\u00e4 ole.<\/p>\n<p>Jokainen veitsi on yksitt\u00e4isen\u00e4 k\u00e4sity\u00f6ll\u00e4 valmistettu ja niiss\u00e4 saattaa olla pieni\u00e4 yksityiskohta ja kokoeroja.<\/p>\n<p>&nbsp;<\/p>\n<p><em>Tags: <a href=\"https:\/\/takomoalkutuli.fi\/en\/product-category\/puukot-ja-veitset\/\">Puukot ja Veitset<\/a><\/em><\/p>","protected":false},"excerpt":{"rendered":"<p>Sormiveitsi &#8211; N\u00e4pp\u00e4r\u00e4, mukana kulkeva veitsi pieniin nikkarointeihin sek\u00e4 kalamiehen avuksi.<\/p>","protected":false},"featured_media":1079,"template":"","meta":[],"product_brand":[],"product_cat":[22],"product_tag":[138,137,97],"class_list":{"0":"post-1077","1":"product","2":"type-product","3":"status-publish","4":"has-post-thumbnail","6":"product_cat-puukot-ja-veitset","7":"product_tag-kalaveitsi","8":"product_tag-sormiveitsi","9":"product_tag-veitsi","10":"product_shipping_class-pikkupaketti","12":"first","13":"instock","14":"taxable","15":"shipping-taxable","16":"purchasable","17":"product-type-simple"},"yoast_head":"<!-- This site is optimized with the Yoast SEO plugin v26.1.1 - https:\/\/yoast.com\/wordpress\/plugins\/seo\/ -->\n<title>Sormiveitsi. - Takomo Alkutuli<\/title>\n<meta name=\"description\" content=\"K\u00e4sin taottu sormiveitsi kaulaan nahkatupella. K\u00e4tev\u00e4 ja monik\u00e4ytt\u00f6inen ty\u00f6kalu nikkarointeihin ja kalastukseen. Laadukas hiiliter\u00e4s ja nahkatuppi.\" \/>\n<meta name=\"robots\" content=\"index, follow, max-snippet:-1, max-image-preview:large, max-video-preview:-1\" \/>\n<link rel=\"canonical\" href=\"https:\/\/takomoalkutuli.fi\/en\/product\/sormiveitsi\/\" \/>\n<meta property=\"og:locale\" content=\"en_US\" \/>\n<meta property=\"og:type\" content=\"article\" \/>\n<meta property=\"og:title\" content=\"Sormiveitsi. - Takomo Alkutuli\" \/>\n<meta property=\"og:description\" content=\"K\u00e4sin taottu sormiveitsi kaulaan nahkatupella. K\u00e4tev\u00e4 ja monik\u00e4ytt\u00f6inen ty\u00f6kalu nikkarointeihin ja kalastukseen. Laadukas hiiliter\u00e4s ja nahkatuppi.\" \/>\n<meta property=\"og:url\" content=\"https:\/\/takomoalkutuli.fi\/en\/product\/sormiveitsi\/\" \/>\n<meta property=\"og:site_name\" content=\"Takomo Alkutuli\" \/>\n<meta property=\"article:publisher\" content=\"https:\/\/www.facebook.com\/TakomoAlkutuli\/\" \/>\n<meta property=\"article:modified_time\" content=\"2025-10-17T16:03:48+00:00\" \/>\n<meta property=\"og:image\" content=\"https:\/\/takomoalkutuli.fi\/wp-content\/uploads\/2024\/10\/sormiveitsi2-scaled.jpg\" \/>\n\t<meta property=\"og:image:width\" content=\"2560\" \/>\n\t<meta property=\"og:image:height\" content=\"1774\" \/>\n\t<meta property=\"og:image:type\" content=\"image\/jpeg\" \/>\n<meta name=\"twitter:card\" content=\"summary_large_image\" \/>\n<meta name=\"twitter:label1\" content=\"Est. reading time\" \/>\n\t<meta name=\"twitter:data1\" content=\"2 minutes\" \/>\n<script type=\"application\/ld+json\" class=\"yoast-schema-graph\">{\"@context\":\"https:\/\/schema.org\",\"@graph\":[{\"@type\":\"WebPage\",\"@id\":\"https:\/\/takomoalkutuli.fi\/product\/sormiveitsi\/\",\"url\":\"https:\/\/takomoalkutuli.fi\/product\/sormiveitsi\/\",\"name\":\"Sormiveitsi. - Takomo Alkutuli\",\"isPartOf\":{\"@id\":\"https:\/\/takomoalkutuli.fi\/#website\"},\"primaryImageOfPage\":{\"@id\":\"https:\/\/takomoalkutuli.fi\/product\/sormiveitsi\/#primaryimage\"},\"image\":{\"@id\":\"https:\/\/takomoalkutuli.fi\/product\/sormiveitsi\/#primaryimage\"},\"thumbnailUrl\":\"https:\/\/takomoalkutuli.fi\/wp-content\/uploads\/2024\/10\/sormiveitsi2-scaled.jpg\",\"datePublished\":\"2024-10-28T14:10:22+00:00\",\"dateModified\":\"2025-10-17T16:03:48+00:00\",\"description\":\"K\u00e4sin taottu sormiveitsi kaulaan nahkatupella. K\u00e4tev\u00e4 ja monik\u00e4ytt\u00f6inen ty\u00f6kalu nikkarointeihin ja kalastukseen. Laadukas hiiliter\u00e4s ja nahkatuppi.\",\"breadcrumb\":{\"@id\":\"https:\/\/takomoalkutuli.fi\/product\/sormiveitsi\/#breadcrumb\"},\"inLanguage\":\"en-US\",\"potentialAction\":[{\"@type\":\"ReadAction\",\"target\":[\"https:\/\/takomoalkutuli.fi\/product\/sormiveitsi\/\"]}]},{\"@type\":\"ImageObject\",\"inLanguage\":\"en-US\",\"@id\":\"https:\/\/takomoalkutuli.fi\/product\/sormiveitsi\/#primaryimage\",\"url\":\"https:\/\/takomoalkutuli.fi\/wp-content\/uploads\/2024\/10\/sormiveitsi2-scaled.jpg\",\"contentUrl\":\"https:\/\/takomoalkutuli.fi\/wp-content\/uploads\/2024\/10\/sormiveitsi2-scaled.jpg\",\"width\":2560,\"height\":1774,\"caption\":\"k\u00e4sin taottu sormiveitsi kaulaan\"},{\"@type\":\"BreadcrumbList\",\"@id\":\"https:\/\/takomoalkutuli.fi\/product\/sormiveitsi\/#breadcrumb\",\"itemListElement\":[{\"@type\":\"ListItem\",\"position\":1,\"name\":\"Etusivu\",\"item\":\"https:\/\/takomoalkutuli.fi\/\"},{\"@type\":\"ListItem\",\"position\":2,\"name\":\"Kauppa\",\"item\":\"https:\/\/takomoalkutuli.fi\/shop\/\"},{\"@type\":\"ListItem\",\"position\":3,\"name\":\"Sormiveitsi.\"}]},{\"@type\":\"WebSite\",\"@id\":\"https:\/\/takomoalkutuli.fi\/#website\",\"url\":\"https:\/\/takomoalkutuli.fi\/\",\"name\":\"Takomo Alkutuli\",\"description\":\"\",\"publisher\":{\"@id\":\"https:\/\/takomoalkutuli.fi\/#organization\"},\"potentialAction\":[{\"@type\":\"SearchAction\",\"target\":{\"@type\":\"EntryPoint\",\"urlTemplate\":\"https:\/\/takomoalkutuli.fi\/?s={search_term_string}\"},\"query-input\":{\"@type\":\"PropertyValueSpecification\",\"valueRequired\":true,\"valueName\":\"search_term_string\"}}],\"inLanguage\":\"en-US\"},{\"@type\":\"Organization\",\"@id\":\"https:\/\/takomoalkutuli.fi\/#organization\",\"name\":\"Takomo Alkutuli\",\"url\":\"https:\/\/takomoalkutuli.fi\/\",\"logo\":{\"@type\":\"ImageObject\",\"inLanguage\":\"en-US\",\"@id\":\"https:\/\/takomoalkutuli.fi\/#\/schema\/logo\/image\/\",\"url\":\"https:\/\/takomoalkutuli.fi\/wp-content\/uploads\/2024\/10\/icon.png\",\"contentUrl\":\"https:\/\/takomoalkutuli.fi\/wp-content\/uploads\/2024\/10\/icon.png\",\"width\":228,\"height\":228,\"caption\":\"Takomo Alkutuli\"},\"image\":{\"@id\":\"https:\/\/takomoalkutuli.fi\/#\/schema\/logo\/image\/\"},\"sameAs\":[\"https:\/\/www.facebook.com\/TakomoAlkutuli\/\",\"https:\/\/www.instagram.com\/alkutuli\/\"]}]}<\/script>\n<!-- \/ Yoast SEO plugin. -->","yoast_head_json":{"title":"Sormiveitsi. - Takomo Alkutuli","description":"K\u00e4sin taottu sormiveitsi kaulaan nahkatupella. K\u00e4tev\u00e4 ja monik\u00e4ytt\u00f6inen ty\u00f6kalu nikkarointeihin ja kalastukseen. Laadukas hiiliter\u00e4s ja nahkatuppi.","robots":{"index":"index","follow":"follow","max-snippet":"max-snippet:-1","max-image-preview":"max-image-preview:large","max-video-preview":"max-video-preview:-1"},"canonical":"https:\/\/takomoalkutuli.fi\/en\/product\/sormiveitsi\/","og_locale":"en_US","og_type":"article","og_title":"Sormiveitsi. - Takomo Alkutuli","og_description":"K\u00e4sin taottu sormiveitsi kaulaan nahkatupella. K\u00e4tev\u00e4 ja monik\u00e4ytt\u00f6inen ty\u00f6kalu nikkarointeihin ja kalastukseen. Laadukas hiiliter\u00e4s ja nahkatuppi.","og_url":"https:\/\/takomoalkutuli.fi\/en\/product\/sormiveitsi\/","og_site_name":"Takomo Alkutuli","article_publisher":"https:\/\/www.facebook.com\/TakomoAlkutuli\/","article_modified_time":"2025-10-17T16:03:48+00:00","og_image":[{"width":2560,"height":1774,"url":"https:\/\/takomoalkutuli.fi\/wp-content\/uploads\/2024\/10\/sormiveitsi2-scaled.jpg","type":"image\/jpeg"}],"twitter_card":"summary_large_image","twitter_misc":{"Est. reading time":"2 minutes"},"schema":{"@context":"https:\/\/schema.org","@graph":[{"@type":"WebPage","@id":"https:\/\/takomoalkutuli.fi\/product\/sormiveitsi\/","url":"https:\/\/takomoalkutuli.fi\/product\/sormiveitsi\/","name":"Sormiveitsi. - Takomo Alkutuli","isPartOf":{"@id":"https:\/\/takomoalkutuli.fi\/#website"},"primaryImageOfPage":{"@id":"https:\/\/takomoalkutuli.fi\/product\/sormiveitsi\/#primaryimage"},"image":{"@id":"https:\/\/takomoalkutuli.fi\/product\/sormiveitsi\/#primaryimage"},"thumbnailUrl":"https:\/\/takomoalkutuli.fi\/wp-content\/uploads\/2024\/10\/sormiveitsi2-scaled.jpg","datePublished":"2024-10-28T14:10:22+00:00","dateModified":"2025-10-17T16:03:48+00:00","description":"K\u00e4sin taottu sormiveitsi kaulaan nahkatupella. K\u00e4tev\u00e4 ja monik\u00e4ytt\u00f6inen ty\u00f6kalu nikkarointeihin ja kalastukseen. Laadukas hiiliter\u00e4s ja nahkatuppi.","breadcrumb":{"@id":"https:\/\/takomoalkutuli.fi\/product\/sormiveitsi\/#breadcrumb"},"inLanguage":"en-US","potentialAction":[{"@type":"ReadAction","target":["https:\/\/takomoalkutuli.fi\/product\/sormiveitsi\/"]}]},{"@type":"ImageObject","inLanguage":"en-US","@id":"https:\/\/takomoalkutuli.fi\/product\/sormiveitsi\/#primaryimage","url":"https:\/\/takomoalkutuli.fi\/wp-content\/uploads\/2024\/10\/sormiveitsi2-scaled.jpg","contentUrl":"https:\/\/takomoalkutuli.fi\/wp-content\/uploads\/2024\/10\/sormiveitsi2-scaled.jpg","width":2560,"height":1774,"caption":"k\u00e4sin taottu sormiveitsi kaulaan"},{"@type":"BreadcrumbList","@id":"https:\/\/takomoalkutuli.fi\/product\/sormiveitsi\/#breadcrumb","itemListElement":[{"@type":"ListItem","position":1,"name":"Etusivu","item":"https:\/\/takomoalkutuli.fi\/"},{"@type":"ListItem","position":2,"name":"Kauppa","item":"https:\/\/takomoalkutuli.fi\/shop\/"},{"@type":"ListItem","position":3,"name":"Sormiveitsi."}]},{"@type":"WebSite","@id":"https:\/\/takomoalkutuli.fi\/#website","url":"https:\/\/takomoalkutuli.fi\/","name":"Primordial Fire forge","description":"","publisher":{"@id":"https:\/\/takomoalkutuli.fi\/#organization"},"potentialAction":[{"@type":"SearchAction","target":{"@type":"EntryPoint","urlTemplate":"https:\/\/takomoalkutuli.fi\/?s={search_term_string}"},"query-input":{"@type":"PropertyValueSpecification","valueRequired":true,"valueName":"search_term_string"}}],"inLanguage":"en-US"},{"@type":"Organization","@id":"https:\/\/takomoalkutuli.fi\/#organization","name":"Primordial Fire forge","url":"https:\/\/takomoalkutuli.fi\/","logo":{"@type":"ImageObject","inLanguage":"en-US","@id":"https:\/\/takomoalkutuli.fi\/#\/schema\/logo\/image\/","url":"https:\/\/takomoalkutuli.fi\/wp-content\/uploads\/2024\/10\/icon.png","contentUrl":"https:\/\/takomoalkutuli.fi\/wp-content\/uploads\/2024\/10\/icon.png","width":228,"height":228,"caption":"Takomo Alkutuli"},"image":{"@id":"https:\/\/takomoalkutuli.fi\/#\/schema\/logo\/image\/"},"sameAs":["https:\/\/www.facebook.com\/TakomoAlkutuli\/","https:\/\/www.instagram.com\/alkutuli\/"]}]}},"_links":{"self":[{"href":"https:\/\/takomoalkutuli.fi\/en\/wp-json\/wp\/v2\/product\/1077","targetHints":{"allow":["GET"]}}],"collection":[{"href":"https:\/\/takomoalkutuli.fi\/en\/wp-json\/wp\/v2\/product"}],"about":[{"href":"https:\/\/takomoalkutuli.fi\/en\/wp-json\/wp\/v2\/types\/product"}],"wp:featuredmedia":[{"embeddable":true,"href":"https:\/\/takomoalkutuli.fi\/en\/wp-json\/wp\/v2\/media\/1079"}],"wp:attachment":[{"href":"https:\/\/takomoalkutuli.fi\/en\/wp-json\/wp\/v2\/media?parent=1077"}],"wp:term":[{"taxonomy":"product_brand","embeddable":true,"href":"https:\/\/takomoalkutuli.fi\/en\/wp-json\/wp\/v2\/product_brand?post=1077"},{"taxonomy":"product_cat","embeddable":true,"href":"https:\/\/takomoalkutuli.fi\/en\/wp-json\/wp\/v2\/product_cat?post=1077"},{"taxonomy":"product_tag","embeddable":true,"href":"https:\/\/takomoalkutuli.fi\/en\/wp-json\/wp\/v2\/product_tag?post=1077"}],"curies":[{"name":"wp","href":"https:\/\/api.w.org\/{rel}","templated":true}]}}