{"id":70,"date":"2024-10-05T11:42:50","date_gmt":"2024-10-05T11:42:50","guid":{"rendered":"http:\/\/takomoalkutuli.fi\/?page_id=70"},"modified":"2025-06-04T09:17:48","modified_gmt":"2025-06-04T09:17:48","slug":"yhteystiedot","status":"publish","type":"page","link":"https:\/\/takomoalkutuli.fi\/en\/yhteystiedot\/","title":{"rendered":"contact"},"content":{"rendered":"<h2 class=\"wp-block-heading\"><br><strong>Kysymyksi\u00e4? Ota yhteytt\u00e4 \u2013 Takomo Alkutuli<\/strong><\/h2>\n\n\n\n<p>Etsitk\u00f6 tietynlaista k\u00e4sintehty\u00e4 takorautatuotetta, yksil\u00f6llist\u00e4 lahjaideaa vai haluatko keskustella tilausty\u00f6st\u00e4? Ota rohkeasti yhteytt\u00e4!<\/p>\n\n\n\n<p>Takomo Alkutuli on perisuomalainen takorautapaja, joka valmistaa k\u00e4sintaottuja koruja, k\u00e4ytt\u00f6esineit\u00e4 ja sisustustuotteita Tikkakoskella. Sep\u00e4npajani palvelee niin yksityisi\u00e4 lahjan ostajia kuin yrityksi\u00e4kin, jotka arvostavat kotimaista k\u00e4sity\u00f6t\u00e4 ja perinteist\u00e4 sep\u00e4ntaitoa.<\/p>\n\n\n\n<p>Voit ottaa yhteytt\u00e4 suoraan s\u00e4hk\u00f6postitse, puhelimitse tai alla olevan lomakkeen kautta. Vastaan kysymyksiin, tarjouspyynt\u00f6ihin ja tilaust\u00f6ihin mahdollisimman nopeasti.<\/p>\n\n\n\n<p>Ahjonkajoisin terveisin: Sepp\u00e4 &#8211; <em>Eetu Summanen<\/em><\/p>\n\n\n\n<div class=\"wp-block-group is-nowrap is-layout-flex wp-container-core-group-is-layout-ad2f72ca wp-block-group-is-layout-flex\">\n<i class=\"fas fa-phone\"><\/i>\n\n\n\n<p>0400-152187<\/p>\n<\/div>\n\n\n\n<div class=\"wp-block-group is-nowrap is-layout-flex wp-container-core-group-is-layout-ad2f72ca wp-block-group-is-layout-flex\">\n<i class=\"fas fa-globe\"><\/i>\n\n\n\n<p><a href=\"mailto:takomoalkutuli@gmail.com\">takomoalkutuli@gmail.com<\/a><\/p>\n<\/div>\n\n\n\n<div class=\"wp-block-group is-nowrap is-layout-flex wp-container-core-group-is-layout-ad2f72ca wp-block-group-is-layout-flex\">\n<i class=\"fas fa-address-book\"><\/i>\n\n\n\n<p>Kirkkokatu 15<br>41160 Tikkakoski<\/p>\n<\/div>\n\n\n\n<hr class=\"wp-block-separator has-alpha-channel-opacity is-style-wide\"\/>\n\n\n\n<h2 class=\"wp-block-heading\">Ota yhteytt\u00e4<\/h2>\n\n\n\n<div class=\"wpcf7 no-js\" id=\"wpcf7-f14-o1\" lang=\"fi\" dir=\"ltr\" data-wpcf7-id=\"14\">\n<div class=\"screen-reader-response\"><p role=\"status\" aria-live=\"polite\" aria-atomic=\"true\"><\/p> <ul><\/ul><\/div>\n<form action=\"\/en\/wp-json\/wp\/v2\/pages\/70#wpcf7-f14-o1\" method=\"post\" class=\"wpcf7-form init\" aria-label=\"Yhteydenottolomake\" novalidate=\"novalidate\" data-status=\"init\" data-trp-original-action=\"\/en\/wp-json\/wp\/v2\/pages\/70#wpcf7-f14-o1\">\n<fieldset class=\"hidden-fields-container\"><input type=\"hidden\" name=\"_wpcf7\" value=\"14\" \/><input type=\"hidden\" name=\"_wpcf7_version\" value=\"6.1.5\" \/><input type=\"hidden\" name=\"_wpcf7_locale\" value=\"fi\" \/><input type=\"hidden\" name=\"_wpcf7_unit_tag\" value=\"wpcf7-f14-o1\" \/><input type=\"hidden\" name=\"_wpcf7_container_post\" value=\"0\" \/><input type=\"hidden\" name=\"_wpcf7_posted_data_hash\" value=\"\" \/><input type=\"hidden\" name=\"_wpcf7_recaptcha_response\" value=\"\" \/>\n<\/fieldset>\n<div class=\"mb-3\">\n\t<p><label class=\"form-label\">Nimesi<\/label><br \/>\n<span class=\"wpcf7-form-control-wrap\" data-name=\"your-name\"><input size=\"40\" maxlength=\"400\" class=\"wpcf7-form-control wpcf7-text wpcf7-validates-as-required form-control text-black\" autocomplete=\"name\" aria-required=\"true\" aria-invalid=\"false\" value=\"\" type=\"text\" name=\"your-name\" \/><\/span>\n\t<\/p>\n<\/div>\n<div class=\"mb-3\">\n\t<p><label class=\"form-label\">S\u00e4hk\u00f6postiosoite<\/label><br \/>\n<span class=\"wpcf7-form-control-wrap\" data-name=\"your-email\"><input size=\"40\" maxlength=\"400\" class=\"wpcf7-form-control wpcf7-email wpcf7-validates-as-required wpcf7-text wpcf7-validates-as-email form-control text-black\" autocomplete=\"email\" aria-required=\"true\" aria-invalid=\"false\" value=\"\" type=\"email\" name=\"your-email\" \/><\/span>\n\t<\/p>\n<\/div>\n<div class=\"mb-3\">\n\t<p><label class=\"form-label\">Aihe<\/label><br \/>\n<span class=\"wpcf7-form-control-wrap\" data-name=\"your-subject\"><input size=\"40\" maxlength=\"400\" class=\"wpcf7-form-control wpcf7-text wpcf7-validates-as-required form-control text-black\" aria-required=\"true\" aria-invalid=\"false\" value=\"\" type=\"text\" name=\"your-subject\" \/><\/span>\n\t<\/p>\n<\/div>\n<div class=\"mb-3\">\n\t<p><label class=\"form-label\">Viestisi<\/label><br \/>\n<span class=\"wpcf7-form-control-wrap\" data-name=\"your-message\"><textarea cols=\"40\" rows=\"10\" maxlength=\"2000\" class=\"wpcf7-form-control wpcf7-textarea form-control text-black\" aria-invalid=\"false\" name=\"your-message\"><\/textarea><\/span>\n\t<\/p>\n<\/div>\n\n<!-- Custom button using raw HTML instead of CF7 shortcode -->\n<div class=\"mb-3\">\n\t<p><button type=\"submit\" class=\"btn btn-primary\">L\u00e4het\u00e4<\/button>\n\t<\/p>\n<\/div><div class=\"wpcf7-response-output\" aria-hidden=\"true\"><\/div>\n<input type=\"hidden\" name=\"trp-form-language\" value=\"en\"\/><\/form>\n<\/div>\n\n\n\n\n<p><strong>Miksi ottaa yhteytt\u00e4?<\/strong><\/p>\n\n\n\n<p>\u2013 Haluatko ainutlaatuisen k\u00e4sintaotun lahjan?<\/p>\n\n\n\n<p>\u2013 Tarvitsetko koristeellisen k\u00e4ytt\u00f6esineen kotiin tai m\u00f6kille?<\/p>\n\n\n\n<p>\u2013 Kiinnostaisiko yhteisty\u00f6 tai erikoisty\u00f6?<\/p>\n\n\n\n<p>Ota yhteys sep\u00e4npajaan, jossa jokainen taottu tuote on oman pienen tarinansa arvoinen.<\/p>","protected":false},"excerpt":{"rendered":"<p>Kysymyksi\u00e4? Ota yhteytt\u00e4 \u2013 Takomo Alkutuli Etsitk\u00f6 tietynlaista k\u00e4sintehty\u00e4 takorautatuotetta, yksil\u00f6llist\u00e4 lahjaideaa vai haluatko keskustella tilausty\u00f6st\u00e4? Ota rohkeasti yhteytt\u00e4! Takomo Alkutuli on perisuomalainen takorautapaja, joka valmistaa k\u00e4sintaottuja koruja, k\u00e4ytt\u00f6esineit\u00e4 ja sisustustuotteita Tikkakoskella. Sep\u00e4npajani palvelee niin yksityisi\u00e4 lahjan ostajia kuin yrityksi\u00e4kin, jotka arvostavat kotimaista k\u00e4sity\u00f6t\u00e4 ja perinteist\u00e4 sep\u00e4ntaitoa. Voit ottaa yhteytt\u00e4 suoraan s\u00e4hk\u00f6postitse, puhelimitse tai alla [&hellip;]<\/p>","protected":false},"author":1,"featured_media":0,"parent":0,"menu_order":0,"comment_status":"closed","ping_status":"closed","template":"small.php","meta":{"footnotes":""},"class_list":["post-70","page","type-page","status-publish","hentry"],"yoast_head":"<!-- This site is optimized with the Yoast SEO plugin v26.1.1 - https:\/\/yoast.com\/wordpress\/plugins\/seo\/ -->\n<title>Yhteystiedot - Takomo Alkutuli<\/title>\n<meta name=\"robots\" content=\"index, follow, max-snippet:-1, max-image-preview:large, max-video-preview:-1\" \/>\n<link rel=\"canonical\" href=\"https:\/\/takomoalkutuli.fi\/en\/yhteystiedot\/\" \/>\n<meta property=\"og:locale\" content=\"en_US\" \/>\n<meta property=\"og:type\" content=\"article\" \/>\n<meta property=\"og:title\" content=\"Yhteystiedot - Takomo Alkutuli\" \/>\n<meta property=\"og:description\" content=\"Kysymyksi\u00e4? Ota yhteytt\u00e4 \u2013 Takomo Alkutuli Etsitk\u00f6 tietynlaista k\u00e4sintehty\u00e4 takorautatuotetta, yksil\u00f6llist\u00e4 lahjaideaa vai haluatko keskustella tilausty\u00f6st\u00e4? Ota rohkeasti yhteytt\u00e4! Takomo Alkutuli on perisuomalainen takorautapaja, joka valmistaa k\u00e4sintaottuja koruja, k\u00e4ytt\u00f6esineit\u00e4 ja sisustustuotteita Tikkakoskella. Sep\u00e4npajani palvelee niin yksityisi\u00e4 lahjan ostajia kuin yrityksi\u00e4kin, jotka arvostavat kotimaista k\u00e4sity\u00f6t\u00e4 ja perinteist\u00e4 sep\u00e4ntaitoa. Voit ottaa yhteytt\u00e4 suoraan s\u00e4hk\u00f6postitse, puhelimitse tai alla [&hellip;]\" \/>\n<meta property=\"og:url\" content=\"https:\/\/takomoalkutuli.fi\/en\/yhteystiedot\/\" \/>\n<meta property=\"og:site_name\" content=\"Takomo Alkutuli\" \/>\n<meta property=\"article:publisher\" content=\"https:\/\/www.facebook.com\/TakomoAlkutuli\/\" \/>\n<meta property=\"article:modified_time\" content=\"2025-06-04T09:17:48+00:00\" \/>\n<meta name=\"twitter:card\" content=\"summary_large_image\" \/>\n<meta name=\"twitter:label1\" content=\"Est. reading time\" \/>\n\t<meta name=\"twitter:data1\" content=\"1 minute\" \/>\n<script type=\"application\/ld+json\" class=\"yoast-schema-graph\">{\"@context\":\"https:\/\/schema.org\",\"@graph\":[{\"@type\":\"WebPage\",\"@id\":\"https:\/\/takomoalkutuli.fi\/yhteystiedot\/\",\"url\":\"https:\/\/takomoalkutuli.fi\/yhteystiedot\/\",\"name\":\"Yhteystiedot - Takomo Alkutuli\",\"isPartOf\":{\"@id\":\"https:\/\/takomoalkutuli.fi\/#website\"},\"datePublished\":\"2024-10-05T11:42:50+00:00\",\"dateModified\":\"2025-06-04T09:17:48+00:00\",\"breadcrumb\":{\"@id\":\"https:\/\/takomoalkutuli.fi\/yhteystiedot\/#breadcrumb\"},\"inLanguage\":\"en-US\",\"potentialAction\":[{\"@type\":\"ReadAction\",\"target\":[\"https:\/\/takomoalkutuli.fi\/yhteystiedot\/\"]}]},{\"@type\":\"BreadcrumbList\",\"@id\":\"https:\/\/takomoalkutuli.fi\/yhteystiedot\/#breadcrumb\",\"itemListElement\":[{\"@type\":\"ListItem\",\"position\":1,\"name\":\"Etusivu\",\"item\":\"https:\/\/takomoalkutuli.fi\/\"},{\"@type\":\"ListItem\",\"position\":2,\"name\":\"Yhteystiedot\"}]},{\"@type\":\"WebSite\",\"@id\":\"https:\/\/takomoalkutuli.fi\/#website\",\"url\":\"https:\/\/takomoalkutuli.fi\/\",\"name\":\"Takomo Alkutuli\",\"description\":\"\",\"publisher\":{\"@id\":\"https:\/\/takomoalkutuli.fi\/#organization\"},\"potentialAction\":[{\"@type\":\"SearchAction\",\"target\":{\"@type\":\"EntryPoint\",\"urlTemplate\":\"https:\/\/takomoalkutuli.fi\/?s={search_term_string}\"},\"query-input\":{\"@type\":\"PropertyValueSpecification\",\"valueRequired\":true,\"valueName\":\"search_term_string\"}}],\"inLanguage\":\"en-US\"},{\"@type\":\"Organization\",\"@id\":\"https:\/\/takomoalkutuli.fi\/#organization\",\"name\":\"Takomo Alkutuli\",\"url\":\"https:\/\/takomoalkutuli.fi\/\",\"logo\":{\"@type\":\"ImageObject\",\"inLanguage\":\"en-US\",\"@id\":\"https:\/\/takomoalkutuli.fi\/#\/schema\/logo\/image\/\",\"url\":\"https:\/\/takomoalkutuli.fi\/wp-content\/uploads\/2024\/10\/icon.png\",\"contentUrl\":\"https:\/\/takomoalkutuli.fi\/wp-content\/uploads\/2024\/10\/icon.png\",\"width\":228,\"height\":228,\"caption\":\"Takomo Alkutuli\"},\"image\":{\"@id\":\"https:\/\/takomoalkutuli.fi\/#\/schema\/logo\/image\/\"},\"sameAs\":[\"https:\/\/www.facebook.com\/TakomoAlkutuli\/\",\"https:\/\/www.instagram.com\/alkutuli\/\"]}]}<\/script>\n<!-- \/ Yoast SEO plugin. -->","yoast_head_json":{"title":"Yhteystiedot - Takomo Alkutuli","robots":{"index":"index","follow":"follow","max-snippet":"max-snippet:-1","max-image-preview":"max-image-preview:large","max-video-preview":"max-video-preview:-1"},"canonical":"https:\/\/takomoalkutuli.fi\/en\/yhteystiedot\/","og_locale":"en_US","og_type":"article","og_title":"Yhteystiedot - Takomo Alkutuli","og_description":"Kysymyksi\u00e4? Ota yhteytt\u00e4 \u2013 Takomo Alkutuli Etsitk\u00f6 tietynlaista k\u00e4sintehty\u00e4 takorautatuotetta, yksil\u00f6llist\u00e4 lahjaideaa vai haluatko keskustella tilausty\u00f6st\u00e4? Ota rohkeasti yhteytt\u00e4! Takomo Alkutuli on perisuomalainen takorautapaja, joka valmistaa k\u00e4sintaottuja koruja, k\u00e4ytt\u00f6esineit\u00e4 ja sisustustuotteita Tikkakoskella. Sep\u00e4npajani palvelee niin yksityisi\u00e4 lahjan ostajia kuin yrityksi\u00e4kin, jotka arvostavat kotimaista k\u00e4sity\u00f6t\u00e4 ja perinteist\u00e4 sep\u00e4ntaitoa. Voit ottaa yhteytt\u00e4 suoraan s\u00e4hk\u00f6postitse, puhelimitse tai alla [&hellip;]","og_url":"https:\/\/takomoalkutuli.fi\/en\/yhteystiedot\/","og_site_name":"Takomo Alkutuli","article_publisher":"https:\/\/www.facebook.com\/TakomoAlkutuli\/","article_modified_time":"2025-06-04T09:17:48+00:00","twitter_card":"summary_large_image","twitter_misc":{"Est. reading time":"1 minute"},"schema":{"@context":"https:\/\/schema.org","@graph":[{"@type":"WebPage","@id":"https:\/\/takomoalkutuli.fi\/yhteystiedot\/","url":"https:\/\/takomoalkutuli.fi\/yhteystiedot\/","name":"Yhteystiedot - Takomo Alkutuli","isPartOf":{"@id":"https:\/\/takomoalkutuli.fi\/#website"},"datePublished":"2024-10-05T11:42:50+00:00","dateModified":"2025-06-04T09:17:48+00:00","breadcrumb":{"@id":"https:\/\/takomoalkutuli.fi\/yhteystiedot\/#breadcrumb"},"inLanguage":"en-US","potentialAction":[{"@type":"ReadAction","target":["https:\/\/takomoalkutuli.fi\/yhteystiedot\/"]}]},{"@type":"BreadcrumbList","@id":"https:\/\/takomoalkutuli.fi\/yhteystiedot\/#breadcrumb","itemListElement":[{"@type":"ListItem","position":1,"name":"Etusivu","item":"https:\/\/takomoalkutuli.fi\/"},{"@type":"ListItem","position":2,"name":"Yhteystiedot"}]},{"@type":"WebSite","@id":"https:\/\/takomoalkutuli.fi\/#website","url":"https:\/\/takomoalkutuli.fi\/","name":"Primordial Fire forge","description":"","publisher":{"@id":"https:\/\/takomoalkutuli.fi\/#organization"},"potentialAction":[{"@type":"SearchAction","target":{"@type":"EntryPoint","urlTemplate":"https:\/\/takomoalkutuli.fi\/?s={search_term_string}"},"query-input":{"@type":"PropertyValueSpecification","valueRequired":true,"valueName":"search_term_string"}}],"inLanguage":"en-US"},{"@type":"Organization","@id":"https:\/\/takomoalkutuli.fi\/#organization","name":"Primordial Fire forge","url":"https:\/\/takomoalkutuli.fi\/","logo":{"@type":"ImageObject","inLanguage":"en-US","@id":"https:\/\/takomoalkutuli.fi\/#\/schema\/logo\/image\/","url":"https:\/\/takomoalkutuli.fi\/wp-content\/uploads\/2024\/10\/icon.png","contentUrl":"https:\/\/takomoalkutuli.fi\/wp-content\/uploads\/2024\/10\/icon.png","width":228,"height":228,"caption":"Takomo Alkutuli"},"image":{"@id":"https:\/\/takomoalkutuli.fi\/#\/schema\/logo\/image\/"},"sameAs":["https:\/\/www.facebook.com\/TakomoAlkutuli\/","https:\/\/www.instagram.com\/alkutuli\/"]}]}},"_links":{"self":[{"href":"https:\/\/takomoalkutuli.fi\/en\/wp-json\/wp\/v2\/pages\/70","targetHints":{"allow":["GET"]}}],"collection":[{"href":"https:\/\/takomoalkutuli.fi\/en\/wp-json\/wp\/v2\/pages"}],"about":[{"href":"https:\/\/takomoalkutuli.fi\/en\/wp-json\/wp\/v2\/types\/page"}],"author":[{"embeddable":true,"href":"https:\/\/takomoalkutuli.fi\/en\/wp-json\/wp\/v2\/users\/1"}],"replies":[{"embeddable":true,"href":"https:\/\/takomoalkutuli.fi\/en\/wp-json\/wp\/v2\/comments?post=70"}],"version-history":[{"count":4,"href":"https:\/\/takomoalkutuli.fi\/en\/wp-json\/wp\/v2\/pages\/70\/revisions"}],"predecessor-version":[{"id":1222,"href":"https:\/\/takomoalkutuli.fi\/en\/wp-json\/wp\/v2\/pages\/70\/revisions\/1222"}],"wp:attachment":[{"href":"https:\/\/takomoalkutuli.fi\/en\/wp-json\/wp\/v2\/media?parent=70"}],"curies":[{"name":"wp","href":"https:\/\/api.w.org\/{rel}","templated":true}]}}