{"id":68,"date":"2024-10-05T11:42:00","date_gmt":"2024-10-05T11:42:00","guid":{"rendered":"http:\/\/takomoalkutuli.fi\/?page_id=68"},"modified":"2025-06-04T08:56:07","modified_gmt":"2025-06-04T08:56:07","slug":"takomo-alkutuli","status":"publish","type":"page","link":"https:\/\/takomoalkutuli.fi\/en\/","title":{"rendered":"Primordial Fire forge"},"content":{"rendered":"<p>Craftsmanship born in the forge<\/p>\n\n\n\n<h2 class=\"wp-block-heading\" id=\"about\">Forge<\/h2>\n\n\n\n<div class=\"wp-block-black-hawk-solutions-custom-image-block row align-items-start\"><div class=\"col-6\"><figure class=\"wp-block-image\"><div class=\"image-wrapper darkening-gradient\"><img decoding=\"async\" src=\"https:\/\/takomoalkutuli.fi\/wp-content\/uploads\/2024\/10\/Pajakuva3-scaled.jpg\" alt=\"\" style=\"width:;height:;object-fit:cover\"\/><\/div><figcaption class=\"wp-caption-text\">Photographer: Jun Ishikura<\/figcaption><\/figure><\/div><div class=\"col-6 text-start media-text-content\"><p><br>Welcome to the Primordial Fire Forge. <br><br>Here, traditional blacksmithing meets the Finnish appreciation for craftsmanship. I create hand-forged wrought iron products such as jewelry, utensils, and decorative elements that tell a story and stand the test of time. Each piece is unique and carefully crafted in my workshop located in the Tikkakoski industrial area.<br><br>It is possible to order custom-made products, and in the gallery, you can explore various works I have created over the years. Feel free to get in touch, and let\u2019s design together.<\/p><\/div><\/div>\n\n\n\n<h2 class=\"wp-block-heading\" id=\"Blacksmith\">blacksmith himself<\/h2>\n\n\n\n<div class=\"wp-block-black-hawk-solutions-custom-image-block row align-items-start\"><div class=\"col-6 text-start media-text-content\"><p><br>I am Eetu \u2013 blacksmith and founder of the Primordial Fire Forge. The spark for metalworking ignited in my youth and flared into a flame in 2007 at the Pet\u00e4j\u00e4vesi School of Crafts and Applied Arts. My master was blacksmith Sami K\u00e4rkk\u00e4inen, in whose workshop I received valuable training. <br><br>After my journeyman years, I established my own forge in Keuruu in 2012, and I now operate in Tikkakoski. Every forged item is a personal project to me, combining tradition, art, and practicality.<\/p><\/div><div class=\"col-6\"><figure class=\"wp-block-image\"><div class=\"image-wrapper darkening-gradient\"><img decoding=\"async\" src=\"https:\/\/takomoalkutuli.fi\/wp-content\/uploads\/2024\/10\/ahjolla1.jpg\" alt=\"\" style=\"width:;height:;object-fit:cover\"\/><\/div><figcaption class=\"wp-caption-text\">Photographer: Jun Ishikura<\/figcaption><\/figure><\/div><\/div>\n\n\n\n<h2 class=\"wp-block-heading\">Online Store \u2013 Buy Handcrafted Wrought Iron Products Easily<\/h2>\n\n\n\n<div class=\"wp-block-black-hawk-solutions-custom-image-block row align-items-start\"><div class=\"col-6\"><figure class=\"wp-block-image\"><div class=\"image-wrapper darkening-gradient\"><img decoding=\"async\" src=\"https:\/\/takomoalkutuli.fi\/wp-content\/uploads\/2024\/10\/302163829_576952717554436_8954052359757363411_n1.jpg\" alt=\"\" style=\"width:;height:;object-fit:cover\"\/><\/div><figcaption class=\"wp-caption-text\"><\/figcaption><\/figure><\/div><div class=\"col-6 text-start media-text-content\"><p><br>In my online store, you will find a wide selection of handcrafted wrought iron products.<br><br><strong>Jewelry:<\/strong>\u00a0Robust pendants and rings <br><br><strong>Utensils:<\/strong>\u00a0Bottle openers, coat racks, and hooks<br><br><strong>Decorative Items:<\/strong>\u00a0Candle holders, shelf brackets, and door ornaments<br><br><strong>Knives and Blades:<\/strong>\u00a0Including kitchen knives and finger knives<br><br>All products are available directly from my online store. Take your time to explore the selection and find a unique gift for yourself or someone close to you.<br><br><a href=\"https:\/\/takomoalkutuli.fi\/index.php\/shop\/\">\ud83d\udc49 Go to the online store<\/a><\/p><\/div><\/div>","protected":false},"excerpt":{"rendered":"<p>Ahjossa syntynytt\u00e4 k\u00e4sity\u00f6t\u00e4 Takomo Sepp\u00e4 itse Verkkokauppa &#8211; Osta k\u00e4sintehtyj\u00e4 takorautatuotteita helposti<\/p>","protected":false},"author":1,"featured_media":0,"parent":0,"menu_order":0,"comment_status":"closed","ping_status":"closed","template":"","meta":{"footnotes":"[]"},"class_list":["post-68","page","type-page","status-publish","hentry"],"yoast_head":"<!-- This site is optimized with the Yoast SEO plugin v26.1.1 - https:\/\/yoast.com\/wordpress\/plugins\/seo\/ -->\n<title>Takomo Alkutuli - Takomo Alkutuli<\/title>\n<meta name=\"description\" content=\"Osta k\u00e4sintehty takorautatuote suoraan suomalaiselta sep\u00e4lt\u00e4. Uniikkeja koruja, k\u00e4ytt\u00f6esineit\u00e4 ja lahjaideoita - aitoa k\u00e4sity\u00f6t\u00e4 arvostavalle!\" \/>\n<meta name=\"robots\" content=\"index, follow, max-snippet:-1, max-image-preview:large, max-video-preview:-1\" \/>\n<link rel=\"canonical\" href=\"https:\/\/takomoalkutuli.fi\/en\/\" \/>\n<meta property=\"og:locale\" content=\"en_US\" \/>\n<meta property=\"og:type\" content=\"article\" \/>\n<meta property=\"og:title\" content=\"Takomo Alkutuli\" \/>\n<meta property=\"og:description\" content=\"K\u00e4sintehtyj\u00e4 takorautatuotteita suoraan suomalaiselta sep\u00e4lt\u00e4. Uniikkeja koruja, k\u00e4ytt\u00f6esineit\u00e4 ja erottuvia lahjoja.\" \/>\n<meta property=\"og:url\" content=\"https:\/\/takomoalkutuli.fi\/en\/\" \/>\n<meta property=\"og:site_name\" content=\"Takomo Alkutuli\" \/>\n<meta property=\"article:publisher\" content=\"https:\/\/www.facebook.com\/TakomoAlkutuli\/\" \/>\n<meta property=\"article:modified_time\" content=\"2025-06-04T08:56:07+00:00\" \/>\n<meta property=\"og:image\" content=\"https:\/\/takomoalkutuli.fi\/wp-content\/uploads\/2024\/10\/Pajakuva3-scaled.jpg\" \/>\n<meta name=\"twitter:card\" content=\"summary_large_image\" \/>\n<meta name=\"twitter:label1\" content=\"Est. reading time\" \/>\n\t<meta name=\"twitter:data1\" content=\"2 minutes\" \/>\n<script type=\"application\/ld+json\" class=\"yoast-schema-graph\">{\"@context\":\"https:\/\/schema.org\",\"@graph\":[{\"@type\":\"WebPage\",\"@id\":\"https:\/\/takomoalkutuli.fi\/\",\"url\":\"https:\/\/takomoalkutuli.fi\/\",\"name\":\"Takomo Alkutuli - Takomo Alkutuli\",\"isPartOf\":{\"@id\":\"https:\/\/takomoalkutuli.fi\/#website\"},\"primaryImageOfPage\":{\"@id\":\"https:\/\/takomoalkutuli.fi\/#primaryimage\"},\"image\":{\"@id\":\"https:\/\/takomoalkutuli.fi\/#primaryimage\"},\"thumbnailUrl\":\"https:\/\/takomoalkutuli.fi\/wp-content\/uploads\/2024\/10\/Pajakuva3-scaled.jpg\",\"datePublished\":\"2024-10-05T11:42:00+00:00\",\"dateModified\":\"2025-06-04T08:56:07+00:00\",\"description\":\"Osta k\u00e4sintehty takorautatuote suoraan suomalaiselta sep\u00e4lt\u00e4. Uniikkeja koruja, k\u00e4ytt\u00f6esineit\u00e4 ja lahjaideoita - aitoa k\u00e4sity\u00f6t\u00e4 arvostavalle!\",\"breadcrumb\":{\"@id\":\"https:\/\/takomoalkutuli.fi\/#breadcrumb\"},\"inLanguage\":\"en-US\",\"potentialAction\":[{\"@type\":\"ReadAction\",\"target\":[\"https:\/\/takomoalkutuli.fi\/\"]}]},{\"@type\":\"ImageObject\",\"inLanguage\":\"en-US\",\"@id\":\"https:\/\/takomoalkutuli.fi\/#primaryimage\",\"url\":\"https:\/\/takomoalkutuli.fi\/wp-content\/uploads\/2024\/10\/Pajakuva3-scaled.jpg\",\"contentUrl\":\"https:\/\/takomoalkutuli.fi\/wp-content\/uploads\/2024\/10\/Pajakuva3-scaled.jpg\"},{\"@type\":\"BreadcrumbList\",\"@id\":\"https:\/\/takomoalkutuli.fi\/#breadcrumb\",\"itemListElement\":[{\"@type\":\"ListItem\",\"position\":1,\"name\":\"Etusivu\",\"item\":\"https:\/\/takomoalkutuli.fi\/\"},{\"@type\":\"ListItem\",\"position\":2,\"name\":\"Takomo Alkutuli\"}]},{\"@type\":\"WebSite\",\"@id\":\"https:\/\/takomoalkutuli.fi\/#website\",\"url\":\"https:\/\/takomoalkutuli.fi\/\",\"name\":\"Takomo Alkutuli\",\"description\":\"\",\"publisher\":{\"@id\":\"https:\/\/takomoalkutuli.fi\/#organization\"},\"potentialAction\":[{\"@type\":\"SearchAction\",\"target\":{\"@type\":\"EntryPoint\",\"urlTemplate\":\"https:\/\/takomoalkutuli.fi\/?s={search_term_string}\"},\"query-input\":{\"@type\":\"PropertyValueSpecification\",\"valueRequired\":true,\"valueName\":\"search_term_string\"}}],\"inLanguage\":\"en-US\"},{\"@type\":\"Organization\",\"@id\":\"https:\/\/takomoalkutuli.fi\/#organization\",\"name\":\"Takomo Alkutuli\",\"url\":\"https:\/\/takomoalkutuli.fi\/\",\"logo\":{\"@type\":\"ImageObject\",\"inLanguage\":\"en-US\",\"@id\":\"https:\/\/takomoalkutuli.fi\/#\/schema\/logo\/image\/\",\"url\":\"https:\/\/takomoalkutuli.fi\/wp-content\/uploads\/2024\/10\/icon.png\",\"contentUrl\":\"https:\/\/takomoalkutuli.fi\/wp-content\/uploads\/2024\/10\/icon.png\",\"width\":228,\"height\":228,\"caption\":\"Takomo Alkutuli\"},\"image\":{\"@id\":\"https:\/\/takomoalkutuli.fi\/#\/schema\/logo\/image\/\"},\"sameAs\":[\"https:\/\/www.facebook.com\/TakomoAlkutuli\/\",\"https:\/\/www.instagram.com\/alkutuli\/\"]}]}<\/script>\n<!-- \/ Yoast SEO plugin. -->","yoast_head_json":{"title":"Takomo Alkutuli - Takomo Alkutuli","description":"Osta k\u00e4sintehty takorautatuote suoraan suomalaiselta sep\u00e4lt\u00e4. Uniikkeja koruja, k\u00e4ytt\u00f6esineit\u00e4 ja lahjaideoita - aitoa k\u00e4sity\u00f6t\u00e4 arvostavalle!","robots":{"index":"index","follow":"follow","max-snippet":"max-snippet:-1","max-image-preview":"max-image-preview:large","max-video-preview":"max-video-preview:-1"},"canonical":"https:\/\/takomoalkutuli.fi\/en\/","og_locale":"en_US","og_type":"article","og_title":"Takomo Alkutuli","og_description":"K\u00e4sintehtyj\u00e4 takorautatuotteita suoraan suomalaiselta sep\u00e4lt\u00e4. Uniikkeja koruja, k\u00e4ytt\u00f6esineit\u00e4 ja erottuvia lahjoja.","og_url":"https:\/\/takomoalkutuli.fi\/en\/","og_site_name":"Takomo Alkutuli","article_publisher":"https:\/\/www.facebook.com\/TakomoAlkutuli\/","article_modified_time":"2025-06-04T08:56:07+00:00","og_image":[{"url":"https:\/\/takomoalkutuli.fi\/wp-content\/uploads\/2024\/10\/Pajakuva3-scaled.jpg","type":"","width":"","height":""}],"twitter_card":"summary_large_image","twitter_misc":{"Est. reading time":"2 minutes"},"schema":{"@context":"https:\/\/schema.org","@graph":[{"@type":"WebPage","@id":"https:\/\/takomoalkutuli.fi\/","url":"https:\/\/takomoalkutuli.fi\/","name":"Takomo Alkutuli - Takomo Alkutuli","isPartOf":{"@id":"https:\/\/takomoalkutuli.fi\/#website"},"primaryImageOfPage":{"@id":"https:\/\/takomoalkutuli.fi\/#primaryimage"},"image":{"@id":"https:\/\/takomoalkutuli.fi\/#primaryimage"},"thumbnailUrl":"https:\/\/takomoalkutuli.fi\/wp-content\/uploads\/2024\/10\/Pajakuva3-scaled.jpg","datePublished":"2024-10-05T11:42:00+00:00","dateModified":"2025-06-04T08:56:07+00:00","description":"Osta k\u00e4sintehty takorautatuote suoraan suomalaiselta sep\u00e4lt\u00e4. Uniikkeja koruja, k\u00e4ytt\u00f6esineit\u00e4 ja lahjaideoita - aitoa k\u00e4sity\u00f6t\u00e4 arvostavalle!","breadcrumb":{"@id":"https:\/\/takomoalkutuli.fi\/#breadcrumb"},"inLanguage":"en-US","potentialAction":[{"@type":"ReadAction","target":["https:\/\/takomoalkutuli.fi\/"]}]},{"@type":"ImageObject","inLanguage":"en-US","@id":"https:\/\/takomoalkutuli.fi\/#primaryimage","url":"https:\/\/takomoalkutuli.fi\/wp-content\/uploads\/2024\/10\/Pajakuva3-scaled.jpg","contentUrl":"https:\/\/takomoalkutuli.fi\/wp-content\/uploads\/2024\/10\/Pajakuva3-scaled.jpg"},{"@type":"BreadcrumbList","@id":"https:\/\/takomoalkutuli.fi\/#breadcrumb","itemListElement":[{"@type":"ListItem","position":1,"name":"Etusivu","item":"https:\/\/takomoalkutuli.fi\/"},{"@type":"ListItem","position":2,"name":"Takomo Alkutuli"}]},{"@type":"WebSite","@id":"https:\/\/takomoalkutuli.fi\/#website","url":"https:\/\/takomoalkutuli.fi\/","name":"Primordial Fire forge","description":"","publisher":{"@id":"https:\/\/takomoalkutuli.fi\/#organization"},"potentialAction":[{"@type":"SearchAction","target":{"@type":"EntryPoint","urlTemplate":"https:\/\/takomoalkutuli.fi\/?s={search_term_string}"},"query-input":{"@type":"PropertyValueSpecification","valueRequired":true,"valueName":"search_term_string"}}],"inLanguage":"en-US"},{"@type":"Organization","@id":"https:\/\/takomoalkutuli.fi\/#organization","name":"Primordial Fire forge","url":"https:\/\/takomoalkutuli.fi\/","logo":{"@type":"ImageObject","inLanguage":"en-US","@id":"https:\/\/takomoalkutuli.fi\/#\/schema\/logo\/image\/","url":"https:\/\/takomoalkutuli.fi\/wp-content\/uploads\/2024\/10\/icon.png","contentUrl":"https:\/\/takomoalkutuli.fi\/wp-content\/uploads\/2024\/10\/icon.png","width":228,"height":228,"caption":"Takomo Alkutuli"},"image":{"@id":"https:\/\/takomoalkutuli.fi\/#\/schema\/logo\/image\/"},"sameAs":["https:\/\/www.facebook.com\/TakomoAlkutuli\/","https:\/\/www.instagram.com\/alkutuli\/"]}]}},"_links":{"self":[{"href":"https:\/\/takomoalkutuli.fi\/en\/wp-json\/wp\/v2\/pages\/68","targetHints":{"allow":["GET"]}}],"collection":[{"href":"https:\/\/takomoalkutuli.fi\/en\/wp-json\/wp\/v2\/pages"}],"about":[{"href":"https:\/\/takomoalkutuli.fi\/en\/wp-json\/wp\/v2\/types\/page"}],"author":[{"embeddable":true,"href":"https:\/\/takomoalkutuli.fi\/en\/wp-json\/wp\/v2\/users\/1"}],"replies":[{"embeddable":true,"href":"https:\/\/takomoalkutuli.fi\/en\/wp-json\/wp\/v2\/comments?post=68"}],"version-history":[{"count":56,"href":"https:\/\/takomoalkutuli.fi\/en\/wp-json\/wp\/v2\/pages\/68\/revisions"}],"predecessor-version":[{"id":1218,"href":"https:\/\/takomoalkutuli.fi\/en\/wp-json\/wp\/v2\/pages\/68\/revisions\/1218"}],"wp:attachment":[{"href":"https:\/\/takomoalkutuli.fi\/en\/wp-json\/wp\/v2\/media?parent=68"}],"curies":[{"name":"wp","href":"https:\/\/api.w.org\/{rel}","templated":true}]}}