{"id":20,"date":"2024-10-05T16:28:07","date_gmt":"2024-10-05T16:28:07","guid":{"rendered":"http:\/\/takomoalkutuli.fi\/?page_id=20"},"modified":"2024-10-15T16:20:04","modified_gmt":"2024-10-15T16:20:04","slug":"refund_returns","status":"publish","type":"page","link":"https:\/\/takomoalkutuli.fi\/en\/refund_returns\/","title":{"rendered":"Maksu- ja toimitusehdot"},"content":{"rendered":"<p><strong>1. Yleist\u00e4<\/strong><\/p>\n\n\n\n<p>Verkkokaupassa myyt\u00e4v\u00e4t tuotteet ovat p\u00e4\u00e4asiassa k\u00e4sity\u00f6n\u00e4 taottuja esineit\u00e4. Tuotteiden valmistaja ja myyj\u00e4 on Takomo Alkutuli, y-tunnus 2469532-9. N\u00e4m\u00e4 tilaus- ja sopimusehdot koskevat kaikkia verkkokaupan kautta tehtyj\u00e4 tilauksia.<\/p>\n\n\n\n<p><strong>2. Tilaaminen<\/strong><\/p>\n\n\n\n<p>Asiakas sitoutuu jokaisen tilauksen yhteydess\u00e4 voimassa oleviin toimitusehtoihin. Tilaamalla tuotteita verkkokaupastamme hyv\u00e4ksyt n\u00e4m\u00e4 ehdot. Kaikki tilaukset vahvistetaan s\u00e4hk\u00f6postilla, joka sis\u00e4lt\u00e4\u00e4 tilauksen tiedot, tilattujen tuotteiden hinnan ja toimituskulut.<\/p>\n\n\n\n<p><strong>3. Hinnat<\/strong><\/p>\n\n\n\n<p>Tuotteiden hinnat sis\u00e4lt\u00e4v\u00e4t arvonlis\u00e4veron. Tilauksen yhteydess\u00e4 asiakas sitoutuu maksamaan tilauksessa mainitut hinnat ja toimituskulut. Oikeus hintojen muutoksiin pid\u00e4tet\u00e4\u00e4n.<\/p>\n\n\n\n<p><strong>4. Toimitus<\/strong><\/p>\n\n\n\n<p>Tuotteet toimitetaan Suomessa Postin tai muun sopimamme kuljetuspalvelun v\u00e4lityksell\u00e4. Tilauksen toimitusaika on normaalisti 3-5 p\u00e4iv\u00e4\u00e4 tilausvahvistuksesta, ellei tuotteen yhteydess\u00e4 toisin mainita. Veitsien suhteen toimitus on 3-14 p\u00e4iv\u00e4\u00e4, riippuen siit\u00e4 onko kyseist\u00e4 mallia varastossa.<\/p>\n\n\n\n<p><strong>5. Toimituskulut<\/strong><\/p>\n\n\n\n<p>Toimituskulut m\u00e4\u00e4r\u00e4ytyv\u00e4t tuotteen koon ja painon mukaan. Toimituskulut ilmoitetaan kassalla ennen tilauksen vahvistamista.<\/p>\n\n\n\n<p><strong>6. Maksuehdot<\/strong><\/p>\n\n\n\n<p>Maksupalvelutarjoaja<\/p>\n\n\n\n<p>Maksunv\u00e4lityspalvelun toteuttajana ja maksupalveluntarjoajana toimii Paytrail Oyj (2122839-7) yhteisty\u00f6ss\u00e4 suomalaisten pankkien ja luottolaitosten kanssa. Paytrail Oyj n\u00e4kyy maksun saajana tiliotteella tai korttilaskulla ja v\u00e4litt\u00e4\u00e4 maksun kauppiaalle. Paytrail Oyj\u00e4 on maksulaitoksen toimilupa. Reklamaatiotapauksissa pyyd\u00e4mme ottamaan ensisijaisesti yhteytt\u00e4 tuotteen toimittajaan.<\/p>\n\n\n\n<p>Paytrail Oyj, y-tunnus: 2122839-7<br>Innova 2<br>Lutakonaukio 7<br>40100 Jyv\u00e4skyl\u00e4<br>paytrail.com\/kuluttaja\/tietoa-maksamisesta<\/p>\n\n\n\n<p><strong>7. Palautusoikeus<\/strong><\/p>\n\n\n\n<p>Kuluttajalla on oikeus peruuttaa tilaus 14 p\u00e4iv\u00e4n kuluessa tuotteen vastaanottamisesta. Palautusoikeus koskee vain k\u00e4ytt\u00e4m\u00e4tt\u00f6mi\u00e4 ja myyntikelpoisia tuotteita. Palautuskuluista vastaa asiakas, ellei kyseess\u00e4 ole virheellinen tuote.<\/p>\n\n\n\n<p><strong>8. Reklamaatiot ja takuu<\/strong><\/p>\n\n\n\n<p>Mik\u00e4li asiakas havaitsee tuotteen olevan viallinen tai ei vastaa tilausta, h\u00e4nen tulee ilmoittaa siit\u00e4 v\u00e4litt\u00f6m\u00e4sti meille s\u00e4hk\u00f6postitse tai puhelimitse. Virheelliset tuotteet voidaan palauttaa ja ne korvataan vastaavalla uudella tuotteella tai palautetaan maksu, mik\u00e4li vastaavaa tuotetta ei ole saatavilla.<\/p>\n\n\n\n<p><strong>9. Henkil\u00f6tietojen k\u00e4sittely<\/strong><\/p>\n\n\n\n<p>Asiakkaiden henkil\u00f6tietoja k\u00e4sitell\u00e4\u00e4n voimassa olevan tietosuojalains\u00e4\u00e4d\u00e4nn\u00f6n mukaisesti. Lis\u00e4tietoja henkil\u00f6tietojen k\u00e4sittelyst\u00e4 l\u00f6yd\u00e4t tietosuojaselosteestamme.<\/p>\n\n\n\n<p><strong>10. Sovellettava laki ja erimielisyydet<\/strong><\/p>\n\n\n\n<p>N\u00e4ihin ehtoihin sovelletaan Suomen lakia. Mahdolliset erimielisyydet pyrit\u00e4\u00e4n ensisijaisesti ratkaisemaan neuvotteluteitse. Mik\u00e4li t\u00e4m\u00e4 ei ole mahdollista, erimielisyydet ratkaistaan kuluttajariitalautakunnassa tai k\u00e4r\u00e4j\u00e4oikeudessa.<\/p>\n\n\n\n<p>N\u00e4ill\u00e4 ehdoilla varmistetaan selke\u00e4 ja turvallinen tilausprosessi verkkokaupassamme.<\/p>","protected":false},"excerpt":{"rendered":"<p>1. Yleist\u00e4 Verkkokaupassa myyt\u00e4v\u00e4t tuotteet ovat p\u00e4\u00e4asiassa k\u00e4sity\u00f6n\u00e4 taottuja esineit\u00e4. Tuotteiden valmistaja ja myyj\u00e4 on Takomo Alkutuli, y-tunnus 2469532-9. N\u00e4m\u00e4 tilaus- ja sopimusehdot koskevat kaikkia verkkokaupan kautta tehtyj\u00e4 tilauksia. 2. Tilaaminen Asiakas sitoutuu jokaisen tilauksen yhteydess\u00e4 voimassa oleviin toimitusehtoihin. Tilaamalla tuotteita verkkokaupastamme hyv\u00e4ksyt n\u00e4m\u00e4 ehdot. Kaikki tilaukset vahvistetaan s\u00e4hk\u00f6postilla, joka sis\u00e4lt\u00e4\u00e4 tilauksen tiedot, tilattujen tuotteiden [&hellip;]<\/p>","protected":false},"author":1,"featured_media":0,"parent":0,"menu_order":0,"comment_status":"closed","ping_status":"closed","template":"small.php","meta":{"footnotes":""},"class_list":["post-20","page","type-page","status-publish","hentry"],"yoast_head":"<!-- This site is optimized with the Yoast SEO plugin v26.1.1 - https:\/\/yoast.com\/wordpress\/plugins\/seo\/ -->\n<title>Maksu- ja toimitusehdot - Takomo Alkutuli<\/title>\n<meta name=\"robots\" content=\"index, follow, max-snippet:-1, max-image-preview:large, max-video-preview:-1\" \/>\n<link rel=\"canonical\" href=\"https:\/\/takomoalkutuli.fi\/en\/refund_returns\/\" \/>\n<meta property=\"og:locale\" content=\"en_US\" \/>\n<meta property=\"og:type\" content=\"article\" \/>\n<meta property=\"og:title\" content=\"Maksu- ja toimitusehdot - Takomo Alkutuli\" \/>\n<meta property=\"og:description\" content=\"1. Yleist\u00e4 Verkkokaupassa myyt\u00e4v\u00e4t tuotteet ovat p\u00e4\u00e4asiassa k\u00e4sity\u00f6n\u00e4 taottuja esineit\u00e4. Tuotteiden valmistaja ja myyj\u00e4 on Takomo Alkutuli, y-tunnus 2469532-9. N\u00e4m\u00e4 tilaus- ja sopimusehdot koskevat kaikkia verkkokaupan kautta tehtyj\u00e4 tilauksia. 2. Tilaaminen Asiakas sitoutuu jokaisen tilauksen yhteydess\u00e4 voimassa oleviin toimitusehtoihin. Tilaamalla tuotteita verkkokaupastamme hyv\u00e4ksyt n\u00e4m\u00e4 ehdot. Kaikki tilaukset vahvistetaan s\u00e4hk\u00f6postilla, joka sis\u00e4lt\u00e4\u00e4 tilauksen tiedot, tilattujen tuotteiden [&hellip;]\" \/>\n<meta property=\"og:url\" content=\"https:\/\/takomoalkutuli.fi\/en\/refund_returns\/\" \/>\n<meta property=\"og:site_name\" content=\"Takomo Alkutuli\" \/>\n<meta property=\"article:publisher\" content=\"https:\/\/www.facebook.com\/TakomoAlkutuli\/\" \/>\n<meta property=\"article:modified_time\" content=\"2024-10-15T16:20:04+00:00\" \/>\n<meta name=\"twitter:card\" content=\"summary_large_image\" \/>\n<meta name=\"twitter:label1\" content=\"Est. reading time\" \/>\n\t<meta name=\"twitter:data1\" content=\"2 minutes\" \/>\n<script type=\"application\/ld+json\" class=\"yoast-schema-graph\">{\"@context\":\"https:\/\/schema.org\",\"@graph\":[{\"@type\":\"WebPage\",\"@id\":\"https:\/\/takomoalkutuli.fi\/refund_returns\/\",\"url\":\"https:\/\/takomoalkutuli.fi\/refund_returns\/\",\"name\":\"Maksu- ja toimitusehdot - Takomo Alkutuli\",\"isPartOf\":{\"@id\":\"https:\/\/takomoalkutuli.fi\/#website\"},\"datePublished\":\"2024-10-05T16:28:07+00:00\",\"dateModified\":\"2024-10-15T16:20:04+00:00\",\"breadcrumb\":{\"@id\":\"https:\/\/takomoalkutuli.fi\/refund_returns\/#breadcrumb\"},\"inLanguage\":\"en-US\",\"potentialAction\":[{\"@type\":\"ReadAction\",\"target\":[\"https:\/\/takomoalkutuli.fi\/refund_returns\/\"]}]},{\"@type\":\"BreadcrumbList\",\"@id\":\"https:\/\/takomoalkutuli.fi\/refund_returns\/#breadcrumb\",\"itemListElement\":[{\"@type\":\"ListItem\",\"position\":1,\"name\":\"Etusivu\",\"item\":\"https:\/\/takomoalkutuli.fi\/\"},{\"@type\":\"ListItem\",\"position\":2,\"name\":\"Maksu- ja toimitusehdot\"}]},{\"@type\":\"WebSite\",\"@id\":\"https:\/\/takomoalkutuli.fi\/#website\",\"url\":\"https:\/\/takomoalkutuli.fi\/\",\"name\":\"Takomo Alkutuli\",\"description\":\"\",\"publisher\":{\"@id\":\"https:\/\/takomoalkutuli.fi\/#organization\"},\"potentialAction\":[{\"@type\":\"SearchAction\",\"target\":{\"@type\":\"EntryPoint\",\"urlTemplate\":\"https:\/\/takomoalkutuli.fi\/?s={search_term_string}\"},\"query-input\":{\"@type\":\"PropertyValueSpecification\",\"valueRequired\":true,\"valueName\":\"search_term_string\"}}],\"inLanguage\":\"en-US\"},{\"@type\":\"Organization\",\"@id\":\"https:\/\/takomoalkutuli.fi\/#organization\",\"name\":\"Takomo Alkutuli\",\"url\":\"https:\/\/takomoalkutuli.fi\/\",\"logo\":{\"@type\":\"ImageObject\",\"inLanguage\":\"en-US\",\"@id\":\"https:\/\/takomoalkutuli.fi\/#\/schema\/logo\/image\/\",\"url\":\"https:\/\/takomoalkutuli.fi\/wp-content\/uploads\/2024\/10\/icon.png\",\"contentUrl\":\"https:\/\/takomoalkutuli.fi\/wp-content\/uploads\/2024\/10\/icon.png\",\"width\":228,\"height\":228,\"caption\":\"Takomo Alkutuli\"},\"image\":{\"@id\":\"https:\/\/takomoalkutuli.fi\/#\/schema\/logo\/image\/\"},\"sameAs\":[\"https:\/\/www.facebook.com\/TakomoAlkutuli\/\",\"https:\/\/www.instagram.com\/alkutuli\/\"]}]}<\/script>\n<!-- \/ Yoast SEO plugin. -->","yoast_head_json":{"title":"Maksu- ja toimitusehdot - Takomo Alkutuli","robots":{"index":"index","follow":"follow","max-snippet":"max-snippet:-1","max-image-preview":"max-image-preview:large","max-video-preview":"max-video-preview:-1"},"canonical":"https:\/\/takomoalkutuli.fi\/en\/refund_returns\/","og_locale":"en_US","og_type":"article","og_title":"Maksu- ja toimitusehdot - Takomo Alkutuli","og_description":"1. Yleist\u00e4 Verkkokaupassa myyt\u00e4v\u00e4t tuotteet ovat p\u00e4\u00e4asiassa k\u00e4sity\u00f6n\u00e4 taottuja esineit\u00e4. Tuotteiden valmistaja ja myyj\u00e4 on Takomo Alkutuli, y-tunnus 2469532-9. N\u00e4m\u00e4 tilaus- ja sopimusehdot koskevat kaikkia verkkokaupan kautta tehtyj\u00e4 tilauksia. 2. Tilaaminen Asiakas sitoutuu jokaisen tilauksen yhteydess\u00e4 voimassa oleviin toimitusehtoihin. Tilaamalla tuotteita verkkokaupastamme hyv\u00e4ksyt n\u00e4m\u00e4 ehdot. Kaikki tilaukset vahvistetaan s\u00e4hk\u00f6postilla, joka sis\u00e4lt\u00e4\u00e4 tilauksen tiedot, tilattujen tuotteiden [&hellip;]","og_url":"https:\/\/takomoalkutuli.fi\/en\/refund_returns\/","og_site_name":"Takomo Alkutuli","article_publisher":"https:\/\/www.facebook.com\/TakomoAlkutuli\/","article_modified_time":"2024-10-15T16:20:04+00:00","twitter_card":"summary_large_image","twitter_misc":{"Est. reading time":"2 minutes"},"schema":{"@context":"https:\/\/schema.org","@graph":[{"@type":"WebPage","@id":"https:\/\/takomoalkutuli.fi\/refund_returns\/","url":"https:\/\/takomoalkutuli.fi\/refund_returns\/","name":"Maksu- ja toimitusehdot - Takomo Alkutuli","isPartOf":{"@id":"https:\/\/takomoalkutuli.fi\/#website"},"datePublished":"2024-10-05T16:28:07+00:00","dateModified":"2024-10-15T16:20:04+00:00","breadcrumb":{"@id":"https:\/\/takomoalkutuli.fi\/refund_returns\/#breadcrumb"},"inLanguage":"en-US","potentialAction":[{"@type":"ReadAction","target":["https:\/\/takomoalkutuli.fi\/refund_returns\/"]}]},{"@type":"BreadcrumbList","@id":"https:\/\/takomoalkutuli.fi\/refund_returns\/#breadcrumb","itemListElement":[{"@type":"ListItem","position":1,"name":"Etusivu","item":"https:\/\/takomoalkutuli.fi\/"},{"@type":"ListItem","position":2,"name":"Maksu- ja toimitusehdot"}]},{"@type":"WebSite","@id":"https:\/\/takomoalkutuli.fi\/#website","url":"https:\/\/takomoalkutuli.fi\/","name":"Primordial Fire forge","description":"","publisher":{"@id":"https:\/\/takomoalkutuli.fi\/#organization"},"potentialAction":[{"@type":"SearchAction","target":{"@type":"EntryPoint","urlTemplate":"https:\/\/takomoalkutuli.fi\/?s={search_term_string}"},"query-input":{"@type":"PropertyValueSpecification","valueRequired":true,"valueName":"search_term_string"}}],"inLanguage":"en-US"},{"@type":"Organization","@id":"https:\/\/takomoalkutuli.fi\/#organization","name":"Primordial Fire forge","url":"https:\/\/takomoalkutuli.fi\/","logo":{"@type":"ImageObject","inLanguage":"en-US","@id":"https:\/\/takomoalkutuli.fi\/#\/schema\/logo\/image\/","url":"https:\/\/takomoalkutuli.fi\/wp-content\/uploads\/2024\/10\/icon.png","contentUrl":"https:\/\/takomoalkutuli.fi\/wp-content\/uploads\/2024\/10\/icon.png","width":228,"height":228,"caption":"Takomo Alkutuli"},"image":{"@id":"https:\/\/takomoalkutuli.fi\/#\/schema\/logo\/image\/"},"sameAs":["https:\/\/www.facebook.com\/TakomoAlkutuli\/","https:\/\/www.instagram.com\/alkutuli\/"]}]}},"_links":{"self":[{"href":"https:\/\/takomoalkutuli.fi\/en\/wp-json\/wp\/v2\/pages\/20","targetHints":{"allow":["GET"]}}],"collection":[{"href":"https:\/\/takomoalkutuli.fi\/en\/wp-json\/wp\/v2\/pages"}],"about":[{"href":"https:\/\/takomoalkutuli.fi\/en\/wp-json\/wp\/v2\/types\/page"}],"author":[{"embeddable":true,"href":"https:\/\/takomoalkutuli.fi\/en\/wp-json\/wp\/v2\/users\/1"}],"replies":[{"embeddable":true,"href":"https:\/\/takomoalkutuli.fi\/en\/wp-json\/wp\/v2\/comments?post=20"}],"version-history":[{"count":4,"href":"https:\/\/takomoalkutuli.fi\/en\/wp-json\/wp\/v2\/pages\/20\/revisions"}],"predecessor-version":[{"id":1043,"href":"https:\/\/takomoalkutuli.fi\/en\/wp-json\/wp\/v2\/pages\/20\/revisions\/1043"}],"wp:attachment":[{"href":"https:\/\/takomoalkutuli.fi\/en\/wp-json\/wp\/v2\/media?parent=20"}],"curies":[{"name":"wp","href":"https:\/\/api.w.org\/{rel}","templated":true}]}}